{"id":3581,"date":"2022-01-27T12:09:13","date_gmt":"2022-01-27T12:09:13","guid":{"rendered":"https:\/\/bta.co.hu\/?page_id=3581"},"modified":"2022-02-03T11:46:32","modified_gmt":"2022-02-03T11:46:32","slug":"csutora-attila-fcca","status":"publish","type":"page","link":"https:\/\/bta.co.hu\/hu\/main-home\/oktatoink\/csutora-attila-fcca\/","title":{"rendered":"Csutora Attila, FCCA"},"content":{"rendered":"<div class=\"vc_row wpb_row vc_row-fluid\" ><div class=\"wpb_column vc_column_container vc_col-sm-12\"><div class=\"vc_column-inner\"><div class=\"wpb_wrapper\"><div class=\"eltdf-elements-holder   eltdf-one-column  eltdf-responsive-mode-768   \" ><div class=\"eltdf-eh-item     \"  data-item-class=\"eltdf-eh-custom-1186\">\n\t<div class=\"eltdf-eh-item-inner\">\n\t\t<div class=\"eltdf-eh-item-content eltdf-eh-custom-1186\" >\n\t\t\t\n\t<div  class=\"wpb_single_image wpb_content_element vc_align_left\">\n\t\t\n\t\t<figure class=\"wpb_wrapper vc_figure\">\n\t\t\t<div class=\"vc_single_image-wrapper   vc_box_border_grey\"><img loading=\"lazy\" decoding=\"async\" width=\"150\" height=\"150\" src=\"https:\/\/bta.co.hu\/wp-content\/uploads\/2022\/01\/Csutora-Attila-120x-v4-150x150.jpg\" class=\"vc_single_image-img attachment-thumbnail\" alt=\"Csutora Attila\" srcset=\"https:\/\/bta.co.hu\/wp-content\/uploads\/2022\/01\/Csutora-Attila-120x-v4-150x150.jpg 150w, https:\/\/bta.co.hu\/wp-content\/uploads\/2022\/01\/Csutora-Attila-120x-v4-300x300.jpg 300w, https:\/\/bta.co.hu\/wp-content\/uploads\/2022\/01\/Csutora-Attila-120x-v4-1024x1024.jpg 1024w, https:\/\/bta.co.hu\/wp-content\/uploads\/2022\/01\/Csutora-Attila-120x-v4-768x768.jpg 768w, https:\/\/bta.co.hu\/wp-content\/uploads\/2022\/01\/Csutora-Attila-120x-v4-12x12.jpg 12w, https:\/\/bta.co.hu\/wp-content\/uploads\/2022\/01\/Csutora-Attila-120x-v4-650x650.jpg 650w, https:\/\/bta.co.hu\/wp-content\/uploads\/2022\/01\/Csutora-Attila-120x-v4-1300x1300.jpg 1300w, https:\/\/bta.co.hu\/wp-content\/uploads\/2022\/01\/Csutora-Attila-120x-v4.jpg 1500w\" sizes=\"auto, (max-width: 150px) 100vw, 150px\" \/><\/div>\n\t\t<\/figure>\n\t<\/div>\n\t\t<\/div>\n\t<\/div>\n<\/div><\/div><\/div><\/div><\/div><\/div><div class=\"vc_row wpb_row vc_row-fluid\" ><div class=\"wpb_column vc_column_container vc_col-sm-12\"><div class=\"vc_column-inner\"><div class=\"wpb_wrapper\">\n\t<div class=\"wpb_text_column wpb_content_element \" >\n\t\t<div class=\"wpb_wrapper\">\n\t\t\t<p><span style=\"color: #000000;\"><strong>Szakmai h\u00e1tt\u00e9r<\/strong><\/span><br \/>\n<span style=\"color: #000000;\">Csutora Attila a Miskolci Egyetemen szerzett k\u00f6zgazd\u00e1sz \u00e9s n\u00e9met nyelvtan\u00e1ri diplom\u00e1t, majd a Deloitte k\u00f6nyvvizsg\u00e1l\u00f3 \u00e9s tan\u00e1csad\u00f3 r\u00e9szleg\u00e9n\u00e9l dolgozott 3 \u00e9vig, ahol jelent\u0151s tapasztalatot szerzett \u00e1tvil\u00e1g\u00edt\u00e1si projektek v\u00e9grehajt\u00e1sa \u00e9s fel\u00fcgyelete ter\u00e9n.<\/span><br \/>\n<span style=\"color: #000000;\">K\u00f6nyvvizsg\u00e1l\u00f3i tev\u00e9kenys\u00e9ge keret\u00e9ben az IFRS, a magyar sz\u00e1mvitel \u00e9s konszolid\u00e1ci\u00f3 ter\u00fcletein gy\u0171jt\u00f6tt t\u00f6bb \u00e9ves tapasztalatot. Ez id\u0151 alatt megszerezte az ACCA k\u00e9pes\u00edt\u00e9st.<\/span><\/p>\n<p><span style=\"color: #000000;\"><strong><br \/>\nOktat\u00e1si tapasztalat<\/strong><\/span><br \/>\n<span style=\"color: #000000;\">Attila a 2005 j\u00faliusa \u00f3ta tan\u00edtja az ACCA, DipIFR \u00e9s CIMA kvalifik\u00e1ci\u00f3k p\u00e9nz\u00fcgyi \u00e9s vezet\u0151i sz\u00e1mvitellel, valamint p\u00e9nz\u00fcgyi menedzsmenttel foglalkoz\u00f3 t\u00e1rgyait.<\/span><br \/>\n<span style=\"color: #000000;\">A vizsgafelk\u00e9sz\u00edt\u0151 tanfolyamok mellett nem vizsgaorient\u00e1lt k\u00e9pz\u00e9seket is vezet magyar \u00e9s angol nyelven. Ezek a kurzusok az al\u00e1bbi t\u00e9mak\u00f6r\u00f6ket fedik le: nemzetk\u00f6zi p\u00e9nz\u00fcgyi sz\u00e1mvitel, vezet\u0151i sz\u00e1mviteli technik\u00e1k, p\u00e9nz\u00fcgyi menedzsment, teljes\u00edtm\u00e9nymenedzsment, cash flow-menedzsment, hitel- \u00e9s t\u0151kefinansz\u00edroz\u00e1s, budgeting, p\u00e9nz\u00fcgyi ismeretek nem p\u00e9nz\u00fcgyi vezet\u0151k r\u00e9sz\u00e9re, deviza- \u00e9s kamatl\u00e1bkock\u00e1zatok kezel\u00e9se.<\/span><br \/>\n<span style=\"color: #000000;\">Attila kiemelten foglalkozik a v\u00e1llalati p\u00e9nz\u00fcgyekhez kapcsol\u00f3d\u00f3 d\u00f6nt\u00e9shozatali m\u00f3dszerekkel, a p\u00e9nz\u00fcgyi besz\u00e1mol\u00f3b\u00f3l sz\u00e1rmaz\u00f3 inform\u00e1ci\u00f3k strat\u00e9giai jelent\u0151s\u00e9g\u00e9vel, a strat\u00e9giai \u00e9s taktikai d\u00f6nt\u00e9shozatal k\u00fcl\u00f6nb\u00f6z\u0151 m\u00f3dszereivel, valamint a befektet\u00e9si, beruh\u00e1z\u00e1si \u00e9s finansz\u00edroz\u00e1si d\u00f6nt\u00e9sekkel, illetve ezek \u00f6sszef\u00fcgg\u00e9seivel. Az elm\u00falt \u00e9vek sor\u00e1n rendszeresen tartott testreszabott k\u00e9pz\u00e9seket a fenti t\u00e9m\u00e1kban. Nagy gyakorlattal rendelkezik a v\u00e1llalat specifikus esettanulm\u00e1nyok elk\u00e9sz\u00edt\u00e9s\u00e9ben \u00e9s ezeknek az \u00e1ltal\u00e1nos tananyagba val\u00f3 be\u00fcltet\u00e9s\u00e9ben.<\/span><\/p>\n\n\t\t<\/div>\n\t<\/div>\n<\/div><\/div><\/div><\/div>\n","protected":false},"excerpt":{"rendered":"Szakmai h\u00e1tt\u00e9r Csutora Attila a Miskolci Egyetemen szerzett k\u00f6zgazd\u00e1sz \u00e9s n\u00e9met nyelvtan\u00e1ri diplom\u00e1t, majd a Deloitte k\u00f6nyvvizsg\u00e1l\u00f3 \u00e9s tan\u00e1csad\u00f3 r\u00e9szleg\u00e9n\u00e9l dolgozott 3 \u00e9vig, ahol jelent\u0151s tapasztalatot szerzett \u00e1tvil\u00e1g\u00edt\u00e1si projektek v\u00e9grehajt\u00e1sa \u00e9s fel\u00fcgyelete ter\u00e9n. K\u00f6nyvvizsg\u00e1l\u00f3i tev\u00e9kenys\u00e9ge keret\u00e9ben az IFRS, a magyar sz\u00e1mvitel \u00e9s konszolid\u00e1ci\u00f3 ter\u00fcletein gy\u0171jt\u00f6tt t\u00f6bb \u00e9ves tapasztalatot. Ez id\u0151 alatt megszerezte az ACCA k\u00e9pes\u00edt\u00e9st. Oktat\u00e1si [...]","protected":false},"author":1,"featured_media":0,"parent":3554,"menu_order":0,"comment_status":"closed","ping_status":"closed","template":"","meta":{"_bbp_topic_count":0,"_bbp_reply_count":0,"_bbp_total_topic_count":0,"_bbp_total_reply_count":0,"_bbp_voice_count":0,"_bbp_anonymous_reply_count":0,"_bbp_topic_count_hidden":0,"_bbp_reply_count_hidden":0,"_bbp_forum_subforum_count":0,"footnotes":""},"class_list":["post-3581","page","type-page","status-publish","hentry"],"yoast_head":"<!-- This site is optimized with the Yoast SEO plugin v26.6 - https:\/\/yoast.com\/wordpress\/plugins\/seo\/ -->\n<title>Csutora Attila, FCCA - Business Training Associates<\/title>\n<meta name=\"robots\" content=\"index, follow, max-snippet:-1, max-image-preview:large, max-video-preview:-1\" \/>\n<link rel=\"canonical\" href=\"https:\/\/bta.co.hu\/hu\/main-home\/oktatoink\/csutora-attila-fcca\/\" \/>\n<meta property=\"og:locale\" content=\"hu_HU\" \/>\n<meta property=\"og:type\" content=\"article\" \/>\n<meta property=\"og:title\" content=\"Csutora Attila, FCCA - Business Training Associates\" \/>\n<meta property=\"og:url\" content=\"https:\/\/bta.co.hu\/hu\/main-home\/oktatoink\/csutora-attila-fcca\/\" \/>\n<meta property=\"og:site_name\" content=\"Business Training Associates\" \/>\n<meta property=\"article:modified_time\" content=\"2022-02-03T11:46:32+00:00\" \/>\n<meta name=\"twitter:card\" content=\"summary_large_image\" \/>\n<meta name=\"twitter:label1\" content=\"Becs\u00fclt olvas\u00e1si id\u0151\" \/>\n\t<meta name=\"twitter:data1\" content=\"2 perc\" \/>\n<script type=\"application\/ld+json\" class=\"yoast-schema-graph\">{\"@context\":\"https:\/\/schema.org\",\"@graph\":[{\"@type\":\"WebPage\",\"@id\":\"https:\/\/bta.co.hu\/main-home\/oktatoink\/csutora-attila-fcca\/\",\"url\":\"https:\/\/bta.co.hu\/main-home\/oktatoink\/csutora-attila-fcca\/\",\"name\":\"Csutora Attila, FCCA - Business Training Associates\",\"isPartOf\":{\"@id\":\"https:\/\/bta.co.hu\/#website\"},\"datePublished\":\"2022-01-27T12:09:13+00:00\",\"dateModified\":\"2022-02-03T11:46:32+00:00\",\"breadcrumb\":{\"@id\":\"https:\/\/bta.co.hu\/main-home\/oktatoink\/csutora-attila-fcca\/#breadcrumb\"},\"inLanguage\":\"hu\",\"potentialAction\":[{\"@type\":\"ReadAction\",\"target\":[\"https:\/\/bta.co.hu\/main-home\/oktatoink\/csutora-attila-fcca\/\"]}]},{\"@type\":\"BreadcrumbList\",\"@id\":\"https:\/\/bta.co.hu\/main-home\/oktatoink\/csutora-attila-fcca\/#breadcrumb\",\"itemListElement\":[{\"@type\":\"ListItem\",\"position\":1,\"name\":\"Kezd\u0151lap\",\"item\":\"https:\/\/bta.co.hu\/\"},{\"@type\":\"ListItem\",\"position\":2,\"name\":\"Main Home\",\"item\":\"https:\/\/bta.co.hu\/\"},{\"@type\":\"ListItem\",\"position\":3,\"name\":\"Oktat\u00f3ink\",\"item\":\"https:\/\/bta.co.hu\/main-home\/oktatoink\/\"},{\"@type\":\"ListItem\",\"position\":4,\"name\":\"Csutora Attila, FCCA\"}]},{\"@type\":\"WebSite\",\"@id\":\"https:\/\/bta.co.hu\/#website\",\"url\":\"https:\/\/bta.co.hu\/\",\"name\":\"Business Training Associates\",\"description\":\"P\u00e9nz\u00fcgyi \u00e9s sz\u00e1mviteli k\u00e9pz\u00e9sek (ACCA, DipIFR, IFRS, USGAAP)\",\"potentialAction\":[{\"@type\":\"SearchAction\",\"target\":{\"@type\":\"EntryPoint\",\"urlTemplate\":\"https:\/\/bta.co.hu\/?s={search_term_string}\"},\"query-input\":{\"@type\":\"PropertyValueSpecification\",\"valueRequired\":true,\"valueName\":\"search_term_string\"}}],\"inLanguage\":\"hu\"}]}<\/script>\n<!-- \/ Yoast SEO plugin. -->","yoast_head_json":{"title":"Csutora Attila, FCCA - Business Training Associates","robots":{"index":"index","follow":"follow","max-snippet":"max-snippet:-1","max-image-preview":"max-image-preview:large","max-video-preview":"max-video-preview:-1"},"canonical":"https:\/\/bta.co.hu\/hu\/main-home\/oktatoink\/csutora-attila-fcca\/","og_locale":"hu_HU","og_type":"article","og_title":"Csutora Attila, FCCA - Business Training Associates","og_url":"https:\/\/bta.co.hu\/hu\/main-home\/oktatoink\/csutora-attila-fcca\/","og_site_name":"Business Training Associates","article_modified_time":"2022-02-03T11:46:32+00:00","twitter_card":"summary_large_image","twitter_misc":{"Becs\u00fclt olvas\u00e1si id\u0151":"2 perc"},"schema":{"@context":"https:\/\/schema.org","@graph":[{"@type":"WebPage","@id":"https:\/\/bta.co.hu\/main-home\/oktatoink\/csutora-attila-fcca\/","url":"https:\/\/bta.co.hu\/main-home\/oktatoink\/csutora-attila-fcca\/","name":"Csutora Attila, FCCA - Business Training Associates","isPartOf":{"@id":"https:\/\/bta.co.hu\/#website"},"datePublished":"2022-01-27T12:09:13+00:00","dateModified":"2022-02-03T11:46:32+00:00","breadcrumb":{"@id":"https:\/\/bta.co.hu\/main-home\/oktatoink\/csutora-attila-fcca\/#breadcrumb"},"inLanguage":"hu","potentialAction":[{"@type":"ReadAction","target":["https:\/\/bta.co.hu\/main-home\/oktatoink\/csutora-attila-fcca\/"]}]},{"@type":"BreadcrumbList","@id":"https:\/\/bta.co.hu\/main-home\/oktatoink\/csutora-attila-fcca\/#breadcrumb","itemListElement":[{"@type":"ListItem","position":1,"name":"Kezd\u0151lap","item":"https:\/\/bta.co.hu\/"},{"@type":"ListItem","position":2,"name":"Main Home","item":"https:\/\/bta.co.hu\/"},{"@type":"ListItem","position":3,"name":"Oktat\u00f3ink","item":"https:\/\/bta.co.hu\/main-home\/oktatoink\/"},{"@type":"ListItem","position":4,"name":"Csutora Attila, FCCA"}]},{"@type":"WebSite","@id":"https:\/\/bta.co.hu\/#website","url":"https:\/\/bta.co.hu\/","name":"Business Training Associates","description":"P\u00e9nz\u00fcgyi \u00e9s sz\u00e1mviteli k\u00e9pz\u00e9sek (ACCA, DipIFR, IFRS, USGAAP)","potentialAction":[{"@type":"SearchAction","target":{"@type":"EntryPoint","urlTemplate":"https:\/\/bta.co.hu\/?s={search_term_string}"},"query-input":{"@type":"PropertyValueSpecification","valueRequired":true,"valueName":"search_term_string"}}],"inLanguage":"hu"}]}},"_links":{"self":[{"href":"https:\/\/bta.co.hu\/hu\/wp-json\/wp\/v2\/pages\/3581","targetHints":{"allow":["GET"]}}],"collection":[{"href":"https:\/\/bta.co.hu\/hu\/wp-json\/wp\/v2\/pages"}],"about":[{"href":"https:\/\/bta.co.hu\/hu\/wp-json\/wp\/v2\/types\/page"}],"author":[{"embeddable":true,"href":"https:\/\/bta.co.hu\/hu\/wp-json\/wp\/v2\/users\/1"}],"replies":[{"embeddable":true,"href":"https:\/\/bta.co.hu\/hu\/wp-json\/wp\/v2\/comments?post=3581"}],"version-history":[{"count":4,"href":"https:\/\/bta.co.hu\/hu\/wp-json\/wp\/v2\/pages\/3581\/revisions"}],"predecessor-version":[{"id":3608,"href":"https:\/\/bta.co.hu\/hu\/wp-json\/wp\/v2\/pages\/3581\/revisions\/3608"}],"up":[{"embeddable":true,"href":"https:\/\/bta.co.hu\/hu\/wp-json\/wp\/v2\/pages\/3554"}],"wp:attachment":[{"href":"https:\/\/bta.co.hu\/hu\/wp-json\/wp\/v2\/media?parent=3581"}],"curies":[{"name":"wp","href":"https:\/\/api.w.org\/{rel}","templated":true}]}}