{"id":3493,"date":"2022-01-25T12:46:55","date_gmt":"2022-01-25T12:46:55","guid":{"rendered":"https:\/\/bta.co.hu\/?page_id=3493"},"modified":"2026-04-20T13:12:29","modified_gmt":"2026-04-20T11:12:29","slug":"testreszabott-ajanlatok","status":"publish","type":"page","link":"https:\/\/bta.co.hu\/hu\/testreszabott-ajanlatok\/","title":{"rendered":"Testreszabott aj\u00e1nlatok"},"content":{"rendered":"<div class=\"vc_row wpb_row vc_row-fluid\" ><div class=\"wpb_column vc_column_container vc_col-sm-12\"><div class=\"vc_column-inner\"><div class=\"wpb_wrapper\"><div class=\"eltdf-elements-holder   eltdf-two-columns  eltdf-responsive-mode-768   \" ><div class=\"eltdf-eh-item     \"  data-item-class=\"eltdf-eh-custom-8877\" data-1367-1600=\"60px 17% 75px 20%\" data-1025-1366=\"50px 16% 65px 18%\" data-769-1024=\"45px 6% 58px 11%\" data-681-768=\"70px 28% 85px 45px\" data-680=\"40px 10% 55px 20px\">\n\t<div class=\"eltdf-eh-item-inner\">\n\t\t<div class=\"eltdf-eh-item-content eltdf-eh-custom-8877\" >\n\t\t\t\n\t<div class=\"wpb_text_column wpb_content_element \" >\n\t\t<div class=\"wpb_wrapper\">\n\t\t\t<h2><span style=\"color: #800080;\"><strong>Testreszabott k\u00e9pz\u00e9sek<\/strong><\/span><\/h2>\n\n\t\t<\/div>\n\t<\/div>\n<div class=\"vc_empty_space\"   style=\"height: 26px\"><span class=\"vc_empty_space_inner\"><\/span><\/div><a itemprop=\"url\" href=\"https:\/\/bta.co.hu\/testreszabott-ajanlatok\/testreszabott-kepzesek\/\" target=\"_self\"  class=\"eltdf-btn eltdf-btn-medium eltdf-btn-simple eltdf-btn-arrow\"  >\n    <span class=\"eltdf-btn-text\">R\u00e9szletek<\/span>\n    <\/a>\t\t<\/div>\n\t<\/div>\n<\/div><div class=\"eltdf-eh-item     \" style=\"background-image: url(https:\/\/bta.co.hu\/wp-content\/uploads\/2022\/01\/testreszabott-2.jpg)\" data-item-class=\"eltdf-eh-custom-6799\">\n\t<div class=\"eltdf-eh-item-inner\">\n\t\t<div class=\"eltdf-eh-item-content eltdf-eh-custom-6799\" >\n\t\t\t\t\t<\/div>\n\t<\/div>\n<\/div><\/div><\/div><\/div><\/div><\/div><div class=\"vc_row wpb_row vc_row-fluid\" ><div class=\"wpb_column vc_column_container vc_col-sm-12\"><div class=\"vc_column-inner\"><div class=\"wpb_wrapper\"><div class=\"eltdf-elements-holder   eltdf-two-columns  eltdf-responsive-mode-768   \" ><div class=\"eltdf-eh-item     \" style=\"background-image: url(https:\/\/bta.co.hu\/wp-content\/uploads\/2022\/01\/consulting_services.jpeg)\" data-item-class=\"eltdf-eh-custom-6625\">\n\t<div class=\"eltdf-eh-item-inner\">\n\t\t<div class=\"eltdf-eh-item-content eltdf-eh-custom-6625\" >\n\t\t\t\t\t<\/div>\n\t<\/div>\n<\/div><div class=\"eltdf-eh-item     \"  data-item-class=\"eltdf-eh-custom-4028\" data-1367-1600=\"60px 17% 75px 20%\" data-1025-1366=\"50px 16% 65px 18%\" data-769-1024=\"45px 6% 58px 11%\" data-681-768=\"70px 28% 85px 45px\" data-680=\"40px 10% 55px 20px\">\n\t<div class=\"eltdf-eh-item-inner\">\n\t\t<div class=\"eltdf-eh-item-content eltdf-eh-custom-4028\" >\n\t\t\t\n\t<div class=\"wpb_text_column wpb_content_element \" >\n\t\t<div class=\"wpb_wrapper\">\n\t\t\t<h2><span style=\"color: #800080;\"><strong>Egy\u00e9ni konzult\u00e1ci\u00f3<\/strong><\/span><\/h2>\n\n\t\t<\/div>\n\t<\/div>\n<div class=\"vc_empty_space\"   style=\"height: 26px\"><span class=\"vc_empty_space_inner\"><\/span><\/div><a itemprop=\"url\" href=\"https:\/\/bta.co.hu\/testreszabott-ajanlatok\/egyeni-konzultacio\/\" target=\"_self\"  class=\"eltdf-btn eltdf-btn-medium eltdf-btn-simple eltdf-btn-arrow\"  >\n    <span class=\"eltdf-btn-text\">R\u00e9szletek<\/span>\n    <\/a>\t\t<\/div>\n\t<\/div>\n<\/div><\/div><\/div><\/div><\/div><\/div><div class=\"vc_row wpb_row vc_row-fluid\" ><div class=\"wpb_column vc_column_container vc_col-sm-12\"><div class=\"vc_column-inner\"><div class=\"wpb_wrapper\"><div class=\"eltdf-elements-holder   eltdf-two-columns  eltdf-responsive-mode-768   \" ><div class=\"eltdf-eh-item     \"  data-item-class=\"eltdf-eh-custom-6332\" data-1367-1600=\"60px 17% 75px 20%\" data-1025-1366=\"50px 16% 65px 18%\" data-769-1024=\"45px 6% 58px 11%\" data-681-768=\"70px 28% 85px 45px\" data-680=\"40px 10% 55px 20px\">\n\t<div class=\"eltdf-eh-item-inner\">\n\t\t<div class=\"eltdf-eh-item-content eltdf-eh-custom-6332\" >\n\t\t\t\n\t<div class=\"wpb_text_column wpb_content_element \" >\n\t\t<div class=\"wpb_wrapper\">\n\t\t\t<h2><span style=\"color: #800080;\"><strong>IFRS tan\u00e1csad\u00e1s<\/strong><\/span><\/h2>\n\n\t\t<\/div>\n\t<\/div>\n<div class=\"vc_empty_space\"   style=\"height: 26px\"><span class=\"vc_empty_space_inner\"><\/span><\/div><a itemprop=\"url\" href=\"https:\/\/bta.co.hu\/testreszabott-ajanlatok\/ifrs-tanacsadas\/\" target=\"_self\"  class=\"eltdf-btn eltdf-btn-medium eltdf-btn-simple eltdf-btn-arrow\"  >\n    <span class=\"eltdf-btn-text\">R\u00e9szletek<\/span>\n    <\/a>\t\t<\/div>\n\t<\/div>\n<\/div><div class=\"eltdf-eh-item     \" style=\"background-image: url(https:\/\/bta.co.hu\/wp-content\/uploads\/2022\/01\/ifrs-tanacsadas.jpg)\" data-item-class=\"eltdf-eh-custom-8439\">\n\t<div class=\"eltdf-eh-item-inner\">\n\t\t<div class=\"eltdf-eh-item-content eltdf-eh-custom-8439\" >\n\t\t\t\t\t<\/div>\n\t<\/div>\n<\/div><\/div><\/div><\/div><\/div><\/div>\n","protected":false},"excerpt":{"rendered":"Testreszabott k\u00e9pz\u00e9sek R\u00e9szletek Egy\u00e9ni konzult\u00e1ci\u00f3 R\u00e9szletek IFRS tan\u00e1csad\u00e1s R\u00e9szletek","protected":false},"author":1,"featured_media":0,"parent":0,"menu_order":0,"comment_status":"closed","ping_status":"closed","template":"","meta":{"_bbp_topic_count":0,"_bbp_reply_count":0,"_bbp_total_topic_count":0,"_bbp_total_reply_count":0,"_bbp_voice_count":0,"_bbp_anonymous_reply_count":0,"_bbp_topic_count_hidden":0,"_bbp_reply_count_hidden":0,"_bbp_forum_subforum_count":0,"footnotes":""},"class_list":["post-3493","page","type-page","status-publish","hentry"],"yoast_head":"<!-- This site is optimized with the Yoast SEO plugin v26.6 - https:\/\/yoast.com\/wordpress\/plugins\/seo\/ -->\n<title>Testreszabott aj\u00e1nlatok - Business Training Associates<\/title>\n<meta name=\"description\" content=\"Egyedi k\u00e9pz\u00e9si \u00e9s tan\u00e1csad\u00e1si megold\u00e1sok v\u00e1llalatoknak. Ig\u00e9nyre szabott programok \u00e9s szak\u00e9rt\u0151i t\u00e1mogat\u00e1s.\" \/>\n<meta name=\"robots\" content=\"index, follow, max-snippet:-1, max-image-preview:large, max-video-preview:-1\" \/>\n<link rel=\"canonical\" href=\"https:\/\/bta.co.hu\/hu\/testreszabott-ajanlatok\/\" \/>\n<meta property=\"og:locale\" content=\"hu_HU\" \/>\n<meta property=\"og:type\" content=\"article\" \/>\n<meta property=\"og:title\" content=\"Testreszabott aj\u00e1nlatok - Business Training Associates\" \/>\n<meta property=\"og:description\" content=\"Egyedi k\u00e9pz\u00e9si \u00e9s tan\u00e1csad\u00e1si megold\u00e1sok v\u00e1llalatoknak. Ig\u00e9nyre szabott programok \u00e9s szak\u00e9rt\u0151i t\u00e1mogat\u00e1s.\" \/>\n<meta property=\"og:url\" content=\"https:\/\/bta.co.hu\/hu\/testreszabott-ajanlatok\/\" \/>\n<meta property=\"og:site_name\" content=\"Business Training Associates\" \/>\n<meta property=\"article:modified_time\" content=\"2026-04-20T11:12:29+00:00\" \/>\n<meta name=\"twitter:card\" content=\"summary_large_image\" \/>\n<meta name=\"twitter:label1\" content=\"Becs\u00fclt olvas\u00e1si id\u0151\" \/>\n\t<meta name=\"twitter:data1\" content=\"1 perc\" \/>\n<script type=\"application\/ld+json\" class=\"yoast-schema-graph\">{\"@context\":\"https:\/\/schema.org\",\"@graph\":[{\"@type\":\"WebPage\",\"@id\":\"https:\/\/bta.co.hu\/testreszabott-ajanlatok\/\",\"url\":\"https:\/\/bta.co.hu\/testreszabott-ajanlatok\/\",\"name\":\"Testreszabott aj\u00e1nlatok - Business Training Associates\",\"isPartOf\":{\"@id\":\"https:\/\/bta.co.hu\/#website\"},\"datePublished\":\"2022-01-25T12:46:55+00:00\",\"dateModified\":\"2026-04-20T11:12:29+00:00\",\"description\":\"Egyedi k\u00e9pz\u00e9si \u00e9s tan\u00e1csad\u00e1si megold\u00e1sok v\u00e1llalatoknak. Ig\u00e9nyre szabott programok \u00e9s szak\u00e9rt\u0151i t\u00e1mogat\u00e1s.\",\"breadcrumb\":{\"@id\":\"https:\/\/bta.co.hu\/testreszabott-ajanlatok\/#breadcrumb\"},\"inLanguage\":\"hu\",\"potentialAction\":[{\"@type\":\"ReadAction\",\"target\":[\"https:\/\/bta.co.hu\/testreszabott-ajanlatok\/\"]}]},{\"@type\":\"BreadcrumbList\",\"@id\":\"https:\/\/bta.co.hu\/testreszabott-ajanlatok\/#breadcrumb\",\"itemListElement\":[{\"@type\":\"ListItem\",\"position\":1,\"name\":\"Kezd\u0151lap\",\"item\":\"https:\/\/bta.co.hu\/\"},{\"@type\":\"ListItem\",\"position\":2,\"name\":\"Testreszabott aj\u00e1nlatok\"}]},{\"@type\":\"WebSite\",\"@id\":\"https:\/\/bta.co.hu\/#website\",\"url\":\"https:\/\/bta.co.hu\/\",\"name\":\"Business Training Associates\",\"description\":\"P\u00e9nz\u00fcgyi \u00e9s sz\u00e1mviteli k\u00e9pz\u00e9sek (ACCA, DipIFR, IFRS, USGAAP)\",\"potentialAction\":[{\"@type\":\"SearchAction\",\"target\":{\"@type\":\"EntryPoint\",\"urlTemplate\":\"https:\/\/bta.co.hu\/?s={search_term_string}\"},\"query-input\":{\"@type\":\"PropertyValueSpecification\",\"valueRequired\":true,\"valueName\":\"search_term_string\"}}],\"inLanguage\":\"hu\"}]}<\/script>\n<!-- \/ Yoast SEO plugin. -->","yoast_head_json":{"title":"Testreszabott aj\u00e1nlatok - Business Training Associates","description":"Egyedi k\u00e9pz\u00e9si \u00e9s tan\u00e1csad\u00e1si megold\u00e1sok v\u00e1llalatoknak. Ig\u00e9nyre szabott programok \u00e9s szak\u00e9rt\u0151i t\u00e1mogat\u00e1s.","robots":{"index":"index","follow":"follow","max-snippet":"max-snippet:-1","max-image-preview":"max-image-preview:large","max-video-preview":"max-video-preview:-1"},"canonical":"https:\/\/bta.co.hu\/hu\/testreszabott-ajanlatok\/","og_locale":"hu_HU","og_type":"article","og_title":"Testreszabott aj\u00e1nlatok - Business Training Associates","og_description":"Egyedi k\u00e9pz\u00e9si \u00e9s tan\u00e1csad\u00e1si megold\u00e1sok v\u00e1llalatoknak. Ig\u00e9nyre szabott programok \u00e9s szak\u00e9rt\u0151i t\u00e1mogat\u00e1s.","og_url":"https:\/\/bta.co.hu\/hu\/testreszabott-ajanlatok\/","og_site_name":"Business Training Associates","article_modified_time":"2026-04-20T11:12:29+00:00","twitter_card":"summary_large_image","twitter_misc":{"Becs\u00fclt olvas\u00e1si id\u0151":"1 perc"},"schema":{"@context":"https:\/\/schema.org","@graph":[{"@type":"WebPage","@id":"https:\/\/bta.co.hu\/testreszabott-ajanlatok\/","url":"https:\/\/bta.co.hu\/testreszabott-ajanlatok\/","name":"Testreszabott aj\u00e1nlatok - Business Training Associates","isPartOf":{"@id":"https:\/\/bta.co.hu\/#website"},"datePublished":"2022-01-25T12:46:55+00:00","dateModified":"2026-04-20T11:12:29+00:00","description":"Egyedi k\u00e9pz\u00e9si \u00e9s tan\u00e1csad\u00e1si megold\u00e1sok v\u00e1llalatoknak. Ig\u00e9nyre szabott programok \u00e9s szak\u00e9rt\u0151i t\u00e1mogat\u00e1s.","breadcrumb":{"@id":"https:\/\/bta.co.hu\/testreszabott-ajanlatok\/#breadcrumb"},"inLanguage":"hu","potentialAction":[{"@type":"ReadAction","target":["https:\/\/bta.co.hu\/testreszabott-ajanlatok\/"]}]},{"@type":"BreadcrumbList","@id":"https:\/\/bta.co.hu\/testreszabott-ajanlatok\/#breadcrumb","itemListElement":[{"@type":"ListItem","position":1,"name":"Kezd\u0151lap","item":"https:\/\/bta.co.hu\/"},{"@type":"ListItem","position":2,"name":"Testreszabott aj\u00e1nlatok"}]},{"@type":"WebSite","@id":"https:\/\/bta.co.hu\/#website","url":"https:\/\/bta.co.hu\/","name":"Business Training Associates","description":"P\u00e9nz\u00fcgyi \u00e9s sz\u00e1mviteli k\u00e9pz\u00e9sek (ACCA, DipIFR, IFRS, USGAAP)","potentialAction":[{"@type":"SearchAction","target":{"@type":"EntryPoint","urlTemplate":"https:\/\/bta.co.hu\/?s={search_term_string}"},"query-input":{"@type":"PropertyValueSpecification","valueRequired":true,"valueName":"search_term_string"}}],"inLanguage":"hu"}]}},"_links":{"self":[{"href":"https:\/\/bta.co.hu\/hu\/wp-json\/wp\/v2\/pages\/3493","targetHints":{"allow":["GET"]}}],"collection":[{"href":"https:\/\/bta.co.hu\/hu\/wp-json\/wp\/v2\/pages"}],"about":[{"href":"https:\/\/bta.co.hu\/hu\/wp-json\/wp\/v2\/types\/page"}],"author":[{"embeddable":true,"href":"https:\/\/bta.co.hu\/hu\/wp-json\/wp\/v2\/users\/1"}],"replies":[{"embeddable":true,"href":"https:\/\/bta.co.hu\/hu\/wp-json\/wp\/v2\/comments?post=3493"}],"version-history":[{"count":4,"href":"https:\/\/bta.co.hu\/hu\/wp-json\/wp\/v2\/pages\/3493\/revisions"}],"predecessor-version":[{"id":3507,"href":"https:\/\/bta.co.hu\/hu\/wp-json\/wp\/v2\/pages\/3493\/revisions\/3507"}],"wp:attachment":[{"href":"https:\/\/bta.co.hu\/hu\/wp-json\/wp\/v2\/media?parent=3493"}],"curies":[{"name":"wp","href":"https:\/\/api.w.org\/{rel}","templated":true}]}}