{"id":3464,"date":"2022-01-25T09:33:40","date_gmt":"2022-01-25T09:33:40","guid":{"rendered":"https:\/\/bta.co.hu\/?page_id=3464"},"modified":"2026-01-15T12:18:17","modified_gmt":"2026-01-15T10:18:17","slug":"uzleti-szimulaciok","status":"publish","type":"page","link":"https:\/\/bta.co.hu\/hu\/uzleti-szimulaciok\/","title":{"rendered":"Virtu\u00e1lis t\u00e1rsasj\u00e1t\u00e9k"},"content":{"rendered":"<div class=\"vc_row wpb_row vc_row-fluid\" ><div class=\"wpb_column vc_column_container vc_col-sm-12\"><div class=\"vc_column-inner\"><div class=\"wpb_wrapper\"><div class=\"eltdf-elements-holder   eltdf-two-columns  eltdf-responsive-mode-768   \" ><div class=\"eltdf-eh-item     \"  data-item-class=\"eltdf-eh-custom-1270\" data-1367-1600=\"60px 17% 75px 20%\" data-1025-1366=\"50px 16% 65px 18%\" data-769-1024=\"45px 6% 58px 11%\" data-681-768=\"70px 28% 85px 45px\" data-680=\"40px 10% 55px 20px\">\n\t<div class=\"eltdf-eh-item-inner\">\n\t\t<div class=\"eltdf-eh-item-content eltdf-eh-custom-1270\" >\n\t\t\t\n\t<div class=\"wpb_text_column wpb_content_element \" >\n\t\t<div class=\"wpb_wrapper\">\n\t\t\t<h3><span style=\"color: #800080;\"><strong>Virtu\u00e1lis banki t\u00e1rsasj\u00e1t\u00e9k<\/strong><\/span><\/h3>\n\n\t\t<\/div>\n\t<\/div>\n<div class=\"vc_empty_space\"   style=\"height: 26px\"><span class=\"vc_empty_space_inner\"><\/span><\/div><a itemprop=\"url\" href=\"https:\/\/bta.co.hu\/uzleti-szimulaciok\/banki-szimulacios-trening\/\" target=\"_self\"  class=\"eltdf-btn eltdf-btn-medium eltdf-btn-simple eltdf-btn-arrow\"  >\n    <span class=\"eltdf-btn-text\">R\u00e9szletek<\/span>\n    <\/a>\t\t<\/div>\n\t<\/div>\n<\/div><div class=\"eltdf-eh-item     \" style=\"background-image: url(https:\/\/bta.co.hu\/wp-content\/uploads\/2022\/01\/Vall-szim-1-960x.jpg)\" data-item-class=\"eltdf-eh-custom-1739\">\n\t<div class=\"eltdf-eh-item-inner\">\n\t\t<div class=\"eltdf-eh-item-content eltdf-eh-custom-1739\" >\n\t\t\t\t\t<\/div>\n\t<\/div>\n<\/div><\/div><\/div><\/div><\/div><\/div><div class=\"vc_row wpb_row vc_row-fluid\" ><div class=\"wpb_column vc_column_container vc_col-sm-12\"><div class=\"vc_column-inner\"><div class=\"wpb_wrapper\"><div class=\"eltdf-elements-holder   eltdf-two-columns  eltdf-responsive-mode-768   \" ><div class=\"eltdf-eh-item     \" style=\"background-image: url(https:\/\/bta.co.hu\/wp-content\/uploads\/2022\/01\/vall-szim-2-960x.png)\" data-item-class=\"eltdf-eh-custom-8290\">\n\t<div class=\"eltdf-eh-item-inner\">\n\t\t<div class=\"eltdf-eh-item-content eltdf-eh-custom-8290\" >\n\t\t\t\t\t<\/div>\n\t<\/div>\n<\/div><div class=\"eltdf-eh-item     \"  data-item-class=\"eltdf-eh-custom-1779\" data-1367-1600=\"60px 17% 75px 20%\" data-1025-1366=\"50px 16% 65px 18%\" data-769-1024=\"45px 6% 58px 11%\" data-681-768=\"70px 28% 85px 45px\" data-680=\"40px 10% 55px 20px\">\n\t<div class=\"eltdf-eh-item-inner\">\n\t\t<div class=\"eltdf-eh-item-content eltdf-eh-custom-1779\" >\n\t\t\t\n\t<div class=\"wpb_text_column wpb_content_element \" >\n\t\t<div class=\"wpb_wrapper\">\n\t\t\t<h3><span style=\"color: #800080;\"><strong>Virtu\u00e1lis \u00fczleti t\u00e1rsasj\u00e1t\u00e9k<\/strong><\/span><\/h3>\n\n\t\t<\/div>\n\t<\/div>\n<div class=\"vc_empty_space\"   style=\"height: 26px\"><span class=\"vc_empty_space_inner\"><\/span><\/div><a itemprop=\"url\" href=\"https:\/\/bta.co.hu\/uzleti-szimulaciok\/vallalati-szimulacios-trening\/\" target=\"_self\"  class=\"eltdf-btn eltdf-btn-medium eltdf-btn-simple eltdf-btn-arrow\"  >\n    <span class=\"eltdf-btn-text\">R\u00e9szletek<\/span>\n    <\/a>\t\t<\/div>\n\t<\/div>\n<\/div><\/div><\/div><\/div><\/div><\/div>\n","protected":false},"excerpt":{"rendered":"Virtu\u00e1lis banki t\u00e1rsasj\u00e1t\u00e9k R\u00e9szletek Virtu\u00e1lis \u00fczleti t\u00e1rsasj\u00e1t\u00e9k R\u00e9szletek","protected":false},"author":1,"featured_media":0,"parent":0,"menu_order":0,"comment_status":"closed","ping_status":"closed","template":"","meta":{"_bbp_topic_count":0,"_bbp_reply_count":0,"_bbp_total_topic_count":0,"_bbp_total_reply_count":0,"_bbp_voice_count":0,"_bbp_anonymous_reply_count":0,"_bbp_topic_count_hidden":0,"_bbp_reply_count_hidden":0,"_bbp_forum_subforum_count":0,"footnotes":""},"class_list":["post-3464","page","type-page","status-publish","hentry"],"yoast_head":"<!-- This site is optimized with the Yoast SEO plugin v26.6 - https:\/\/yoast.com\/wordpress\/plugins\/seo\/ -->\n<title>Virtu\u00e1lis t\u00e1rsasj\u00e1t\u00e9k - Business Training Associates<\/title>\n<meta name=\"robots\" content=\"index, follow, max-snippet:-1, max-image-preview:large, max-video-preview:-1\" \/>\n<link rel=\"canonical\" href=\"https:\/\/tarsasjatek.bta.co.hu\/\" \/>\n<meta property=\"og:locale\" content=\"hu_HU\" \/>\n<meta property=\"og:type\" content=\"article\" \/>\n<meta property=\"og:title\" content=\"Virtu\u00e1lis t\u00e1rsasj\u00e1t\u00e9k - Business Training Associates\" \/>\n<meta property=\"og:url\" content=\"https:\/\/tarsasjatek.bta.co.hu\/\" \/>\n<meta property=\"og:site_name\" content=\"Business Training Associates\" \/>\n<meta property=\"article:modified_time\" content=\"2026-01-15T10:18:17+00:00\" \/>\n<meta name=\"twitter:card\" content=\"summary_large_image\" \/>\n<meta name=\"twitter:label1\" content=\"Becs\u00fclt olvas\u00e1si id\u0151\" \/>\n\t<meta name=\"twitter:data1\" content=\"1 perc\" \/>\n<script type=\"application\/ld+json\" class=\"yoast-schema-graph\">{\"@context\":\"https:\/\/schema.org\",\"@graph\":[{\"@type\":\"WebPage\",\"@id\":\"https:\/\/bta.co.hu\/uzleti-szimulaciok\/\",\"url\":\"https:\/\/tarsasjatek.bta.co.hu\/\",\"name\":\"Virtu\u00e1lis t\u00e1rsasj\u00e1t\u00e9k - Business Training Associates\",\"isPartOf\":{\"@id\":\"https:\/\/bta.co.hu\/#website\"},\"datePublished\":\"2022-01-25T09:33:40+00:00\",\"dateModified\":\"2026-01-15T10:18:17+00:00\",\"breadcrumb\":{\"@id\":\"https:\/\/tarsasjatek.bta.co.hu\/#breadcrumb\"},\"inLanguage\":\"hu\",\"potentialAction\":[{\"@type\":\"ReadAction\",\"target\":[\"https:\/\/tarsasjatek.bta.co.hu\/\"]}]},{\"@type\":\"BreadcrumbList\",\"@id\":\"https:\/\/tarsasjatek.bta.co.hu\/#breadcrumb\",\"itemListElement\":[{\"@type\":\"ListItem\",\"position\":1,\"name\":\"Kezd\u0151lap\",\"item\":\"https:\/\/bta.co.hu\/\"},{\"@type\":\"ListItem\",\"position\":2,\"name\":\"Virtu\u00e1lis t\u00e1rsasj\u00e1t\u00e9k\"}]},{\"@type\":\"WebSite\",\"@id\":\"https:\/\/bta.co.hu\/#website\",\"url\":\"https:\/\/bta.co.hu\/\",\"name\":\"Business Training Associates\",\"description\":\"P\u00e9nz\u00fcgyi \u00e9s sz\u00e1mviteli k\u00e9pz\u00e9sek (ACCA, DipIFR, IFRS, USGAAP)\",\"potentialAction\":[{\"@type\":\"SearchAction\",\"target\":{\"@type\":\"EntryPoint\",\"urlTemplate\":\"https:\/\/bta.co.hu\/?s={search_term_string}\"},\"query-input\":{\"@type\":\"PropertyValueSpecification\",\"valueRequired\":true,\"valueName\":\"search_term_string\"}}],\"inLanguage\":\"hu\"}]}<\/script>\n<!-- \/ Yoast SEO plugin. -->","yoast_head_json":{"title":"Virtu\u00e1lis t\u00e1rsasj\u00e1t\u00e9k - Business Training Associates","robots":{"index":"index","follow":"follow","max-snippet":"max-snippet:-1","max-image-preview":"max-image-preview:large","max-video-preview":"max-video-preview:-1"},"canonical":"https:\/\/tarsasjatek.bta.co.hu\/","og_locale":"hu_HU","og_type":"article","og_title":"Virtu\u00e1lis t\u00e1rsasj\u00e1t\u00e9k - Business Training Associates","og_url":"https:\/\/tarsasjatek.bta.co.hu\/","og_site_name":"Business Training Associates","article_modified_time":"2026-01-15T10:18:17+00:00","twitter_card":"summary_large_image","twitter_misc":{"Becs\u00fclt olvas\u00e1si id\u0151":"1 perc"},"schema":{"@context":"https:\/\/schema.org","@graph":[{"@type":"WebPage","@id":"https:\/\/bta.co.hu\/uzleti-szimulaciok\/","url":"https:\/\/tarsasjatek.bta.co.hu\/","name":"Virtu\u00e1lis t\u00e1rsasj\u00e1t\u00e9k - Business Training Associates","isPartOf":{"@id":"https:\/\/bta.co.hu\/#website"},"datePublished":"2022-01-25T09:33:40+00:00","dateModified":"2026-01-15T10:18:17+00:00","breadcrumb":{"@id":"https:\/\/tarsasjatek.bta.co.hu\/#breadcrumb"},"inLanguage":"hu","potentialAction":[{"@type":"ReadAction","target":["https:\/\/tarsasjatek.bta.co.hu\/"]}]},{"@type":"BreadcrumbList","@id":"https:\/\/tarsasjatek.bta.co.hu\/#breadcrumb","itemListElement":[{"@type":"ListItem","position":1,"name":"Kezd\u0151lap","item":"https:\/\/bta.co.hu\/"},{"@type":"ListItem","position":2,"name":"Virtu\u00e1lis t\u00e1rsasj\u00e1t\u00e9k"}]},{"@type":"WebSite","@id":"https:\/\/bta.co.hu\/#website","url":"https:\/\/bta.co.hu\/","name":"Business Training Associates","description":"P\u00e9nz\u00fcgyi \u00e9s sz\u00e1mviteli k\u00e9pz\u00e9sek (ACCA, DipIFR, IFRS, USGAAP)","potentialAction":[{"@type":"SearchAction","target":{"@type":"EntryPoint","urlTemplate":"https:\/\/bta.co.hu\/?s={search_term_string}"},"query-input":{"@type":"PropertyValueSpecification","valueRequired":true,"valueName":"search_term_string"}}],"inLanguage":"hu"}]}},"_links":{"self":[{"href":"https:\/\/bta.co.hu\/hu\/wp-json\/wp\/v2\/pages\/3464","targetHints":{"allow":["GET"]}}],"collection":[{"href":"https:\/\/bta.co.hu\/hu\/wp-json\/wp\/v2\/pages"}],"about":[{"href":"https:\/\/bta.co.hu\/hu\/wp-json\/wp\/v2\/types\/page"}],"author":[{"embeddable":true,"href":"https:\/\/bta.co.hu\/hu\/wp-json\/wp\/v2\/users\/1"}],"replies":[{"embeddable":true,"href":"https:\/\/bta.co.hu\/hu\/wp-json\/wp\/v2\/comments?post=3464"}],"version-history":[{"count":7,"href":"https:\/\/bta.co.hu\/hu\/wp-json\/wp\/v2\/pages\/3464\/revisions"}],"predecessor-version":[{"id":3874,"href":"https:\/\/bta.co.hu\/hu\/wp-json\/wp\/v2\/pages\/3464\/revisions\/3874"}],"wp:attachment":[{"href":"https:\/\/bta.co.hu\/hu\/wp-json\/wp\/v2\/media?parent=3464"}],"curies":[{"name":"wp","href":"https:\/\/api.w.org\/{rel}","templated":true}]}}