{"id":3288,"date":"2022-01-17T22:49:46","date_gmt":"2022-01-17T22:49:46","guid":{"rendered":"https:\/\/bta.co.hu\/?page_id=3288"},"modified":"2026-04-20T13:13:29","modified_gmt":"2026-04-20T11:13:29","slug":"ifrs-tanacsadas","status":"publish","type":"page","link":"https:\/\/bta.co.hu\/hu\/testreszabott-ajanlatok\/ifrs-tanacsadas\/","title":{"rendered":"IFRS tan\u00e1csad\u00e1s"},"content":{"rendered":"<div class=\"vc_row wpb_row vc_row-fluid\" ><div class=\"wpb_column vc_column_container vc_col-sm-12\"><div class=\"vc_column-inner\"><div class=\"wpb_wrapper\">\n\t<div class=\"wpb_text_column wpb_content_element \" >\n\t\t<div class=\"wpb_wrapper\">\n\t\t\t<div class=\"row\">\n<div class=\"span12\" data-motopress-type=\"static\" data-motopress-static-file=\"static\/static-title.php\"><\/div>\n<\/div>\n<div class=\"row\">\n<div id=\"content\" class=\"span9 right\" data-motopress-type=\"loop\" data-motopress-loop-file=\"loop\/loop-single-kvaliflap.php\">\n<article id=\"post-2199\" class=\"post__holder post-2199 szakmaikepzes type-szakmaikepzes status-publish has-post-thumbnail hentry\">\n<div class=\"post_content\">\n<p><span style=\"color: #000000;\">IFRS tan\u00e1csad\u00e1si szolg\u00e1ltat\u00e1sunkat els\u0151sorban azoknak a t\u00e1rsas\u00e1goknak aj\u00e1nljuk, amelyek \u00e9ves besz\u00e1mol\u00f3ikat az IFRS el\u0151\u00edr\u00e1sainak megfelel\u0151en k\u00e9sz\u00edtik, illetve a k\u00f6zelj\u00f6v\u0151ben tervezik ennek bevezet\u00e9s\u00e9t.<\/span><\/p>\n<\/div>\n<h4><\/h4>\n<div class=\"post_content\">\n<p>&nbsp;<\/p>\n<h4><strong><span style=\"color: #000000;\">IFRS tan\u00e1csad\u00e1si szolg\u00e1ltat\u00e1saink<\/span><\/strong><\/h4>\n<ul>\n<li><span style=\"color: #000000;\">az IFRS-re t\u00f6rt\u00e9n\u0151 <strong>\u00e1t\u00e1ll\u00e1s t\u00e1mogat\u00e1sa<\/strong>;<\/span><\/li>\n<li><span style=\"color: #000000;\">IFRS <strong>jelent\u00e9scsomagok kialak\u00edt\u00e1sa<\/strong>;<\/span><\/li>\n<li><span style=\"color: #000000;\">IFRS szerinti <strong>sz\u00e1mviteli politika \u00e9s kieg\u00e9sz\u00edt\u0151 mell\u00e9klet \u00f6ssze\u00e1ll\u00edt\u00e1sa<\/strong>;<\/span><\/li>\n<li><span style=\"color: #000000;\">a magyar sz\u00e1mviteli t\u00f6rv\u00e9ny szerint \u00f6ssze\u00e1ll\u00edtott besz\u00e1mol\u00f3 <strong>\u00e1tforgat\u00e1sa<\/strong> IFRS szerinti p\u00e9nz\u00fcgyi kimutat\u00e1ss\u00e1;<\/span><\/li>\n<li><span style=\"color: #000000;\">a besz\u00e1mol\u00f3 egyes r\u00e9szeire vonatkoz\u00f3 <strong>eseti IFRS k\u00e9rd\u00e9sek megv\u00e1laszol\u00e1sa<\/strong>;<\/span><\/li>\n<li><span style=\"color: #000000;\">\u00e9ves, id\u0151szaki, <strong>egyedi vagy konszolid\u00e1lt IFRS-besz\u00e1mol\u00f3 \u00f6ssze\u00e1ll\u00edt\u00e1sa<\/strong>;<\/span><\/li>\n<li><span style=\"color: #000000;\">az IFRS rendszer\u00e9ben bek\u00f6vetkez\u0151 <strong>v\u00e1ltoz\u00e1sok nyomon k\u00f6vet\u00e9se<\/strong>, ezekr\u0151l folyamatos t\u00e1j\u00e9koztat\u00e1s;<\/span><\/li>\n<li><span style=\"color: #000000;\"><strong>IFRS oktat\u00e1s<\/strong> a t\u00e1rsas\u00e1gn\u00e1l dolgoz\u00f3k r\u00e9sz\u00e9re.<\/span><\/li>\n<\/ul>\n<p>&nbsp;<\/p>\n<p>&nbsp;<\/p>\n<p><span style=\"color: #000000;\">Amennyiben IFRS szolg\u00e1ltat\u00e1sunkat szeretn\u00e9 ig\u00e9nybe venni vagy tov\u00e1bbi inform\u00e1ci\u00f3ra van sz\u00fcks\u00e9ge, vegye fel kapcsolatot koll\u00e9g\u00e1nkkal.<\/span><\/p>\n<p><span style=\"color: #000000;\">Tel: + 36 1 483 1221<\/span><br \/>\n<span style=\"color: #000000;\">Email: <a style=\"color: #000000;\" href=\"mailto:mariannehokky@bta.co.hu\">mariannehokky@bta.co.hu<\/a><\/span><\/p>\n<\/div>\n<\/article>\n<\/div>\n<\/div>\n\n\t\t<\/div>\n\t<\/div>\n<\/div><\/div><\/div><\/div>\n","protected":false},"excerpt":{"rendered":"IFRS tan\u00e1csad\u00e1si szolg\u00e1ltat\u00e1sunkat els\u0151sorban azoknak a t\u00e1rsas\u00e1goknak aj\u00e1nljuk, amelyek \u00e9ves besz\u00e1mol\u00f3ikat az IFRS el\u0151\u00edr\u00e1sainak megfelel\u0151en k\u00e9sz\u00edtik, illetve a k\u00f6zelj\u00f6v\u0151ben tervezik ennek bevezet\u00e9s\u00e9t. &nbsp; IFRS tan\u00e1csad\u00e1si szolg\u00e1ltat\u00e1saink az IFRS-re t\u00f6rt\u00e9n\u0151 \u00e1t\u00e1ll\u00e1s t\u00e1mogat\u00e1sa; IFRS jelent\u00e9scsomagok kialak\u00edt\u00e1sa; IFRS szerinti sz\u00e1mviteli politika \u00e9s kieg\u00e9sz\u00edt\u0151 mell\u00e9klet \u00f6ssze\u00e1ll\u00edt\u00e1sa; a magyar sz\u00e1mviteli t\u00f6rv\u00e9ny szerint \u00f6ssze\u00e1ll\u00edtott besz\u00e1mol\u00f3 \u00e1tforgat\u00e1sa IFRS szerinti p\u00e9nz\u00fcgyi kimutat\u00e1ss\u00e1; a besz\u00e1mol\u00f3 [...]","protected":false},"author":1,"featured_media":0,"parent":3493,"menu_order":0,"comment_status":"closed","ping_status":"closed","template":"","meta":{"_bbp_topic_count":0,"_bbp_reply_count":0,"_bbp_total_topic_count":0,"_bbp_total_reply_count":0,"_bbp_voice_count":0,"_bbp_anonymous_reply_count":0,"_bbp_topic_count_hidden":0,"_bbp_reply_count_hidden":0,"_bbp_forum_subforum_count":0,"footnotes":""},"class_list":["post-3288","page","type-page","status-publish","hentry"],"yoast_head":"<!-- This site is optimized with the Yoast SEO plugin v26.6 - https:\/\/yoast.com\/wordpress\/plugins\/seo\/ -->\n<title>IFRS tan\u00e1csad\u00e1s - Business Training Associates<\/title>\n<meta name=\"description\" content=\"Professzion\u00e1lis IFRS tan\u00e1csad\u00e1s v\u00e1llalatoknak. Megold\u00e1sok komplex sz\u00e1mviteli kih\u00edv\u00e1sokra.\" \/>\n<meta name=\"robots\" content=\"index, follow, max-snippet:-1, max-image-preview:large, max-video-preview:-1\" \/>\n<link rel=\"canonical\" href=\"https:\/\/bta.co.hu\/hu\/testreszabott-ajanlatok\/ifrs-tanacsadas\/\" \/>\n<meta property=\"og:locale\" content=\"hu_HU\" \/>\n<meta property=\"og:type\" content=\"article\" \/>\n<meta property=\"og:title\" content=\"IFRS tan\u00e1csad\u00e1s - Business Training Associates\" \/>\n<meta property=\"og:description\" content=\"Professzion\u00e1lis IFRS tan\u00e1csad\u00e1s v\u00e1llalatoknak. Megold\u00e1sok komplex sz\u00e1mviteli kih\u00edv\u00e1sokra.\" \/>\n<meta property=\"og:url\" content=\"https:\/\/bta.co.hu\/hu\/testreszabott-ajanlatok\/ifrs-tanacsadas\/\" \/>\n<meta property=\"og:site_name\" content=\"Business Training Associates\" \/>\n<meta property=\"article:modified_time\" content=\"2026-04-20T11:13:29+00:00\" \/>\n<meta name=\"twitter:card\" content=\"summary_large_image\" \/>\n<meta name=\"twitter:label1\" content=\"Becs\u00fclt olvas\u00e1si id\u0151\" \/>\n\t<meta name=\"twitter:data1\" content=\"1 perc\" \/>\n<script type=\"application\/ld+json\" class=\"yoast-schema-graph\">{\"@context\":\"https:\/\/schema.org\",\"@graph\":[{\"@type\":\"WebPage\",\"@id\":\"https:\/\/bta.co.hu\/testreszabott-ajanlatok\/ifrs-tanacsadas\/\",\"url\":\"https:\/\/bta.co.hu\/testreszabott-ajanlatok\/ifrs-tanacsadas\/\",\"name\":\"IFRS tan\u00e1csad\u00e1s - Business Training Associates\",\"isPartOf\":{\"@id\":\"https:\/\/bta.co.hu\/#website\"},\"datePublished\":\"2022-01-17T22:49:46+00:00\",\"dateModified\":\"2026-04-20T11:13:29+00:00\",\"description\":\"Professzion\u00e1lis IFRS tan\u00e1csad\u00e1s v\u00e1llalatoknak. Megold\u00e1sok komplex sz\u00e1mviteli kih\u00edv\u00e1sokra.\",\"breadcrumb\":{\"@id\":\"https:\/\/bta.co.hu\/testreszabott-ajanlatok\/ifrs-tanacsadas\/#breadcrumb\"},\"inLanguage\":\"hu\",\"potentialAction\":[{\"@type\":\"ReadAction\",\"target\":[\"https:\/\/bta.co.hu\/testreszabott-ajanlatok\/ifrs-tanacsadas\/\"]}]},{\"@type\":\"BreadcrumbList\",\"@id\":\"https:\/\/bta.co.hu\/testreszabott-ajanlatok\/ifrs-tanacsadas\/#breadcrumb\",\"itemListElement\":[{\"@type\":\"ListItem\",\"position\":1,\"name\":\"Kezd\u0151lap\",\"item\":\"https:\/\/bta.co.hu\/\"},{\"@type\":\"ListItem\",\"position\":2,\"name\":\"Testreszabott aj\u00e1nlatok\",\"item\":\"https:\/\/bta.co.hu\/testreszabott-ajanlatok\/\"},{\"@type\":\"ListItem\",\"position\":3,\"name\":\"IFRS tan\u00e1csad\u00e1s\"}]},{\"@type\":\"WebSite\",\"@id\":\"https:\/\/bta.co.hu\/#website\",\"url\":\"https:\/\/bta.co.hu\/\",\"name\":\"Business Training Associates\",\"description\":\"P\u00e9nz\u00fcgyi \u00e9s sz\u00e1mviteli k\u00e9pz\u00e9sek (ACCA, DipIFR, IFRS, USGAAP)\",\"potentialAction\":[{\"@type\":\"SearchAction\",\"target\":{\"@type\":\"EntryPoint\",\"urlTemplate\":\"https:\/\/bta.co.hu\/?s={search_term_string}\"},\"query-input\":{\"@type\":\"PropertyValueSpecification\",\"valueRequired\":true,\"valueName\":\"search_term_string\"}}],\"inLanguage\":\"hu\"}]}<\/script>\n<!-- \/ Yoast SEO plugin. -->","yoast_head_json":{"title":"IFRS tan\u00e1csad\u00e1s - Business Training Associates","description":"Professzion\u00e1lis IFRS tan\u00e1csad\u00e1s v\u00e1llalatoknak. Megold\u00e1sok komplex sz\u00e1mviteli kih\u00edv\u00e1sokra.","robots":{"index":"index","follow":"follow","max-snippet":"max-snippet:-1","max-image-preview":"max-image-preview:large","max-video-preview":"max-video-preview:-1"},"canonical":"https:\/\/bta.co.hu\/hu\/testreszabott-ajanlatok\/ifrs-tanacsadas\/","og_locale":"hu_HU","og_type":"article","og_title":"IFRS tan\u00e1csad\u00e1s - Business Training Associates","og_description":"Professzion\u00e1lis IFRS tan\u00e1csad\u00e1s v\u00e1llalatoknak. Megold\u00e1sok komplex sz\u00e1mviteli kih\u00edv\u00e1sokra.","og_url":"https:\/\/bta.co.hu\/hu\/testreszabott-ajanlatok\/ifrs-tanacsadas\/","og_site_name":"Business Training Associates","article_modified_time":"2026-04-20T11:13:29+00:00","twitter_card":"summary_large_image","twitter_misc":{"Becs\u00fclt olvas\u00e1si id\u0151":"1 perc"},"schema":{"@context":"https:\/\/schema.org","@graph":[{"@type":"WebPage","@id":"https:\/\/bta.co.hu\/testreszabott-ajanlatok\/ifrs-tanacsadas\/","url":"https:\/\/bta.co.hu\/testreszabott-ajanlatok\/ifrs-tanacsadas\/","name":"IFRS tan\u00e1csad\u00e1s - Business Training Associates","isPartOf":{"@id":"https:\/\/bta.co.hu\/#website"},"datePublished":"2022-01-17T22:49:46+00:00","dateModified":"2026-04-20T11:13:29+00:00","description":"Professzion\u00e1lis IFRS tan\u00e1csad\u00e1s v\u00e1llalatoknak. Megold\u00e1sok komplex sz\u00e1mviteli kih\u00edv\u00e1sokra.","breadcrumb":{"@id":"https:\/\/bta.co.hu\/testreszabott-ajanlatok\/ifrs-tanacsadas\/#breadcrumb"},"inLanguage":"hu","potentialAction":[{"@type":"ReadAction","target":["https:\/\/bta.co.hu\/testreszabott-ajanlatok\/ifrs-tanacsadas\/"]}]},{"@type":"BreadcrumbList","@id":"https:\/\/bta.co.hu\/testreszabott-ajanlatok\/ifrs-tanacsadas\/#breadcrumb","itemListElement":[{"@type":"ListItem","position":1,"name":"Kezd\u0151lap","item":"https:\/\/bta.co.hu\/"},{"@type":"ListItem","position":2,"name":"Testreszabott aj\u00e1nlatok","item":"https:\/\/bta.co.hu\/testreszabott-ajanlatok\/"},{"@type":"ListItem","position":3,"name":"IFRS tan\u00e1csad\u00e1s"}]},{"@type":"WebSite","@id":"https:\/\/bta.co.hu\/#website","url":"https:\/\/bta.co.hu\/","name":"Business Training Associates","description":"P\u00e9nz\u00fcgyi \u00e9s sz\u00e1mviteli k\u00e9pz\u00e9sek (ACCA, DipIFR, IFRS, USGAAP)","potentialAction":[{"@type":"SearchAction","target":{"@type":"EntryPoint","urlTemplate":"https:\/\/bta.co.hu\/?s={search_term_string}"},"query-input":{"@type":"PropertyValueSpecification","valueRequired":true,"valueName":"search_term_string"}}],"inLanguage":"hu"}]}},"_links":{"self":[{"href":"https:\/\/bta.co.hu\/hu\/wp-json\/wp\/v2\/pages\/3288","targetHints":{"allow":["GET"]}}],"collection":[{"href":"https:\/\/bta.co.hu\/hu\/wp-json\/wp\/v2\/pages"}],"about":[{"href":"https:\/\/bta.co.hu\/hu\/wp-json\/wp\/v2\/types\/page"}],"author":[{"embeddable":true,"href":"https:\/\/bta.co.hu\/hu\/wp-json\/wp\/v2\/users\/1"}],"replies":[{"embeddable":true,"href":"https:\/\/bta.co.hu\/hu\/wp-json\/wp\/v2\/comments?post=3288"}],"version-history":[{"count":5,"href":"https:\/\/bta.co.hu\/hu\/wp-json\/wp\/v2\/pages\/3288\/revisions"}],"predecessor-version":[{"id":3800,"href":"https:\/\/bta.co.hu\/hu\/wp-json\/wp\/v2\/pages\/3288\/revisions\/3800"}],"up":[{"embeddable":true,"href":"https:\/\/bta.co.hu\/hu\/wp-json\/wp\/v2\/pages\/3493"}],"wp:attachment":[{"href":"https:\/\/bta.co.hu\/hu\/wp-json\/wp\/v2\/media?parent=3288"}],"curies":[{"name":"wp","href":"https:\/\/api.w.org\/{rel}","templated":true}]}}