{"id":3286,"date":"2022-01-17T22:48:52","date_gmt":"2022-01-17T22:48:52","guid":{"rendered":"https:\/\/bta.co.hu\/?page_id=3286"},"modified":"2026-04-20T13:13:13","modified_gmt":"2026-04-20T11:13:13","slug":"egyeni-konzultacio","status":"publish","type":"page","link":"https:\/\/bta.co.hu\/hu\/testreszabott-ajanlatok\/egyeni-konzultacio\/","title":{"rendered":"Egy\u00e9ni konzult\u00e1ci\u00f3"},"content":{"rendered":"<div class=\"vc_row wpb_row vc_row-fluid\" ><div class=\"wpb_column vc_column_container vc_col-sm-12\"><div class=\"vc_column-inner\"><div class=\"wpb_wrapper\">\n\t<div class=\"wpb_text_column wpb_content_element \" >\n\t\t<div class=\"wpb_wrapper\">\n\t\t\t<div class=\"row\">\n<div class=\"span12\" data-motopress-type=\"static\" data-motopress-static-file=\"static\/static-title.php\"><\/div>\n<\/div>\n<div class=\"row\">\n<div id=\"content\" class=\"span9 right\" data-motopress-type=\"loop\" data-motopress-loop-file=\"loop\/loop-single-kvaliflap.php\">\n<article id=\"post-2198\" class=\"post__holder post-2198 szakmaikepzes type-szakmaikepzes status-publish has-post-thumbnail hentry\">\n<div class=\"post_content\">\n<p><span style=\"color: #000000;\">C\u00e9g\u00fcnk sz\u00e1mtalan szakember karrierj\u00e9nek \u00e9p\u00edt\u00e9s\u00e9hez j\u00e1rult hozz\u00e1 az elm\u00falt \u00e9vek sor\u00e1n.<\/span><\/p>\n<p>&nbsp;<\/p>\n<p><span style=\"color: #000000;\">Oktat\u00f3ink t\u00f6bb \u00e9ves, multinacion\u00e1lis c\u00e9gekn\u00e9l szerzett szakmai tapasztalattal \u00e9s a magyar piacon k\u00f6zel egy \u00e9vtizedes oktat\u00f3i referenci\u00e1val nem csup\u00e1n ter\u00fclet\u00fck, de a magyar feln\u0151ttk\u00e9pz\u00e9si piacnak is elismert szak\u00e9rt\u0151i.<\/span><\/p>\n<p>&nbsp;<\/p>\n<p><span style=\"color: #000000;\">Oktat\u00f3ink <strong>egy\u00e9ni konzult\u00e1ci\u00f3<\/strong> form\u00e1j\u00e1ban is rendelkez\u00e9sre \u00e1llnak, <strong>ha<\/strong>:<\/span><\/p>\n<ul>\n<li><span style=\"color: #000000;\">leterhelts\u00e9ge, id\u0151beoszt\u00e1sa vagy egy\u00e9b okok miatt <strong>nem tud a ny\u00edlt k\u00e9pz\u00e9seinken r\u00e9szt venni<\/strong>;<\/span><\/li>\n<li><span style=\"color: #000000;\">saj\u00e1t, <strong>egy\u00e9ni temp\u00f3j\u00e1ban szeretn\u00e9 feldolgozni a<\/strong> v\u00e1lasztott <strong>t\u00e9mak\u00f6rt<\/strong>;<\/span><\/li>\n<li><span style=\"color: #000000;\"><strong>speci\u00e1lis t\u00e9m\u00e1<\/strong>t szeretne feldolgozni;<\/span><\/li>\n<li><span style=\"color: #000000;\">olyan <strong>v\u00e1llalati probl\u00e9m\u00e1<\/strong>t, esetet akar feldolgozni, amely <strong>bizalmas inform\u00e1ci\u00f3k<\/strong> \u00e1tad\u00e1s\u00e1val j\u00e1r;<\/span><\/li>\n<li><span style=\"color: #000000;\">a ny\u00edlt k\u00e9pz\u00e9s nyelv\u00e9t\u0151l <strong>elt\u00e9r\u0151 nyelven<\/strong> k\u00edv\u00e1nja az adott tematik\u00e1t feldolgozni;<\/span><\/li>\n<li><span style=\"color: #000000;\"><strong>r\u00f6vid hat\u00e1rid\u0151n bel\u00fcl<\/strong> szeretn\u00e9 a kiv\u00e1lasztott anyagot elsaj\u00e1t\u00edtani.<\/span><\/li>\n<\/ul>\n<p>&nbsp;<\/p>\n<p><span style=\"color: #000000;\">Amennyiben egy\u00e9ni konzult\u00e1ci\u00f3t szeretne ig\u00e9nyelni, vagy tov\u00e1bbi inform\u00e1ci\u00f3ra lenne sz\u00fcks\u00e9ge, k\u00e9rem, vegye fel koll\u00e9g\u00e1nkkal a kapcsolatot az al\u00e1bbi el\u00e9rhet\u0151s\u00e9gek valamelyik\u00e9n:<\/span><\/p>\n<p><span style=\"color: #000000;\">Tel: + 36 1 483 1221<\/span><br \/>\n<span style=\"color: #000000;\">Email: <a style=\"color: #000000;\" href=\"mailto:mariannehokky@bta.co.hu\">mariannehokky@bta.co.hu<\/a><\/span><\/p>\n<\/div>\n<\/article>\n<\/div>\n<\/div>\n\n\t\t<\/div>\n\t<\/div>\n<\/div><\/div><\/div><\/div>\n","protected":false},"excerpt":{"rendered":"C\u00e9g\u00fcnk sz\u00e1mtalan szakember karrierj\u00e9nek \u00e9p\u00edt\u00e9s\u00e9hez j\u00e1rult hozz\u00e1 az elm\u00falt \u00e9vek sor\u00e1n. &nbsp; Oktat\u00f3ink t\u00f6bb \u00e9ves, multinacion\u00e1lis c\u00e9gekn\u00e9l szerzett szakmai tapasztalattal \u00e9s a magyar piacon k\u00f6zel egy \u00e9vtizedes oktat\u00f3i referenci\u00e1val nem csup\u00e1n ter\u00fclet\u00fck, de a magyar feln\u0151ttk\u00e9pz\u00e9si piacnak is elismert szak\u00e9rt\u0151i. &nbsp; Oktat\u00f3ink egy\u00e9ni konzult\u00e1ci\u00f3 form\u00e1j\u00e1ban is rendelkez\u00e9sre \u00e1llnak, ha: leterhelts\u00e9ge, id\u0151beoszt\u00e1sa vagy egy\u00e9b okok miatt nem [...]","protected":false},"author":1,"featured_media":0,"parent":3493,"menu_order":0,"comment_status":"closed","ping_status":"closed","template":"","meta":{"_bbp_topic_count":0,"_bbp_reply_count":0,"_bbp_total_topic_count":0,"_bbp_total_reply_count":0,"_bbp_voice_count":0,"_bbp_anonymous_reply_count":0,"_bbp_topic_count_hidden":0,"_bbp_reply_count_hidden":0,"_bbp_forum_subforum_count":0,"footnotes":""},"class_list":["post-3286","page","type-page","status-publish","hentry"],"yoast_head":"<!-- This site is optimized with the Yoast SEO plugin v26.6 - https:\/\/yoast.com\/wordpress\/plugins\/seo\/ -->\n<title>Egy\u00e9ni konzult\u00e1ci\u00f3 - Business Training Associates<\/title>\n<meta name=\"description\" content=\"Szem\u00e9lyre szabott p\u00e9nz\u00fcgyi \u00e9s sz\u00e1mviteli konzult\u00e1ci\u00f3. K\u00e9rjen szak\u00e9rt\u0151i seg\u00edts\u00e9get konkr\u00e9t k\u00e9rd\u00e9seire.\" \/>\n<meta name=\"robots\" content=\"index, follow, max-snippet:-1, max-image-preview:large, max-video-preview:-1\" \/>\n<link rel=\"canonical\" href=\"https:\/\/bta.co.hu\/hu\/testreszabott-ajanlatok\/egyeni-konzultacio\/\" \/>\n<meta property=\"og:locale\" content=\"hu_HU\" \/>\n<meta property=\"og:type\" content=\"article\" \/>\n<meta property=\"og:title\" content=\"Egy\u00e9ni konzult\u00e1ci\u00f3 - Business Training Associates\" \/>\n<meta property=\"og:description\" content=\"Szem\u00e9lyre szabott p\u00e9nz\u00fcgyi \u00e9s sz\u00e1mviteli konzult\u00e1ci\u00f3. K\u00e9rjen szak\u00e9rt\u0151i seg\u00edts\u00e9get konkr\u00e9t k\u00e9rd\u00e9seire.\" \/>\n<meta property=\"og:url\" content=\"https:\/\/bta.co.hu\/hu\/testreszabott-ajanlatok\/egyeni-konzultacio\/\" \/>\n<meta property=\"og:site_name\" content=\"Business Training Associates\" \/>\n<meta property=\"article:modified_time\" content=\"2026-04-20T11:13:13+00:00\" \/>\n<meta name=\"twitter:card\" content=\"summary_large_image\" \/>\n<meta name=\"twitter:label1\" content=\"Becs\u00fclt olvas\u00e1si id\u0151\" \/>\n\t<meta name=\"twitter:data1\" content=\"1 perc\" \/>\n<script type=\"application\/ld+json\" class=\"yoast-schema-graph\">{\"@context\":\"https:\/\/schema.org\",\"@graph\":[{\"@type\":\"WebPage\",\"@id\":\"https:\/\/bta.co.hu\/testreszabott-ajanlatok\/egyeni-konzultacio\/\",\"url\":\"https:\/\/bta.co.hu\/testreszabott-ajanlatok\/egyeni-konzultacio\/\",\"name\":\"Egy\u00e9ni konzult\u00e1ci\u00f3 - Business Training Associates\",\"isPartOf\":{\"@id\":\"https:\/\/bta.co.hu\/#website\"},\"datePublished\":\"2022-01-17T22:48:52+00:00\",\"dateModified\":\"2026-04-20T11:13:13+00:00\",\"description\":\"Szem\u00e9lyre szabott p\u00e9nz\u00fcgyi \u00e9s sz\u00e1mviteli konzult\u00e1ci\u00f3. K\u00e9rjen szak\u00e9rt\u0151i seg\u00edts\u00e9get konkr\u00e9t k\u00e9rd\u00e9seire.\",\"breadcrumb\":{\"@id\":\"https:\/\/bta.co.hu\/testreszabott-ajanlatok\/egyeni-konzultacio\/#breadcrumb\"},\"inLanguage\":\"hu\",\"potentialAction\":[{\"@type\":\"ReadAction\",\"target\":[\"https:\/\/bta.co.hu\/testreszabott-ajanlatok\/egyeni-konzultacio\/\"]}]},{\"@type\":\"BreadcrumbList\",\"@id\":\"https:\/\/bta.co.hu\/testreszabott-ajanlatok\/egyeni-konzultacio\/#breadcrumb\",\"itemListElement\":[{\"@type\":\"ListItem\",\"position\":1,\"name\":\"Kezd\u0151lap\",\"item\":\"https:\/\/bta.co.hu\/\"},{\"@type\":\"ListItem\",\"position\":2,\"name\":\"Testreszabott aj\u00e1nlatok\",\"item\":\"https:\/\/bta.co.hu\/testreszabott-ajanlatok\/\"},{\"@type\":\"ListItem\",\"position\":3,\"name\":\"Egy\u00e9ni konzult\u00e1ci\u00f3\"}]},{\"@type\":\"WebSite\",\"@id\":\"https:\/\/bta.co.hu\/#website\",\"url\":\"https:\/\/bta.co.hu\/\",\"name\":\"Business Training Associates\",\"description\":\"P\u00e9nz\u00fcgyi \u00e9s sz\u00e1mviteli k\u00e9pz\u00e9sek (ACCA, DipIFR, IFRS, USGAAP)\",\"potentialAction\":[{\"@type\":\"SearchAction\",\"target\":{\"@type\":\"EntryPoint\",\"urlTemplate\":\"https:\/\/bta.co.hu\/?s={search_term_string}\"},\"query-input\":{\"@type\":\"PropertyValueSpecification\",\"valueRequired\":true,\"valueName\":\"search_term_string\"}}],\"inLanguage\":\"hu\"}]}<\/script>\n<!-- \/ Yoast SEO plugin. -->","yoast_head_json":{"title":"Egy\u00e9ni konzult\u00e1ci\u00f3 - Business Training Associates","description":"Szem\u00e9lyre szabott p\u00e9nz\u00fcgyi \u00e9s sz\u00e1mviteli konzult\u00e1ci\u00f3. K\u00e9rjen szak\u00e9rt\u0151i seg\u00edts\u00e9get konkr\u00e9t k\u00e9rd\u00e9seire.","robots":{"index":"index","follow":"follow","max-snippet":"max-snippet:-1","max-image-preview":"max-image-preview:large","max-video-preview":"max-video-preview:-1"},"canonical":"https:\/\/bta.co.hu\/hu\/testreszabott-ajanlatok\/egyeni-konzultacio\/","og_locale":"hu_HU","og_type":"article","og_title":"Egy\u00e9ni konzult\u00e1ci\u00f3 - Business Training Associates","og_description":"Szem\u00e9lyre szabott p\u00e9nz\u00fcgyi \u00e9s sz\u00e1mviteli konzult\u00e1ci\u00f3. K\u00e9rjen szak\u00e9rt\u0151i seg\u00edts\u00e9get konkr\u00e9t k\u00e9rd\u00e9seire.","og_url":"https:\/\/bta.co.hu\/hu\/testreszabott-ajanlatok\/egyeni-konzultacio\/","og_site_name":"Business Training Associates","article_modified_time":"2026-04-20T11:13:13+00:00","twitter_card":"summary_large_image","twitter_misc":{"Becs\u00fclt olvas\u00e1si id\u0151":"1 perc"},"schema":{"@context":"https:\/\/schema.org","@graph":[{"@type":"WebPage","@id":"https:\/\/bta.co.hu\/testreszabott-ajanlatok\/egyeni-konzultacio\/","url":"https:\/\/bta.co.hu\/testreszabott-ajanlatok\/egyeni-konzultacio\/","name":"Egy\u00e9ni konzult\u00e1ci\u00f3 - Business Training Associates","isPartOf":{"@id":"https:\/\/bta.co.hu\/#website"},"datePublished":"2022-01-17T22:48:52+00:00","dateModified":"2026-04-20T11:13:13+00:00","description":"Szem\u00e9lyre szabott p\u00e9nz\u00fcgyi \u00e9s sz\u00e1mviteli konzult\u00e1ci\u00f3. K\u00e9rjen szak\u00e9rt\u0151i seg\u00edts\u00e9get konkr\u00e9t k\u00e9rd\u00e9seire.","breadcrumb":{"@id":"https:\/\/bta.co.hu\/testreszabott-ajanlatok\/egyeni-konzultacio\/#breadcrumb"},"inLanguage":"hu","potentialAction":[{"@type":"ReadAction","target":["https:\/\/bta.co.hu\/testreszabott-ajanlatok\/egyeni-konzultacio\/"]}]},{"@type":"BreadcrumbList","@id":"https:\/\/bta.co.hu\/testreszabott-ajanlatok\/egyeni-konzultacio\/#breadcrumb","itemListElement":[{"@type":"ListItem","position":1,"name":"Kezd\u0151lap","item":"https:\/\/bta.co.hu\/"},{"@type":"ListItem","position":2,"name":"Testreszabott aj\u00e1nlatok","item":"https:\/\/bta.co.hu\/testreszabott-ajanlatok\/"},{"@type":"ListItem","position":3,"name":"Egy\u00e9ni konzult\u00e1ci\u00f3"}]},{"@type":"WebSite","@id":"https:\/\/bta.co.hu\/#website","url":"https:\/\/bta.co.hu\/","name":"Business Training Associates","description":"P\u00e9nz\u00fcgyi \u00e9s sz\u00e1mviteli k\u00e9pz\u00e9sek (ACCA, DipIFR, IFRS, USGAAP)","potentialAction":[{"@type":"SearchAction","target":{"@type":"EntryPoint","urlTemplate":"https:\/\/bta.co.hu\/?s={search_term_string}"},"query-input":{"@type":"PropertyValueSpecification","valueRequired":true,"valueName":"search_term_string"}}],"inLanguage":"hu"}]}},"_links":{"self":[{"href":"https:\/\/bta.co.hu\/hu\/wp-json\/wp\/v2\/pages\/3286","targetHints":{"allow":["GET"]}}],"collection":[{"href":"https:\/\/bta.co.hu\/hu\/wp-json\/wp\/v2\/pages"}],"about":[{"href":"https:\/\/bta.co.hu\/hu\/wp-json\/wp\/v2\/types\/page"}],"author":[{"embeddable":true,"href":"https:\/\/bta.co.hu\/hu\/wp-json\/wp\/v2\/users\/1"}],"replies":[{"embeddable":true,"href":"https:\/\/bta.co.hu\/hu\/wp-json\/wp\/v2\/comments?post=3286"}],"version-history":[{"count":4,"href":"https:\/\/bta.co.hu\/hu\/wp-json\/wp\/v2\/pages\/3286\/revisions"}],"predecessor-version":[{"id":3799,"href":"https:\/\/bta.co.hu\/hu\/wp-json\/wp\/v2\/pages\/3286\/revisions\/3799"}],"up":[{"embeddable":true,"href":"https:\/\/bta.co.hu\/hu\/wp-json\/wp\/v2\/pages\/3493"}],"wp:attachment":[{"href":"https:\/\/bta.co.hu\/hu\/wp-json\/wp\/v2\/media?parent=3286"}],"curies":[{"name":"wp","href":"https:\/\/api.w.org\/{rel}","templated":true}]}}