{"id":3284,"date":"2022-01-17T22:47:46","date_gmt":"2022-01-17T22:47:46","guid":{"rendered":"https:\/\/bta.co.hu\/?page_id=3284"},"modified":"2026-04-20T13:13:51","modified_gmt":"2026-04-20T11:13:51","slug":"testreszabott-kepzesek","status":"publish","type":"page","link":"https:\/\/bta.co.hu\/hu\/testreszabott-ajanlatok\/testreszabott-kepzesek\/","title":{"rendered":"Testreszabott k\u00e9pz\u00e9sek"},"content":{"rendered":"<div class=\"vc_row wpb_row vc_row-fluid\" ><div class=\"wpb_column vc_column_container vc_col-sm-12\"><div class=\"vc_column-inner\"><div class=\"wpb_wrapper\">\n\t<div class=\"wpb_text_column wpb_content_element \" >\n\t\t<div class=\"wpb_wrapper\">\n\t\t\t<div class=\"row\">\n<div class=\"span12\" data-motopress-type=\"static\" data-motopress-static-file=\"static\/static-title.php\"><strong style=\"color: #000000;\">Sz\u00ednvonalas \u00e9s hat\u00e9kony p\u00e9nz\u00fcgyi \u00e9s sz\u00e1mviteli k\u00e9pz\u00e9st szeretne, de speci\u00e1lis ig\u00e9nyei vannak?<\/strong><\/div>\n<\/div>\n<div class=\"row\">\n<div id=\"content\" class=\"span9 right\" data-motopress-type=\"loop\" data-motopress-loop-file=\"loop\/loop-single-kvaliflap.php\">\n<article id=\"post-2194\" class=\"post__holder post-2194 szakmaikepzes type-szakmaikepzes status-publish has-post-thumbnail hentry\">\n<div class=\"post_content\">\n<p><span style=\"color: #000000;\"><strong>Bizonytalan, hogy melyik k\u00e9pz\u00e9s lenne a legmegfelel\u0151bb?<\/strong><\/span><br \/>\n<span style=\"color: #000000;\"><strong>Csak az \u00d6n tev\u00e9kenys\u00e9g\u00e9t\/c\u00e9g\u00e9t \u00e9rint\u0151 t\u00e9m\u00e1kat szeretn\u00e9 a k\u00e9pz\u00e9sen hallani?<\/strong><\/span><\/p>\n<h4><\/h4>\n<p><span style=\"color: #000000;\"><strong>\u00a0<\/strong><\/span><\/p>\n<h4><span style=\"color: #000000;\"><strong>Mi\u00e9rt v\u00e1lassza a BTA-t?<\/strong><\/span><\/h4>\n<p><span style=\"color: #000000;\">A sz\u00e1mviteli \u00e9s p\u00e9nz\u00fcgyi ter\u00fcleten szerzett jelent\u0151s oktat\u00e1si tapasztalattal \u00e9s vil\u00e1gsz\u00ednvonal\u00fa k\u00e9pz\u00e9si anyagainkkal <strong>gyorsan \u00e9s hat\u00e9konyan<\/strong> tudunk az \u00d6n <strong>egyedi k\u00e9pz\u00e9si ig\u00e9nyeire<\/strong> szabott oktat\u00e1st ny\u00fajtani.<\/span><\/p>\n<p>&nbsp;<\/p>\n<p><span style=\"color: #000000;\"><strong>Magas sz\u00ednvonal\u00fa, gyakorlatias, k\u00f6lts\u00e9ghat\u00e9kony \u00e9s naprak\u00e9sz k\u00e9pz\u00e9st<\/strong> biztos\u00edtunk, amelynek eredm\u00e9nyek\u00e9nt a r\u00e9sztvev\u0151k azonnal alkalmazhat\u00f3 tud\u00e1sra tesznek szert.<\/span><\/p>\n<p>&nbsp;<\/p>\n<p><span style=\"color: #000000;\">Testreszabott k\u00e9pz\u00e9seinkn\u00e9l <strong>teljes k\u00f6r\u0171 szolg\u00e1ltat\u00e1st<\/strong> ny\u00fajtunk az ig\u00e9nyek r\u00e9szletes felm\u00e9r\u00e9s\u00e9t\u0151l kezdve a tananyag testreszab\u00e1s\u00e1n \u00e1t az ut\u00e1nk\u00f6vet\u00e9sig.<\/span><\/p>\n<p>&nbsp;<\/p>\n<p><span style=\"color: #000000;\">Testreszabott k\u00e9pz\u00e9seinkn\u00e9l <strong>nagy hangs\u00falyt fektet\u00fcnk a tervez\u00e9sre<\/strong>.\u00a0 Egy j\u00f3l megtervezett k\u00e9pz\u00e9s t\u00f6bb hozz\u00e1adott \u00e9rt\u00e9ket biztos\u00edt az \u00d6n c\u00e9ge sz\u00e1m\u00e1ra, mert:<\/span><\/p>\n<ul>\n<li><span style=\"color: #000000;\">A <strong>tananyagot az \u00d6n r\u00e9szletes ig\u00e9nyeinek megfelel\u0151en alak\u00edtjuk ki<\/strong>, bevonva a k\u00e9pz\u00e9s r\u00e9sztvev\u0151it \u00e9s vezet\u0151iket;<\/span><\/li>\n<li><span style=\"color: #000000;\">Az oktat\u00e1si anyag \u00f6ssze\u00e1ll\u00edt\u00e1s\u00e1n\u00e1l figyelembe vessz\u00fck a <strong>r\u00e9sztvev\u0151k tud\u00e1sszintj\u00e9<\/strong>t \u00e9s az <strong>\u00e1gazati saj\u00e1toss\u00e1gok<\/strong>at;<\/span><\/li>\n<li><span style=\"color: #000000;\">A r\u00e9sztvev\u0151knek <strong>legmegfelel\u0151bb k\u00e9pz\u00e9si t\u00edpus<\/strong>t javasoljuk;<\/span><\/li>\n<li><span style=\"color: #000000;\"><strong>Csak a<\/strong>z \u00d6n c\u00e9ge szempontj\u00e1b\u00f3l <strong>relev\u00e1ns t\u00e9m\u00e1k<\/strong>at oktatjuk;<\/span><\/li>\n<li><span style=\"color: #000000;\"><strong>Minta k\u00e9pz\u00e9si anyag<\/strong>ot adunk \u00e1t m\u00e9g <strong>a k\u00e9pz\u00e9s el\u0151tt<\/strong>;<\/span><\/li>\n<li><span style=\"color: #000000;\">Ig\u00e9ny szerint szintfelm\u00e9r\u0151ket k\u00e9sz\u00edt\u00fcnk a k\u00e9pz\u00e9s el\u0151tt, a k\u00e9pz\u00e9s ut\u00e1n, vagy a k\u00e9pz\u00e9s alatt.<\/span><\/li>\n<\/ul>\n<p>&nbsp;<\/p>\n<p><span style=\"color: #000000;\">Testreszabott k\u00e9pz\u00e9seink <strong>tov\u00e1bbi el\u0151nyei<\/strong> az \u00d6n c\u00e9ge sz\u00e1m\u00e1ra:<\/span><\/p>\n<ul>\n<li><span style=\"color: #000000;\">Tapasztalt, <strong>karizmatikus tan\u00e1rok;<\/strong><\/span><\/li>\n<li><span style=\"color: #000000;\"><strong>Rugalmas<\/strong> k\u00e9pz\u00e9si <strong>id\u0151pontok \u00e9s id\u0151beoszt\u00e1s;<\/strong><\/span><\/li>\n<li><strong><span style=\"color: #000000;\">Rugalmas helysz\u00ednek;<\/span><\/strong><\/li>\n<li><span style=\"color: #000000;\"><strong>\u00c1tfog\u00f3 k\u00e9pz\u00e9si anyag<\/strong> \u00e9s jegyzetek;<\/span><\/li>\n<li><span style=\"color: #000000;\">A <strong>legfejlettebb k\u00e9pz\u00e9si form\u00e1k<\/strong> \u00e9s eszk\u00f6z\u00f6k;<\/span><\/li>\n<li><span style=\"color: #000000;\">Magas szint\u0171 <strong>adminisztrat\u00edv t\u00e1mogat\u00e1s<\/strong>.<\/span><\/li>\n<\/ul>\n<p>&nbsp;<\/p>\n<p><span style=\"color: #000000;\"><strong>Tov\u00e1bbi inform\u00e1ci\u00f3k\u00e9rt keresse koll\u00e9g\u00e1nkat.<\/strong><\/span><\/p>\n<p><span style=\"color: #000000;\">Tel: + 36 1 483 1221<\/span><br \/>\n<span style=\"color: #000000;\">Email: <a style=\"color: #000000;\" href=\"mailto:mariannehokky@bta.co.hu\">mariannehokky@bta.co.hu<\/a><\/span><\/p>\n<\/div>\n<\/article>\n<\/div>\n<\/div>\n\n\t\t<\/div>\n\t<\/div>\n<\/div><\/div><\/div><\/div>\n","protected":false},"excerpt":{"rendered":"Sz\u00ednvonalas \u00e9s hat\u00e9kony p\u00e9nz\u00fcgyi \u00e9s sz\u00e1mviteli k\u00e9pz\u00e9st szeretne, de speci\u00e1lis ig\u00e9nyei vannak? Bizonytalan, hogy melyik k\u00e9pz\u00e9s lenne a legmegfelel\u0151bb? Csak az \u00d6n tev\u00e9kenys\u00e9g\u00e9t\/c\u00e9g\u00e9t \u00e9rint\u0151 t\u00e9m\u00e1kat szeretn\u00e9 a k\u00e9pz\u00e9sen hallani? \u00a0 Mi\u00e9rt v\u00e1lassza a BTA-t? A sz\u00e1mviteli \u00e9s p\u00e9nz\u00fcgyi ter\u00fcleten szerzett jelent\u0151s oktat\u00e1si tapasztalattal \u00e9s vil\u00e1gsz\u00ednvonal\u00fa k\u00e9pz\u00e9si anyagainkkal gyorsan \u00e9s hat\u00e9konyan tudunk az \u00d6n egyedi k\u00e9pz\u00e9si ig\u00e9nyeire [...]","protected":false},"author":1,"featured_media":0,"parent":3493,"menu_order":0,"comment_status":"closed","ping_status":"closed","template":"","meta":{"_bbp_topic_count":0,"_bbp_reply_count":0,"_bbp_total_topic_count":0,"_bbp_total_reply_count":0,"_bbp_voice_count":0,"_bbp_anonymous_reply_count":0,"_bbp_topic_count_hidden":0,"_bbp_reply_count_hidden":0,"_bbp_forum_subforum_count":0,"footnotes":""},"class_list":["post-3284","page","type-page","status-publish","hentry"],"yoast_head":"<!-- This site is optimized with the Yoast SEO plugin v26.6 - https:\/\/yoast.com\/wordpress\/plugins\/seo\/ -->\n<title>Testreszabott k\u00e9pz\u00e9sek - Business Training Associates<\/title>\n<meta name=\"description\" content=\"V\u00e1llalatra szabott k\u00e9pz\u00e9sek az \u00d6n ig\u00e9nyei szerint. Gyakorlatias tud\u00e1s \u00e9s rugalmas megval\u00f3s\u00edt\u00e1s.\" \/>\n<meta name=\"robots\" content=\"index, follow, max-snippet:-1, max-image-preview:large, max-video-preview:-1\" \/>\n<link rel=\"canonical\" href=\"https:\/\/bta.co.hu\/hu\/testreszabott-ajanlatok\/testreszabott-kepzesek\/\" \/>\n<meta property=\"og:locale\" content=\"hu_HU\" \/>\n<meta property=\"og:type\" content=\"article\" \/>\n<meta property=\"og:title\" content=\"Testreszabott k\u00e9pz\u00e9sek - Business Training Associates\" \/>\n<meta property=\"og:description\" content=\"V\u00e1llalatra szabott k\u00e9pz\u00e9sek az \u00d6n ig\u00e9nyei szerint. Gyakorlatias tud\u00e1s \u00e9s rugalmas megval\u00f3s\u00edt\u00e1s.\" \/>\n<meta property=\"og:url\" content=\"https:\/\/bta.co.hu\/hu\/testreszabott-ajanlatok\/testreszabott-kepzesek\/\" \/>\n<meta property=\"og:site_name\" content=\"Business Training Associates\" \/>\n<meta property=\"article:modified_time\" content=\"2026-04-20T11:13:51+00:00\" \/>\n<meta name=\"twitter:card\" content=\"summary_large_image\" \/>\n<meta name=\"twitter:label1\" content=\"Becs\u00fclt olvas\u00e1si id\u0151\" \/>\n\t<meta name=\"twitter:data1\" content=\"2 perc\" \/>\n<script type=\"application\/ld+json\" class=\"yoast-schema-graph\">{\"@context\":\"https:\/\/schema.org\",\"@graph\":[{\"@type\":\"WebPage\",\"@id\":\"https:\/\/bta.co.hu\/testreszabott-ajanlatok\/testreszabott-kepzesek\/\",\"url\":\"https:\/\/bta.co.hu\/testreszabott-ajanlatok\/testreszabott-kepzesek\/\",\"name\":\"Testreszabott k\u00e9pz\u00e9sek - Business Training Associates\",\"isPartOf\":{\"@id\":\"https:\/\/bta.co.hu\/#website\"},\"datePublished\":\"2022-01-17T22:47:46+00:00\",\"dateModified\":\"2026-04-20T11:13:51+00:00\",\"description\":\"V\u00e1llalatra szabott k\u00e9pz\u00e9sek az \u00d6n ig\u00e9nyei szerint. Gyakorlatias tud\u00e1s \u00e9s rugalmas megval\u00f3s\u00edt\u00e1s.\",\"breadcrumb\":{\"@id\":\"https:\/\/bta.co.hu\/testreszabott-ajanlatok\/testreszabott-kepzesek\/#breadcrumb\"},\"inLanguage\":\"hu\",\"potentialAction\":[{\"@type\":\"ReadAction\",\"target\":[\"https:\/\/bta.co.hu\/testreszabott-ajanlatok\/testreszabott-kepzesek\/\"]}]},{\"@type\":\"BreadcrumbList\",\"@id\":\"https:\/\/bta.co.hu\/testreszabott-ajanlatok\/testreszabott-kepzesek\/#breadcrumb\",\"itemListElement\":[{\"@type\":\"ListItem\",\"position\":1,\"name\":\"Kezd\u0151lap\",\"item\":\"https:\/\/bta.co.hu\/\"},{\"@type\":\"ListItem\",\"position\":2,\"name\":\"Testreszabott aj\u00e1nlatok\",\"item\":\"https:\/\/bta.co.hu\/testreszabott-ajanlatok\/\"},{\"@type\":\"ListItem\",\"position\":3,\"name\":\"Testreszabott k\u00e9pz\u00e9sek\"}]},{\"@type\":\"WebSite\",\"@id\":\"https:\/\/bta.co.hu\/#website\",\"url\":\"https:\/\/bta.co.hu\/\",\"name\":\"Business Training Associates\",\"description\":\"P\u00e9nz\u00fcgyi \u00e9s sz\u00e1mviteli k\u00e9pz\u00e9sek (ACCA, DipIFR, IFRS, USGAAP)\",\"potentialAction\":[{\"@type\":\"SearchAction\",\"target\":{\"@type\":\"EntryPoint\",\"urlTemplate\":\"https:\/\/bta.co.hu\/?s={search_term_string}\"},\"query-input\":{\"@type\":\"PropertyValueSpecification\",\"valueRequired\":true,\"valueName\":\"search_term_string\"}}],\"inLanguage\":\"hu\"}]}<\/script>\n<!-- \/ Yoast SEO plugin. -->","yoast_head_json":{"title":"Testreszabott k\u00e9pz\u00e9sek - Business Training Associates","description":"V\u00e1llalatra szabott k\u00e9pz\u00e9sek az \u00d6n ig\u00e9nyei szerint. Gyakorlatias tud\u00e1s \u00e9s rugalmas megval\u00f3s\u00edt\u00e1s.","robots":{"index":"index","follow":"follow","max-snippet":"max-snippet:-1","max-image-preview":"max-image-preview:large","max-video-preview":"max-video-preview:-1"},"canonical":"https:\/\/bta.co.hu\/hu\/testreszabott-ajanlatok\/testreszabott-kepzesek\/","og_locale":"hu_HU","og_type":"article","og_title":"Testreszabott k\u00e9pz\u00e9sek - Business Training Associates","og_description":"V\u00e1llalatra szabott k\u00e9pz\u00e9sek az \u00d6n ig\u00e9nyei szerint. Gyakorlatias tud\u00e1s \u00e9s rugalmas megval\u00f3s\u00edt\u00e1s.","og_url":"https:\/\/bta.co.hu\/hu\/testreszabott-ajanlatok\/testreszabott-kepzesek\/","og_site_name":"Business Training Associates","article_modified_time":"2026-04-20T11:13:51+00:00","twitter_card":"summary_large_image","twitter_misc":{"Becs\u00fclt olvas\u00e1si id\u0151":"2 perc"},"schema":{"@context":"https:\/\/schema.org","@graph":[{"@type":"WebPage","@id":"https:\/\/bta.co.hu\/testreszabott-ajanlatok\/testreszabott-kepzesek\/","url":"https:\/\/bta.co.hu\/testreszabott-ajanlatok\/testreszabott-kepzesek\/","name":"Testreszabott k\u00e9pz\u00e9sek - Business Training Associates","isPartOf":{"@id":"https:\/\/bta.co.hu\/#website"},"datePublished":"2022-01-17T22:47:46+00:00","dateModified":"2026-04-20T11:13:51+00:00","description":"V\u00e1llalatra szabott k\u00e9pz\u00e9sek az \u00d6n ig\u00e9nyei szerint. Gyakorlatias tud\u00e1s \u00e9s rugalmas megval\u00f3s\u00edt\u00e1s.","breadcrumb":{"@id":"https:\/\/bta.co.hu\/testreszabott-ajanlatok\/testreszabott-kepzesek\/#breadcrumb"},"inLanguage":"hu","potentialAction":[{"@type":"ReadAction","target":["https:\/\/bta.co.hu\/testreszabott-ajanlatok\/testreszabott-kepzesek\/"]}]},{"@type":"BreadcrumbList","@id":"https:\/\/bta.co.hu\/testreszabott-ajanlatok\/testreszabott-kepzesek\/#breadcrumb","itemListElement":[{"@type":"ListItem","position":1,"name":"Kezd\u0151lap","item":"https:\/\/bta.co.hu\/"},{"@type":"ListItem","position":2,"name":"Testreszabott aj\u00e1nlatok","item":"https:\/\/bta.co.hu\/testreszabott-ajanlatok\/"},{"@type":"ListItem","position":3,"name":"Testreszabott k\u00e9pz\u00e9sek"}]},{"@type":"WebSite","@id":"https:\/\/bta.co.hu\/#website","url":"https:\/\/bta.co.hu\/","name":"Business Training Associates","description":"P\u00e9nz\u00fcgyi \u00e9s sz\u00e1mviteli k\u00e9pz\u00e9sek (ACCA, DipIFR, IFRS, USGAAP)","potentialAction":[{"@type":"SearchAction","target":{"@type":"EntryPoint","urlTemplate":"https:\/\/bta.co.hu\/?s={search_term_string}"},"query-input":{"@type":"PropertyValueSpecification","valueRequired":true,"valueName":"search_term_string"}}],"inLanguage":"hu"}]}},"_links":{"self":[{"href":"https:\/\/bta.co.hu\/hu\/wp-json\/wp\/v2\/pages\/3284","targetHints":{"allow":["GET"]}}],"collection":[{"href":"https:\/\/bta.co.hu\/hu\/wp-json\/wp\/v2\/pages"}],"about":[{"href":"https:\/\/bta.co.hu\/hu\/wp-json\/wp\/v2\/types\/page"}],"author":[{"embeddable":true,"href":"https:\/\/bta.co.hu\/hu\/wp-json\/wp\/v2\/users\/1"}],"replies":[{"embeddable":true,"href":"https:\/\/bta.co.hu\/hu\/wp-json\/wp\/v2\/comments?post=3284"}],"version-history":[{"count":4,"href":"https:\/\/bta.co.hu\/hu\/wp-json\/wp\/v2\/pages\/3284\/revisions"}],"predecessor-version":[{"id":3798,"href":"https:\/\/bta.co.hu\/hu\/wp-json\/wp\/v2\/pages\/3284\/revisions\/3798"}],"up":[{"embeddable":true,"href":"https:\/\/bta.co.hu\/hu\/wp-json\/wp\/v2\/pages\/3493"}],"wp:attachment":[{"href":"https:\/\/bta.co.hu\/hu\/wp-json\/wp\/v2\/media?parent=3284"}],"curies":[{"name":"wp","href":"https:\/\/api.w.org\/{rel}","templated":true}]}}