{"id":3280,"date":"2022-01-17T22:45:26","date_gmt":"2022-01-17T22:45:26","guid":{"rendered":"https:\/\/bta.co.hu\/?page_id=3280"},"modified":"2026-01-15T12:18:57","modified_gmt":"2026-01-15T10:18:57","slug":"banki-szimulacios-trening","status":"publish","type":"page","link":"https:\/\/bta.co.hu\/hu\/uzleti-szimulaciok\/banki-szimulacios-trening\/","title":{"rendered":"Virtu\u00e1lis banki t\u00e1rsasj\u00e1t\u00e9k"},"content":{"rendered":"<div class=\"vc_row wpb_row vc_row-fluid\" ><div class=\"wpb_column vc_column_container vc_col-sm-12\"><div class=\"vc_column-inner\"><div class=\"wpb_wrapper\">\n\t<div class=\"wpb_text_column wpb_content_element \" >\n\t\t<div class=\"wpb_wrapper\">\n\t\t\t<div class=\"row\">\n<div class=\"span12\" data-motopress-type=\"static\" data-motopress-static-file=\"static\/static-title.php\"><\/div>\n<\/div>\n<div class=\"row\">\n<div id=\"content\" class=\"span9 right\" data-motopress-type=\"loop\" data-motopress-loop-file=\"loop\/loop-single-kvaliflap.php\">\n<article id=\"post-4202\" class=\"post__holder post-4202 nyiltkepzes type-nyiltkepzes status-publish hentry\">\n<div class=\"post_content\">\n<h4><span style=\"color: #000000;\"><strong>\u00d6sszefoglal\u00f3<\/strong><\/span><\/h4>\n<figure class=\"thumbnail alignleft clearfix\"><\/figure>\n<\/div>\n<\/article>\n<\/div>\n<div id=\"content\" class=\"span9 right\" data-motopress-type=\"loop\" data-motopress-loop-file=\"loop\/loop-single-kvaliflap.php\">\n<article id=\"post-4202\" class=\"post__holder post-4202 nyiltkepzes type-nyiltkepzes status-publish hentry\">\n<div class=\"post_content\">\n<ul>\n<li><span style=\"color: #000000;\">K\u00e9t napos k\u00e9pz\u00e9s 15-20 r\u00e9sztvev\u0151vel. A csapatok egy-egy k\u00f6zponti sz\u00e1m\u00edt\u00f3g\u00e9ppel \u00f6sszek\u00f6t\u00f6tt \u00f3ri\u00e1s \u00e9rint\u0151k\u00e9perny\u0151s tabletet haszn\u00e1lnak az egym\u00e1ssal versenyz\u0151 bankok menedzsel\u00e9s\u00e9re.<\/span><\/li>\n<\/ul>\n<ul>\n<li><span style=\"color: #000000;\">A csapatok <strong>maguk d\u00f6ntenek<\/strong> arr\u00f3l, hogy forr\u00e1sszerz\u00e9s, illetve eszk\u00f6zkihelyez\u00e9s tekintet\u00e9ben melyik piaci szegmensben, milyen strat\u00e9gi\u00e1val szerezzenek r\u00e9szesed\u00e9st (mi legyen a term\u00e9kportf\u00f3li\u00f3juk, mekkora kamatot fizessenek \u00e9s sz\u00e1m\u00edtsanak f\u00f6l, hat\u00e1roznak a bankfi\u00f3kh\u00e1l\u00f3zat \u00e9s back office ki\u00e9p\u00edt\u00e9s\u00e9nek \u00fctemez\u00e9s\u00e9r\u0151l, a technol\u00f3giai fejleszt\u00e9sekr\u0151l, a piac\u00e9p\u00edt\u00e9sr\u0151l, a hum\u00e1ner\u0151forr\u00e1s menedzsmentr\u0151l) figyelembe v\u00e9ve a szab\u00e1lyoz\u00f3i \u00e9s makrogazdas\u00e1gi k\u00f6rnyezetet.<\/span><\/li>\n<\/ul>\n<ul>\n<li><span style=\"color: #000000;\">A r\u00e9sztvev\u0151k biztons\u00e1gos k\u00f6rnyezetben k\u00eds\u00e9rletezhetnek olyan <strong>d\u00f6nt\u00e9sek meghozatal\u00e1val<\/strong> \u00e9s <strong>strat\u00e9gi\u00e1k kialak\u00edt\u00e1s\u00e1val<\/strong>, amelyek k\u00edv\u00fcl esnek megszokott tev\u00e9kenys\u00e9g\u00fck\u00f6n. \u00c9lvezhetik azokat a pillanatokat, amikor a dolgok <strong>\u00f6ssze\u00e1llnak<\/strong>, \u00e1tl\u00e1tj\u00e1k a banki m\u0171k\u00f6d\u00e9s egyes ter\u00fcletei k\u00f6z\u00f6tti \u00f6sszef\u00fcgg\u00e9seket \u00e9s d\u00f6nt\u00e9seik hat\u00e1s\u00e1t a bank teljes\u00edtm\u00e9ny\u00e9re.<\/span><\/li>\n<\/ul>\n<ul>\n<li><span style=\"color: #000000;\">A j\u00e1t\u00e9k sor\u00e1n <strong>a csapat tagjainak k\u00f6z\u00f6sen<\/strong> kell d\u00f6nt\u00e9seket hozniuk, t\u00e1rgyalniuk m\u00e1s bankokkal er\u0151forr\u00e1sok \u00e1tallok\u00e1l\u00e1s\u00e1r\u00f3l, \u00e9s sikeresen versenyezni\u00fck az \u00fcgyfelek megszerz\u00e9s\u00e9\u00e9rt. Az egyes feladatk\u00f6r\u00f6ket a csapattagoknak meg kell osztaniuk egym\u00e1s k\u00f6z\u00f6tt a rendelkez\u00e9sre \u00e1ll\u00f3 id\u0151 r\u00f6vids\u00e9ge miatt. Mindez jav\u00edtja az egy\u00fcttm\u0171k\u00f6d\u00e9si \u00e9s t\u00e1rgyal\u00e1si k\u00e9szs\u00e9g\u00fcket a szervezeten bel\u00fcl, illetve k\u00edv\u00fcl.<\/span><\/li>\n<\/ul>\n<ul>\n<li><span style=\"color: #000000;\">A virtu\u00e1lis t\u00e1rsasj\u00e1t\u00e9k <strong>angolul \u00e9s magyarul \u00e1ll rendelkez\u00e9sre. <\/strong><\/span><\/li>\n<\/ul>\n<h4><\/h4>\n<\/div>\n<p>&nbsp;<\/p>\n<div class=\"post_content\">\n<h4><strong>Kiknek aj\u00e1nljuk?<\/strong><\/h4>\n<p><span style=\"color: #000000;\">A virtu\u00e1lis t\u00e1rsasj\u00e1t\u00e9k <strong>mindenki sz\u00e1m\u00e1ra<\/strong> alkalmas, aki<\/span><\/p>\n<ul>\n<li><span style=\"color: #000000;\">szeretne <strong>\u00e1ltal\u00e1nos \u00e1ttekint\u00e9st<\/strong> kapni egy bank m\u0171k\u00f6d\u00e9s\u00e9r\u0151l;<\/span><\/li>\n<li><span style=\"color: #000000;\">szeretn\u00e9 \u00e1tl\u00e1tni a <strong>banki tev\u00e9kenys\u00e9g f\u0151 ter\u00fcleteit<\/strong> \u00e9s azok egym\u00e1sra val\u00f3 hat\u00e1s\u00e1t;<\/span><\/li>\n<li><span style=\"color: #000000;\">szeretn\u00e9 meg\u00e9rteni, hogyan befoly\u00e1solj\u00e1k a bank m\u0171k\u00f6d\u00e9s\u00e9re vonatkoz\u00f3 d\u00f6nt\u00e9sek a <strong>p\u00e9nz\u00fcgyi kimutat\u00e1sokat<\/strong>;<\/span><\/li>\n<li><span style=\"color: #000000;\">szeretn\u00e9 meg\u00e9rteni a tulajdonosok, a piac \u00e9s a szab\u00e1lyoz\u00f3k \u00e1ltal monitor\u00e1lt <strong>mutat\u00f3sz\u00e1mok<\/strong> jelent\u00e9s\u00e9t.<\/span><\/li>\n<\/ul>\n<p>&nbsp;<\/p>\n<p><span style=\"color: #000000;\"><strong>C\u00e9lcsoportok:<\/strong><\/span><\/p>\n<ul>\n<li><span style=\"color: #000000;\">tehets\u00e9gprogramok r\u00e9sztvev\u0151i;<\/span><\/li>\n<li><span style=\"color: #000000;\">az \u00e9rt\u00e9kes\u00edt\u00e9s, kock\u00e1zatkezel\u00e9s, sz\u00e1mviteli \u00e9s p\u00e9nz\u00fcgyi ter\u00fcleten dolgoz\u00f3 banki k\u00f6z\u00e9pvezet\u0151k \u00e9s munkat\u00e1rsak;<\/span><\/li>\n<li><span style=\"color: #000000;\">f\u0151iskol\u00e1n vagy egyetemen frissen v\u00e9gzett vagy maximum egy-k\u00e9t \u00e9v szakmai tapasztalattal b\u00edr\u00f3 banki munkat\u00e1rsak,<\/span><\/li>\n<li><span style=\"color: #000000;\">tan\u00e1csad\u00e1ssal \u00e9s k\u00f6nyvvizsg\u00e1lattal foglalkoz\u00f3 t\u00e1rsas\u00e1gok orient\u00e1ci\u00f3s programj\u00e1ban r\u00e9sztvev\u0151 munkat\u00e1rsak.<\/span><\/li>\n<\/ul>\n<p>&nbsp;<\/p>\n<p><span style=\"color: #000000;\"><strong>A r\u00e9szv\u00e9telhez p\u00e9nz\u00fcgyi el\u0151k\u00e9pzetts\u00e9g nem sz\u00fcks\u00e9ges.<\/strong><\/span><\/p>\n<\/div>\n<\/article>\n<\/div>\n<\/div>\n\n\t\t<\/div>\n\t<\/div>\n<div class=\"vc_empty_space\"   style=\"height: 32px\"><span class=\"vc_empty_space_inner\"><\/span><\/div><\/div><\/div><\/div><\/div><div class=\"vc_row wpb_row vc_row-fluid\" ><div class=\"wpb_column vc_column_container vc_col-sm-12\"><div class=\"vc_column-inner\"><div class=\"wpb_wrapper\">\n\t<div class=\"wpb_text_column wpb_content_element \" >\n\t\t<div class=\"wpb_wrapper\">\n\t\t\t<h4><span style=\"color: #000000;\"><strong>A szimul\u00e1ci\u00f3 menete<\/strong><\/span><\/h4>\n\n\t\t<\/div>\n\t<\/div>\n<div class=\"vc_empty_space\"   style=\"height: 32px\"><span class=\"vc_empty_space_inner\"><\/span><\/div><div class=\"eltdf-elements-holder   eltdf-two-columns  eltdf-responsive-mode-768   \" ><div class=\"eltdf-eh-item     \"  data-item-class=\"eltdf-eh-custom-4544\" data-1367-1600=\"5px 5% 5px 0\" data-1025-1366=\"5px 5% 5px 0\" data-769-1024=\"5px 5% 5px 0\" data-681-768=\"5px 5% 5px 0\" data-680=\"5px 5% 5px 0\">\n\t<div class=\"eltdf-eh-item-inner\">\n\t\t<div class=\"eltdf-eh-item-content eltdf-eh-custom-4544\" >\n\t\t\t\n\t<div class=\"wpb_text_column wpb_content_element \" >\n\t\t<div class=\"wpb_wrapper\">\n\t\t\t<p><span style=\"color: #000000;\"><strong>Bank a tableten<\/strong><\/span><\/p>\n<p><span style=\"color: #000000;\">Minden csapat egy-egy saj\u00e1t bankot menedzsel, amelynek tev\u00e9kenys\u00e9g\u00e9t egy \u00f3ri\u00e1si \u00e9rint\u0151k\u00e9perny\u0151s tablettel (kb. egy m\u00e9ter \u00e1tm\u00e9r\u0151j\u0171) ir\u00e1ny\u00edtj\u00e1k.<\/span><\/p>\n<p><span style=\"color: #000000;\">A csapat tagjai k\u00f6z\u00f6sen vezetik a bankot. D\u00f6nt\u00e9seik hat\u00e1s\u00e1t azonnal l\u00e1tj\u00e1k a tableten megjelen\u0151 f\u0151 p\u00e9nz\u00fcgyi adatok \u00e9s mutat\u00f3k v\u00e1ltoz\u00e1s\u00e1b\u00f3l. A csapatok nyomon k\u00f6vethetik a t\u00f6bbi bank adatainak \u00e9s mutat\u00f3inak v\u00e1ltoz\u00e1s\u00e1t is az \u00e9ves \u201enyilv\u00e1noss\u00e1gra hozott besz\u00e1mol\u00f3k\u201d \u00f6sszehasonl\u00edt\u00e1sakor<\/span><\/p>\n<p><span style=\"color: #000000;\">A tableten minden banki m\u0171k\u00f6d\u00e9si ter\u00fcletnek <strong>grafikusan is szeml\u00e9ltetett<\/strong>, j\u00f3l elk\u00fcl\u00f6n\u00edtett k\u00fcl\u00f6n mez\u0151je van, a l\u00e9p\u00e9sek \u00f6sszetett hat\u00e1sai azonnal lek\u00f6vethet\u0151ek mindenki sz\u00e1m\u00e1ra. A r\u00e9sztvev\u0151k rugalmasan mozoghatnak \u00e9s cselekedhetnek, nem csak egy j\u00e1t\u00e9kos kezeli a fel\u00fcletet.<\/span><\/p>\n\n\t\t<\/div>\n\t<\/div>\n\t\t<\/div>\n\t<\/div>\n<\/div><div class=\"eltdf-eh-item   eltdf-horizontal-alignment-right  \" style=\"background-image: url(https:\/\/bta.co.hu\/wp-content\/uploads\/2022\/01\/kep-szoveg-1-no-shadow.png)\" data-item-class=\"eltdf-eh-custom-1266\">\n\t<div class=\"eltdf-eh-item-inner\">\n\t\t<div class=\"eltdf-eh-item-content eltdf-eh-custom-1266\" >\n\t\t\t\t\t<\/div>\n\t<\/div>\n<\/div><\/div><div class=\"vc_empty_space\"   style=\"height: 32px\"><span class=\"vc_empty_space_inner\"><\/span><\/div>\n\t<div class=\"wpb_text_column wpb_content_element \" >\n\t\t<div class=\"wpb_wrapper\">\n\t\t\t<p><span style=\"color: #000000;\"><strong>Elemz\u00e9s \u00e9s k\u00f6vetkeztet\u00e9sek<\/strong><\/span><\/p>\n<p><span style=\"color: #000000;\">A j\u00e1t\u00e9k <strong>t\u00f6bb \u00fczleti \u00e9v<\/strong> gazdas\u00e1gi esem\u00e9ny\u00e9t szimul\u00e1lja.\u00a0 Minden szimul\u00e1lt \u00e9v ut\u00e1n az oktat\u00f3 a csapatokkal k\u00f6z\u00f6sen megvitatja a k\u00fcl\u00f6nb\u00f6z\u0151 <strong>strat\u00e9gi\u00e1k hat\u00e1s\u00e1t a bankok teljes\u00edtm\u00e9ny\u00e9re<\/strong>.<\/span><\/p>\n<p><span style=\"color: #000000;\">Az <strong>oktat\u00f3k<\/strong> t\u00f6bb \u00e9ves oktat\u00e1si tapasztalattal \u00e9s nemzetk\u00f6zi p\u00e9nz\u00fcgyi \u00e9s sz\u00e1mviteli k\u00e9pzetts\u00e9ggel (ACCA) b\u00edrnak. Ez\u00e1ltal a felmer\u00fcl\u0151 szakmai k\u00e9rd\u00e9sekre gyorsan tudnak reag\u00e1lni \u00e9s ki tudj\u00e1k emelni a legfontosabb tanuls\u00e1gokat.<\/span><\/p>\n\n\t\t<\/div>\n\t<\/div>\n<div class=\"vc_empty_space\"   style=\"height: 32px\"><span class=\"vc_empty_space_inner\"><\/span><\/div><\/div><\/div><\/div><\/div><div class=\"vc_row wpb_row vc_row-fluid vc_row-o-content-middle vc_row-flex\" ><div class=\"wpb_column vc_column_container vc_col-sm-12\"><div class=\"vc_column-inner\"><div class=\"wpb_wrapper\">\n\t<div class=\"wpb_text_column wpb_content_element \" >\n\t\t<div class=\"wpb_wrapper\">\n\t\t\t<h4><span style=\"color: #000000;\"><strong>Oktat\u00e1si m\u00f3dszer\u00fcnk<\/strong><\/span><\/h4>\n\n\t\t<\/div>\n\t<\/div>\n<div class=\"vc_empty_space\"   style=\"height: 26px\"><span class=\"vc_empty_space_inner\"><\/span><\/div><div class=\"eltdf-elements-holder  eltdf-eh-full-height eltdf-two-columns  eltdf-responsive-mode-768   \" ><div class=\"eltdf-eh-item   eltdf-horizontal-alignment-right  \" style=\"background-image: url(https:\/\/bta.co.hu\/wp-content\/uploads\/2022\/01\/Kep-1-1-1.png)\" data-item-class=\"eltdf-eh-custom-1092\" data-1367-1600=\"5px 5% 5px 5%\" data-1025-1366=\"5px 5% 5px 5%\" data-769-1024=\"5px 5% 5px 5%\" data-681-768=\"5px 5% 5px 5px\" data-680=\"5px 5% 5px 5px\">\n\t<div class=\"eltdf-eh-item-inner\">\n\t\t<div class=\"eltdf-eh-item-content eltdf-eh-custom-1092\" >\n\t\t\t\t\t<\/div>\n\t<\/div>\n<\/div><div class=\"eltdf-eh-item     \"  data-item-class=\"eltdf-eh-custom-7835\" data-1367-1600=\"5px 5% 5px 5%\" data-1025-1366=\"5px 5% 5px 5%\" data-769-1024=\"5px 5% 5px 5%\" data-681-768=\"5px 5% 5px 5px\" data-680=\"5px 5% 5px 5px\">\n\t<div class=\"eltdf-eh-item-inner\">\n\t\t<div class=\"eltdf-eh-item-content eltdf-eh-custom-7835\" >\n\t\t\t\n\t<div class=\"wpb_text_column wpb_content_element \" >\n\t\t<div class=\"wpb_wrapper\">\n\t\t\t<p><span style=\"color: #000000;\">A r\u00e9sztvev\u0151k maguk hozz\u00e1k a bank m\u0171k\u00f6d\u00e9s\u00e9re vonatoz\u00f3 menedzsment d\u00f6nt\u00e9seket. Minden d\u00f6nt\u00e9snek egy\u00e9rtelm\u0171, de \u00f6sszetett hat\u00e1sa van. Mivel a rendszer maga v\u00e9gzi el az ism\u00e9tl\u0151d\u0151 sz\u00e1m\u00edt\u00e1sokat, jelent\u0151s tanul\u00e1si id\u0151t lehet megtakar\u00edtani.\u00a0 A szimul\u00e1ci\u00f3 bemutatja az inputok \u00e9s a bel\u0151l\u00fck nyert v\u00e9gs\u0151 inform\u00e1ci\u00f3k k\u00f6z\u00f6tti kapcsolatot.<\/span><\/p>\n\n\t\t<\/div>\n\t<\/div>\n\t\t<\/div>\n\t<\/div>\n<\/div><\/div><div class=\"vc_empty_space\"   style=\"height: 32px\"><span class=\"vc_empty_space_inner\"><\/span><\/div><\/div><\/div><\/div><\/div><div class=\"vc_row wpb_row vc_row-fluid\" ><div class=\"wpb_column vc_column_container vc_col-sm-12\"><div class=\"vc_column-inner\"><div class=\"wpb_wrapper\"><div class=\"eltdf-elements-holder  eltdf-eh-full-height eltdf-two-columns  eltdf-responsive-mode-768   \" ><div class=\"eltdf-eh-item   eltdf-horizontal-alignment-right  \" style=\"background-image: url(https:\/\/bta.co.hu\/wp-content\/uploads\/2022\/01\/Kep-2-2.png)\" data-item-class=\"eltdf-eh-custom-4283\" data-1367-1600=\"5px 5% 5px 5%\" data-1025-1366=\"5px 5% 5px 5%\" data-769-1024=\"5px 5% 5px 5%\" data-681-768=\"5px 5% 5px 5px\" data-680=\"5px 5% 5px 5px\">\n\t<div class=\"eltdf-eh-item-inner\">\n\t\t<div class=\"eltdf-eh-item-content eltdf-eh-custom-4283\" >\n\t\t\t\t\t<\/div>\n\t<\/div>\n<\/div><div class=\"eltdf-eh-item     \"  data-item-class=\"eltdf-eh-custom-1137\" data-1367-1600=\"5px 5% 5px 5%\" data-1025-1366=\"5px 5% 5px 5%\" data-769-1024=\"5px 5% 5px 5%\" data-681-768=\"5px 5% 5px 5px\" data-680=\"5px 5% 5px 5px\">\n\t<div class=\"eltdf-eh-item-inner\">\n\t\t<div class=\"eltdf-eh-item-content eltdf-eh-custom-1137\" >\n\t\t\t\n\t<div class=\"wpb_text_column wpb_content_element \" >\n\t\t<div class=\"wpb_wrapper\">\n\t\t\t<p><span style=\"color: #000000;\">A r\u00e9sztvev\u0151k \u00e1ltal\u00e1nos \u00e1ttekint\u00e9st kapnak egy bank \u00fczleti tev\u00e9kenys\u00e9g\u00e9r\u0151l, \u00e9s megtanulj\u00e1k, hogyan kell egyens\u00falyban tartani a tev\u00e9kenys\u00e9g\u00fcket befoly\u00e1sol\u00f3 sz\u00e1mos t\u00e9nyez\u0151t. Azonnal l\u00e1tj\u00e1k d\u00f6nt\u00e9seik k\u00f6vetkezm\u00e9nyeit \u00e9s r\u00e1k\u00e9nyszer\u00fclnek, hogy k\u00f6vetkez\u0151 l\u00e9p\u00e9seiket m\u00e1r ennek ismeret\u00e9ben tegy\u00e9k meg.<\/span><\/p>\n\n\t\t<\/div>\n\t<\/div>\n\t\t<\/div>\n\t<\/div>\n<\/div><\/div><div class=\"vc_empty_space\"   style=\"height: 32px\"><span class=\"vc_empty_space_inner\"><\/span><\/div><\/div><\/div><\/div><\/div><div class=\"vc_row wpb_row vc_row-fluid\" ><div class=\"wpb_column vc_column_container vc_col-sm-12\"><div class=\"vc_column-inner\"><div class=\"wpb_wrapper\"><div class=\"eltdf-elements-holder  eltdf-eh-full-height eltdf-two-columns  eltdf-responsive-mode-768   \" ><div class=\"eltdf-eh-item   eltdf-horizontal-alignment-right  \" style=\"background-image: url(https:\/\/bta.co.hu\/wp-content\/uploads\/2022\/01\/Kep-3-1.png)\" data-item-class=\"eltdf-eh-custom-8149\" data-1367-1600=\"5px 5% 5px 5%\" data-1025-1366=\"5px 5% 5px 5%\" data-769-1024=\"5px 5% 5px 5%\" data-681-768=\"5px 5% 5px 5px\" data-680=\"5px 5% 5px 5px\">\n\t<div class=\"eltdf-eh-item-inner\">\n\t\t<div class=\"eltdf-eh-item-content eltdf-eh-custom-8149\" >\n\t\t\t\t\t<\/div>\n\t<\/div>\n<\/div><div class=\"eltdf-eh-item     \"  data-item-class=\"eltdf-eh-custom-5337\" data-1367-1600=\"5px 5% 5px 5%\" data-1025-1366=\"5px 5% 5px 5%\" data-769-1024=\"5px 5% 5px 5%\" data-681-768=\"5px 5% 5px 5px\" data-680=\"5px 5% 5px 5px\">\n\t<div class=\"eltdf-eh-item-inner\">\n\t\t<div class=\"eltdf-eh-item-content eltdf-eh-custom-5337\" >\n\t\t\t\n\t<div class=\"wpb_text_column wpb_content_element \" >\n\t\t<div class=\"wpb_wrapper\">\n\t\t\t<p><span style=\"color: #000000;\">Az\u00e1ltal, hogy csapatban kell dolgozni \u00e9s egy \u00fczleti tev\u00e9kenys\u00e9g t\u00f6bb aspektus\u00e1t \u00e1t kell tekinteni \u2013 p\u00e9nz\u00fcgyi besz\u00e1mol\u00e1s, piackutat\u00e1s, megfelel\u00e9si mutat\u00f3k \u2013 a szimul\u00e1ci\u00f3 n\u00f6veli a r\u00e9sztvev\u0151k motiv\u00e1ci\u00f3j\u00e1t \u00faj \u00e9s munk\u00e1juk sor\u00e1n k\u00e9s\u0151bb j\u00f3l haszn\u00e1lhat\u00f3 tud\u00e1s \u00e9s k\u00e9szs\u00e9gek megszerz\u00e9s\u00e9re.<\/span><\/p>\n\n\t\t<\/div>\n\t<\/div>\n\t\t<\/div>\n\t<\/div>\n<\/div><\/div><div class=\"vc_empty_space\"   style=\"height: 32px\"><span class=\"vc_empty_space_inner\"><\/span><\/div><\/div><\/div><\/div><\/div><div class=\"vc_row wpb_row vc_row-fluid\" ><div class=\"wpb_column vc_column_container vc_col-sm-12\"><div class=\"vc_column-inner\"><div class=\"wpb_wrapper\"><div class=\"eltdf-elements-holder  eltdf-eh-full-height eltdf-two-columns  eltdf-responsive-mode-768   \" ><div class=\"eltdf-eh-item   eltdf-horizontal-alignment-right  \" style=\"background-image: url(https:\/\/bta.co.hu\/wp-content\/uploads\/2022\/01\/Kep-4v-1.png)\" data-item-class=\"eltdf-eh-custom-8034\" data-1367-1600=\"5px 5% 5px 5%\" data-1025-1366=\"5px 5% 5px 5%\" data-769-1024=\"5px 5% 5px 5%\" data-681-768=\"5px 5% 5px 5px\" data-680=\"5px 5% 5px 5px\">\n\t<div class=\"eltdf-eh-item-inner\">\n\t\t<div class=\"eltdf-eh-item-content eltdf-eh-custom-8034\" >\n\t\t\t\t\t<\/div>\n\t<\/div>\n<\/div><div class=\"eltdf-eh-item     \"  data-item-class=\"eltdf-eh-custom-1700\" data-1367-1600=\"5px 5% 5px 5%\" data-1025-1366=\"5px 5% 5px 5%\" data-769-1024=\"5px 5% 5px 5%\" data-681-768=\"5px 5% 5px 5px\" data-680=\"5px 5% 5px 5px\">\n\t<div class=\"eltdf-eh-item-inner\">\n\t\t<div class=\"eltdf-eh-item-content eltdf-eh-custom-1700\" >\n\t\t\t\n\t<div class=\"wpb_text_column wpb_content_element \" >\n\t\t<div class=\"wpb_wrapper\">\n\t\t\t<p><span style=\"color: #000000;\">A r\u00e9sztvev\u0151k jelent\u0151s d\u00f6nt\u00e9shozatali \u00e9s strat\u00e9gia kialak\u00edt\u00e1si tapasztalatot szereznek, amelyek ugyan k\u00edv\u00fcl eshetnek a komfortz\u00f3n\u00e1jukon, de a folyamat m\u00e9gis biztons\u00e1gos k\u00f6zegben zajlik. \u00c9lvezik azokat a pillanatokat, amikor a dolgok \u201c\u00f6ssze\u00e1llnak\u201d, \u00e9s \u00e9rt\u00e9kes tud\u00e1st \u00e9s kooper\u00e1ci\u00f3s tapasztalatot visznek magukkal a szimul\u00e1ci\u00f3 v\u00e9g\u00e9n.<\/span><\/p>\n\n\t\t<\/div>\n\t<\/div>\n\t\t<\/div>\n\t<\/div>\n<\/div><\/div><div class=\"vc_empty_space\"   style=\"height: 32px\"><span class=\"vc_empty_space_inner\"><\/span><\/div><\/div><\/div><\/div><\/div><div class=\"vc_row wpb_row vc_row-fluid\" ><div class=\"wpb_column vc_column_container vc_col-sm-12\"><div class=\"vc_column-inner\"><div class=\"wpb_wrapper\">\n\t<div class=\"wpb_text_column wpb_content_element \" >\n\t\t<div class=\"wpb_wrapper\">\n\t\t\t<h4><span style=\"color: #000000;\"><strong>A szimul\u00e1ci\u00f3 sor\u00e1n \u00e9rintett ter\u00fcletek:<\/strong><\/span><\/h4>\n<ul>\n<li><span style=\"color: #000000;\">a bank r\u00f6vid \u00e9s hossz\u00fa t\u00e1v\u00fa c\u00e9ljai;<\/span><\/li>\n<li><span style=\"color: #000000;\">eszk\u00f6z- \u00e9s forr\u00e1smenedzsment;<\/span><\/li>\n<li><span style=\"color: #000000;\">kock\u00e1zatkezel\u00e9s;<\/span><\/li>\n<li><span style=\"color: #000000;\">k\u00fcls\u0151 hat\u00e1sok (kereslet, \u00e1rverseny, kamatszint);<\/span><\/li>\n<li><span style=\"color: #000000;\">piaci er\u0151k (lakoss\u00e1gi \u00e9s v\u00e1llalati piacok);<\/span><\/li>\n<li><span style=\"color: #000000;\">hum\u00e1n er\u0151forr\u00e1s menedzsment (fi\u00f3kh\u00e1l\u00f3zat, bank\u00e1rok, adminisztr\u00e1ci\u00f3);<\/span><\/li>\n<li><span style=\"color: #000000;\">marketing (rekl\u00e1m, term\u00e9kfejleszt\u00e9s, \u00e1raz\u00e1s, \u00e9rt\u00e9kes\u00edt\u00e9si csatorn\u00e1k);<\/span><\/li>\n<li><span style=\"color: #000000;\">\u00fcgyfelek;<\/span><\/li>\n<li><span style=\"color: #000000;\">technol\u00f3gi\u00e1k (\u00faj rendszerek, internet- \u00e9s mobilbank);<\/span><\/li>\n<li><span style=\"color: #000000;\">p\u00e9nz\u00fcgyi kimutat\u00e1sok (besz\u00e1mol\u00f3, mutat\u00f3sz\u00e1mok, t\u0151kemegfelel\u00e9s).<\/span><\/li>\n<\/ul>\n\n\t\t<\/div>\n\t<\/div>\n<\/div><\/div><\/div><\/div>\n","protected":false},"excerpt":{"rendered":"\u00d6sszefoglal\u00f3 K\u00e9t napos k\u00e9pz\u00e9s 15-20 r\u00e9sztvev\u0151vel. A csapatok egy-egy k\u00f6zponti sz\u00e1m\u00edt\u00f3g\u00e9ppel \u00f6sszek\u00f6t\u00f6tt \u00f3ri\u00e1s \u00e9rint\u0151k\u00e9perny\u0151s tabletet haszn\u00e1lnak az egym\u00e1ssal versenyz\u0151 bankok menedzsel\u00e9s\u00e9re. A csapatok maguk d\u00f6ntenek arr\u00f3l, hogy forr\u00e1sszerz\u00e9s, illetve eszk\u00f6zkihelyez\u00e9s tekintet\u00e9ben melyik piaci szegmensben, milyen strat\u00e9gi\u00e1val szerezzenek r\u00e9szesed\u00e9st (mi legyen a term\u00e9kportf\u00f3li\u00f3juk, mekkora kamatot fizessenek \u00e9s sz\u00e1m\u00edtsanak f\u00f6l, hat\u00e1roznak a bankfi\u00f3kh\u00e1l\u00f3zat \u00e9s back office ki\u00e9p\u00edt\u00e9s\u00e9nek \u00fctemez\u00e9s\u00e9r\u0151l, [...]","protected":false},"author":1,"featured_media":0,"parent":3464,"menu_order":0,"comment_status":"closed","ping_status":"closed","template":"","meta":{"_bbp_topic_count":0,"_bbp_reply_count":0,"_bbp_total_topic_count":0,"_bbp_total_reply_count":0,"_bbp_voice_count":0,"_bbp_anonymous_reply_count":0,"_bbp_topic_count_hidden":0,"_bbp_reply_count_hidden":0,"_bbp_forum_subforum_count":0,"footnotes":""},"class_list":["post-3280","page","type-page","status-publish","hentry"],"yoast_head":"<!-- This site is optimized with the Yoast SEO plugin v26.6 - https:\/\/yoast.com\/wordpress\/plugins\/seo\/ -->\n<title>Virtu\u00e1lis banki t\u00e1rsasj\u00e1t\u00e9k - Business Training Associates<\/title>\n<meta name=\"robots\" content=\"index, follow, max-snippet:-1, max-image-preview:large, max-video-preview:-1\" \/>\n<link rel=\"canonical\" href=\"https:\/\/tarsasjatek.bta.co.hu\/\" \/>\n<meta property=\"og:locale\" content=\"hu_HU\" \/>\n<meta property=\"og:type\" content=\"article\" \/>\n<meta property=\"og:title\" content=\"Virtu\u00e1lis banki t\u00e1rsasj\u00e1t\u00e9k - Business Training Associates\" \/>\n<meta property=\"og:url\" content=\"https:\/\/tarsasjatek.bta.co.hu\/\" \/>\n<meta property=\"og:site_name\" content=\"Business Training Associates\" \/>\n<meta property=\"article:modified_time\" content=\"2026-01-15T10:18:57+00:00\" \/>\n<meta name=\"twitter:card\" content=\"summary_large_image\" \/>\n<meta name=\"twitter:label1\" content=\"Becs\u00fclt olvas\u00e1si id\u0151\" \/>\n\t<meta name=\"twitter:data1\" content=\"5 perc\" \/>\n<script type=\"application\/ld+json\" class=\"yoast-schema-graph\">{\"@context\":\"https:\/\/schema.org\",\"@graph\":[{\"@type\":\"WebPage\",\"@id\":\"https:\/\/bta.co.hu\/uzleti-szimulaciok\/banki-szimulacios-trening\/\",\"url\":\"https:\/\/tarsasjatek.bta.co.hu\/\",\"name\":\"Virtu\u00e1lis banki t\u00e1rsasj\u00e1t\u00e9k - Business Training Associates\",\"isPartOf\":{\"@id\":\"https:\/\/bta.co.hu\/#website\"},\"datePublished\":\"2022-01-17T22:45:26+00:00\",\"dateModified\":\"2026-01-15T10:18:57+00:00\",\"breadcrumb\":{\"@id\":\"https:\/\/tarsasjatek.bta.co.hu\/#breadcrumb\"},\"inLanguage\":\"hu\",\"potentialAction\":[{\"@type\":\"ReadAction\",\"target\":[\"https:\/\/tarsasjatek.bta.co.hu\/\"]}]},{\"@type\":\"BreadcrumbList\",\"@id\":\"https:\/\/tarsasjatek.bta.co.hu\/#breadcrumb\",\"itemListElement\":[{\"@type\":\"ListItem\",\"position\":1,\"name\":\"Kezd\u0151lap\",\"item\":\"https:\/\/bta.co.hu\/\"},{\"@type\":\"ListItem\",\"position\":2,\"name\":\"Virtu\u00e1lis t\u00e1rsasj\u00e1t\u00e9k\",\"item\":\"https:\/\/bta.co.hu\/uzleti-szimulaciok\/\"},{\"@type\":\"ListItem\",\"position\":3,\"name\":\"Virtu\u00e1lis banki t\u00e1rsasj\u00e1t\u00e9k\"}]},{\"@type\":\"WebSite\",\"@id\":\"https:\/\/bta.co.hu\/#website\",\"url\":\"https:\/\/bta.co.hu\/\",\"name\":\"Business Training Associates\",\"description\":\"P\u00e9nz\u00fcgyi \u00e9s sz\u00e1mviteli k\u00e9pz\u00e9sek (ACCA, DipIFR, IFRS, USGAAP)\",\"potentialAction\":[{\"@type\":\"SearchAction\",\"target\":{\"@type\":\"EntryPoint\",\"urlTemplate\":\"https:\/\/bta.co.hu\/?s={search_term_string}\"},\"query-input\":{\"@type\":\"PropertyValueSpecification\",\"valueRequired\":true,\"valueName\":\"search_term_string\"}}],\"inLanguage\":\"hu\"}]}<\/script>\n<!-- \/ Yoast SEO plugin. -->","yoast_head_json":{"title":"Virtu\u00e1lis banki t\u00e1rsasj\u00e1t\u00e9k - Business Training Associates","robots":{"index":"index","follow":"follow","max-snippet":"max-snippet:-1","max-image-preview":"max-image-preview:large","max-video-preview":"max-video-preview:-1"},"canonical":"https:\/\/tarsasjatek.bta.co.hu\/","og_locale":"hu_HU","og_type":"article","og_title":"Virtu\u00e1lis banki t\u00e1rsasj\u00e1t\u00e9k - Business Training Associates","og_url":"https:\/\/tarsasjatek.bta.co.hu\/","og_site_name":"Business Training Associates","article_modified_time":"2026-01-15T10:18:57+00:00","twitter_card":"summary_large_image","twitter_misc":{"Becs\u00fclt olvas\u00e1si id\u0151":"5 perc"},"schema":{"@context":"https:\/\/schema.org","@graph":[{"@type":"WebPage","@id":"https:\/\/bta.co.hu\/uzleti-szimulaciok\/banki-szimulacios-trening\/","url":"https:\/\/tarsasjatek.bta.co.hu\/","name":"Virtu\u00e1lis banki t\u00e1rsasj\u00e1t\u00e9k - Business Training Associates","isPartOf":{"@id":"https:\/\/bta.co.hu\/#website"},"datePublished":"2022-01-17T22:45:26+00:00","dateModified":"2026-01-15T10:18:57+00:00","breadcrumb":{"@id":"https:\/\/tarsasjatek.bta.co.hu\/#breadcrumb"},"inLanguage":"hu","potentialAction":[{"@type":"ReadAction","target":["https:\/\/tarsasjatek.bta.co.hu\/"]}]},{"@type":"BreadcrumbList","@id":"https:\/\/tarsasjatek.bta.co.hu\/#breadcrumb","itemListElement":[{"@type":"ListItem","position":1,"name":"Kezd\u0151lap","item":"https:\/\/bta.co.hu\/"},{"@type":"ListItem","position":2,"name":"Virtu\u00e1lis t\u00e1rsasj\u00e1t\u00e9k","item":"https:\/\/bta.co.hu\/uzleti-szimulaciok\/"},{"@type":"ListItem","position":3,"name":"Virtu\u00e1lis banki t\u00e1rsasj\u00e1t\u00e9k"}]},{"@type":"WebSite","@id":"https:\/\/bta.co.hu\/#website","url":"https:\/\/bta.co.hu\/","name":"Business Training Associates","description":"P\u00e9nz\u00fcgyi \u00e9s sz\u00e1mviteli k\u00e9pz\u00e9sek (ACCA, DipIFR, IFRS, USGAAP)","potentialAction":[{"@type":"SearchAction","target":{"@type":"EntryPoint","urlTemplate":"https:\/\/bta.co.hu\/?s={search_term_string}"},"query-input":{"@type":"PropertyValueSpecification","valueRequired":true,"valueName":"search_term_string"}}],"inLanguage":"hu"}]}},"_links":{"self":[{"href":"https:\/\/bta.co.hu\/hu\/wp-json\/wp\/v2\/pages\/3280","targetHints":{"allow":["GET"]}}],"collection":[{"href":"https:\/\/bta.co.hu\/hu\/wp-json\/wp\/v2\/pages"}],"about":[{"href":"https:\/\/bta.co.hu\/hu\/wp-json\/wp\/v2\/types\/page"}],"author":[{"embeddable":true,"href":"https:\/\/bta.co.hu\/hu\/wp-json\/wp\/v2\/users\/1"}],"replies":[{"embeddable":true,"href":"https:\/\/bta.co.hu\/hu\/wp-json\/wp\/v2\/comments?post=3280"}],"version-history":[{"count":5,"href":"https:\/\/bta.co.hu\/hu\/wp-json\/wp\/v2\/pages\/3280\/revisions"}],"predecessor-version":[{"id":3870,"href":"https:\/\/bta.co.hu\/hu\/wp-json\/wp\/v2\/pages\/3280\/revisions\/3870"}],"up":[{"embeddable":true,"href":"https:\/\/bta.co.hu\/hu\/wp-json\/wp\/v2\/pages\/3464"}],"wp:attachment":[{"href":"https:\/\/bta.co.hu\/hu\/wp-json\/wp\/v2\/media?parent=3280"}],"curies":[{"name":"wp","href":"https:\/\/api.w.org\/{rel}","templated":true}]}}