{"id":3264,"date":"2022-01-17T22:28:47","date_gmt":"2022-01-17T22:28:47","guid":{"rendered":"https:\/\/bta.co.hu\/?page_id=3264"},"modified":"2026-01-08T21:03:33","modified_gmt":"2026-01-08T19:03:33","slug":"vallalatertekeles-kis-es-kozepvallalkozasoknak","status":"publish","type":"page","link":"https:\/\/bta.co.hu\/hu\/nyilt-kepzesek\/vallalatertekeles-kis-es-kozepvallalkozasoknak\/","title":{"rendered":"V\u00e1llalat\u00e9rt\u00e9kel\u00e9s (2 nap)"},"content":{"rendered":"<div class=\"vc_row wpb_row vc_row-fluid\" ><div class=\"wpb_column vc_column_container vc_col-sm-12\"><div class=\"vc_column-inner\"><div class=\"wpb_wrapper\">\n\t<div class=\"wpb_text_column wpb_content_element \" >\n\t\t<div class=\"wpb_wrapper\">\n\t\t\t<p><a href=\"https:\/\/bta.co.hu\/wp-content\/uploads\/2022\/01\/FINAL-Booking-Form-2021-HUN-ENG.pdf\"><strong><span style=\"color: #800080;\">Jelentkez\u00e9si lap let\u00f6lt\u00e9se ITT.<\/span><\/strong><\/a><\/p>\n\n\t\t<\/div>\n\t<\/div>\n<div class=\"vc_empty_space\"   style=\"height: 30px\"><span class=\"vc_empty_space_inner\"><\/span><\/div>\n\t<div class=\"wpb_text_column wpb_content_element \" >\n\t\t<div class=\"wpb_wrapper\">\n\t\t\t<div class=\"row\">\n<div data-motopress-type=\"static\" data-motopress-static-file=\"static\/static-title.php\"><strong>ID\u0150PONT: 2025. december 1-2.<\/strong><\/div>\n<\/div>\n<p>&nbsp;<\/p>\n<div data-motopress-type=\"static\" data-motopress-static-file=\"static\/static-title.php\"><\/div>\n<div data-motopress-type=\"static\" data-motopress-static-file=\"static\/static-title.php\"><\/div>\n<div class=\"row\">\n<div data-motopress-type=\"static\" data-motopress-static-file=\"static\/static-title.php\"><strong style=\"color: #000000; font-size: 18px;\">A tanfolyam c\u00e9lja<\/strong><\/div>\n<\/div>\n<div class=\"row\">\n<div id=\"content\" class=\"span9 right\" data-motopress-type=\"loop\" data-motopress-loop-file=\"loop\/loop-single-kvaliflap.php\">\n<article id=\"post-2873\" class=\"post__holder post-2873 nyiltkepzes type-nyiltkepzes status-publish has-post-thumbnail hentry taxnyiltkepzes-vallalatertekeles\">\n<div class=\"post_content\">\n<div class=\"span12\" data-motopress-type=\"static\" data-motopress-static-file=\"static\/static-title.php\">Mennyit \u00e9r egy v\u00e1llalkoz\u00e1s?<\/div>\n<div data-motopress-type=\"static\" data-motopress-static-file=\"static\/static-title.php\">Hogyan tudjuk m\u00e1s c\u00e9gek \u00e9rt\u00e9k\u00e9t meg\u00edt\u00e9lni?<\/div>\n<div data-motopress-type=\"static\" data-motopress-static-file=\"static\/static-title.php\">Mi\u00e9rt adnak elt\u00e9r\u0151 eredm\u00e9nyeket a k\u00fcl\u00f6nb\u00f6z\u0151 \u00e9rt\u00e9kel\u00e9si technik\u00e1k?<\/div>\n<div data-motopress-type=\"static\" data-motopress-static-file=\"static\/static-title.php\">Milyen t\u00e9nyez\u0151kt\u0151l f\u00fcgg, hogy mekkora egy v\u00e1llalat \u00e9rt\u00e9ke?<\/div>\n<p><span style=\"color: #000000;\">A fenti k\u00e9rd\u00e9sek megv\u00e1laszol\u00e1s\u00e1ban ny\u00fajt seg\u00edts\u00e9get V\u00e1llalat\u00e9rt\u00e9kel\u00e9s k\u00e9pz\u00e9s\u00fcnk.<\/span><br \/>\n<span style=\"color: #000000;\">K\u00e9t napos tanfolyamunkon gyakorlati p\u00e9ld\u00e1k \u00e9s sz\u00e1m\u00edt\u00e1sok seg\u00edts\u00e9g\u00e9vel mutatjuk be, milyen technik\u00e1k alkalmazhat\u00f3ak a v\u00e1llalati \u00e9rt\u00e9k meghat\u00e1roz\u00e1s\u00e1ra.<\/span><\/p>\n<h4><\/h4>\n<p>&nbsp;<\/p>\n<h4><strong><span style=\"color: #000000;\">R\u00e9szletes tematika<\/span><\/strong><\/h4>\n<ul>\n<li><span style=\"color: #000000;\">A v\u00e1llalat\u00e9rt\u00e9kel\u00e9s alapvet\u00e9sei: fogalmak, \u00e9rt\u00e9kkateg\u00f3ri\u00e1k<\/span><\/li>\n<li><span style=\"color: #000000;\">A v\u00e1llalati \u00e9rt\u00e9ket befoly\u00e1sol\u00f3 f\u0151bb t\u00e9nyez\u0151k ismertet\u00e9se<\/span><\/li>\n<li><span style=\"color: #000000;\">A m\u00e9rlegalap\u00fa megk\u00f6zel\u00edt\u00e9s<\/span>\n<ul>\n<li><span style=\"color: #000000;\">a m\u00e9rleg\u00e9rt\u00e9kek haszn\u00e1lata \u00e9s korl\u00e1tai<\/span><\/li>\n<li><span style=\"color: #000000;\">a likvid\u00e1ci\u00f3s \u00e9rt\u00e9k<\/span><\/li>\n<li><span style=\"color: #000000;\">a helyetts\u00edt\u00e9si \u00e9rt\u00e9k<\/span><\/li>\n<li><span style=\"color: #000000;\">a sz\u00e1mviteli besz\u00e1mol\u00f3b\u00f3l sz\u00e1rmaz\u00f3 inform\u00e1ci\u00f3k m\u00f3dos\u00edt\u00e1sa \u00e9rt\u00e9kel\u00e9si c\u00e9lb\u00f3l<\/span><\/li>\n<\/ul>\n<\/li>\n<li><span style=\"color: #000000;\">A relat\u00edv \u00e9rt\u00e9kel\u00e9si technik\u00e1k (\u00e1rt\u00f6bbsz\u00f6r\u00f6s\u00f6k) alkalmaz\u00e1sa<\/span>\n<ul>\n<li><span style=\"color: #000000;\">a P\/E h\u00e1nyados alkalmaz\u00e1sa<\/span><\/li>\n<li><span style=\"color: #000000;\">\u00e1r\/EBITDA, \u00e1r\/\u00e1rbev\u00e9tel, \u00e1r\/m\u0171k\u00f6d\u00e9si cash flow<\/span><\/li>\n<li><span style=\"color: #000000;\">a relat\u00edv \u00e9rt\u00e9kel\u00e9si technik\u00e1k haszn\u00e1lat\u00e1nak neh\u00e9zs\u00e9gei<\/span><\/li>\n<\/ul>\n<\/li>\n<li><span style=\"color: #000000;\">A p\u00e9nz id\u0151\u00e9rt\u00e9k\u00e9nek fogalma<\/span><\/li>\n<li><span style=\"color: #000000;\">A diszkont\u00e1lt osztal\u00e9kmodell (Gordon-modell)<\/span>\n<ul>\n<li><span style=\"color: #000000;\">az osztal\u00e9k mint a v\u00e1llalati \u00e9rt\u00e9k alapja<\/span><\/li>\n<\/ul>\n<\/li>\n<li><span style=\"color: #000000;\">A diszkont\u00e1lt cash flow-kra alapul\u00f3 v\u00e1llalat\u00e9rt\u00e9kel\u00e9s<\/span>\n<ul>\n<li><span style=\"color: #000000;\">a <em>free cash flow to the firm (FCFF)<\/em> \u00e9s a <em>free cash flow to equity (FCFE)<\/em> meghat\u00e1roz\u00e1s\u00e1nak szab\u00e1lyai<\/span><\/li>\n<li><span style=\"color: #000000;\">a FCFF \u00e9s FCFE haszn\u00e1lata v\u00e1llalat\u00e9rt\u00e9kel\u00e9sre<\/span><\/li>\n<li><span style=\"color: #000000;\">az alkalmaz\u00e1s el\u0151nyei \u00e9s neh\u00e9zs\u00e9gei<\/span><\/li>\n<\/ul>\n<\/li>\n<li><span style=\"color: #000000;\">Az \u00e9rt\u00e9kteremt\u00e9sen alapul\u00f3 v\u00e1llalati \u00e9rt\u00e9k meghat\u00e1roz\u00e1sa<\/span>\n<ul>\n<li><span style=\"color: #000000;\">az EVA-n (Economic Value Added) alapul\u00f3 \u00e9rt\u00e9k kisz\u00e1m\u00edt\u00e1sa<\/span><\/li>\n<\/ul>\n<\/li>\n<li><span style=\"color: #000000;\">Az opci\u00f3s modellek haszn\u00e1lata v\u00e1llalat\u00e9rt\u00e9kel\u00e9sre<\/span><\/li>\n<li><span style=\"color: #000000;\">A v\u00e1llalat\u00e9rt\u00e9kel\u00e9si technik\u00e1k alkalmaz\u00e1sa p\u00e9ld\u00e1kon kereszt\u00fcl, az egyes technik\u00e1k gyakorlati neh\u00e9zs\u00e9gei, el\u0151nyei \u00e9s h\u00e1tr\u00e1nyai, alkalmazhat\u00f3s\u00e1guk esetei.<\/span><\/li>\n<\/ul>\n<\/div>\n<\/article>\n<h4><\/h4>\n<article id=\"post-2873\" class=\"post__holder post-2873 nyiltkepzes type-nyiltkepzes status-publish has-post-thumbnail hentry taxnyiltkepzes-vallalatertekeles\">\n<div class=\"post_content\">\n<p>&nbsp;<\/p>\n<h4><strong><span style=\"color: #000000;\">Oktat\u00f3<\/span><\/strong><\/h4>\n<p><span style=\"color: #000000;\"><a style=\"color: #000000;\" href=\"http:\/\/bta.co.hu\/oktatok\/\">Oktat\u00f3ink <\/a>t\u00f6bb \u00e9ves, multinacion\u00e1lis c\u00e9gekn\u00e9l szerzett szakmai tapasztalattal \u00e9s a magyar piacon k\u00f6zel egy \u00e9vtizedes oktat\u00f3i referenci\u00e1val nem csup\u00e1n ter\u00fclet\u00fck, de a magyar feln\u0151ttk\u00e9pz\u00e9si piacnak is elismert szak\u00e9rt\u0151i. Az adott t\u00e9mak\u00f6r\u00f6kre vonatkoz\u00f3 helyi saj\u00e1toss\u00e1gokat is j\u00f3l ismerik, \u00e9s biztos\u00edthatjuk, hogy a di\u00e1kok sz\u00e1m\u00e1ra b\u00e1rmikor rendelkez\u00e9sre \u00e1llnak, ha szakmai seg\u00edts\u00e9gre van sz\u00fcks\u00e9g.<\/span><\/p>\n<p>&nbsp;<\/p>\n<h3><\/h3>\n<h3><\/h3>\n<h4><strong><span style=\"color: #000000;\">A tanfolyam d\u00e1tuma \u00e9s d\u00edja<\/span><\/strong><\/h4>\n<p><span style=\"color: #000000;\"><strong>A tanfolyam d\u00e1tuma: hamarosan<\/strong><\/span><\/p>\n<ul>\n<li><span style=\"color: #000000;\">helysz\u00edn: Business Training Associates Kft., H-1132 Budapest, Victor Hugo utca 11-15., Alfa irodah\u00e1z, 3. emelet\u00a0<\/span><\/li>\n<\/ul>\n<p><span style=\"color: #000000;\"><b>A tanfolyam d\u00edj\u00e1val kapcsolatban keressen benn\u00fcnket!<\/b><\/span><\/p>\n<\/div>\n<\/article>\n<\/div>\n<\/div>\n<p>&nbsp;<\/p>\n<p>Ha felkeltett\u00fck \u00e9rdekl\u0151d\u00e9s\u00e9t, keressen benn\u00fcnket az al\u00e1bbi el\u00e9rhet\u0151s\u00e9geken.<\/p>\n<div class=\"row\">\n<div id=\"content\" class=\"span9 right\" data-motopress-type=\"loop\" data-motopress-loop-file=\"loop\/loop-single-kvaliflap.php\">\n<article id=\"post-2873\" class=\"post__holder post-2873 nyiltkepzes type-nyiltkepzes status-publish has-post-thumbnail hentry taxnyiltkepzes-vallalatertekeles\">\n<div class=\"post_content\">\n<p><span style=\"color: #000000;\">Tel.: + 36 20 960 6234<\/span><br \/>\n<span style=\"color: #000000;\">Email: <a style=\"color: #000000;\" href=\"mailto:mariannehokky@bta.co.hu\">mariannehokky@bta.co.hu<\/a><\/span><\/p>\n<\/div>\n<\/article>\n<\/div>\n<\/div>\n\n\t\t<\/div>\n\t<\/div>\n<\/div><\/div><\/div><\/div>\n","protected":false},"excerpt":{"rendered":"Jelentkez\u00e9si lap let\u00f6lt\u00e9se ITT. ID\u0150PONT: 2025. december 1-2. &nbsp; A tanfolyam c\u00e9lja Mennyit \u00e9r egy v\u00e1llalkoz\u00e1s? Hogyan tudjuk m\u00e1s c\u00e9gek \u00e9rt\u00e9k\u00e9t meg\u00edt\u00e9lni? Mi\u00e9rt adnak elt\u00e9r\u0151 eredm\u00e9nyeket a k\u00fcl\u00f6nb\u00f6z\u0151 \u00e9rt\u00e9kel\u00e9si technik\u00e1k? Milyen t\u00e9nyez\u0151kt\u0151l f\u00fcgg, hogy mekkora egy v\u00e1llalat \u00e9rt\u00e9ke? A fenti k\u00e9rd\u00e9sek megv\u00e1laszol\u00e1s\u00e1ban ny\u00fajt seg\u00edts\u00e9get V\u00e1llalat\u00e9rt\u00e9kel\u00e9s k\u00e9pz\u00e9s\u00fcnk. K\u00e9t napos tanfolyamunkon gyakorlati p\u00e9ld\u00e1k \u00e9s sz\u00e1m\u00edt\u00e1sok seg\u00edts\u00e9g\u00e9vel mutatjuk be, [...]","protected":false},"author":1,"featured_media":0,"parent":3246,"menu_order":0,"comment_status":"closed","ping_status":"closed","template":"","meta":{"_bbp_topic_count":0,"_bbp_reply_count":0,"_bbp_total_topic_count":0,"_bbp_total_reply_count":0,"_bbp_voice_count":0,"_bbp_anonymous_reply_count":0,"_bbp_topic_count_hidden":0,"_bbp_reply_count_hidden":0,"_bbp_forum_subforum_count":0,"footnotes":""},"class_list":["post-3264","page","type-page","status-publish","hentry"],"yoast_head":"<!-- This site is optimized with the Yoast SEO plugin v26.6 - https:\/\/yoast.com\/wordpress\/plugins\/seo\/ -->\n<title>V\u00e1llalat\u00e9rt\u00e9kel\u00e9s (2 nap) - Business Training Associates<\/title>\n<meta name=\"robots\" content=\"index, follow, max-snippet:-1, max-image-preview:large, max-video-preview:-1\" \/>\n<link rel=\"canonical\" href=\"https:\/\/bta.co.hu\/hu\/nyilt-kepzesek\/vallalatertekeles-kis-es-kozepvallalkozasoknak\/\" \/>\n<meta property=\"og:locale\" content=\"hu_HU\" \/>\n<meta property=\"og:type\" content=\"article\" \/>\n<meta property=\"og:title\" content=\"V\u00e1llalat\u00e9rt\u00e9kel\u00e9s (2 nap) - Business Training Associates\" \/>\n<meta property=\"og:url\" content=\"https:\/\/bta.co.hu\/hu\/nyilt-kepzesek\/vallalatertekeles-kis-es-kozepvallalkozasoknak\/\" \/>\n<meta property=\"og:site_name\" content=\"Business Training Associates\" \/>\n<meta property=\"article:modified_time\" content=\"2026-01-08T19:03:33+00:00\" \/>\n<meta name=\"twitter:card\" content=\"summary_large_image\" \/>\n<meta name=\"twitter:label1\" content=\"Becs\u00fclt olvas\u00e1si id\u0151\" \/>\n\t<meta name=\"twitter:data1\" content=\"2 perc\" \/>\n<script type=\"application\/ld+json\" class=\"yoast-schema-graph\">{\"@context\":\"https:\/\/schema.org\",\"@graph\":[{\"@type\":\"WebPage\",\"@id\":\"https:\/\/bta.co.hu\/nyilt-kepzesek\/vallalatertekeles-kis-es-kozepvallalkozasoknak\/\",\"url\":\"https:\/\/bta.co.hu\/nyilt-kepzesek\/vallalatertekeles-kis-es-kozepvallalkozasoknak\/\",\"name\":\"V\u00e1llalat\u00e9rt\u00e9kel\u00e9s (2 nap) - Business Training Associates\",\"isPartOf\":{\"@id\":\"https:\/\/bta.co.hu\/#website\"},\"datePublished\":\"2022-01-17T22:28:47+00:00\",\"dateModified\":\"2026-01-08T19:03:33+00:00\",\"breadcrumb\":{\"@id\":\"https:\/\/bta.co.hu\/nyilt-kepzesek\/vallalatertekeles-kis-es-kozepvallalkozasoknak\/#breadcrumb\"},\"inLanguage\":\"hu\",\"potentialAction\":[{\"@type\":\"ReadAction\",\"target\":[\"https:\/\/bta.co.hu\/nyilt-kepzesek\/vallalatertekeles-kis-es-kozepvallalkozasoknak\/\"]}]},{\"@type\":\"BreadcrumbList\",\"@id\":\"https:\/\/bta.co.hu\/nyilt-kepzesek\/vallalatertekeles-kis-es-kozepvallalkozasoknak\/#breadcrumb\",\"itemListElement\":[{\"@type\":\"ListItem\",\"position\":1,\"name\":\"Kezd\u0151lap\",\"item\":\"https:\/\/bta.co.hu\/\"},{\"@type\":\"ListItem\",\"position\":2,\"name\":\"Ny\u00edlt k\u00e9pz\u00e9sek\",\"item\":\"https:\/\/bta.co.hu\/nyilt-kepzesek\/\"},{\"@type\":\"ListItem\",\"position\":3,\"name\":\"V\u00e1llalat\u00e9rt\u00e9kel\u00e9s (2 nap)\"}]},{\"@type\":\"WebSite\",\"@id\":\"https:\/\/bta.co.hu\/#website\",\"url\":\"https:\/\/bta.co.hu\/\",\"name\":\"Business Training Associates\",\"description\":\"P\u00e9nz\u00fcgyi \u00e9s sz\u00e1mviteli k\u00e9pz\u00e9sek (ACCA, DipIFR, IFRS, USGAAP)\",\"potentialAction\":[{\"@type\":\"SearchAction\",\"target\":{\"@type\":\"EntryPoint\",\"urlTemplate\":\"https:\/\/bta.co.hu\/?s={search_term_string}\"},\"query-input\":{\"@type\":\"PropertyValueSpecification\",\"valueRequired\":true,\"valueName\":\"search_term_string\"}}],\"inLanguage\":\"hu\"}]}<\/script>\n<!-- \/ Yoast SEO plugin. -->","yoast_head_json":{"title":"V\u00e1llalat\u00e9rt\u00e9kel\u00e9s (2 nap) - Business Training Associates","robots":{"index":"index","follow":"follow","max-snippet":"max-snippet:-1","max-image-preview":"max-image-preview:large","max-video-preview":"max-video-preview:-1"},"canonical":"https:\/\/bta.co.hu\/hu\/nyilt-kepzesek\/vallalatertekeles-kis-es-kozepvallalkozasoknak\/","og_locale":"hu_HU","og_type":"article","og_title":"V\u00e1llalat\u00e9rt\u00e9kel\u00e9s (2 nap) - Business Training Associates","og_url":"https:\/\/bta.co.hu\/hu\/nyilt-kepzesek\/vallalatertekeles-kis-es-kozepvallalkozasoknak\/","og_site_name":"Business Training Associates","article_modified_time":"2026-01-08T19:03:33+00:00","twitter_card":"summary_large_image","twitter_misc":{"Becs\u00fclt olvas\u00e1si id\u0151":"2 perc"},"schema":{"@context":"https:\/\/schema.org","@graph":[{"@type":"WebPage","@id":"https:\/\/bta.co.hu\/nyilt-kepzesek\/vallalatertekeles-kis-es-kozepvallalkozasoknak\/","url":"https:\/\/bta.co.hu\/nyilt-kepzesek\/vallalatertekeles-kis-es-kozepvallalkozasoknak\/","name":"V\u00e1llalat\u00e9rt\u00e9kel\u00e9s (2 nap) - Business Training Associates","isPartOf":{"@id":"https:\/\/bta.co.hu\/#website"},"datePublished":"2022-01-17T22:28:47+00:00","dateModified":"2026-01-08T19:03:33+00:00","breadcrumb":{"@id":"https:\/\/bta.co.hu\/nyilt-kepzesek\/vallalatertekeles-kis-es-kozepvallalkozasoknak\/#breadcrumb"},"inLanguage":"hu","potentialAction":[{"@type":"ReadAction","target":["https:\/\/bta.co.hu\/nyilt-kepzesek\/vallalatertekeles-kis-es-kozepvallalkozasoknak\/"]}]},{"@type":"BreadcrumbList","@id":"https:\/\/bta.co.hu\/nyilt-kepzesek\/vallalatertekeles-kis-es-kozepvallalkozasoknak\/#breadcrumb","itemListElement":[{"@type":"ListItem","position":1,"name":"Kezd\u0151lap","item":"https:\/\/bta.co.hu\/"},{"@type":"ListItem","position":2,"name":"Ny\u00edlt k\u00e9pz\u00e9sek","item":"https:\/\/bta.co.hu\/nyilt-kepzesek\/"},{"@type":"ListItem","position":3,"name":"V\u00e1llalat\u00e9rt\u00e9kel\u00e9s (2 nap)"}]},{"@type":"WebSite","@id":"https:\/\/bta.co.hu\/#website","url":"https:\/\/bta.co.hu\/","name":"Business Training Associates","description":"P\u00e9nz\u00fcgyi \u00e9s sz\u00e1mviteli k\u00e9pz\u00e9sek (ACCA, DipIFR, IFRS, USGAAP)","potentialAction":[{"@type":"SearchAction","target":{"@type":"EntryPoint","urlTemplate":"https:\/\/bta.co.hu\/?s={search_term_string}"},"query-input":{"@type":"PropertyValueSpecification","valueRequired":true,"valueName":"search_term_string"}}],"inLanguage":"hu"}]}},"_links":{"self":[{"href":"https:\/\/bta.co.hu\/hu\/wp-json\/wp\/v2\/pages\/3264","targetHints":{"allow":["GET"]}}],"collection":[{"href":"https:\/\/bta.co.hu\/hu\/wp-json\/wp\/v2\/pages"}],"about":[{"href":"https:\/\/bta.co.hu\/hu\/wp-json\/wp\/v2\/types\/page"}],"author":[{"embeddable":true,"href":"https:\/\/bta.co.hu\/hu\/wp-json\/wp\/v2\/users\/1"}],"replies":[{"embeddable":true,"href":"https:\/\/bta.co.hu\/hu\/wp-json\/wp\/v2\/comments?post=3264"}],"version-history":[{"count":13,"href":"https:\/\/bta.co.hu\/hu\/wp-json\/wp\/v2\/pages\/3264\/revisions"}],"predecessor-version":[{"id":3952,"href":"https:\/\/bta.co.hu\/hu\/wp-json\/wp\/v2\/pages\/3264\/revisions\/3952"}],"up":[{"embeddable":true,"href":"https:\/\/bta.co.hu\/hu\/wp-json\/wp\/v2\/pages\/3246"}],"wp:attachment":[{"href":"https:\/\/bta.co.hu\/hu\/wp-json\/wp\/v2\/media?parent=3264"}],"curies":[{"name":"wp","href":"https:\/\/api.w.org\/{rel}","templated":true}]}}