{"id":3262,"date":"2022-01-17T21:28:24","date_gmt":"2022-01-17T21:28:24","guid":{"rendered":"https:\/\/bta.co.hu\/?page_id=3262"},"modified":"2026-04-20T13:07:29","modified_gmt":"2026-04-20T11:07:29","slug":"bevezetes-a-us-gaap-be","status":"publish","type":"page","link":"https:\/\/bta.co.hu\/hu\/nyilt-kepzesek\/us-gaap-kepzesek\/bevezetes-a-us-gaap-be\/","title":{"rendered":"Bevezet\u00e9s a US GAAP-be (2,5 nap)"},"content":{"rendered":"<div class=\"vc_row wpb_row vc_row-fluid\" ><div class=\"wpb_column vc_column_container vc_col-sm-12\"><div class=\"vc_column-inner\"><div class=\"wpb_wrapper\">\n\t<div class=\"wpb_text_column wpb_content_element \" >\n\t\t<div class=\"wpb_wrapper\">\n\t\t\t<p><strong><span style=\"color: #800080;\"><a style=\"color: #800080;\" href=\"https:\/\/bta.co.hu\/wp-content\/uploads\/2022\/01\/FINAL-Booking-Form-2021-HUN-ENG.pdf\" rel=\"attachment wp-att-4001\">Jelentkez\u00e9si lap let\u00f6lt\u00e9se ITT<\/a><\/span><\/strong><\/p>\n\n\t\t<\/div>\n\t<\/div>\n<div class=\"vc_empty_space\"   style=\"height: 60px\"><span class=\"vc_empty_space_inner\"><\/span><\/div>\n\t<div class=\"wpb_text_column wpb_content_element \" >\n\t\t<div class=\"wpb_wrapper\">\n\t\t\t<div class=\"row\">\n<div class=\"span12\" data-motopress-type=\"static\" data-motopress-static-file=\"static\/static-title.php\"><\/div>\n<\/div>\n<div class=\"row\">\n<div id=\"content\" class=\"span9 right\" data-motopress-type=\"loop\" data-motopress-loop-file=\"loop\/loop-single-kvaliflap.php\">\n<article id=\"post-2363\" class=\"post__holder post-2363 nyiltkepzes type-nyiltkepzes status-publish has-post-thumbnail hentry taxnyiltkepzes-usgaap\">\n<div class=\"post_content\">\n<h4><span style=\"color: #000000;\"><strong>A tanfolyam c\u00e9lja<\/strong><\/span><\/h4>\n<p><span style=\"color: #000000;\">A k\u00e9pz\u00e9s sor\u00e1n a r\u00e9sztvev\u0151k a US GAAP alapjaival ismerkedhetnek meg, j\u00e1rtass\u00e1got szerezhetnek az \u00e1rbev\u00e9tel \u00e9s l\u00edzing elsz\u00e1mol\u00e1s \u00faj szab\u00e1lyaiban, valamint \u00e1ttekinthetik a US GAAP \u00e9s az IFRS k\u00f6z\u00f6tti legfontosabb elt\u00e9r\u00e9seket is. A tanfolyam keret\u00e9ben a speci\u00e1lis \u00e9s komplexebb t\u00e9mak\u00f6r\u00f6k eset\u00e9ben csak az elsz\u00e1mol\u00e1s alapelveit \u00e9s a l\u00e9nyeges fogalmakat ismertetj\u00fck (pl. halasztott ad\u00f3).<\/span><br \/>\n<span style=\"color: #000000;\">A k\u00e9pz\u00e9s sor\u00e1n a r\u00e9sztvev\u0151k sz\u00e1m\u00e1ra a tananyag elm\u00e9leti r\u00e9sz\u00e9nek megismer\u00e9s\u00e9t k\u00f6vet\u0151en lehet\u0151s\u00e9g ny\u00edlik a frissen szerzett tud\u00e1st p\u00e9ld\u00e1kon kereszt\u00fcl alkalmazni.<\/span><\/p>\n<h4><\/h4>\n<p>&nbsp;<\/p>\n<h4><strong><span style=\"color: #000000;\">Kiknek aj\u00e1nljuk?<\/span><\/strong><\/h4>\n<ul>\n<li><span style=\"color: #000000;\">olyan sz\u00e1mviteli szakembereknek, akik j\u00e1rtasak valamely m\u00e1s sz\u00e1mviteli rendszerben (pl. IFRS vagy magyar sz\u00e1mviteli t\u00f6rv\u00e9ny),<\/span><\/li>\n<li><span style=\"color: #000000;\">akik munk\u00e1juk sor\u00e1n US GAAP-ben dolgoznak,<\/span><\/li>\n<li><span style=\"color: #000000;\">akik m\u00e1r tal\u00e1lkoztak a US GAAP-pel, de szeretn\u00e9k b\u0151v\u00edteni, rendszerezni az erre vonatkoz\u00f3 ismereteiket,<\/span><\/li>\n<li><span style=\"color: #000000;\">akik \u2013 ak\u00e1r a munk\u00e1juk miatt, ak\u00e1r szakmai \u00e9rdekl\u0151d\u00e9sb\u0151l \u2013 szeretn\u00e9nek megismerkedni a US GAAP legfontosabb alapszab\u00e1lyaival.<\/span><\/li>\n<\/ul>\n<h4><\/h4>\n<p>&nbsp;<\/p>\n<h4><strong><span style=\"color: #000000;\">A tanfolyam sor\u00e1n \u00e9rintett t\u00e9mak\u00f6r\u00f6k (men\u00fcszer\u0171en testre szabhat\u00f3)<\/span><\/strong><\/h4>\n<ul>\n<li>A US GAAP alapjai, US GAAP p\u00e9nz\u00fcgyi besz\u00e1mol\u00f3k<\/li>\n<li>Sz\u00e1mviteli politika, becsl\u00e9sek \u00e9s ezek v\u00e1ltoztat\u00e1s\u00e1nak hat\u00e1sai<\/li>\n<li>Immateri\u00e1lis javak \u2013 beker\u00fcl\u00e9s, \u00e9rt\u00e9kel\u00e9s, amortiz\u00e1ci\u00f3<\/li>\n<li>T\u00e1rgyi eszk\u00f6z\u00f6k \u2013 beker\u00fcl\u00e9s, \u00e9rt\u00e9kel\u00e9s, \u00e9rt\u00e9kcs\u00f6kken\u00e9s<\/li>\n<li>Immateri\u00e1lis javak \u00e9s t\u00e1rgyi eszk\u00f6z\u00f6k \u00e9rt\u00e9kveszt\u00e9se<\/li>\n<li>L\u00edzingek (ASC 642 \u2013 \u00faj szab\u00e1lyok, csak l\u00edzingbe vev\u0151k)<\/li>\n<li>\u00c1rbev\u00e9tel elsz\u00e1mol\u00e1s szab\u00e1lyai (ASC 606)<\/li>\n<li>K\u00e9szletek \u2013 beker\u00fcl\u00e9s, \u00f6nk\u00f6lts\u00e9gsz\u00e1m\u00edt\u00e1s, nyilv\u00e1ntart\u00e1s \u00e9s lelt\u00e1r, \u00e9rt\u00e9kveszt\u00e9s<\/li>\n<li>P\u00e9nzeszk\u00f6z\u00f6k, k\u00f6vetel\u00e9sek, id\u0151beli elhat\u00e1rol\u00e1sok \u2013 beker\u00fcl\u00e9s, \u00e9rt\u00e9kel\u00e9s, \u00e9rt\u00e9kveszt\u00e9s<\/li>\n<li>R\u00f6vid lej\u00e1rat\u00fa k\u00f6telezetts\u00e9gek, c\u00e9ltartal\u00e9kok \u00e9s f\u00fcgg\u0151s\u00e9gek<\/li>\n<li>Halasztott ad\u00f3<\/li>\n<\/ul>\n<p><strong>Egy\u00e9b opcion\u00e1lis t\u00e9m\u00e1k<\/strong><\/p>\n<ul>\n<li>Nyugd\u00edjalapok \u00e9s m\u00e1s munkav\u00e1llal\u00f3i juttat\u00e1sok elsz\u00e1mol\u00e1sa<\/li>\n<li>R\u00e9szv\u00e9nyalap\u00fa juttat\u00e1sok elsz\u00e1mol\u00e1sa<\/li>\n<li>A US GAAP \u00e9s az IFRS r\u00f6vid \u00f6sszehasonl\u00edt\u00e1sa<\/li>\n<\/ul>\n<p><span style=\"color: #000000;\"><a style=\"color: #000000;\" href=\"http:\/\/bta.co.hu\/oktatok\/\">Oktat\u00f3ink<\/a> a multinacion\u00e1lis c\u00e9gekn\u00e9l szerzett szakmai \u00e9s a magyar piacon szerzett k\u00f6zel egy \u00e9vtizedes oktat\u00e1si tapasztalattal nem csup\u00e1n ter\u00fclet\u00fck, de a magyar feln\u0151ttk\u00e9pz\u00e9si piacnak is elismert szak\u00e9rt\u0151i. Az adott t\u00e9mak\u00f6r\u00f6kre vonatkoz\u00f3 helyi saj\u00e1toss\u00e1gokat is j\u00f3l ismerik, \u00e9s a tanfolyam sor\u00e1n b\u00e1rmilyen szakmai k\u00e9rd\u00e9sre k\u00e9szs\u00e9ggel v\u00e1laszolnak.<\/span><\/p>\n<h4><\/h4>\n<p>&nbsp;<\/p>\n<h4><strong><span style=\"color: #000000;\">A tanfolyam d\u00e1tuma \u00e9s d\u00edja<\/span><\/strong><\/h4>\n<p>2025. \u0151sz\u00e9n megrendez\u00e9sre ker\u00fcl\u0151 k\u00e9pz\u00e9s\u00fcnk d\u00e1tuma: <strong>hamarosan<\/strong><\/p>\n<p>A tanfolyam <strong>TANTERMI \u00c9S\/VAGY ONLINE m\u00f3don<\/strong> (Zoom platform) ker\u00fcl megrendez\u00e9sre.<\/p>\n<p>&nbsp;<\/p>\n<p><span style=\"color: #000000;\">A tanfolyam r\u00e9szv\u00e9teli d\u00edj\u00e1r\u00f3l \u00e9rdekl\u0151dj\u00f6n koll\u00e9g\u00e1nkn\u00e1l.<\/span><\/p>\n<p><span style=\"color: #000000;\">Tel: + 36 20 960 6234<\/span><br \/>\n<span style=\"color: #000000;\">Email: <a style=\"color: #000000;\" href=\"mailto:mariannehokky@bta.co.hu\">mariannehokky@bta.co.hu<\/a><\/span><\/p>\n<\/div>\n<\/article>\n<\/div>\n<\/div>\n\n\t\t<\/div>\n\t<\/div>\n<\/div><\/div><\/div><\/div>\n","protected":false},"excerpt":{"rendered":"Jelentkez\u00e9si lap let\u00f6lt\u00e9se ITT A tanfolyam c\u00e9lja A k\u00e9pz\u00e9s sor\u00e1n a r\u00e9sztvev\u0151k a US GAAP alapjaival ismerkedhetnek meg, j\u00e1rtass\u00e1got szerezhetnek az \u00e1rbev\u00e9tel \u00e9s l\u00edzing elsz\u00e1mol\u00e1s \u00faj szab\u00e1lyaiban, valamint \u00e1ttekinthetik a US GAAP \u00e9s az IFRS k\u00f6z\u00f6tti legfontosabb elt\u00e9r\u00e9seket is. A tanfolyam keret\u00e9ben a speci\u00e1lis \u00e9s komplexebb t\u00e9mak\u00f6r\u00f6k eset\u00e9ben csak az elsz\u00e1mol\u00e1s alapelveit \u00e9s a l\u00e9nyeges fogalmakat [...]","protected":false},"author":1,"featured_media":0,"parent":3598,"menu_order":0,"comment_status":"closed","ping_status":"closed","template":"","meta":{"_bbp_topic_count":0,"_bbp_reply_count":0,"_bbp_total_topic_count":0,"_bbp_total_reply_count":0,"_bbp_voice_count":0,"_bbp_anonymous_reply_count":0,"_bbp_topic_count_hidden":0,"_bbp_reply_count_hidden":0,"_bbp_forum_subforum_count":0,"footnotes":""},"class_list":["post-3262","page","type-page","status-publish","hentry"],"yoast_head":"<!-- This site is optimized with the Yoast SEO plugin v26.6 - https:\/\/yoast.com\/wordpress\/plugins\/seo\/ -->\n<title>US GAAP k\u00e9pz\u00e9s \u2013 Nemzetk\u00f6zi sz\u00e1mvitel alapok \u00e9s gyakorlat | BTA Kft.<\/title>\n<meta name=\"description\" content=\"A 2,5 napos US GAAP k\u00e9pz\u00e9s sor\u00e1n megismerheti a nemzetk\u00f6zi sz\u00e1mvitel alapjait, a f\u0151 standardok alkalmaz\u00e1s\u00e1t \u00e9s a p\u00e9nz\u00fcgyi elsz\u00e1mol\u00e1sok gyakorlati k\u00e9rd\u00e9seit.\" \/>\n<meta name=\"robots\" content=\"index, follow, max-snippet:-1, max-image-preview:large, max-video-preview:-1\" \/>\n<link rel=\"canonical\" href=\"https:\/\/bta.co.hu\/hu\/nyilt-kepzesek\/us-gaap-kepzesek\/bevezetes-a-us-gaap-be\/\" \/>\n<meta property=\"og:locale\" content=\"hu_HU\" \/>\n<meta property=\"og:type\" content=\"article\" \/>\n<meta property=\"og:title\" content=\"US GAAP k\u00e9pz\u00e9s \u2013 Nemzetk\u00f6zi sz\u00e1mvitel alapok \u00e9s gyakorlat | BTA Kft.\" \/>\n<meta property=\"og:description\" content=\"A 2,5 napos US GAAP k\u00e9pz\u00e9s sor\u00e1n megismerheti a nemzetk\u00f6zi sz\u00e1mvitel alapjait, a f\u0151 standardok alkalmaz\u00e1s\u00e1t \u00e9s a p\u00e9nz\u00fcgyi elsz\u00e1mol\u00e1sok gyakorlati k\u00e9rd\u00e9seit.\" \/>\n<meta property=\"og:url\" content=\"https:\/\/bta.co.hu\/hu\/nyilt-kepzesek\/us-gaap-kepzesek\/bevezetes-a-us-gaap-be\/\" \/>\n<meta property=\"og:site_name\" content=\"Business Training Associates\" \/>\n<meta property=\"article:modified_time\" content=\"2026-04-20T11:07:29+00:00\" \/>\n<meta name=\"twitter:card\" content=\"summary_large_image\" \/>\n<meta name=\"twitter:label1\" content=\"Becs\u00fclt olvas\u00e1si id\u0151\" \/>\n\t<meta name=\"twitter:data1\" content=\"2 perc\" \/>\n<script type=\"application\/ld+json\" class=\"yoast-schema-graph\">{\"@context\":\"https:\/\/schema.org\",\"@graph\":[{\"@type\":\"WebPage\",\"@id\":\"https:\/\/bta.co.hu\/nyilt-kepzesek\/us-gaap-kepzesek\/bevezetes-a-us-gaap-be\/\",\"url\":\"https:\/\/bta.co.hu\/nyilt-kepzesek\/us-gaap-kepzesek\/bevezetes-a-us-gaap-be\/\",\"name\":\"US GAAP k\u00e9pz\u00e9s \u2013 Nemzetk\u00f6zi sz\u00e1mvitel alapok \u00e9s gyakorlat | BTA Kft.\",\"isPartOf\":{\"@id\":\"https:\/\/bta.co.hu\/#website\"},\"datePublished\":\"2022-01-17T21:28:24+00:00\",\"dateModified\":\"2026-04-20T11:07:29+00:00\",\"description\":\"A 2,5 napos US GAAP k\u00e9pz\u00e9s sor\u00e1n megismerheti a nemzetk\u00f6zi sz\u00e1mvitel alapjait, a f\u0151 standardok alkalmaz\u00e1s\u00e1t \u00e9s a p\u00e9nz\u00fcgyi elsz\u00e1mol\u00e1sok gyakorlati k\u00e9rd\u00e9seit.\",\"breadcrumb\":{\"@id\":\"https:\/\/bta.co.hu\/nyilt-kepzesek\/us-gaap-kepzesek\/bevezetes-a-us-gaap-be\/#breadcrumb\"},\"inLanguage\":\"hu\",\"potentialAction\":[{\"@type\":\"ReadAction\",\"target\":[\"https:\/\/bta.co.hu\/nyilt-kepzesek\/us-gaap-kepzesek\/bevezetes-a-us-gaap-be\/\"]}]},{\"@type\":\"BreadcrumbList\",\"@id\":\"https:\/\/bta.co.hu\/nyilt-kepzesek\/us-gaap-kepzesek\/bevezetes-a-us-gaap-be\/#breadcrumb\",\"itemListElement\":[{\"@type\":\"ListItem\",\"position\":1,\"name\":\"Kezd\u0151lap\",\"item\":\"https:\/\/bta.co.hu\/\"},{\"@type\":\"ListItem\",\"position\":2,\"name\":\"Ny\u00edlt k\u00e9pz\u00e9sek\",\"item\":\"https:\/\/bta.co.hu\/nyilt-kepzesek\/\"},{\"@type\":\"ListItem\",\"position\":3,\"name\":\"US GAAP k\u00e9pz\u00e9sek\",\"item\":\"https:\/\/bta.co.hu\/nyilt-kepzesek\/us-gaap-kepzesek\/\"},{\"@type\":\"ListItem\",\"position\":4,\"name\":\"Bevezet\u00e9s a US GAAP-be (2,5 nap)\"}]},{\"@type\":\"WebSite\",\"@id\":\"https:\/\/bta.co.hu\/#website\",\"url\":\"https:\/\/bta.co.hu\/\",\"name\":\"Business Training Associates\",\"description\":\"P\u00e9nz\u00fcgyi \u00e9s sz\u00e1mviteli k\u00e9pz\u00e9sek (ACCA, DipIFR, IFRS, USGAAP)\",\"potentialAction\":[{\"@type\":\"SearchAction\",\"target\":{\"@type\":\"EntryPoint\",\"urlTemplate\":\"https:\/\/bta.co.hu\/?s={search_term_string}\"},\"query-input\":{\"@type\":\"PropertyValueSpecification\",\"valueRequired\":true,\"valueName\":\"search_term_string\"}}],\"inLanguage\":\"hu\"}]}<\/script>\n<!-- \/ Yoast SEO plugin. -->","yoast_head_json":{"title":"US GAAP k\u00e9pz\u00e9s \u2013 Nemzetk\u00f6zi sz\u00e1mvitel alapok \u00e9s gyakorlat | BTA Kft.","description":"A 2,5 napos US GAAP k\u00e9pz\u00e9s sor\u00e1n megismerheti a nemzetk\u00f6zi sz\u00e1mvitel alapjait, a f\u0151 standardok alkalmaz\u00e1s\u00e1t \u00e9s a p\u00e9nz\u00fcgyi elsz\u00e1mol\u00e1sok gyakorlati k\u00e9rd\u00e9seit.","robots":{"index":"index","follow":"follow","max-snippet":"max-snippet:-1","max-image-preview":"max-image-preview:large","max-video-preview":"max-video-preview:-1"},"canonical":"https:\/\/bta.co.hu\/hu\/nyilt-kepzesek\/us-gaap-kepzesek\/bevezetes-a-us-gaap-be\/","og_locale":"hu_HU","og_type":"article","og_title":"US GAAP k\u00e9pz\u00e9s \u2013 Nemzetk\u00f6zi sz\u00e1mvitel alapok \u00e9s gyakorlat | BTA Kft.","og_description":"A 2,5 napos US GAAP k\u00e9pz\u00e9s sor\u00e1n megismerheti a nemzetk\u00f6zi sz\u00e1mvitel alapjait, a f\u0151 standardok alkalmaz\u00e1s\u00e1t \u00e9s a p\u00e9nz\u00fcgyi elsz\u00e1mol\u00e1sok gyakorlati k\u00e9rd\u00e9seit.","og_url":"https:\/\/bta.co.hu\/hu\/nyilt-kepzesek\/us-gaap-kepzesek\/bevezetes-a-us-gaap-be\/","og_site_name":"Business Training Associates","article_modified_time":"2026-04-20T11:07:29+00:00","twitter_card":"summary_large_image","twitter_misc":{"Becs\u00fclt olvas\u00e1si id\u0151":"2 perc"},"schema":{"@context":"https:\/\/schema.org","@graph":[{"@type":"WebPage","@id":"https:\/\/bta.co.hu\/nyilt-kepzesek\/us-gaap-kepzesek\/bevezetes-a-us-gaap-be\/","url":"https:\/\/bta.co.hu\/nyilt-kepzesek\/us-gaap-kepzesek\/bevezetes-a-us-gaap-be\/","name":"US GAAP k\u00e9pz\u00e9s \u2013 Nemzetk\u00f6zi sz\u00e1mvitel alapok \u00e9s gyakorlat | BTA Kft.","isPartOf":{"@id":"https:\/\/bta.co.hu\/#website"},"datePublished":"2022-01-17T21:28:24+00:00","dateModified":"2026-04-20T11:07:29+00:00","description":"A 2,5 napos US GAAP k\u00e9pz\u00e9s sor\u00e1n megismerheti a nemzetk\u00f6zi sz\u00e1mvitel alapjait, a f\u0151 standardok alkalmaz\u00e1s\u00e1t \u00e9s a p\u00e9nz\u00fcgyi elsz\u00e1mol\u00e1sok gyakorlati k\u00e9rd\u00e9seit.","breadcrumb":{"@id":"https:\/\/bta.co.hu\/nyilt-kepzesek\/us-gaap-kepzesek\/bevezetes-a-us-gaap-be\/#breadcrumb"},"inLanguage":"hu","potentialAction":[{"@type":"ReadAction","target":["https:\/\/bta.co.hu\/nyilt-kepzesek\/us-gaap-kepzesek\/bevezetes-a-us-gaap-be\/"]}]},{"@type":"BreadcrumbList","@id":"https:\/\/bta.co.hu\/nyilt-kepzesek\/us-gaap-kepzesek\/bevezetes-a-us-gaap-be\/#breadcrumb","itemListElement":[{"@type":"ListItem","position":1,"name":"Kezd\u0151lap","item":"https:\/\/bta.co.hu\/"},{"@type":"ListItem","position":2,"name":"Ny\u00edlt k\u00e9pz\u00e9sek","item":"https:\/\/bta.co.hu\/nyilt-kepzesek\/"},{"@type":"ListItem","position":3,"name":"US GAAP k\u00e9pz\u00e9sek","item":"https:\/\/bta.co.hu\/nyilt-kepzesek\/us-gaap-kepzesek\/"},{"@type":"ListItem","position":4,"name":"Bevezet\u00e9s a US GAAP-be (2,5 nap)"}]},{"@type":"WebSite","@id":"https:\/\/bta.co.hu\/#website","url":"https:\/\/bta.co.hu\/","name":"Business Training Associates","description":"P\u00e9nz\u00fcgyi \u00e9s sz\u00e1mviteli k\u00e9pz\u00e9sek (ACCA, DipIFR, IFRS, USGAAP)","potentialAction":[{"@type":"SearchAction","target":{"@type":"EntryPoint","urlTemplate":"https:\/\/bta.co.hu\/?s={search_term_string}"},"query-input":{"@type":"PropertyValueSpecification","valueRequired":true,"valueName":"search_term_string"}}],"inLanguage":"hu"}]}},"_links":{"self":[{"href":"https:\/\/bta.co.hu\/hu\/wp-json\/wp\/v2\/pages\/3262","targetHints":{"allow":["GET"]}}],"collection":[{"href":"https:\/\/bta.co.hu\/hu\/wp-json\/wp\/v2\/pages"}],"about":[{"href":"https:\/\/bta.co.hu\/hu\/wp-json\/wp\/v2\/types\/page"}],"author":[{"embeddable":true,"href":"https:\/\/bta.co.hu\/hu\/wp-json\/wp\/v2\/users\/1"}],"replies":[{"embeddable":true,"href":"https:\/\/bta.co.hu\/hu\/wp-json\/wp\/v2\/comments?post=3262"}],"version-history":[{"count":16,"href":"https:\/\/bta.co.hu\/hu\/wp-json\/wp\/v2\/pages\/3262\/revisions"}],"predecessor-version":[{"id":3951,"href":"https:\/\/bta.co.hu\/hu\/wp-json\/wp\/v2\/pages\/3262\/revisions\/3951"}],"up":[{"embeddable":true,"href":"https:\/\/bta.co.hu\/hu\/wp-json\/wp\/v2\/pages\/3598"}],"wp:attachment":[{"href":"https:\/\/bta.co.hu\/hu\/wp-json\/wp\/v2\/media?parent=3262"}],"curies":[{"name":"wp","href":"https:\/\/api.w.org\/{rel}","templated":true}]}}