{"id":3254,"date":"2022-01-17T21:21:07","date_gmt":"2022-01-17T21:21:07","guid":{"rendered":"https:\/\/bta.co.hu\/?page_id=3254"},"modified":"2025-06-26T13:35:52","modified_gmt":"2025-06-26T11:35:52","slug":"naprakesz-ifrs-ismeretek-tudasfrissites-es-aktualitasok-2-nap","status":"publish","type":"page","link":"https:\/\/bta.co.hu\/hu\/nyilt-kepzesek\/ifrs-kepzesek\/naprakesz-ifrs-ismeretek-tudasfrissites-es-aktualitasok-2-nap\/","title":{"rendered":"IFRS tud\u00e1sfriss\u00edt\u00e9s (2 nap)"},"content":{"rendered":"<div class=\"vc_row wpb_row vc_row-fluid\" ><div class=\"wpb_column vc_column_container vc_col-sm-12\"><div class=\"vc_column-inner\"><div class=\"wpb_wrapper\">\n\t<div class=\"wpb_text_column wpb_content_element \" >\n\t\t<div class=\"wpb_wrapper\">\n\t\t\t<div class=\"row\">\n<div class=\"span12\" data-motopress-type=\"static\" data-motopress-static-file=\"static\/static-title.php\"><\/div>\n<\/div>\n<div class=\"row\">\n<div id=\"content\" class=\"span9 right\" data-motopress-type=\"loop\" data-motopress-loop-file=\"loop\/loop-single-kvaliflap.php\">\n<article id=\"post-2382\" class=\"post__holder post-2382 nyiltkepzeslap type-nyiltkepzeslap status-publish has-post-thumbnail hentry taxnyiltkepzes-ifrs\"><span style=\"color: #800080;\"><strong><a style=\"color: #800080;\" href=\"https:\/\/bta.co.hu\/wp-content\/uploads\/2022\/01\/FINAL-Booking-Form-2021-HUN-ENG.pdf\" rel=\"attachment wp-att-4001\">Jelentkez\u00e9si lap let\u00f6lt\u00e9se ITT<\/a>.<\/strong><\/span><\/p>\n<h4><\/h4>\n<p><strong>ID\u0150PONT:\u00a0 2025. december 8-9.<\/strong><\/p>\n<p>&nbsp;<\/p>\n<h4><span style=\"color: #000000;\"><strong>A tanfolyam c\u00e9lja<\/strong><\/span><\/h4>\n<p>A k\u00e9tnapos k\u00e9pz\u00e9s sor\u00e1n \u00e1tfog\u00f3 \u00e1ttekint\u00e9st ny\u00fajtunk az <strong>IFRS legfontosabb<\/strong> standardjair\u00f3l<strong>, kiemelve a hazai szab\u00e1lyoz\u00e1sba is bel\u00e9p\u0151 halasztott ad\u00f3z\u00e1st, \u00e9s r\u00f6viden \u00f6sszefoglaljuk az IFRS-t \u00e9rint\u0151 f\u0151 v\u00e1ltoz\u00e1sokat.<\/strong><\/p>\n<h4><\/h4>\n<p>&nbsp;<\/p>\n<h4><span style=\"color: #000000;\"><strong>Kiknek aj\u00e1nljuk?<\/strong><\/span><\/h4>\n<ul>\n<li><span style=\"color: #000000;\">azoknak, akik kor\u00e1bban m\u00e1r v\u00e9geztek a Nemzetk\u00f6zi P\u00e9nz\u00fcgyi Besz\u00e1mol\u00e1si Standardokra vonatkoz\u00f3 tanulm\u00e1nyokat \u00e9s most szeretn\u00e9k a kor\u00e1bban megszerzett tud\u00e1st felfriss\u00edteni \u00e9s naprak\u00e9sz \u2013 az elm\u00falt \u00e9vekben bek\u00f6vetkezett v\u00e1ltoz\u00e1sokat t\u00fckr\u00f6z\u0151 \u2013 ismeretek birtok\u00e1ba jutni;<\/span><\/li>\n<li><span style=\"color: #000000;\">azoknak, akiknek munk\u00e1jukhoz k\u00f6t\u0151d\u0151en van IFRS ismerete, de szeretn\u00e9k azt konszolid\u00e1lni \u00e9s felfriss\u00edteni;<\/span><\/li>\n<li><span style=\"color: #000000;\">azoknak, akik a folyamatos szakmai fejl\u0151d\u00e9s keret\u00e9ben b\u0151v\u00edteni szeretn\u00e9k a nemzetk\u00f6zi sz\u00e1mvitelre vonatkoz\u00f3 ismereteiket;<\/span><\/li>\n<li><span style=\"color: #000000;\">azoknak, akik szakmai \u00e9rdekl\u0151d\u00e9sb\u0151l b\u0151v\u00edteni szeretn\u00e9k ismereteiket \u00e9s tudni szeretn\u00e9k mik a leg\u00fajabb trendek, mik lesznek v\u00e1rhat\u00f3an a legfontosabb j\u00f6v\u0151beli m\u00f3dos\u00edt\u00e1sok a Nemzetk\u00f6zi P\u00e9nz\u00fcgyi Besz\u00e1mol\u00e1si Standardokban.<\/span><\/li>\n<\/ul>\n<h4><\/h4>\n<p>&nbsp;<\/p>\n<h4><strong>A k\u00e9tnapos k\u00e9pz\u00e9s tematik\u00e1ja<\/strong><\/h4>\n<ul>\n<li>A befektetett nem p\u00e9nz\u00fcgyi eszk\u00f6z\u00f6kre vonatkoz\u00f3 szab\u00e1lyok \u00f6sszefoglal\u00e1sa (IAS 16, IAS 38, IAS 23, IAS 36, IFRS 5)<\/li>\n<li>A l\u00edzingek elsz\u00e1mol\u00e1sa az IFRS rendszer\u00e9ben (IFRS 16)<\/li>\n<li>A bev\u00e9telek elsz\u00e1mol\u00e1sa az IFRS rendszer\u00e9ben (IFRS 15)<\/li>\n<li>C\u00e9ltartal\u00e9kok, f\u00fcgg\u0151 k\u00f6telezetts\u00e9gek \u00e9s f\u00fcgg\u0151 k\u00f6vetel\u00e9sek<\/li>\n<li><strong>A halasztott ad\u00f3 m\u0171k\u00f6d\u00e9se<\/strong> \u2013 IAS 12 Nyeres\u00e9gad\u00f3k standard alapelveinek \u00f6sszefoglal\u00e1sa<\/li>\n<li><strong>IFRS 18 Bemutat\u00e1s \u00e9s k\u00f6zz\u00e9t\u00e9tel a p\u00e9nz\u00fcgyi besz\u00e1mol\u00f3ban standard r\u00f6vid ismertet\u00e9se<\/strong><\/li>\n<li>IFRS 19\u00a0<em>Le\u00e1nyv\u00e1llalatok nyilv\u00e1nos elsz\u00e1moltathat\u00f3s\u00e1g n\u00e9lk\u00fcl: k\u00f6zz\u00e9t\u00e9telek<\/em><\/li>\n<li>IFRS S1 \u00e9s S2<\/li>\n<\/ul>\n<h4><\/h4>\n<p>&nbsp;<\/p>\n<h4><span style=\"color: #000000;\"><strong>Oktat\u00f3k<\/strong><\/span><\/h4>\n<p><span style=\"color: #000000;\">Oktat\u00f3ink t\u00f6bb \u00e9ves, multinacion\u00e1lis c\u00e9gekn\u00e9l szerzett szakmai tapasztalattal \u00e9s a magyar piacon k\u00f6zel egy \u00e9vtizedes oktat\u00f3i referenci\u00e1val nem csup\u00e1n ter\u00fclet\u00fck, de a magyar feln\u0151ttk\u00e9pz\u00e9si piacnak is elismert szak\u00e9rt\u0151i. Az adott t\u00e9mak\u00f6r\u00f6kre vonatkoz\u00f3 helyi saj\u00e1toss\u00e1gokat is j\u00f3l ismerik, \u00e9s biztos\u00edthatjuk, hogy a di\u00e1kok sz\u00e1m\u00e1ra b\u00e1rmikor rendelkez\u00e9sre \u00e1llnak, ha szakmai seg\u00edts\u00e9gre van sz\u00fcks\u00e9g.<\/span><\/p>\n<h4><\/h4>\n<p>&nbsp;<\/p>\n<h4><span style=\"color: #000000;\"><strong>A tanfolyam d\u00e1tuma \u00e9s d\u00edja<\/strong><\/span><\/h4>\n<p><span style=\"color: #000000;\">A tanfolyam 2025. december 8-9-\u00e9n ker\u00fcl megrendez\u00e9sre.\u00a0 A tanfolyam d\u00edj\u00e1r\u00f3l \u00e9rdekl\u0151dj\u00f6n koll\u00e9g\u00e1nkn\u00e1l.<\/span><\/p>\n<p><span style=\"color: #000000;\">Tel: + 36 1 483 1221<\/span><br \/>\n<span style=\"color: #000000;\">Email: <a style=\"color: #000000;\" href=\"mailto:mariannehokky@bta.co.hu\">mariannehokky@bta.co.hu<\/a><\/span><\/p>\n<\/article>\n<\/div>\n<\/div>\n\n\t\t<\/div>\n\t<\/div>\n<\/div><\/div><\/div><\/div>\n","protected":false},"excerpt":{"rendered":"Jelentkez\u00e9si lap let\u00f6lt\u00e9se ITT. ID\u0150PONT:\u00a0 2025. december 8-9. &nbsp; A tanfolyam c\u00e9lja A k\u00e9tnapos k\u00e9pz\u00e9s sor\u00e1n \u00e1tfog\u00f3 \u00e1ttekint\u00e9st ny\u00fajtunk az IFRS legfontosabb standardjair\u00f3l, kiemelve a hazai szab\u00e1lyoz\u00e1sba is bel\u00e9p\u0151 halasztott ad\u00f3z\u00e1st, \u00e9s r\u00f6viden \u00f6sszefoglaljuk az IFRS-t \u00e9rint\u0151 f\u0151 v\u00e1ltoz\u00e1sokat. &nbsp; Kiknek aj\u00e1nljuk? azoknak, akik kor\u00e1bban m\u00e1r v\u00e9geztek a Nemzetk\u00f6zi P\u00e9nz\u00fcgyi Besz\u00e1mol\u00e1si Standardokra vonatkoz\u00f3 tanulm\u00e1nyokat \u00e9s most [...]","protected":false},"author":1,"featured_media":0,"parent":3248,"menu_order":0,"comment_status":"closed","ping_status":"closed","template":"","meta":{"_bbp_topic_count":0,"_bbp_reply_count":0,"_bbp_total_topic_count":0,"_bbp_total_reply_count":0,"_bbp_voice_count":0,"_bbp_anonymous_reply_count":0,"_bbp_topic_count_hidden":0,"_bbp_reply_count_hidden":0,"_bbp_forum_subforum_count":0,"footnotes":""},"class_list":["post-3254","page","type-page","status-publish","hentry"],"yoast_head":"<!-- This site is optimized with the Yoast SEO plugin v26.6 - https:\/\/yoast.com\/wordpress\/plugins\/seo\/ -->\n<title>IFRS tud\u00e1sfriss\u00edt\u00e9s (2 nap) - Business Training Associates<\/title>\n<meta name=\"robots\" content=\"index, follow, max-snippet:-1, max-image-preview:large, max-video-preview:-1\" \/>\n<link rel=\"canonical\" href=\"https:\/\/bta.co.hu\/hu\/nyilt-kepzesek\/ifrs-kepzesek\/naprakesz-ifrs-ismeretek-tudasfrissites-es-aktualitasok-2-nap\/\" \/>\n<meta property=\"og:locale\" content=\"hu_HU\" \/>\n<meta property=\"og:type\" content=\"article\" \/>\n<meta property=\"og:title\" content=\"IFRS tud\u00e1sfriss\u00edt\u00e9s (2 nap) - Business Training Associates\" \/>\n<meta property=\"og:url\" content=\"https:\/\/bta.co.hu\/hu\/nyilt-kepzesek\/ifrs-kepzesek\/naprakesz-ifrs-ismeretek-tudasfrissites-es-aktualitasok-2-nap\/\" \/>\n<meta property=\"og:site_name\" content=\"Business Training Associates\" \/>\n<meta property=\"article:modified_time\" content=\"2025-06-26T11:35:52+00:00\" \/>\n<meta name=\"twitter:card\" content=\"summary_large_image\" \/>\n<meta name=\"twitter:label1\" content=\"Becs\u00fclt olvas\u00e1si id\u0151\" \/>\n\t<meta name=\"twitter:data1\" content=\"2 perc\" \/>\n<script type=\"application\/ld+json\" class=\"yoast-schema-graph\">{\"@context\":\"https:\/\/schema.org\",\"@graph\":[{\"@type\":\"WebPage\",\"@id\":\"https:\/\/bta.co.hu\/nyilt-kepzesek\/ifrs-kepzesek\/naprakesz-ifrs-ismeretek-tudasfrissites-es-aktualitasok-2-nap\/\",\"url\":\"https:\/\/bta.co.hu\/nyilt-kepzesek\/ifrs-kepzesek\/naprakesz-ifrs-ismeretek-tudasfrissites-es-aktualitasok-2-nap\/\",\"name\":\"IFRS tud\u00e1sfriss\u00edt\u00e9s (2 nap) - Business Training Associates\",\"isPartOf\":{\"@id\":\"https:\/\/bta.co.hu\/#website\"},\"datePublished\":\"2022-01-17T21:21:07+00:00\",\"dateModified\":\"2025-06-26T11:35:52+00:00\",\"breadcrumb\":{\"@id\":\"https:\/\/bta.co.hu\/nyilt-kepzesek\/ifrs-kepzesek\/naprakesz-ifrs-ismeretek-tudasfrissites-es-aktualitasok-2-nap\/#breadcrumb\"},\"inLanguage\":\"hu\",\"potentialAction\":[{\"@type\":\"ReadAction\",\"target\":[\"https:\/\/bta.co.hu\/nyilt-kepzesek\/ifrs-kepzesek\/naprakesz-ifrs-ismeretek-tudasfrissites-es-aktualitasok-2-nap\/\"]}]},{\"@type\":\"BreadcrumbList\",\"@id\":\"https:\/\/bta.co.hu\/nyilt-kepzesek\/ifrs-kepzesek\/naprakesz-ifrs-ismeretek-tudasfrissites-es-aktualitasok-2-nap\/#breadcrumb\",\"itemListElement\":[{\"@type\":\"ListItem\",\"position\":1,\"name\":\"Kezd\u0151lap\",\"item\":\"https:\/\/bta.co.hu\/\"},{\"@type\":\"ListItem\",\"position\":2,\"name\":\"Ny\u00edlt k\u00e9pz\u00e9sek\",\"item\":\"https:\/\/bta.co.hu\/nyilt-kepzesek\/\"},{\"@type\":\"ListItem\",\"position\":3,\"name\":\"IFRS k\u00e9pz\u00e9sek\",\"item\":\"https:\/\/bta.co.hu\/nyilt-kepzesek\/ifrs-kepzesek\/\"},{\"@type\":\"ListItem\",\"position\":4,\"name\":\"IFRS tud\u00e1sfriss\u00edt\u00e9s (2 nap)\"}]},{\"@type\":\"WebSite\",\"@id\":\"https:\/\/bta.co.hu\/#website\",\"url\":\"https:\/\/bta.co.hu\/\",\"name\":\"Business Training Associates\",\"description\":\"P\u00e9nz\u00fcgyi \u00e9s sz\u00e1mviteli k\u00e9pz\u00e9sek (ACCA, DipIFR, IFRS, USGAAP)\",\"potentialAction\":[{\"@type\":\"SearchAction\",\"target\":{\"@type\":\"EntryPoint\",\"urlTemplate\":\"https:\/\/bta.co.hu\/?s={search_term_string}\"},\"query-input\":{\"@type\":\"PropertyValueSpecification\",\"valueRequired\":true,\"valueName\":\"search_term_string\"}}],\"inLanguage\":\"hu\"}]}<\/script>\n<!-- \/ Yoast SEO plugin. -->","yoast_head_json":{"title":"IFRS tud\u00e1sfriss\u00edt\u00e9s (2 nap) - Business Training Associates","robots":{"index":"index","follow":"follow","max-snippet":"max-snippet:-1","max-image-preview":"max-image-preview:large","max-video-preview":"max-video-preview:-1"},"canonical":"https:\/\/bta.co.hu\/hu\/nyilt-kepzesek\/ifrs-kepzesek\/naprakesz-ifrs-ismeretek-tudasfrissites-es-aktualitasok-2-nap\/","og_locale":"hu_HU","og_type":"article","og_title":"IFRS tud\u00e1sfriss\u00edt\u00e9s (2 nap) - Business Training Associates","og_url":"https:\/\/bta.co.hu\/hu\/nyilt-kepzesek\/ifrs-kepzesek\/naprakesz-ifrs-ismeretek-tudasfrissites-es-aktualitasok-2-nap\/","og_site_name":"Business Training Associates","article_modified_time":"2025-06-26T11:35:52+00:00","twitter_card":"summary_large_image","twitter_misc":{"Becs\u00fclt olvas\u00e1si id\u0151":"2 perc"},"schema":{"@context":"https:\/\/schema.org","@graph":[{"@type":"WebPage","@id":"https:\/\/bta.co.hu\/nyilt-kepzesek\/ifrs-kepzesek\/naprakesz-ifrs-ismeretek-tudasfrissites-es-aktualitasok-2-nap\/","url":"https:\/\/bta.co.hu\/nyilt-kepzesek\/ifrs-kepzesek\/naprakesz-ifrs-ismeretek-tudasfrissites-es-aktualitasok-2-nap\/","name":"IFRS tud\u00e1sfriss\u00edt\u00e9s (2 nap) - Business Training Associates","isPartOf":{"@id":"https:\/\/bta.co.hu\/#website"},"datePublished":"2022-01-17T21:21:07+00:00","dateModified":"2025-06-26T11:35:52+00:00","breadcrumb":{"@id":"https:\/\/bta.co.hu\/nyilt-kepzesek\/ifrs-kepzesek\/naprakesz-ifrs-ismeretek-tudasfrissites-es-aktualitasok-2-nap\/#breadcrumb"},"inLanguage":"hu","potentialAction":[{"@type":"ReadAction","target":["https:\/\/bta.co.hu\/nyilt-kepzesek\/ifrs-kepzesek\/naprakesz-ifrs-ismeretek-tudasfrissites-es-aktualitasok-2-nap\/"]}]},{"@type":"BreadcrumbList","@id":"https:\/\/bta.co.hu\/nyilt-kepzesek\/ifrs-kepzesek\/naprakesz-ifrs-ismeretek-tudasfrissites-es-aktualitasok-2-nap\/#breadcrumb","itemListElement":[{"@type":"ListItem","position":1,"name":"Kezd\u0151lap","item":"https:\/\/bta.co.hu\/"},{"@type":"ListItem","position":2,"name":"Ny\u00edlt k\u00e9pz\u00e9sek","item":"https:\/\/bta.co.hu\/nyilt-kepzesek\/"},{"@type":"ListItem","position":3,"name":"IFRS k\u00e9pz\u00e9sek","item":"https:\/\/bta.co.hu\/nyilt-kepzesek\/ifrs-kepzesek\/"},{"@type":"ListItem","position":4,"name":"IFRS tud\u00e1sfriss\u00edt\u00e9s (2 nap)"}]},{"@type":"WebSite","@id":"https:\/\/bta.co.hu\/#website","url":"https:\/\/bta.co.hu\/","name":"Business Training Associates","description":"P\u00e9nz\u00fcgyi \u00e9s sz\u00e1mviteli k\u00e9pz\u00e9sek (ACCA, DipIFR, IFRS, USGAAP)","potentialAction":[{"@type":"SearchAction","target":{"@type":"EntryPoint","urlTemplate":"https:\/\/bta.co.hu\/?s={search_term_string}"},"query-input":{"@type":"PropertyValueSpecification","valueRequired":true,"valueName":"search_term_string"}}],"inLanguage":"hu"}]}},"_links":{"self":[{"href":"https:\/\/bta.co.hu\/hu\/wp-json\/wp\/v2\/pages\/3254","targetHints":{"allow":["GET"]}}],"collection":[{"href":"https:\/\/bta.co.hu\/hu\/wp-json\/wp\/v2\/pages"}],"about":[{"href":"https:\/\/bta.co.hu\/hu\/wp-json\/wp\/v2\/types\/page"}],"author":[{"embeddable":true,"href":"https:\/\/bta.co.hu\/hu\/wp-json\/wp\/v2\/users\/1"}],"replies":[{"embeddable":true,"href":"https:\/\/bta.co.hu\/hu\/wp-json\/wp\/v2\/comments?post=3254"}],"version-history":[{"count":8,"href":"https:\/\/bta.co.hu\/hu\/wp-json\/wp\/v2\/pages\/3254\/revisions"}],"predecessor-version":[{"id":3892,"href":"https:\/\/bta.co.hu\/hu\/wp-json\/wp\/v2\/pages\/3254\/revisions\/3892"}],"up":[{"embeddable":true,"href":"https:\/\/bta.co.hu\/hu\/wp-json\/wp\/v2\/pages\/3248"}],"wp:attachment":[{"href":"https:\/\/bta.co.hu\/hu\/wp-json\/wp\/v2\/media?parent=3254"}],"curies":[{"name":"wp","href":"https:\/\/api.w.org\/{rel}","templated":true}]}}