{"id":3234,"date":"2022-01-16T22:33:26","date_gmt":"2022-01-16T22:33:26","guid":{"rendered":"https:\/\/bta.co.hu\/?page_id=3234"},"modified":"2026-04-20T13:01:54","modified_gmt":"2026-04-20T11:01:54","slug":"kepzesi-formak","status":"publish","type":"page","link":"https:\/\/bta.co.hu\/hu\/nemzetkozi-kvalifikaciok\/cima\/kepzesi-formak\/","title":{"rendered":"K\u00e9pz\u00e9si form\u00e1k"},"content":{"rendered":"<div class=\"vc_row wpb_row vc_row-fluid\" ><div class=\"wpb_column vc_column_container vc_col-sm-12\"><div class=\"vc_column-inner\"><div class=\"wpb_wrapper\">\n\t<div class=\"wpb_text_column wpb_content_element \" >\n\t\t<div class=\"wpb_wrapper\">\n\t\t\t<div class=\"row\">\n<div class=\"span12\" data-motopress-type=\"static\" data-motopress-static-file=\"static\/static-title.php\">\n<section class=\"title-section\">\n<h4 class=\"title-header\"><strong><span style=\"color: #000000;\">Tantermi k\u00e9pz\u00e9sek<\/span><\/strong><\/h4>\n<\/section>\n<\/div>\n<\/div>\n<div class=\"row\">\n<div id=\"content\" class=\"span9 right\" data-motopress-type=\"loop\" data-motopress-loop-file=\"loop\/loop-single-kvaliflap.php\">\n<article id=\"post-2218\" class=\"post__holder post-2218 kvaliflap type-kvaliflap status-publish has-post-thumbnail hentry kvalifikaciok-cima\">\n<div class=\"post_content\">\n<p><span style=\"color: #ff0000;\"><strong>Aktu\u00e1lis<\/strong>: Jelenleg minden tantermi oktat\u00e1sunk \u00fan. &#8222;online live&#8221; form\u00e1ban val\u00f3sul meg a Zoom applik\u00e1ci\u00f3 seg\u00edts\u00e9g\u00e9vel.<\/span><\/p>\n<p><span style=\"color: #000000;\">Tantermi k\u00e9pz\u00e9seink keret\u00e9ben di\u00e1kjaink meghat\u00e1rozott id\u0151pontban, c\u00e9g\u00fcnk oktat\u00e1si k\u00f6zpontj\u00e1ban vesznek r\u00e9szt interakt\u00edv tan\u00f3r\u00e1kon. A szak\u00e9rt\u0151 oktat\u00f3k \u00e1ltal ir\u00e1ny\u00edtott k\u00e9pz\u00e9seken r\u00e9sztvev\u0151ink folyamatos motiv\u00e1ci\u00f3ban \u00e9s t\u00e1mogat\u00e1sban r\u00e9szes\u00fclnek \u00e9s minden k\u00e9rd\u00e9s\u00fckre v\u00e1laszt kaphatnak.<\/span><\/p>\n<p><span style=\"color: #000000;\">A tantermi tanfolyamok kieg\u00e9sz\u00edt\u00e9sek\u00e9ppen ig\u00e9ny szerint el\u00e9rhet\u0151 <strong>online seg\u00e9danyaggal<\/strong>\u00a0(Enhanced Classroom*, \u201eECR\u201d) di\u00e1kjaink virtu\u00e1lis tantermi oktat\u00e1s form\u00e1j\u00e1ban az interneten kereszt\u00fcl b\u00e1rhol, b\u00e1rmikor, korl\u00e1tlanul el\u00e9rhetik a modulok teljes tananyag\u00e1t, bele\u00e9rtve az el\u0151ad\u00e1sokat, vizsga \u00f6sszefoglal\u00f3kat, interakt\u00edv feladatmegold\u00e1sokat \u00e9s pr\u00f3bavizsg\u00e1kat.<\/span><\/p>\n<p><span style=\"color: #000000;\">Oktat\u00f3ink a tan\u00f3r\u00e1kon k\u00edv\u00fcl is rendelkez\u00e9sre \u00e1llnak a teljes felk\u00e9sz\u00fcl\u00e9si id\u0151szak sor\u00e1n.<\/span><\/p>\n<p><span style=\"color: #000000;\">Tantermi k\u00e9pz\u00e9seink bevezet\u0151 (intro), vizsgafelk\u00e9sz\u00edt\u0151 (revision) \u00e9s a kett\u0151 kombin\u00e1ci\u00f3jak\u00e9nt \u00f6sszevont (integr\u00e1lt) form\u00e1ban is zajlanak. Tantermi k\u00e9pz\u00e9seink sor\u00e1n Tanfolyami jegyzetet\/tank\u00f6nyvet (Workbook) \u00e9s P\u00e9ldat\u00e1rat (Practice &amp; Revision Kit) biztos\u00edtunk nyomtatott form\u00e1ban.<\/span><br \/>\n<span style=\"color: #000000;\">* t\u00e9r\u00edt\u00e9s ellen\u00e9ben.<\/span><\/p>\n<h4><\/h4>\n<p>&nbsp;<\/p>\n<h4><strong><span style=\"color: #000000;\">Online k\u00e9pz\u00e9sek<\/span><\/strong><\/h4>\n<p><span style=\"color: #000000;\"><strong>Flexible Online Classroom (\u201eFlexible OCR\u201d)<\/strong><\/span><\/p>\n<p><span style=\"color: #000000;\">A program meghat\u00e1rozott id\u0151szakonk\u00e9nt indul egy bevezet\u0151 ir\u00e1nymutat\u00e1ssal, de a felk\u00e9sz\u00fcl\u00e9s ritmus\u00e1t a di\u00e1k hat\u00e1rozza meg. A tanul\u00e1s teljes m\u00e9rt\u00e9kben rugalmas: az oktat\u00e1si anyagok b\u00e1rmikor, b\u00e1rhonnan el\u00e9rhet\u0151ek az interneten kereszt\u00fcl. A di\u00e1k el\u0151rehalad\u00e1s\u00e1t a rendszer k\u00e9rd\u00e9sek \u00e9s tesztek seg\u00edts\u00e9g\u00e9vel folyamatosan \u00e9rt\u00e9keli \u00e9s ellen\u0151rzi (\u201eAchievement Ladder\u201d), \u00edgy biztos\u00edtva a tananyag-r\u00e9szek meg\u00e9rt\u00e9s\u00e9t \u00e9s r\u00f6gz\u00fcl\u00e9s\u00e9t, ez\u00e1ltal az optim\u00e1lis vizsgafelk\u00e9sz\u00fcl\u00e9st.<\/span><\/p>\n<p><span style=\"color: #000000;\">A di\u00e1kok egy sz\u00e1mukra allok\u00e1lt oktat\u00f3val, illetve virtu\u00e1lis oszt\u00e1lyt\u00e1rsaikkal folyamatos kapcsolatban \u00e1llnak, \u00edgy lehet\u0151s\u00e9g ny\u00edlik a k\u00e9rd\u00e9sek, megjegyz\u00e9sek folyamatos megoszt\u00e1s\u00e1ra, megv\u00e1laszol\u00e1s\u00e1ra. Az oktat\u00f3 rendszeresen \u00fczen a di\u00e1koknak, motiv\u00e1lja, ir\u00e1ny\u00edtja \u0151ket \u00e9s b\u00e1rmilyen k\u00e9rd\u00e9s eset\u00e9n rendelkez\u00e9sre \u00e1ll.<\/span><\/p>\n<p><span style=\"color: #000000;\">A tananyagok online, illetve ig\u00e9ny szerint, t\u00e9r\u00edt\u00e9s ellen\u00e9ben nyomtatott form\u00e1ban is el\u00e9rhet\u0151ek.<\/span><\/p>\n<p>&nbsp;<\/p>\n<p><span style=\"color: #000000;\"><strong>Online Classroom Live (\u201eOCR Live\u201d)<\/strong><\/span><\/p>\n<p><span style=\"color: #000000;\">A BPP d\u00edjnyertes OCR Live csomagja egyszerre biztos\u00edtja az online k\u00e9pz\u00e9s rugalmass\u00e1g\u00e1t \u00e9s a tantermi k\u00e9pz\u00e9s \u00e1ltal ny\u00fajtott rendszerezett \u00e9s motiv\u00e1l\u00f3 megk\u00f6zel\u00edt\u00e9st. Az oktat\u00e1s el\u0151re meghat\u00e1rozott id\u0151pontokban zajlik, Egyes\u00fclt-kir\u00e1lys\u00e1gbeli szak\u00e9rt\u0151 oktat\u00f3k \u00e9l\u00e9nk \u00e9s interakt\u00edv webin\u00e1rjainak a seg\u00edts\u00e9g\u00e9vel. A tanfolyamon elhangzottak r\u00f6gz\u00edt\u00e9sre ker\u00fclnek, \u00edgy b\u00e1rmikor \u00fajra meghallgathat\u00f3ak.<\/span><\/p>\n<p><span style=\"color: #000000;\">Az \u00e9l\u0151 webin\u00e1rok kieg\u00e9sz\u00edt\u00e9sek\u00e9ppen a di\u00e1kok hozz\u00e1f\u00e9r\u00e9st kapnak egy online tananyagcsomaghoz is, amely el\u0151ad\u00e1sokat, vizsga \u00f6sszefoglal\u00f3kat, feladatmegold\u00e1sokat \u00e9s pr\u00f3bavizsg\u00e1kat tartalmaz.<\/span><\/p>\n<p><span style=\"color: #000000;\">Az OCR Live tanfolyamokat bevezet\u0151 (\u201ctaught\u201d), vizsgafelk\u00e9sz\u00edt\u0151 (\u201crevision\u201d) \u00e9s integr\u00e1lt form\u00e1ban ny\u00fajtjuk.<\/span><\/p>\n<p><span style=\"color: #000000;\">A tananyagok online, illetve ig\u00e9ny szerint, t\u00e9r\u00edt\u00e9s ellen\u00e9ben, nyomtatott form\u00e1ban is el\u00e9rhet\u0151ek.<\/span><\/p>\n<p>&nbsp;<\/p>\n<p><span style=\"color: #000000;\"><strong>Kombin\u00e1lt (online \u00e9s tantermi, \u00fan. VEGYES \u201eBLENDED\u201d) k\u00e9pz\u00e9sek<\/strong><\/span><\/p>\n<p><span style=\"color: #000000;\">\u201cBlended \u201d tanfolyamaink az online tanfolyamok rugalmass\u00e1g\u00e1t \u00e9s a tantermi k\u00e9pz\u00e9sek hat\u00e9konys\u00e1g\u00e1t \u00f6tv\u00f6zik, di\u00e1kjaink sz\u00e1m\u00e1ra rendk\u00edv\u00fcl el\u0151ny\u00f6s megold\u00e1st k\u00edn\u00e1lva. A tananyaggal val\u00f3 megismerked\u00e9s elm\u00e9leti \u00e1ttekint\u00e9s form\u00e1j\u00e1ban OCR seg\u00edts\u00e9g\u00e9vel t\u00f6rt\u00e9nik a BPP vil\u00e1gszint\u0171 tanfolyami jegyzeteinek seg\u00edts\u00e9g\u00e9vel. A tanfolyam m\u00e1sodik r\u00e9sze \u2013 a <strong>vizsgafelk\u00e9sz\u00edt\u0151<\/strong> tanfolyam \u2013 m\u00e1r tantermi k\u00e9pz\u00e9s form\u00e1j\u00e1ba zajlik, \u00e9s teljes m\u00e9rt\u00e9kben a <strong>vizsga sikeres let\u00e9tel\u00e9re f\u00f3kusz\u00e1l<\/strong>. Ebben a f\u00e1zisban di\u00e1kjaink az oktat\u00f3 seg\u00edts\u00e9g\u00e9vel vizsga szint\u0171 p\u00e9ld\u00e1kat vezetnek le, valamint rendk\u00edv\u00fcl \u00e9rt\u00e9kes <strong>vizsgatechnikai tan\u00e1csokat<\/strong>, tippeket kapnak, amellyel biztos\u00edthatjuk az optim\u00e1lis felk\u00e9sz\u00fcl\u00e9st.<\/span><\/p>\n<\/div>\n<h4><\/h4>\n<div class=\"post_content\">\n<p>&nbsp;<\/p>\n<h4><span style=\"color: #000000;\"><strong>Tananyagok<\/strong><\/span><\/h4>\n<p><span style=\"color: #000000;\">A BPP Learning Media a szakmai vizsg\u00e1kra felk\u00e9sz\u00edt\u0151 tank\u00f6nyvek. piacvezet\u0151 kiad\u00f3ja. A BPP Professional Education sz\u00ednvonalas \u00e9s sikeres tanfolyamain is ezeket a tananyagokat haszn\u00e1lj\u00e1k.<\/span><\/p>\n<p>&nbsp;<\/p>\n<p><span style=\"color: #000000;\"><strong>Tank\u00f6nyv <\/strong>(Workbook) &#8211; ACCA, CIMA \u00e9s DipIFR vizsg\u00e1khoz &#8211; r\u00e9szletesen bemutatja a tananyagot, elemzi az \u00f6sszef\u00fcgg\u00e9seket \u00e9s vizsgak\u00e9rd\u00e9seket is tartalmaz.<\/span><\/p>\n<ul>\n<li><span style=\"color: #000000;\">Felhaszn\u00e1l\u00f3bar\u00e1t megjelen\u00e9s<\/span><\/li>\n<li><span style=\"color: #000000;\">Vizsg\u00e1ztat\u00f3 \u00e1ltal ellen\u0151rz\u00f6tt, a vizsg\u00e1ztatand\u00f3 ter\u00fcleteket c\u00e9lzottan lefed\u0151 fejezetek<\/span><\/li>\n<li><span style=\"color: #000000;\">K\u00f6nnyen \u00e1tl\u00e1that\u00f3, j\u00f3l struktur\u00e1lt<\/span><\/li>\n<li><span style=\"color: #000000;\">K\u00f6nnyed\u00e9n \u00e1tugorhatja azokat a r\u00e9szeket, melyeket m\u00e1r kor\u00e1bban megtanult<\/span><\/li>\n<li><span style=\"color: #000000;\">Tan\u00e1csok a vizsg\u00e1ztat\u00f3t\u00f3l<\/span><\/li>\n<li><span style=\"color: #000000;\">Ellen\u0151rizheti tud\u00e1s\u00e1t a gyakorl\u00f3 k\u00e9rd\u00e9sek, a fejezeteket lez\u00e1r\u00f3 \u00f6sszefoglal\u00f3k \u00e9s tesztek seg\u00edts\u00e9g\u00e9vel<\/span><\/li>\n<li><span style=\"color: #000000;\">P\u00e9ld\u00e1k a val\u00f3s \u00e9letb\u0151l<\/span><\/li>\n<li><span style=\"color: #000000;\">Vizsgafeladatok<\/span><\/li>\n<\/ul>\n<p>&nbsp;<\/p>\n<p><span style=\"color: #000000;\"><strong>P\u00e9ldat\u00e1r <\/strong>(Practice &amp; Revision Kit) &#8211; ACCA, CIMA \u00e9s DipIFR vizsg\u00e1khoz &#8211; elengedhetetlen seg\u00edts\u00e9get ny\u00fajt ahhoz, hogy az elm\u00e9letet gyakorlatba \u00fcltess\u00fck, \u00e9s ez\u00e1ltal kulcsfontoss\u00e1g\u00fa a sikeres vizsga let\u00e9tel\u00e9hez. Vizsgak\u00e9rd\u00e9seket, k\u00e9t pr\u00f3bavizsg\u00e1t \u00e9s \u00fatmutat\u00f3t tartalmaz a vizsg\u00e1khoz.<\/span><\/p>\n<ul>\n<li><span style=\"color: #000000;\">Az elm\u00falt id\u0151szak vizsgasorai a vizsg\u00e1ztat\u00f3 \u00e1ltal megadott hivatalos v\u00e1laszokkal\/megold\u00e1sokkal<\/span><\/li>\n<li><span style=\"color: #000000;\">Vizsgafeladatok megold\u00e1sokkal<\/span><\/li>\n<\/ul>\n<\/div>\n<\/article>\n<\/div>\n<\/div>\n\n\t\t<\/div>\n\t<\/div>\n<\/div><\/div><\/div><\/div>\n","protected":false},"excerpt":{"rendered":"Tantermi k\u00e9pz\u00e9sek Aktu\u00e1lis: Jelenleg minden tantermi oktat\u00e1sunk \u00fan. \"online live\" form\u00e1ban val\u00f3sul meg a Zoom applik\u00e1ci\u00f3 seg\u00edts\u00e9g\u00e9vel. Tantermi k\u00e9pz\u00e9seink keret\u00e9ben di\u00e1kjaink meghat\u00e1rozott id\u0151pontban, c\u00e9g\u00fcnk oktat\u00e1si k\u00f6zpontj\u00e1ban vesznek r\u00e9szt interakt\u00edv tan\u00f3r\u00e1kon. A szak\u00e9rt\u0151 oktat\u00f3k \u00e1ltal ir\u00e1ny\u00edtott k\u00e9pz\u00e9seken r\u00e9sztvev\u0151ink folyamatos motiv\u00e1ci\u00f3ban \u00e9s t\u00e1mogat\u00e1sban r\u00e9szes\u00fclnek \u00e9s minden k\u00e9rd\u00e9s\u00fckre v\u00e1laszt kaphatnak. A tantermi tanfolyamok kieg\u00e9sz\u00edt\u00e9sek\u00e9ppen ig\u00e9ny szerint el\u00e9rhet\u0151 online seg\u00e9danyaggal\u00a0(Enhanced [...]","protected":false},"author":1,"featured_media":0,"parent":3230,"menu_order":0,"comment_status":"closed","ping_status":"closed","template":"","meta":{"_bbp_topic_count":0,"_bbp_reply_count":0,"_bbp_total_topic_count":0,"_bbp_total_reply_count":0,"_bbp_voice_count":0,"_bbp_anonymous_reply_count":0,"_bbp_topic_count_hidden":0,"_bbp_reply_count_hidden":0,"_bbp_forum_subforum_count":0,"footnotes":""},"class_list":["post-3234","page","type-page","status-publish","hentry"],"yoast_head":"<!-- This site is optimized with the Yoast SEO plugin v26.6 - https:\/\/yoast.com\/wordpress\/plugins\/seo\/ -->\n<title>K\u00e9pz\u00e9si form\u00e1k - Business Training Associates<\/title>\n<meta name=\"description\" content=\"Rugalmas CIMA k\u00e9pz\u00e9si form\u00e1k: online \u00e9s tantermi oktat\u00e1s. Tanuljon saj\u00e1t temp\u00f3ban, szak\u00e9rt\u0151i t\u00e1mogat\u00e1ssal.\" \/>\n<meta name=\"robots\" content=\"index, follow, max-snippet:-1, max-image-preview:large, max-video-preview:-1\" \/>\n<link rel=\"canonical\" href=\"https:\/\/bta.co.hu\/hu\/nemzetkozi-kvalifikaciok\/cima\/kepzesi-formak\/\" \/>\n<meta property=\"og:locale\" content=\"hu_HU\" \/>\n<meta property=\"og:type\" content=\"article\" \/>\n<meta property=\"og:title\" content=\"K\u00e9pz\u00e9si form\u00e1k - Business Training Associates\" \/>\n<meta property=\"og:description\" content=\"Rugalmas CIMA k\u00e9pz\u00e9si form\u00e1k: online \u00e9s tantermi oktat\u00e1s. Tanuljon saj\u00e1t temp\u00f3ban, szak\u00e9rt\u0151i t\u00e1mogat\u00e1ssal.\" \/>\n<meta property=\"og:url\" content=\"https:\/\/bta.co.hu\/hu\/nemzetkozi-kvalifikaciok\/cima\/kepzesi-formak\/\" \/>\n<meta property=\"og:site_name\" content=\"Business Training Associates\" \/>\n<meta property=\"article:modified_time\" content=\"2026-04-20T11:01:54+00:00\" \/>\n<meta name=\"twitter:card\" content=\"summary_large_image\" \/>\n<meta name=\"twitter:label1\" content=\"Becs\u00fclt olvas\u00e1si id\u0151\" \/>\n\t<meta name=\"twitter:data1\" content=\"4 perc\" \/>\n<script type=\"application\/ld+json\" class=\"yoast-schema-graph\">{\"@context\":\"https:\/\/schema.org\",\"@graph\":[{\"@type\":\"WebPage\",\"@id\":\"https:\/\/bta.co.hu\/nemzetkozi-kvalifikaciok\/cima\/kepzesi-formak\/\",\"url\":\"https:\/\/bta.co.hu\/nemzetkozi-kvalifikaciok\/cima\/kepzesi-formak\/\",\"name\":\"K\u00e9pz\u00e9si form\u00e1k - Business Training Associates\",\"isPartOf\":{\"@id\":\"https:\/\/bta.co.hu\/#website\"},\"datePublished\":\"2022-01-16T22:33:26+00:00\",\"dateModified\":\"2026-04-20T11:01:54+00:00\",\"description\":\"Rugalmas CIMA k\u00e9pz\u00e9si form\u00e1k: online \u00e9s tantermi oktat\u00e1s. Tanuljon saj\u00e1t temp\u00f3ban, szak\u00e9rt\u0151i t\u00e1mogat\u00e1ssal.\",\"breadcrumb\":{\"@id\":\"https:\/\/bta.co.hu\/nemzetkozi-kvalifikaciok\/cima\/kepzesi-formak\/#breadcrumb\"},\"inLanguage\":\"hu\",\"potentialAction\":[{\"@type\":\"ReadAction\",\"target\":[\"https:\/\/bta.co.hu\/nemzetkozi-kvalifikaciok\/cima\/kepzesi-formak\/\"]}]},{\"@type\":\"BreadcrumbList\",\"@id\":\"https:\/\/bta.co.hu\/nemzetkozi-kvalifikaciok\/cima\/kepzesi-formak\/#breadcrumb\",\"itemListElement\":[{\"@type\":\"ListItem\",\"position\":1,\"name\":\"Kezd\u0151lap\",\"item\":\"https:\/\/bta.co.hu\/\"},{\"@type\":\"ListItem\",\"position\":2,\"name\":\"Nemzetk\u00f6zi kvalifik\u00e1ci\u00f3k\",\"item\":\"https:\/\/bta.co.hu\/nemzetkozi-kvalifikaciok\/\"},{\"@type\":\"ListItem\",\"position\":3,\"name\":\"CIMA\",\"item\":\"https:\/\/bta.co.hu\/nemzetkozi-kvalifikaciok\/cima\/\"},{\"@type\":\"ListItem\",\"position\":4,\"name\":\"K\u00e9pz\u00e9si form\u00e1k\"}]},{\"@type\":\"WebSite\",\"@id\":\"https:\/\/bta.co.hu\/#website\",\"url\":\"https:\/\/bta.co.hu\/\",\"name\":\"Business Training Associates\",\"description\":\"P\u00e9nz\u00fcgyi \u00e9s sz\u00e1mviteli k\u00e9pz\u00e9sek (ACCA, DipIFR, IFRS, USGAAP)\",\"potentialAction\":[{\"@type\":\"SearchAction\",\"target\":{\"@type\":\"EntryPoint\",\"urlTemplate\":\"https:\/\/bta.co.hu\/?s={search_term_string}\"},\"query-input\":{\"@type\":\"PropertyValueSpecification\",\"valueRequired\":true,\"valueName\":\"search_term_string\"}}],\"inLanguage\":\"hu\"}]}<\/script>\n<!-- \/ Yoast SEO plugin. -->","yoast_head_json":{"title":"K\u00e9pz\u00e9si form\u00e1k - Business Training Associates","description":"Rugalmas CIMA k\u00e9pz\u00e9si form\u00e1k: online \u00e9s tantermi oktat\u00e1s. Tanuljon saj\u00e1t temp\u00f3ban, szak\u00e9rt\u0151i t\u00e1mogat\u00e1ssal.","robots":{"index":"index","follow":"follow","max-snippet":"max-snippet:-1","max-image-preview":"max-image-preview:large","max-video-preview":"max-video-preview:-1"},"canonical":"https:\/\/bta.co.hu\/hu\/nemzetkozi-kvalifikaciok\/cima\/kepzesi-formak\/","og_locale":"hu_HU","og_type":"article","og_title":"K\u00e9pz\u00e9si form\u00e1k - Business Training Associates","og_description":"Rugalmas CIMA k\u00e9pz\u00e9si form\u00e1k: online \u00e9s tantermi oktat\u00e1s. Tanuljon saj\u00e1t temp\u00f3ban, szak\u00e9rt\u0151i t\u00e1mogat\u00e1ssal.","og_url":"https:\/\/bta.co.hu\/hu\/nemzetkozi-kvalifikaciok\/cima\/kepzesi-formak\/","og_site_name":"Business Training Associates","article_modified_time":"2026-04-20T11:01:54+00:00","twitter_card":"summary_large_image","twitter_misc":{"Becs\u00fclt olvas\u00e1si id\u0151":"4 perc"},"schema":{"@context":"https:\/\/schema.org","@graph":[{"@type":"WebPage","@id":"https:\/\/bta.co.hu\/nemzetkozi-kvalifikaciok\/cima\/kepzesi-formak\/","url":"https:\/\/bta.co.hu\/nemzetkozi-kvalifikaciok\/cima\/kepzesi-formak\/","name":"K\u00e9pz\u00e9si form\u00e1k - Business Training Associates","isPartOf":{"@id":"https:\/\/bta.co.hu\/#website"},"datePublished":"2022-01-16T22:33:26+00:00","dateModified":"2026-04-20T11:01:54+00:00","description":"Rugalmas CIMA k\u00e9pz\u00e9si form\u00e1k: online \u00e9s tantermi oktat\u00e1s. Tanuljon saj\u00e1t temp\u00f3ban, szak\u00e9rt\u0151i t\u00e1mogat\u00e1ssal.","breadcrumb":{"@id":"https:\/\/bta.co.hu\/nemzetkozi-kvalifikaciok\/cima\/kepzesi-formak\/#breadcrumb"},"inLanguage":"hu","potentialAction":[{"@type":"ReadAction","target":["https:\/\/bta.co.hu\/nemzetkozi-kvalifikaciok\/cima\/kepzesi-formak\/"]}]},{"@type":"BreadcrumbList","@id":"https:\/\/bta.co.hu\/nemzetkozi-kvalifikaciok\/cima\/kepzesi-formak\/#breadcrumb","itemListElement":[{"@type":"ListItem","position":1,"name":"Kezd\u0151lap","item":"https:\/\/bta.co.hu\/"},{"@type":"ListItem","position":2,"name":"Nemzetk\u00f6zi kvalifik\u00e1ci\u00f3k","item":"https:\/\/bta.co.hu\/nemzetkozi-kvalifikaciok\/"},{"@type":"ListItem","position":3,"name":"CIMA","item":"https:\/\/bta.co.hu\/nemzetkozi-kvalifikaciok\/cima\/"},{"@type":"ListItem","position":4,"name":"K\u00e9pz\u00e9si form\u00e1k"}]},{"@type":"WebSite","@id":"https:\/\/bta.co.hu\/#website","url":"https:\/\/bta.co.hu\/","name":"Business Training Associates","description":"P\u00e9nz\u00fcgyi \u00e9s sz\u00e1mviteli k\u00e9pz\u00e9sek (ACCA, DipIFR, IFRS, USGAAP)","potentialAction":[{"@type":"SearchAction","target":{"@type":"EntryPoint","urlTemplate":"https:\/\/bta.co.hu\/?s={search_term_string}"},"query-input":{"@type":"PropertyValueSpecification","valueRequired":true,"valueName":"search_term_string"}}],"inLanguage":"hu"}]}},"_links":{"self":[{"href":"https:\/\/bta.co.hu\/hu\/wp-json\/wp\/v2\/pages\/3234","targetHints":{"allow":["GET"]}}],"collection":[{"href":"https:\/\/bta.co.hu\/hu\/wp-json\/wp\/v2\/pages"}],"about":[{"href":"https:\/\/bta.co.hu\/hu\/wp-json\/wp\/v2\/types\/page"}],"author":[{"embeddable":true,"href":"https:\/\/bta.co.hu\/hu\/wp-json\/wp\/v2\/users\/1"}],"replies":[{"embeddable":true,"href":"https:\/\/bta.co.hu\/hu\/wp-json\/wp\/v2\/comments?post=3234"}],"version-history":[{"count":4,"href":"https:\/\/bta.co.hu\/hu\/wp-json\/wp\/v2\/pages\/3234\/revisions"}],"predecessor-version":[{"id":3658,"href":"https:\/\/bta.co.hu\/hu\/wp-json\/wp\/v2\/pages\/3234\/revisions\/3658"}],"up":[{"embeddable":true,"href":"https:\/\/bta.co.hu\/hu\/wp-json\/wp\/v2\/pages\/3230"}],"wp:attachment":[{"href":"https:\/\/bta.co.hu\/hu\/wp-json\/wp\/v2\/media?parent=3234"}],"curies":[{"name":"wp","href":"https:\/\/api.w.org\/{rel}","templated":true}]}}