{"id":3232,"date":"2022-01-16T22:32:15","date_gmt":"2022-01-16T22:32:15","guid":{"rendered":"https:\/\/bta.co.hu\/?page_id=3232"},"modified":"2026-04-20T13:00:59","modified_gmt":"2026-04-20T11:00:59","slug":"cima-tantargyak","status":"publish","type":"page","link":"https:\/\/bta.co.hu\/hu\/nemzetkozi-kvalifikaciok\/cima\/cima-tantargyak\/","title":{"rendered":"CIMA tant\u00e1rgyak"},"content":{"rendered":"<div class=\"vc_row wpb_row vc_row-fluid\" ><div class=\"wpb_column vc_column_container vc_col-sm-12\"><div class=\"vc_column-inner\"><div class=\"wpb_wrapper\">\n\t<div class=\"wpb_text_column wpb_content_element \" >\n\t\t<div class=\"wpb_wrapper\">\n\t\t\t<div class=\"row\">\n<div class=\"span12\" data-motopress-type=\"static\" data-motopress-static-file=\"static\/static-title.php\">\n<h4 class=\"title-section\"><strong>Tant\u00e1rgyak<\/strong><\/h4>\n<\/div>\n<\/div>\n\n\t\t<\/div>\n\t<\/div>\n\n\t<div  class=\"wpb_single_image wpb_content_element vc_align_left\">\n\t\t\n\t\t<figure class=\"wpb_wrapper vc_figure\">\n\t\t\t<a href=\"https:\/\/bta.co.hu\/wp-content\/uploads\/2022\/01\/The-CIMA-syllabus-3-pdf-724x1024.jpg\" target=\"_self\" class=\"vc_single_image-wrapper   vc_box_border_grey\"><img loading=\"lazy\" decoding=\"async\" width=\"212\" height=\"300\" src=\"https:\/\/bta.co.hu\/wp-content\/uploads\/2022\/01\/The-CIMA-syllabus-3-pdf-212x300.jpg\" class=\"vc_single_image-img attachment-medium\" alt=\"\" \/><\/a>\n\t\t<\/figure>\n\t<\/div>\n<\/div><\/div><\/div><\/div><div class=\"vc_row wpb_row vc_row-fluid\" ><div class=\"wpb_column vc_column_container vc_col-sm-12\"><div class=\"vc_column-inner\"><div class=\"wpb_wrapper\">\n\t<div class=\"wpb_text_column wpb_content_element \" >\n\t\t<div class=\"wpb_wrapper\">\n\t\t\t<div class=\"row\">\n<div class=\"span12\" data-motopress-type=\"static\" data-motopress-static-file=\"static\/static-title.php\"><\/div>\n<\/div>\n<div class=\"row\">\n<div id=\"content\" class=\"span9 right\" data-motopress-type=\"loop\" data-motopress-loop-file=\"loop\/loop-single-kvaliflap.php\">\n<article id=\"post-2219\" class=\"post__holder post-2219 kvaliflap type-kvaliflap status-publish has-post-thumbnail hentry kvalifikaciok-cima\">\n<div class=\"post_content\">\n<h4><span style=\"color: #000000;\"><strong>Milyen sorrendben kell a vizsg\u00e1kat letenni?<\/strong><\/span><\/h4>\n<p><span style=\"color: #000000;\"><strong>\u201cCertificate\u201d szint<\/strong><\/span><br \/>\n<span style=\"color: #000000;\">A 4 vizsga b\u00e1rmilyen sorrendben, b\u00e1rmikor letehet\u0151, a CIMA \u00e1ltal akkredit\u00e1lt sz\u00e1m\u00edt\u00f3g\u00e9pes vizsgak\u00f6zpontokban. A sikeres vizsg\u00e1hoz sz\u00fcks\u00e9ges pontsz\u00e1m: 50%. A \u201cCertificate\u201d szint sikeres befejez\u00e9se ut\u00e1n a di\u00e1kok a <strong>\u201cCIMA Certificate in Business Accounting\u201d oklevelet <\/strong>(CIMA Cert BA) kapj\u00e1k meg.<\/span><\/p>\n<\/div>\n<\/article>\n<p>&nbsp;<\/p>\n<article id=\"post-2219\" class=\"post__holder post-2219 kvaliflap type-kvaliflap status-publish has-post-thumbnail hentry kvalifikaciok-cima\">\n<div class=\"post_content\">\n<p><span style=\"color: #000000;\"><strong>&#8222;Operational&#8221; szint<\/strong><\/span><\/p>\n<p><span style=\"color: #000000;\">Ezen a szinten 3 tant\u00e1rgyb\u00f3l kell vizsg\u00e1t tenni. A h\u00e1rom sikeres vizsg\u00e1t k\u00f6vet\u0151en az &#8222;Operational Case Study Exam&#8221; integr\u00e1ltan ellen\u0151rzi, hogy siker\u00fclt-e elsaj\u00e1t\u00edtani ennek a szintnek a k\u00f6vetelm\u00e9nyeit.\u00a0 Mind a n\u00e9gy vizsga sikeres teljes\u00edt\u00e9sekor a di\u00e1kok a <strong>&#8222;CIMA Diploma in Management Accounting&#8221; oklevelet<\/strong> (CIMA Dip MA) kapj\u00e1k meg.\u00a0\u00a0<\/span><\/p>\n<p>&nbsp;<\/p>\n<p><span style=\"color: #000000;\"><strong>&#8222;Management&#8221; szint<\/strong><\/span><\/p>\n<p><span style=\"color: #000000;\">Hasonl\u00f3an m\u0171k\u00f6dik, mint az &#8222;Operational&#8221; szint, csak a 3 tant\u00e1rgy \u00e9s a &#8222;Case Study Exam&#8221; m\u00e1r magasabb szinten k\u00e9ri sz\u00e1mon a tudnival\u00f3kat (l\u00e1sd lent).\u00a0 A n\u00e9gy vizsga let\u00e9tele ut\u00e1n a di\u00e1kok a &#8222;CIMA Advanced Diploma in Management Accounting&#8221; oklevelet (CIMA Adv Dip MA) kapj\u00e1k meg.<\/span><\/p>\n<p>&nbsp;<\/p>\n<p><span style=\"color: #000000;\"><strong>\u201cStrategic\u201d szint<\/strong><\/span><br \/>\n<span style=\"color: #000000;\">Ennek a szintnek a fel\u00e9p\u00edt\u00e9se megegyezik az &#8222;Operational&#8221; \u00e9s a &#8222;Management&#8221; szintek\u00e9vel.\u00a0 <\/span><\/p>\n<p><span style=\"color: #000000;\">A n\u00e9gy vizsga let\u00e9tele \u00e9s a <strong>szakmai\/gyakorlati tapasztalat<\/strong> megszerz\u00e9se (<strong>Practical Experience Requirements &#8211; PER<\/strong>) ut\u00e1n a di\u00e1kok elnyerik a <strong>CIMA tags\u00e1got<\/strong> (Membership of the Chartered Institute of Management Accountancts &#8211; ACMA\/FCMA).<\/span><\/p>\n<p>&nbsp;<\/p>\n<p><span style=\"color: #000000;\">Az &#8222;Operational&#8221;, &#8222;Management&#8221; \u00e9s &#8222;Strategic&#8221; szint 3-3 vizsg\u00e1j\u00e1nak megnevez\u00e9se: objective test (r\u00f6vid feleletv\u00e1laszt\u00f3s \u00e9s sz\u00e1m\u00edt\u00e1sos tesztek kombin\u00e1ci\u00f3ja). Az egy adott szinten l\u00e9v\u0151 vizsg\u00e1k b\u00e1rmikor letehet\u0151ek, b\u00e1rmilyen sorrendben egy a CIMA \u00e1ltal akkredit\u00e1lt vizsgak\u00f6zpontban. A sikeres vizsg\u00e1hoz sz\u00fcks\u00e9ges pontsz\u00e1m: 70%.<\/span><\/p>\n<p>&nbsp;<\/p>\n<p><span style=\"color: #000000;\"><strong>Case Study Exam<\/strong>: minden a h\u00e1rom szinten a 3 \u201cobjective test\u201d vizsg\u00e1t k\u00f6vet\u0151en egy integr\u00e1lt esettanulm\u00e1nyra \u00e9p\u00fcl\u0151 vizsg\u00e1t kell tenni, amely az adott szinthez tartoz\u00f3 h\u00e1rom tant\u00e1rgy ismeretanyag\u00e1t haszn\u00e1lja f\u00f6l gyakorlat-orient\u00e1lt m\u00f3don. Az integr\u00e1lt esettanulm\u00e1nyt \u00e9vente n\u00e9gyszer vizsg\u00e1ztatj\u00e1k (febru\u00e1r, m\u00e1jus, augusztus \u00e9s november folyam\u00e1n egy meghat\u00e1rozott h\u00e9ten). A vizsga sz\u00e1m\u00edt\u00f3g\u00e9p alap\u00fa. Csak akkor lehet megk\u00eds\u00e9relni, ha az adott szinten l\u00e9v\u0151 h\u00e1rom \u201cobjective test\u201d vizsg\u00e1t sikeresen letett\u00e9k. Az integr\u00e1lt esettanulm\u00e1nyra \u00e9p\u00fcl\u0151 vizsga sikeres let\u00e9tel\u00e9hez sz\u00fcks\u00e9ges pontsz\u00e1m: 60%.<\/span><\/p>\n<\/div>\n<h4><\/h4>\n<div class=\"post_content\">\n<p>&nbsp;<\/p>\n<h4><span style=\"color: #000000;\"><strong>Milyen nyelven zajlanak a vizsg\u00e1k?<\/strong><\/span><\/h4>\n<p><span style=\"color: #000000;\">Az \u00f6sszes CIMA vizsga, \u00e9s ennek megfelel\u0151en a BTA \u00f6sszes CIMA <a style=\"color: #000000;\" href=\"http:\/\/bta.co.hu\/oktatasi-modszerek\/\">tanfolyama \u00e9s tananyaga<\/a> angol nyelv\u0171.<\/span><\/p>\n<\/div>\n<\/article>\n<h4><\/h4>\n<article id=\"post-2219\" class=\"post__holder post-2219 kvaliflap type-kvaliflap status-publish has-post-thumbnail hentry kvalifikaciok-cima\">\n<div class=\"post_content\">\n<p>&nbsp;<\/p>\n<h4><strong><span style=\"color: #000000;\">H\u00e1ny vizsg\u00e1t kell letenni?<\/span><\/strong><\/h4>\n<p><span style=\"color: #000000;\">Ha nem kap felment\u00e9st, \u00f6sszesen 16 vizsg\u00e1t kell letennie.<\/span><\/p>\n<\/div>\n<div class=\"post_content\">\n<p>&nbsp;<\/p>\n<h4><span style=\"color: #000000;\"><strong>Hogyan kaphat\u00f3 felment\u00e9s?<\/strong><\/span><\/h4>\n<p><span style=\"color: #000000;\">Kor\u00e1bban megszerzett v\u00e9gzetts\u00e9g(ek) alapj\u00e1n egyes CIMA vizsg\u00e1k al\u00f3l felment\u00e9st lehet ig\u00e9nyelni.<\/span><br \/>\n<span style=\"color: #000000;\"><span style=\"color: #800080;\"><strong><a style=\"color: #800080;\" href=\"http:\/\/www.cimaglobal.com\/Starting-CIMA\/Starting-CIMA\/Exemptions\/Exemption-Search\/\" target=\"_blank\" rel=\"noopener\">Ide kattintva<\/a> <\/strong><\/span>t\u00e1j\u00e9koz\u00f3dhat arr\u00f3l, hogy jogosult-e felment\u00e9sre.<\/span><br \/>\n<span style=\"color: #000000;\">Ha a felment\u00e9sekkel kapcsolatban b\u0151vebb inform\u00e1ci\u00f3ra van sz\u00fcks\u00e9ge, <strong><span style=\"color: #800080;\">keressen <a href=\"mailto:mariannehokky@bta.co.hu\">benn\u00fcnket<\/a><\/span><\/strong><span style=\"color: #800080;\">.<\/span><\/span><\/p>\n<\/div>\n<\/article>\n<h4><\/h4>\n<article id=\"post-2219\" class=\"post__holder post-2219 kvaliflap type-kvaliflap status-publish has-post-thumbnail hentry kvalifikaciok-cima\">\n<div class=\"post_content\">\n<p>&nbsp;<\/p>\n<h4><span style=\"color: #000000;\"><strong>Hogyan lehet vizsg\u00e1zni?<\/strong><\/span><\/h4>\n<p><span style=\"color: #000000;\">Az \u00f6sszes CIMA vizsga sz\u00e1m\u00edt\u00f3g\u00e9p alap\u00fa. A CIMA \u00e1ltal akkredit\u00e1lt sz\u00e1m\u00edt\u00f3g\u00e9pes vizsgak\u00f6zpontok list\u00e1ja\u00a0<span style=\"color: #800080;\"><strong><a style=\"color: #800080;\" href=\"https:\/\/www.cimaglobal.com\/Studying\/plan\/Scheduling-your-exam\/Exams-with-Pearson-VUE\/\">ezen a honlapon<\/a><\/strong><\/span>,\u00a0\u00a0a \u201cFind your nearest exam centre\u201d gombra kattintva \u00e9rhet\u0151 el.<\/span><\/p>\n<h4><\/h4>\n<p>&nbsp;<\/p>\n<h4><span style=\"color: #000000;\"><strong>CIMA regisztr\u00e1ci\u00f3<\/strong><\/span><\/h4>\n<p><span style=\"color: #000000;\">Ahhoz, hogy CIMA di\u00e1k legyen, el\u0151sz\u00f6r regisztr\u00e1lni kell a vizsg\u00e1ztat\u00f3 test\u00fcletn\u00e9l, a CIMA honlapj\u00e1n. R\u00e9szletes inform\u00e1ci\u00f3kat a sz\u00fcks\u00e9ges teend\u0151kr\u0151l a <strong><span style=\"color: #800080;\"><a style=\"color: #800080;\" href=\"http:\/\/www.cimaglobal.com\">www.cimaglobal.com<\/a> <\/span><\/strong>lapon tal\u00e1lhat.<\/span><br \/>\n<span style=\"color: #000000;\">K\u00e9rd\u00e9sek eset\u00e9n k\u00e9rj\u00fck <span style=\"color: #800080;\"><strong>keressen <a href=\"mailto:mariannehokky@bta.co.hu\">benn\u00fcnket<\/a>.<\/strong><\/span><\/span><\/p>\n<\/div>\n<\/article>\n<\/div>\n<\/div>\n\n\t\t<\/div>\n\t<\/div>\n<\/div><\/div><\/div><\/div>\n","protected":false},"excerpt":{"rendered":"Tant\u00e1rgyak Milyen sorrendben kell a vizsg\u00e1kat letenni? \u201cCertificate\u201d szint A 4 vizsga b\u00e1rmilyen sorrendben, b\u00e1rmikor letehet\u0151, a CIMA \u00e1ltal akkredit\u00e1lt sz\u00e1m\u00edt\u00f3g\u00e9pes vizsgak\u00f6zpontokban. A sikeres vizsg\u00e1hoz sz\u00fcks\u00e9ges pontsz\u00e1m: 50%. A \u201cCertificate\u201d szint sikeres befejez\u00e9se ut\u00e1n a di\u00e1kok a \u201cCIMA Certificate in Business Accounting\u201d oklevelet (CIMA Cert BA) kapj\u00e1k meg. &nbsp; \"Operational\" szint Ezen a szinten 3 tant\u00e1rgyb\u00f3l [...]","protected":false},"author":1,"featured_media":0,"parent":3230,"menu_order":0,"comment_status":"closed","ping_status":"closed","template":"","meta":{"_bbp_topic_count":0,"_bbp_reply_count":0,"_bbp_total_topic_count":0,"_bbp_total_reply_count":0,"_bbp_voice_count":0,"_bbp_anonymous_reply_count":0,"_bbp_topic_count_hidden":0,"_bbp_reply_count_hidden":0,"_bbp_forum_subforum_count":0,"footnotes":""},"class_list":["post-3232","page","type-page","status-publish","hentry"],"yoast_head":"<!-- This site is optimized with the Yoast SEO plugin v26.6 - https:\/\/yoast.com\/wordpress\/plugins\/seo\/ -->\n<title>CIMA tant\u00e1rgyak - Business Training Associates<\/title>\n<meta name=\"description\" content=\"Ismerje meg a CIMA tant\u00e1rgyakat \u00e9s modulokat! Struktur\u00e1lt tananyag \u00e9s c\u00e9lzott felk\u00e9sz\u00fcl\u00e9s a sikeres vizsg\u00e1khoz.\" \/>\n<meta name=\"robots\" content=\"index, follow, max-snippet:-1, max-image-preview:large, max-video-preview:-1\" \/>\n<link rel=\"canonical\" href=\"https:\/\/bta.co.hu\/hu\/nemzetkozi-kvalifikaciok\/cima\/cima-tantargyak\/\" \/>\n<meta property=\"og:locale\" content=\"hu_HU\" \/>\n<meta property=\"og:type\" content=\"article\" \/>\n<meta property=\"og:title\" content=\"CIMA tant\u00e1rgyak - Business Training Associates\" \/>\n<meta property=\"og:description\" content=\"Ismerje meg a CIMA tant\u00e1rgyakat \u00e9s modulokat! Struktur\u00e1lt tananyag \u00e9s c\u00e9lzott felk\u00e9sz\u00fcl\u00e9s a sikeres vizsg\u00e1khoz.\" \/>\n<meta property=\"og:url\" content=\"https:\/\/bta.co.hu\/hu\/nemzetkozi-kvalifikaciok\/cima\/cima-tantargyak\/\" \/>\n<meta property=\"og:site_name\" content=\"Business Training Associates\" \/>\n<meta property=\"article:modified_time\" content=\"2026-04-20T11:00:59+00:00\" \/>\n<meta name=\"twitter:card\" content=\"summary_large_image\" \/>\n<meta name=\"twitter:label1\" content=\"Becs\u00fclt olvas\u00e1si id\u0151\" \/>\n\t<meta name=\"twitter:data1\" content=\"3 perc\" \/>\n<script type=\"application\/ld+json\" class=\"yoast-schema-graph\">{\"@context\":\"https:\/\/schema.org\",\"@graph\":[{\"@type\":\"WebPage\",\"@id\":\"https:\/\/bta.co.hu\/nemzetkozi-kvalifikaciok\/cima\/cima-tantargyak\/\",\"url\":\"https:\/\/bta.co.hu\/nemzetkozi-kvalifikaciok\/cima\/cima-tantargyak\/\",\"name\":\"CIMA tant\u00e1rgyak - Business Training Associates\",\"isPartOf\":{\"@id\":\"https:\/\/bta.co.hu\/#website\"},\"datePublished\":\"2022-01-16T22:32:15+00:00\",\"dateModified\":\"2026-04-20T11:00:59+00:00\",\"description\":\"Ismerje meg a CIMA tant\u00e1rgyakat \u00e9s modulokat! Struktur\u00e1lt tananyag \u00e9s c\u00e9lzott felk\u00e9sz\u00fcl\u00e9s a sikeres vizsg\u00e1khoz.\",\"breadcrumb\":{\"@id\":\"https:\/\/bta.co.hu\/nemzetkozi-kvalifikaciok\/cima\/cima-tantargyak\/#breadcrumb\"},\"inLanguage\":\"hu\",\"potentialAction\":[{\"@type\":\"ReadAction\",\"target\":[\"https:\/\/bta.co.hu\/nemzetkozi-kvalifikaciok\/cima\/cima-tantargyak\/\"]}]},{\"@type\":\"BreadcrumbList\",\"@id\":\"https:\/\/bta.co.hu\/nemzetkozi-kvalifikaciok\/cima\/cima-tantargyak\/#breadcrumb\",\"itemListElement\":[{\"@type\":\"ListItem\",\"position\":1,\"name\":\"Kezd\u0151lap\",\"item\":\"https:\/\/bta.co.hu\/\"},{\"@type\":\"ListItem\",\"position\":2,\"name\":\"Nemzetk\u00f6zi kvalifik\u00e1ci\u00f3k\",\"item\":\"https:\/\/bta.co.hu\/nemzetkozi-kvalifikaciok\/\"},{\"@type\":\"ListItem\",\"position\":3,\"name\":\"CIMA\",\"item\":\"https:\/\/bta.co.hu\/nemzetkozi-kvalifikaciok\/cima\/\"},{\"@type\":\"ListItem\",\"position\":4,\"name\":\"CIMA tant\u00e1rgyak\"}]},{\"@type\":\"WebSite\",\"@id\":\"https:\/\/bta.co.hu\/#website\",\"url\":\"https:\/\/bta.co.hu\/\",\"name\":\"Business Training Associates\",\"description\":\"P\u00e9nz\u00fcgyi \u00e9s sz\u00e1mviteli k\u00e9pz\u00e9sek (ACCA, DipIFR, IFRS, USGAAP)\",\"potentialAction\":[{\"@type\":\"SearchAction\",\"target\":{\"@type\":\"EntryPoint\",\"urlTemplate\":\"https:\/\/bta.co.hu\/?s={search_term_string}\"},\"query-input\":{\"@type\":\"PropertyValueSpecification\",\"valueRequired\":true,\"valueName\":\"search_term_string\"}}],\"inLanguage\":\"hu\"}]}<\/script>\n<!-- \/ Yoast SEO plugin. -->","yoast_head_json":{"title":"CIMA tant\u00e1rgyak - Business Training Associates","description":"Ismerje meg a CIMA tant\u00e1rgyakat \u00e9s modulokat! Struktur\u00e1lt tananyag \u00e9s c\u00e9lzott felk\u00e9sz\u00fcl\u00e9s a sikeres vizsg\u00e1khoz.","robots":{"index":"index","follow":"follow","max-snippet":"max-snippet:-1","max-image-preview":"max-image-preview:large","max-video-preview":"max-video-preview:-1"},"canonical":"https:\/\/bta.co.hu\/hu\/nemzetkozi-kvalifikaciok\/cima\/cima-tantargyak\/","og_locale":"hu_HU","og_type":"article","og_title":"CIMA tant\u00e1rgyak - Business Training Associates","og_description":"Ismerje meg a CIMA tant\u00e1rgyakat \u00e9s modulokat! Struktur\u00e1lt tananyag \u00e9s c\u00e9lzott felk\u00e9sz\u00fcl\u00e9s a sikeres vizsg\u00e1khoz.","og_url":"https:\/\/bta.co.hu\/hu\/nemzetkozi-kvalifikaciok\/cima\/cima-tantargyak\/","og_site_name":"Business Training Associates","article_modified_time":"2026-04-20T11:00:59+00:00","twitter_card":"summary_large_image","twitter_misc":{"Becs\u00fclt olvas\u00e1si id\u0151":"3 perc"},"schema":{"@context":"https:\/\/schema.org","@graph":[{"@type":"WebPage","@id":"https:\/\/bta.co.hu\/nemzetkozi-kvalifikaciok\/cima\/cima-tantargyak\/","url":"https:\/\/bta.co.hu\/nemzetkozi-kvalifikaciok\/cima\/cima-tantargyak\/","name":"CIMA tant\u00e1rgyak - Business Training Associates","isPartOf":{"@id":"https:\/\/bta.co.hu\/#website"},"datePublished":"2022-01-16T22:32:15+00:00","dateModified":"2026-04-20T11:00:59+00:00","description":"Ismerje meg a CIMA tant\u00e1rgyakat \u00e9s modulokat! Struktur\u00e1lt tananyag \u00e9s c\u00e9lzott felk\u00e9sz\u00fcl\u00e9s a sikeres vizsg\u00e1khoz.","breadcrumb":{"@id":"https:\/\/bta.co.hu\/nemzetkozi-kvalifikaciok\/cima\/cima-tantargyak\/#breadcrumb"},"inLanguage":"hu","potentialAction":[{"@type":"ReadAction","target":["https:\/\/bta.co.hu\/nemzetkozi-kvalifikaciok\/cima\/cima-tantargyak\/"]}]},{"@type":"BreadcrumbList","@id":"https:\/\/bta.co.hu\/nemzetkozi-kvalifikaciok\/cima\/cima-tantargyak\/#breadcrumb","itemListElement":[{"@type":"ListItem","position":1,"name":"Kezd\u0151lap","item":"https:\/\/bta.co.hu\/"},{"@type":"ListItem","position":2,"name":"Nemzetk\u00f6zi kvalifik\u00e1ci\u00f3k","item":"https:\/\/bta.co.hu\/nemzetkozi-kvalifikaciok\/"},{"@type":"ListItem","position":3,"name":"CIMA","item":"https:\/\/bta.co.hu\/nemzetkozi-kvalifikaciok\/cima\/"},{"@type":"ListItem","position":4,"name":"CIMA tant\u00e1rgyak"}]},{"@type":"WebSite","@id":"https:\/\/bta.co.hu\/#website","url":"https:\/\/bta.co.hu\/","name":"Business Training Associates","description":"P\u00e9nz\u00fcgyi \u00e9s sz\u00e1mviteli k\u00e9pz\u00e9sek (ACCA, DipIFR, IFRS, USGAAP)","potentialAction":[{"@type":"SearchAction","target":{"@type":"EntryPoint","urlTemplate":"https:\/\/bta.co.hu\/?s={search_term_string}"},"query-input":{"@type":"PropertyValueSpecification","valueRequired":true,"valueName":"search_term_string"}}],"inLanguage":"hu"}]}},"_links":{"self":[{"href":"https:\/\/bta.co.hu\/hu\/wp-json\/wp\/v2\/pages\/3232","targetHints":{"allow":["GET"]}}],"collection":[{"href":"https:\/\/bta.co.hu\/hu\/wp-json\/wp\/v2\/pages"}],"about":[{"href":"https:\/\/bta.co.hu\/hu\/wp-json\/wp\/v2\/types\/page"}],"author":[{"embeddable":true,"href":"https:\/\/bta.co.hu\/hu\/wp-json\/wp\/v2\/users\/1"}],"replies":[{"embeddable":true,"href":"https:\/\/bta.co.hu\/hu\/wp-json\/wp\/v2\/comments?post=3232"}],"version-history":[{"count":7,"href":"https:\/\/bta.co.hu\/hu\/wp-json\/wp\/v2\/pages\/3232\/revisions"}],"predecessor-version":[{"id":3784,"href":"https:\/\/bta.co.hu\/hu\/wp-json\/wp\/v2\/pages\/3232\/revisions\/3784"}],"up":[{"embeddable":true,"href":"https:\/\/bta.co.hu\/hu\/wp-json\/wp\/v2\/pages\/3230"}],"wp:attachment":[{"href":"https:\/\/bta.co.hu\/hu\/wp-json\/wp\/v2\/media?parent=3232"}],"curies":[{"name":"wp","href":"https:\/\/api.w.org\/{rel}","templated":true}]}}