{"id":3230,"date":"2022-01-16T22:30:56","date_gmt":"2022-01-16T22:30:56","guid":{"rendered":"https:\/\/bta.co.hu\/?page_id=3230"},"modified":"2026-04-20T13:00:32","modified_gmt":"2026-04-20T11:00:32","slug":"cima","status":"publish","type":"page","link":"https:\/\/bta.co.hu\/hu\/nemzetkozi-kvalifikaciok\/cima\/","title":{"rendered":"CIMA"},"content":{"rendered":"<div class=\"vc_row wpb_row vc_row-fluid\" ><div class=\"wpb_column vc_column_container vc_col-sm-12\"><div class=\"vc_column-inner\"><div class=\"wpb_wrapper\">\n\t<div class=\"wpb_text_column wpb_content_element \" >\n\t\t<div class=\"wpb_wrapper\">\n\t\t\t<div class=\"row\">\n<div class=\"span12\" data-motopress-type=\"static\" data-motopress-static-file=\"static\/static-title.php\"><\/div>\n<\/div>\n<div class=\"row\">\n<div id=\"content\" class=\"span9 right\" data-motopress-type=\"loop\" data-motopress-loop-file=\"loop\/loop-single-kvaliflap.php\">\n<article id=\"post-2212\" class=\"post__holder post-2212 kvalifikacio type-kvalifikacio status-publish has-post-thumbnail hentry\">\n<div class=\"post_content\">\n<p><span style=\"color: #000000;\">A CIMA a vil\u00e1g legnagyobb, vezet\u0151i sz\u00e1mvitelre specializ\u00e1l\u00f3dott szakmai szervezete: 227,000 tagja van a vil\u00e1g 179 orsz\u00e1g\u00e1ban. A CIMA v\u00e9gzetts\u00e9g olyan sz\u00e1mviteli, p\u00e9nz\u00fcgyi \u00e9s vezet\u0151i k\u00e9szs\u00e9geket \u00e9s technik\u00e1kat fejleszt, amelyek egy sikeres v\u00e1llalkoz\u00e1s sz\u00e1m\u00e1ra n\u00e9lk\u00fcl\u00f6zhetetlenek.\u00a0CIMA v\u00e9gzetts\u00e9g\u0171 szakemberek a gazd\u00e1lkod\u00f3 szervezetek b\u00e1rmely vezet\u0151i poz\u00edci\u00f3j\u00e1ban meg\u00e1llj\u00e1k hely\u00fcket, mivel a kvalifik\u00e1ci\u00f3 megszerz\u00e9s\u00e9vel <strong>p\u00e9nz\u00fcgyi \u00e9s sz\u00e1mviteli tud\u00e1s mellett \u00e1tfog\u00f3 \u00fczleti, strat\u00e9giai \u00e9s menedzsment k\u00e9szs\u00e9gekre \u00e9s tud\u00e1sra tesznek szert<\/strong>.<\/span><\/p>\n<p><span style=\"color: #000000;\">C\u00e9g\u00fcnk szakmai \u00e9s oktat\u00f3i tapasztalat\u00e1val,\u00a0<u>vil\u00e1gsz\u00ednvonal\u00fa tananyagainkkal<\/u> \u00e9s <u>kiemelked\u0151 \u00fcgyf\u00e9lszolg\u00e1latunkkal<\/u> seg\u00edt\u00fcnk a <strong>vizsg\u00e1k sikeres let\u00e9tel\u00e9ben<\/strong>, di\u00e1kjaink <strong>szakmai karrierj\u00e9nek<\/strong> fejleszt\u00e9s\u00e9ben \u00e9s <strong>versenyk\u00e9pess\u00e9g\u00fck<\/strong> jav\u00edt\u00e1s\u00e1ban.<\/span><\/p>\n<\/div>\n<\/article>\n<h4><\/h4>\n<article id=\"post-2212\" class=\"post__holder post-2212 kvalifikacio type-kvalifikacio status-publish has-post-thumbnail hentry\">\n<div class=\"post_content\">\n<p>&nbsp;<\/p>\n<h4><strong><span style=\"color: #000000;\">Kiknek aj\u00e1nljuk a CIMA-t?<\/span><\/strong><\/h4>\n<p><span style=\"color: #000000;\">A CIMA azok sz\u00e1m\u00e1ra hasznos,<\/span><\/p>\n<ul>\n<li><span style=\"color: #000000;\">akik glob\u00e1lisan elismert, az \u00fczleti \u00e9let minden ter\u00fclet\u00e9n haszn\u00e1lhat\u00f3 v\u00e9gzetts\u00e9get szeretn\u00e9nek;<\/span><\/li>\n<li><span style=\"color: #000000;\">akik szeretn\u00e9nek a munk\u00e1juk sor\u00e1n azonnal alkalmazhat\u00f3, rendszerezett \u00e9s \u00e1tfog\u00f3 p\u00e9nz\u00fcgyi, sz\u00e1mviteli ismereteket szerezni, els\u0151dlegesen a v\u00e1llalati tervez\u00e9s, d\u00f6nt\u00e9shozatal, projektmenedzsment \u00e9s kock\u00e1zatkezel\u00e9s ter\u00fclet\u00e9n;<\/span><\/li>\n<li><span style=\"color: #000000;\">akik szeretn\u00e9k egy v\u00e1llalkoz\u00e1s teljes k\u00f6r\u0171 tev\u00e9kenys\u00e9g\u00e9t integr\u00e1ltan \u00e1tl\u00e1tni;<\/span><\/li>\n<li><span style=\"color: #000000;\">akik egy t\u00e1rsas\u00e1g fels\u0151 vezet\u0151j\u00e9v\u00e9 szeretn\u00e9nek v\u00e1lni, \u00e9s ehhez sz\u00fcks\u00e9ges egy \u00e1tfog\u00f3, hossz\u00fa t\u00e1v\u00fa szeml\u00e9let kialak\u00edt\u00e1sa, amellyel a v\u00e1llalati d\u00f6nt\u00e9shozatalt \u00e9s strat\u00e9gia kialak\u00edt\u00e1s\u00e1t seg\u00edtik;<\/span><\/li>\n<li><span style=\"color: #000000;\">akik sz\u00e1m\u00e1ra elengedhetetlen a magas sz\u00ednvonal\u00fa angol nyelv\u0171 szakmai kommunik\u00e1ci\u00f3 elsaj\u00e1t\u00edt\u00e1sa.<\/span><\/li>\n<\/ul>\n<h4><\/h4>\n<p>&nbsp;<\/p>\n<h4><span style=\"color: #000000;\"><strong>\u00c9rdekli a CIMA?<\/strong><\/span><\/h4>\n<p><span style=\"color: #000000;\">A <span style=\"color: #800080;\"><a style=\"color: #800080;\" href=\"https:\/\/bta.co.hu\/wp-content\/uploads\/2022\/01\/CIMA-kepzes-reszletei.pdf\"><strong>CIMA k\u00e9pz\u00e9s rendszer\u00e9r\u0151<span style=\"color: #800080;\">l<\/span><\/strong> ITT olvashat<\/a><\/span>.<\/span><\/p>\n<p><span style=\"color: #000000;\">A <a href=\"https:\/\/bta.co.hu\/wp-content\/uploads\/2022\/01\/CIMA_study-plan_2022.pdf\"><span style=\"color: #800080;\"><strong>CIMA k\u00e9pz\u00e9s k\u00f6lts\u00e9geir\u0151l<\/strong><\/span> ITT t\u00e1j\u00e9koz\u00f3dhat<\/a>.<\/span><\/p>\n<p><span style=\"color: #000000;\">Ha k\u00e9rd\u00e9se van, vegye fel a kapcsolatot <strong><a href=\"mailto:mariannehokky@bta.co.hu\">vel\u00fcnk<\/a><\/strong>.<\/span><\/p>\n<\/div>\n<h4><\/h4>\n<p>&nbsp;<\/p>\n<h4><strong>A tanul\u00e1s \u00faj dimenzi\u00f3ja \u2013 BPP MOMENTUM<\/strong><\/h4>\n<p class=\"post_content\"><span style=\"color: #000000;\">A BPP Momentum egy forradalmian \u00faj tanul\u00e1si \u00e9s oktat\u00e1si m\u00f3dszert jelent. Az \u00faj m\u00f3dszer alapja annak felismer\u00e9se, hogy mindannyian k\u00fcl\u00f6nb\u00f6z\u0151ek vagyunk \u00e9s k\u00fcl\u00f6nb\u00f6z\u0151 m\u00f3don szeret\u00fcnk \u00e9s tudunk tanulni. A BPP Momentum <strong>rugalmass\u00e1got, di\u00e1kjaink szem\u00e9lyes ig\u00e9ny\u00e9hez igaz\u00edtott interakt\u00edv oktat\u00e1si m\u00f3dszert, t\u00f6bb t\u00e1mogat\u00e1st \u00e9s ennek megfelel\u0151en t\u00f6bb hozz\u00e1adott \u00e9rt\u00e9ket \u00e9s \u00f6nbizalmat ny\u00fajt<\/strong>. A BPP Momentum f\u00f3kusz\u00e1ban a kompetencia-alap\u00fa tanul\u00e1s \u00e1ll \u2013 vagyis a tud\u00e1s gyakorl\u00e1s \u00fatj\u00e1n t\u00f6rt\u00e9n\u0151 elsaj\u00e1t\u00edt\u00e1sa. Ennek els\u0151 szakasza az <strong>ismeretek fokozatos megszerz\u00e9se, majd gyakorl\u00e1s \u00e9s legv\u00e9g\u00fcl a tud\u00e1s tesztel\u00e9se<\/strong> k\u00f6vetkezik. A tud\u00e1sanyag be\u00e9p\u00fcl\u00e9s\u00e9t folyamatosan ellen\u0151rz\u0151 intelligens rendszer (Achievement Ladder) seg\u00edts\u00e9g\u00e9vel di\u00e1kjaink sz\u00e1m\u00e1ra marad\u00e9ktalanul biztos\u00edtjuk a vizsga sikeres let\u00e9tel\u00e9hez sz\u00fcks\u00e9ges kompetenci\u00e1k megszerz\u00e9s\u00e9t. B\u00e1rmelyik szinten tanul, b\u00e1rmely <a style=\"color: #000000;\" href=\"http:\/\/bta.co.hu\/oktatasi-modszerek\/\">k\u00e9pz\u00e9si form\u00e1nkat<\/a> v\u00e1lasztja, a BPP Momentum seg\u00edts\u00e9g\u00e9vel a tanul\u00e1s \u00e9lm\u00e9nny\u00e9 v\u00e1lik.<\/span><\/p>\n<h4><\/h4>\n<\/article>\n<\/div>\n<\/div>\n<h4><\/h4>\n<div class=\"row\">\n<div id=\"content\" class=\"span9 right\" data-motopress-type=\"loop\" data-motopress-loop-file=\"loop\/loop-single-kvaliflap.php\">\n<h3 class=\"post_content\"><\/h3>\n<\/div>\n<\/div>\n\n\t\t<\/div>\n\t<\/div>\n<div class=\"vc_empty_space\"   style=\"height: 32px\"><span class=\"vc_empty_space_inner\"><\/span><\/div>\n\t<div class=\"wpb_text_column wpb_content_element \" >\n\t\t<div class=\"wpb_wrapper\">\n\t\t\t<h3><span style=\"color: #000000;\"><strong>Tov\u00e1bbi inform\u00e1ci\u00f3k<\/strong><\/span><\/h3>\n\n\t\t<\/div>\n\t<\/div>\n<div class=\"vc_empty_space\"   style=\"height: 32px\"><span class=\"vc_empty_space_inner\"><\/span><\/div><\/div><\/div><\/div><\/div><div class=\"vc_row wpb_row vc_row-fluid\" ><div class=\"wpb_column vc_column_container vc_col-sm-12\"><div class=\"vc_column-inner\"><div class=\"wpb_wrapper\"><div class=\"eltdf-elements-holder   eltdf-two-columns  eltdf-responsive-mode-768   \" ><div class=\"eltdf-eh-item     \" style=\"background-color: #ff1949\" data-item-class=\"eltdf-eh-custom-8694\" data-1367-1600=\"60px 17% 75px 20%\" data-1025-1366=\"50px 16% 65px 18%\" data-769-1024=\"45px 6% 58px 11%\" data-681-768=\"70px 28% 85px 45px\" data-680=\"40px 10% 55px 20px\">\n\t<div class=\"eltdf-eh-item-inner\">\n\t\t<div class=\"eltdf-eh-item-content eltdf-eh-custom-8694\" >\n\t\t\t\n\t<div class=\"wpb_text_column wpb_content_element \" >\n\t\t<div class=\"wpb_wrapper\">\n\t\t\t<h4><span style=\"color: #000000;\">CIMA tant\u00e1rgyak<\/span><\/h4>\n\n\t\t<\/div>\n\t<\/div>\n<div class=\"vc_empty_space\"   style=\"height: 26px\"><span class=\"vc_empty_space_inner\"><\/span><\/div><a itemprop=\"url\" href=\"https:\/\/bta.co.hu\/nemzetkozi-kvalifikaciok\/cima\/cima-tantargyak\/\" target=\"_self\"  class=\"eltdf-btn eltdf-btn-medium eltdf-btn-simple eltdf-btn-arrow\"  >\n    <span class=\"eltdf-btn-text\">R\u00e9szletek<\/span>\n    <\/a>\t\t<\/div>\n\t<\/div>\n<\/div><div class=\"eltdf-eh-item     \" style=\"background-image: url(https:\/\/bta.co.hu\/wp-content\/uploads\/2018\/07\/events-img-2.jpg)\" data-item-class=\"eltdf-eh-custom-7182\">\n\t<div class=\"eltdf-eh-item-inner\">\n\t\t<div class=\"eltdf-eh-item-content eltdf-eh-custom-7182\" >\n\t\t\t\t\t<\/div>\n\t<\/div>\n<\/div><\/div><\/div><\/div><\/div><\/div><div class=\"vc_row wpb_row vc_row-fluid\" ><div class=\"wpb_column vc_column_container vc_col-sm-12\"><div class=\"vc_column-inner\"><div class=\"wpb_wrapper\"><div class=\"eltdf-elements-holder   eltdf-two-columns  eltdf-responsive-mode-768   \" ><div class=\"eltdf-eh-item     \" style=\"background-image: url(https:\/\/bta.co.hu\/wp-content\/uploads\/2018\/07\/ABCD_event-slike-02.jpg)\" data-item-class=\"eltdf-eh-custom-5407\">\n\t<div class=\"eltdf-eh-item-inner\">\n\t\t<div class=\"eltdf-eh-item-content eltdf-eh-custom-5407\" >\n\t\t\t\t\t<\/div>\n\t<\/div>\n<\/div><div class=\"eltdf-eh-item     \" style=\"background-color: #ff1949\" data-item-class=\"eltdf-eh-custom-9123\" data-1367-1600=\"60px 17% 75px 20%\" data-1025-1366=\"50px 16% 65px 18%\" data-769-1024=\"45px 6% 58px 11%\" data-681-768=\"70px 28% 85px 45px\" data-680=\"40px 10% 55px 20px\">\n\t<div class=\"eltdf-eh-item-inner\">\n\t\t<div class=\"eltdf-eh-item-content eltdf-eh-custom-9123\" >\n\t\t\t\n\t<div class=\"wpb_text_column wpb_content_element \" >\n\t\t<div class=\"wpb_wrapper\">\n\t\t\t<h4><span style=\"color: #000000;\">K\u00e9pz\u00e9si form\u00e1k<\/span><\/h4>\n\n\t\t<\/div>\n\t<\/div>\n<div class=\"vc_empty_space\"   style=\"height: 26px\"><span class=\"vc_empty_space_inner\"><\/span><\/div><a itemprop=\"url\" href=\"https:\/\/bta.co.hu\/nemzetkozi-kvalifikaciok\/cima\/kepzesi-formak\/\" target=\"_self\"  class=\"eltdf-btn eltdf-btn-medium eltdf-btn-simple eltdf-btn-arrow\"  >\n    <span class=\"eltdf-btn-text\">R\u00e9szletek<\/span>\n    <\/a>\t\t<\/div>\n\t<\/div>\n<\/div><\/div><\/div><\/div><\/div><\/div><div class=\"vc_row wpb_row vc_row-fluid\" ><div class=\"wpb_column vc_column_container vc_col-sm-12\"><div class=\"vc_column-inner\"><div class=\"wpb_wrapper\"><div class=\"eltdf-elements-holder   eltdf-two-columns  eltdf-responsive-mode-768   \" ><div class=\"eltdf-eh-item     \" style=\"background-color: #ff1949\" data-item-class=\"eltdf-eh-custom-2243\" data-1367-1600=\"60px 17% 75px 20%\" data-1025-1366=\"50px 16% 65px 18%\" data-769-1024=\"45px 6% 58px 11%\" data-681-768=\"70px 28% 85px 45px\" data-680=\"40px 10% 55px 20px\">\n\t<div class=\"eltdf-eh-item-inner\">\n\t\t<div class=\"eltdf-eh-item-content eltdf-eh-custom-2243\" >\n\t\t\t\n\t<div class=\"wpb_text_column wpb_content_element \" >\n\t\t<div class=\"wpb_wrapper\">\n\t\t\t<h4><span style=\"color: #000000;\">D\u00e1tumok \u00e9s \u00e1rak<\/span><\/h4>\n\n\t\t<\/div>\n\t<\/div>\n<div class=\"vc_empty_space\"   style=\"height: 26px\"><span class=\"vc_empty_space_inner\"><\/span><\/div><a itemprop=\"url\" href=\"https:\/\/bta.co.hu\/nemzetkozi-kvalifikaciok\/cima\/datumok-es-arak\/\" target=\"_self\"  class=\"eltdf-btn eltdf-btn-medium eltdf-btn-simple eltdf-btn-arrow\"  >\n    <span class=\"eltdf-btn-text\">R\u00e9szletek<\/span>\n    <\/a>\t\t<\/div>\n\t<\/div>\n<\/div><div class=\"eltdf-eh-item     \" style=\"background-image: url(https:\/\/bta.co.hu\/wp-content\/uploads\/2018\/07\/landing-img-2.jpg)\" data-item-class=\"eltdf-eh-custom-1375\">\n\t<div class=\"eltdf-eh-item-inner\">\n\t\t<div class=\"eltdf-eh-item-content eltdf-eh-custom-1375\" >\n\t\t\t\t\t<\/div>\n\t<\/div>\n<\/div><\/div><\/div><\/div><\/div><\/div>\n","protected":false},"excerpt":{"rendered":"A CIMA a vil\u00e1g legnagyobb, vezet\u0151i sz\u00e1mvitelre specializ\u00e1l\u00f3dott szakmai szervezete: 227,000 tagja van a vil\u00e1g 179 orsz\u00e1g\u00e1ban. A CIMA v\u00e9gzetts\u00e9g olyan sz\u00e1mviteli, p\u00e9nz\u00fcgyi \u00e9s vezet\u0151i k\u00e9szs\u00e9geket \u00e9s technik\u00e1kat fejleszt, amelyek egy sikeres v\u00e1llalkoz\u00e1s sz\u00e1m\u00e1ra n\u00e9lk\u00fcl\u00f6zhetetlenek.\u00a0CIMA v\u00e9gzetts\u00e9g\u0171 szakemberek a gazd\u00e1lkod\u00f3 szervezetek b\u00e1rmely vezet\u0151i poz\u00edci\u00f3j\u00e1ban meg\u00e1llj\u00e1k hely\u00fcket, mivel a kvalifik\u00e1ci\u00f3 megszerz\u00e9s\u00e9vel p\u00e9nz\u00fcgyi \u00e9s sz\u00e1mviteli tud\u00e1s mellett \u00e1tfog\u00f3 \u00fczleti, [...]","protected":false},"author":1,"featured_media":0,"parent":3219,"menu_order":0,"comment_status":"closed","ping_status":"closed","template":"","meta":{"_bbp_topic_count":0,"_bbp_reply_count":0,"_bbp_total_topic_count":0,"_bbp_total_reply_count":0,"_bbp_voice_count":0,"_bbp_anonymous_reply_count":0,"_bbp_topic_count_hidden":0,"_bbp_reply_count_hidden":0,"_bbp_forum_subforum_count":0,"footnotes":""},"class_list":["post-3230","page","type-page","status-publish","hentry"],"yoast_head":"<!-- This site is optimized with the Yoast SEO plugin v26.6 - https:\/\/yoast.com\/wordpress\/plugins\/seo\/ -->\n<title>CIMA - Business Training Associates<\/title>\n<meta name=\"description\" content=\"CIMA k\u00e9pz\u00e9sek a vezet\u0151i sz\u00e1mvitel ter\u00fclet\u00e9n. Nemzetk\u00f6zi k\u00e9pes\u00edt\u00e9s, gyakorlati tud\u00e1s \u00e9s karrier\u00e9p\u00edt\u00e9si lehet\u0151s\u00e9gek.\" \/>\n<meta name=\"robots\" content=\"index, follow, max-snippet:-1, max-image-preview:large, max-video-preview:-1\" \/>\n<link rel=\"canonical\" href=\"https:\/\/bta.co.hu\/hu\/nemzetkozi-kvalifikaciok\/cima\/\" \/>\n<meta property=\"og:locale\" content=\"hu_HU\" \/>\n<meta property=\"og:type\" content=\"article\" \/>\n<meta property=\"og:title\" content=\"CIMA - Business Training Associates\" \/>\n<meta property=\"og:description\" content=\"CIMA k\u00e9pz\u00e9sek a vezet\u0151i sz\u00e1mvitel ter\u00fclet\u00e9n. Nemzetk\u00f6zi k\u00e9pes\u00edt\u00e9s, gyakorlati tud\u00e1s \u00e9s karrier\u00e9p\u00edt\u00e9si lehet\u0151s\u00e9gek.\" \/>\n<meta property=\"og:url\" content=\"https:\/\/bta.co.hu\/hu\/nemzetkozi-kvalifikaciok\/cima\/\" \/>\n<meta property=\"og:site_name\" content=\"Business Training Associates\" \/>\n<meta property=\"article:modified_time\" content=\"2026-04-20T11:00:32+00:00\" \/>\n<meta name=\"twitter:card\" content=\"summary_large_image\" \/>\n<meta name=\"twitter:label1\" content=\"Becs\u00fclt olvas\u00e1si id\u0151\" \/>\n\t<meta name=\"twitter:data1\" content=\"3 perc\" \/>\n<script type=\"application\/ld+json\" class=\"yoast-schema-graph\">{\"@context\":\"https:\/\/schema.org\",\"@graph\":[{\"@type\":\"WebPage\",\"@id\":\"https:\/\/bta.co.hu\/nemzetkozi-kvalifikaciok\/cima\/\",\"url\":\"https:\/\/bta.co.hu\/nemzetkozi-kvalifikaciok\/cima\/\",\"name\":\"CIMA - Business Training Associates\",\"isPartOf\":{\"@id\":\"https:\/\/bta.co.hu\/#website\"},\"datePublished\":\"2022-01-16T22:30:56+00:00\",\"dateModified\":\"2026-04-20T11:00:32+00:00\",\"description\":\"CIMA k\u00e9pz\u00e9sek a vezet\u0151i sz\u00e1mvitel ter\u00fclet\u00e9n. Nemzetk\u00f6zi k\u00e9pes\u00edt\u00e9s, gyakorlati tud\u00e1s \u00e9s karrier\u00e9p\u00edt\u00e9si lehet\u0151s\u00e9gek.\",\"breadcrumb\":{\"@id\":\"https:\/\/bta.co.hu\/nemzetkozi-kvalifikaciok\/cima\/#breadcrumb\"},\"inLanguage\":\"hu\",\"potentialAction\":[{\"@type\":\"ReadAction\",\"target\":[\"https:\/\/bta.co.hu\/nemzetkozi-kvalifikaciok\/cima\/\"]}]},{\"@type\":\"BreadcrumbList\",\"@id\":\"https:\/\/bta.co.hu\/nemzetkozi-kvalifikaciok\/cima\/#breadcrumb\",\"itemListElement\":[{\"@type\":\"ListItem\",\"position\":1,\"name\":\"Kezd\u0151lap\",\"item\":\"https:\/\/bta.co.hu\/\"},{\"@type\":\"ListItem\",\"position\":2,\"name\":\"Nemzetk\u00f6zi kvalifik\u00e1ci\u00f3k\",\"item\":\"https:\/\/bta.co.hu\/nemzetkozi-kvalifikaciok\/\"},{\"@type\":\"ListItem\",\"position\":3,\"name\":\"CIMA\"}]},{\"@type\":\"WebSite\",\"@id\":\"https:\/\/bta.co.hu\/#website\",\"url\":\"https:\/\/bta.co.hu\/\",\"name\":\"Business Training Associates\",\"description\":\"P\u00e9nz\u00fcgyi \u00e9s sz\u00e1mviteli k\u00e9pz\u00e9sek (ACCA, DipIFR, IFRS, USGAAP)\",\"potentialAction\":[{\"@type\":\"SearchAction\",\"target\":{\"@type\":\"EntryPoint\",\"urlTemplate\":\"https:\/\/bta.co.hu\/?s={search_term_string}\"},\"query-input\":{\"@type\":\"PropertyValueSpecification\",\"valueRequired\":true,\"valueName\":\"search_term_string\"}}],\"inLanguage\":\"hu\"}]}<\/script>\n<!-- \/ Yoast SEO plugin. -->","yoast_head_json":{"title":"CIMA - Business Training Associates","description":"CIMA k\u00e9pz\u00e9sek a vezet\u0151i sz\u00e1mvitel ter\u00fclet\u00e9n. Nemzetk\u00f6zi k\u00e9pes\u00edt\u00e9s, gyakorlati tud\u00e1s \u00e9s karrier\u00e9p\u00edt\u00e9si lehet\u0151s\u00e9gek.","robots":{"index":"index","follow":"follow","max-snippet":"max-snippet:-1","max-image-preview":"max-image-preview:large","max-video-preview":"max-video-preview:-1"},"canonical":"https:\/\/bta.co.hu\/hu\/nemzetkozi-kvalifikaciok\/cima\/","og_locale":"hu_HU","og_type":"article","og_title":"CIMA - Business Training Associates","og_description":"CIMA k\u00e9pz\u00e9sek a vezet\u0151i sz\u00e1mvitel ter\u00fclet\u00e9n. Nemzetk\u00f6zi k\u00e9pes\u00edt\u00e9s, gyakorlati tud\u00e1s \u00e9s karrier\u00e9p\u00edt\u00e9si lehet\u0151s\u00e9gek.","og_url":"https:\/\/bta.co.hu\/hu\/nemzetkozi-kvalifikaciok\/cima\/","og_site_name":"Business Training Associates","article_modified_time":"2026-04-20T11:00:32+00:00","twitter_card":"summary_large_image","twitter_misc":{"Becs\u00fclt olvas\u00e1si id\u0151":"3 perc"},"schema":{"@context":"https:\/\/schema.org","@graph":[{"@type":"WebPage","@id":"https:\/\/bta.co.hu\/nemzetkozi-kvalifikaciok\/cima\/","url":"https:\/\/bta.co.hu\/nemzetkozi-kvalifikaciok\/cima\/","name":"CIMA - Business Training Associates","isPartOf":{"@id":"https:\/\/bta.co.hu\/#website"},"datePublished":"2022-01-16T22:30:56+00:00","dateModified":"2026-04-20T11:00:32+00:00","description":"CIMA k\u00e9pz\u00e9sek a vezet\u0151i sz\u00e1mvitel ter\u00fclet\u00e9n. Nemzetk\u00f6zi k\u00e9pes\u00edt\u00e9s, gyakorlati tud\u00e1s \u00e9s karrier\u00e9p\u00edt\u00e9si lehet\u0151s\u00e9gek.","breadcrumb":{"@id":"https:\/\/bta.co.hu\/nemzetkozi-kvalifikaciok\/cima\/#breadcrumb"},"inLanguage":"hu","potentialAction":[{"@type":"ReadAction","target":["https:\/\/bta.co.hu\/nemzetkozi-kvalifikaciok\/cima\/"]}]},{"@type":"BreadcrumbList","@id":"https:\/\/bta.co.hu\/nemzetkozi-kvalifikaciok\/cima\/#breadcrumb","itemListElement":[{"@type":"ListItem","position":1,"name":"Kezd\u0151lap","item":"https:\/\/bta.co.hu\/"},{"@type":"ListItem","position":2,"name":"Nemzetk\u00f6zi kvalifik\u00e1ci\u00f3k","item":"https:\/\/bta.co.hu\/nemzetkozi-kvalifikaciok\/"},{"@type":"ListItem","position":3,"name":"CIMA"}]},{"@type":"WebSite","@id":"https:\/\/bta.co.hu\/#website","url":"https:\/\/bta.co.hu\/","name":"Business Training Associates","description":"P\u00e9nz\u00fcgyi \u00e9s sz\u00e1mviteli k\u00e9pz\u00e9sek (ACCA, DipIFR, IFRS, USGAAP)","potentialAction":[{"@type":"SearchAction","target":{"@type":"EntryPoint","urlTemplate":"https:\/\/bta.co.hu\/?s={search_term_string}"},"query-input":{"@type":"PropertyValueSpecification","valueRequired":true,"valueName":"search_term_string"}}],"inLanguage":"hu"}]}},"_links":{"self":[{"href":"https:\/\/bta.co.hu\/hu\/wp-json\/wp\/v2\/pages\/3230","targetHints":{"allow":["GET"]}}],"collection":[{"href":"https:\/\/bta.co.hu\/hu\/wp-json\/wp\/v2\/pages"}],"about":[{"href":"https:\/\/bta.co.hu\/hu\/wp-json\/wp\/v2\/types\/page"}],"author":[{"embeddable":true,"href":"https:\/\/bta.co.hu\/hu\/wp-json\/wp\/v2\/users\/1"}],"replies":[{"embeddable":true,"href":"https:\/\/bta.co.hu\/hu\/wp-json\/wp\/v2\/comments?post=3230"}],"version-history":[{"count":8,"href":"https:\/\/bta.co.hu\/hu\/wp-json\/wp\/v2\/pages\/3230\/revisions"}],"predecessor-version":[{"id":3783,"href":"https:\/\/bta.co.hu\/hu\/wp-json\/wp\/v2\/pages\/3230\/revisions\/3783"}],"up":[{"embeddable":true,"href":"https:\/\/bta.co.hu\/hu\/wp-json\/wp\/v2\/pages\/3219"}],"wp:attachment":[{"href":"https:\/\/bta.co.hu\/hu\/wp-json\/wp\/v2\/media?parent=3230"}],"curies":[{"name":"wp","href":"https:\/\/api.w.org\/{rel}","templated":true}]}}