{"id":3228,"date":"2022-01-16T22:28:48","date_gmt":"2022-01-16T22:28:48","guid":{"rendered":"https:\/\/bta.co.hu\/?page_id=3228"},"modified":"2026-04-20T13:02:38","modified_gmt":"2026-04-20T11:02:38","slug":"acca-fia-kepzesi-csomagok","status":"publish","type":"page","link":"https:\/\/bta.co.hu\/hu\/nemzetkozi-kvalifikaciok\/fia\/acca-fia-kepzesi-csomagok\/","title":{"rendered":"K\u00e9pz\u00e9si csomagok"},"content":{"rendered":"<div class=\"vc_row wpb_row vc_row-fluid\" ><div class=\"wpb_column vc_column_container vc_col-sm-12\"><div class=\"vc_column-inner\"><div class=\"wpb_wrapper\">\n\t<div class=\"wpb_text_column wpb_content_element \" >\n\t\t<div class=\"wpb_wrapper\">\n\t\t\t<div class=\"row\">\n<div class=\"span12\" data-motopress-type=\"static\" data-motopress-static-file=\"static\/static-title.php\">\n<section class=\"title-section\">\n<h4><span style=\"color: #000000;\"><strong>Online k\u00e9pz\u00e9sek<\/strong><\/span><\/h4>\n<p><span style=\"color: #000000;\"><strong>Flexible Online Classroom (\u201eFlexible OCR\u201d)<\/strong>*<\/span><\/p>\n<p><span style=\"color: #000000;\">A program meghat\u00e1rozott id\u0151szakonk\u00e9nt indul egy bevezet\u0151 ir\u00e1nymutat\u00e1ssal, de a felk\u00e9sz\u00fcl\u00e9s ritmus\u00e1t a di\u00e1k hat\u00e1rozza meg. A tanul\u00e1s teljes m\u00e9rt\u00e9kben rugalmas: az oktat\u00e1si anyagok b\u00e1rmikor, b\u00e1rhonnan el\u00e9rhet\u0151ek az interneten kereszt\u00fcl. A di\u00e1k el\u0151rehalad\u00e1s\u00e1t a rendszer k\u00e9rd\u00e9sek \u00e9s tesztek seg\u00edts\u00e9g\u00e9vel folyamatosan \u00e9rt\u00e9keli \u00e9s ellen\u0151rzi (\u201e Achievement Ladder\u201d), \u00edgy biztos\u00edtva a tananyag-r\u00e9szek meg\u00e9rt\u00e9s\u00e9t \u00e9s r\u00f6gz\u00fcl\u00e9s\u00e9t, ez\u00e1ltal az optim\u00e1lis vizsgafelk\u00e9sz\u00fcl\u00e9st.<\/span><\/p>\n<p><span style=\"color: #000000;\">A di\u00e1kok egy sz\u00e1mukra kijel\u00f6lt oktat\u00f3val, illetve virtu\u00e1lis oszt\u00e1lyt\u00e1rsaikkal folyamatos kapcsolatban \u00e1llnak, \u00edgy lehet\u0151s\u00e9g ny\u00edlik a k\u00e9rd\u00e9sek, megjegyz\u00e9sek folyamatos megoszt\u00e1s\u00e1ra, megv\u00e1laszol\u00e1s\u00e1ra. Az oktat\u00f3 rendszeresen \u00fczen a di\u00e1koknak, motiv\u00e1lja, ir\u00e1ny\u00edtja \u0151ket \u00e9s b\u00e1rmilyen k\u00e9rd\u00e9s eset\u00e9n rendelkez\u00e9sre \u00e1ll.<\/span><\/p>\n<p><span style=\"color: #000000;\">A tananyagok online, illetve ig\u00e9ny szerint \u2013 t\u00e9r\u00edt\u00e9s ellen\u00e9ben \u2013 nyomtatott form\u00e1ban is el\u00e9rhet\u0151ek.<\/span><\/p>\n<p>&nbsp;<\/p>\n<p><span style=\"color: #000000;\"><strong>Online Classroom Live (\u201eOCR Live\u201d)*<\/strong><\/span><\/p>\n<p><span style=\"color: #000000;\">A BPP d\u00edjnyertes OCR Live csomagja egyszerre biztos\u00edtja az online k\u00e9pz\u00e9s rugalmass\u00e1g\u00e1t \u00e9s a tantermi k\u00e9pz\u00e9s \u00e1ltal ny\u00fajtott rendszerezett \u00e9s motiv\u00e1l\u00f3 megk\u00f6zel\u00edt\u00e9st. Az oktat\u00e1s el\u0151re meghat\u00e1rozott id\u0151pontokban zajlik, Egyes\u00fclt-kir\u00e1lys\u00e1gbeli szak\u00e9rt\u0151 oktat\u00f3k \u00e9l\u00e9nk \u00e9s interakt\u00edv webin\u00e1rjainak a seg\u00edts\u00e9g\u00e9vel. A tanfolyamon elhangzottak r\u00f6gz\u00edt\u00e9sre ker\u00fclnek, \u00edgy b\u00e1rmikor \u00fajra meghallgathat\u00f3ak.<\/span><\/p>\n<p><span style=\"color: #000000;\">Az \u00e9l\u0151 webin\u00e1rok kieg\u00e9sz\u00edt\u00e9sek\u00e9ppen a di\u00e1kok hozz\u00e1f\u00e9r\u00e9st kapnak egy online tananyagcsomaghoz is, amely el\u0151ad\u00e1sokat, vizsga \u00f6sszefoglal\u00f3kat, feladatmegold\u00e1sokat \u00e9s pr\u00f3bavizsg\u00e1kat tartalmaz.<\/span><\/p>\n<p><span style=\"color: #000000;\">Az OCR Live tanfolyamokat bevezet\u0151 (\u201ctaught\u201d), vizsgafelk\u00e9sz\u00edt\u0151 (\u201crevision\u201d) \u00e9s integr\u00e1lt form\u00e1ban ny\u00fajtjuk.<\/span><\/p>\n<p><span style=\"color: #000000;\">A tananyagok online, illetve ig\u00e9ny szerint \u2013 t\u00e9r\u00edt\u00e9s ellen\u00e9ben \u2013 nyomtatott form\u00e1ban is el\u00e9rhet\u0151ek.<\/span><\/p>\n<\/section>\n<\/div>\n<\/div>\n<p>&nbsp;<\/p>\n<div class=\"lnkdn_buttons\">\n<h4><span style=\"color: #000000;\"><strong>Tananyagok<\/strong><\/span><\/h4>\n<p><span style=\"color: #000000;\">A BPP Learning Media a szakmai vizsg\u00e1kra felk\u00e9sz\u00edt\u0151 tank\u00f6nyvek. piacvezet\u0151 kiad\u00f3ja. A BPP Professional Education sz\u00ednvonalas \u00e9s sikeres tanfolyamain is ezeket a tananyagokat haszn\u00e1lj\u00e1k.<\/span><\/p>\n<p><span style=\"color: #000000;\"><strong>Tank\u00f6nyv <\/strong>(Workbook) &#8211; r\u00e9szletesen bemutatja a tananyagot, elemzi az \u00f6sszef\u00fcgg\u00e9seket \u00e9s vizsgak\u00e9rd\u00e9seket is tartalmaz.<\/span><\/p>\n<ul>\n<li><span style=\"color: #000000;\">Felhaszn\u00e1l\u00f3bar\u00e1t megjelen\u00e9s<\/span><\/li>\n<li><span style=\"color: #000000;\">Vizsg\u00e1ztat\u00f3 \u00e1ltal ellen\u0151rz\u00f6tt, a vizsg\u00e1ztatand\u00f3 ter\u00fcleteket c\u00e9lzottan lefed\u0151 fejezetek<\/span><\/li>\n<li><span style=\"color: #000000;\">K\u00f6nnyen \u00e1tl\u00e1that\u00f3, j\u00f3l struktur\u00e1lt<\/span><\/li>\n<li><span style=\"color: #000000;\">K\u00f6nnyed\u00e9n \u00e1tugorhatja azokat a r\u00e9szeket, melyeket m\u00e1r kor\u00e1bban megtanult<\/span><\/li>\n<li><span style=\"color: #000000;\">Tan\u00e1csok a vizsg\u00e1ztat\u00f3t\u00f3l<\/span><\/li>\n<li><span style=\"color: #000000;\">Ellen\u0151rizheti tud\u00e1s\u00e1t a gyakorl\u00f3 k\u00e9rd\u00e9sek, a fejezeteket lez\u00e1r\u00f3 \u00f6sszefoglal\u00f3k \u00e9s tesztek seg\u00edts\u00e9g\u00e9vel<\/span><\/li>\n<li><span style=\"color: #000000;\">P\u00e9ld\u00e1k a val\u00f3s \u00e9letb\u0151l<\/span><\/li>\n<li><span style=\"color: #000000;\">Vizsgafeladatok<\/span><\/li>\n<\/ul>\n<p><span style=\"color: #000000;\"><strong>P\u00e9ldat\u00e1r<\/strong> (Practice &amp; Revision Kit) &#8211; elengedhetetlen seg\u00edts\u00e9get ny\u00fajt ahhoz, hogy az elm\u00e9letet gyakorlatba \u00fcltess\u00fck, \u00e9s ez\u00e1ltal kulcsfontoss\u00e1g\u00fa a sikeres vizsga let\u00e9tel\u00e9hez. Vizsgak\u00e9rd\u00e9seket, k\u00e9t pr\u00f3bavizsg\u00e1t \u00e9s \u00fatmutat\u00f3t tartalmaz a vizsg\u00e1khoz.<\/span><\/p>\n<ul>\n<li><span style=\"color: #000000;\">Az elm\u00falt id\u0151szak vizsgasorai a vizsg\u00e1ztat\u00f3 \u00e1ltal megadott hivatalos v\u00e1laszokkal\/megold\u00e1sokkal<\/span><\/li>\n<li><span style=\"color: #000000;\">Vizsgafeladatok megold\u00e1sokkal<\/span><\/li>\n<\/ul>\n<\/div>\n<h4><\/h4>\n<p>&nbsp;<\/p>\n<h4><strong><span style=\"color: #000000;\">\u00c1rak \u00e9s kurzus d\u00e1tumok<\/span><\/strong><\/h4>\n<div><span style=\"color: #000000;\">\u00c1rakkal \u00e9s kurzus d\u00e1tumokkal kapcsolatban keressen benn\u00fcnket (<strong><a href=\"mailto:mariannehokky@bta.co.hu\">mariannehokky@bta.co.hu<\/a><\/strong>).<\/span><\/div>\n<div class=\"row\">\n<div id=\"content\" class=\"span9 right\" data-motopress-type=\"loop\" data-motopress-loop-file=\"loop\/loop-single-kvaliflap.php\">\n<article id=\"post-2224\" class=\"post__holder post-2224 kvaliflap type-kvaliflap status-publish has-post-thumbnail hentry kvalifikaciok-fia\">\n<div class=\"post_content\">\n<p>&nbsp;<\/p>\n<\/div>\n<\/article>\n<\/div>\n<\/div>\n\n\t\t<\/div>\n\t<\/div>\n<\/div><\/div><\/div><\/div>\n","protected":false},"excerpt":{"rendered":"Online k\u00e9pz\u00e9sek Flexible Online Classroom (\u201eFlexible OCR\u201d)* A program meghat\u00e1rozott id\u0151szakonk\u00e9nt indul egy bevezet\u0151 ir\u00e1nymutat\u00e1ssal, de a felk\u00e9sz\u00fcl\u00e9s ritmus\u00e1t a di\u00e1k hat\u00e1rozza meg. A tanul\u00e1s teljes m\u00e9rt\u00e9kben rugalmas: az oktat\u00e1si anyagok b\u00e1rmikor, b\u00e1rhonnan el\u00e9rhet\u0151ek az interneten kereszt\u00fcl. A di\u00e1k el\u0151rehalad\u00e1s\u00e1t a rendszer k\u00e9rd\u00e9sek \u00e9s tesztek seg\u00edts\u00e9g\u00e9vel folyamatosan \u00e9rt\u00e9keli \u00e9s ellen\u0151rzi (\u201e Achievement Ladder\u201d), \u00edgy biztos\u00edtva a [...]","protected":false},"author":1,"featured_media":0,"parent":3224,"menu_order":0,"comment_status":"closed","ping_status":"closed","template":"","meta":{"_bbp_topic_count":0,"_bbp_reply_count":0,"_bbp_total_topic_count":0,"_bbp_total_reply_count":0,"_bbp_voice_count":0,"_bbp_anonymous_reply_count":0,"_bbp_topic_count_hidden":0,"_bbp_reply_count_hidden":0,"_bbp_forum_subforum_count":0,"footnotes":""},"class_list":["post-3228","page","type-page","status-publish","hentry"],"yoast_head":"<!-- This site is optimized with the Yoast SEO plugin v26.6 - https:\/\/yoast.com\/wordpress\/plugins\/seo\/ -->\n<title>K\u00e9pz\u00e9si csomagok - Business Training Associates<\/title>\n<meta name=\"description\" content=\"V\u00e1lasszon kedvez\u0151 ACCA FIA k\u00e9pz\u00e9si csomagjaink k\u00f6z\u00fcl! Komplett megold\u00e1s a sikeres vizsgafelk\u00e9sz\u00fcl\u00e9shez.\" \/>\n<meta name=\"robots\" content=\"index, follow, max-snippet:-1, max-image-preview:large, max-video-preview:-1\" \/>\n<link rel=\"canonical\" href=\"https:\/\/bta.co.hu\/hu\/nemzetkozi-kvalifikaciok\/fia\/acca-fia-kepzesi-csomagok\/\" \/>\n<meta property=\"og:locale\" content=\"hu_HU\" \/>\n<meta property=\"og:type\" content=\"article\" \/>\n<meta property=\"og:title\" content=\"K\u00e9pz\u00e9si csomagok - Business Training Associates\" \/>\n<meta property=\"og:description\" content=\"V\u00e1lasszon kedvez\u0151 ACCA FIA k\u00e9pz\u00e9si csomagjaink k\u00f6z\u00fcl! Komplett megold\u00e1s a sikeres vizsgafelk\u00e9sz\u00fcl\u00e9shez.\" \/>\n<meta property=\"og:url\" content=\"https:\/\/bta.co.hu\/hu\/nemzetkozi-kvalifikaciok\/fia\/acca-fia-kepzesi-csomagok\/\" \/>\n<meta property=\"og:site_name\" content=\"Business Training Associates\" \/>\n<meta property=\"article:modified_time\" content=\"2026-04-20T11:02:38+00:00\" \/>\n<meta name=\"twitter:card\" content=\"summary_large_image\" \/>\n<meta name=\"twitter:label1\" content=\"Becs\u00fclt olvas\u00e1si id\u0151\" \/>\n\t<meta name=\"twitter:data1\" content=\"2 perc\" \/>\n<script type=\"application\/ld+json\" class=\"yoast-schema-graph\">{\"@context\":\"https:\/\/schema.org\",\"@graph\":[{\"@type\":\"WebPage\",\"@id\":\"https:\/\/bta.co.hu\/nemzetkozi-kvalifikaciok\/fia\/acca-fia-kepzesi-csomagok\/\",\"url\":\"https:\/\/bta.co.hu\/nemzetkozi-kvalifikaciok\/fia\/acca-fia-kepzesi-csomagok\/\",\"name\":\"K\u00e9pz\u00e9si csomagok - Business Training Associates\",\"isPartOf\":{\"@id\":\"https:\/\/bta.co.hu\/#website\"},\"datePublished\":\"2022-01-16T22:28:48+00:00\",\"dateModified\":\"2026-04-20T11:02:38+00:00\",\"description\":\"V\u00e1lasszon kedvez\u0151 ACCA FIA k\u00e9pz\u00e9si csomagjaink k\u00f6z\u00fcl! Komplett megold\u00e1s a sikeres vizsgafelk\u00e9sz\u00fcl\u00e9shez.\",\"breadcrumb\":{\"@id\":\"https:\/\/bta.co.hu\/nemzetkozi-kvalifikaciok\/fia\/acca-fia-kepzesi-csomagok\/#breadcrumb\"},\"inLanguage\":\"hu\",\"potentialAction\":[{\"@type\":\"ReadAction\",\"target\":[\"https:\/\/bta.co.hu\/nemzetkozi-kvalifikaciok\/fia\/acca-fia-kepzesi-csomagok\/\"]}]},{\"@type\":\"BreadcrumbList\",\"@id\":\"https:\/\/bta.co.hu\/nemzetkozi-kvalifikaciok\/fia\/acca-fia-kepzesi-csomagok\/#breadcrumb\",\"itemListElement\":[{\"@type\":\"ListItem\",\"position\":1,\"name\":\"Kezd\u0151lap\",\"item\":\"https:\/\/bta.co.hu\/\"},{\"@type\":\"ListItem\",\"position\":2,\"name\":\"Nemzetk\u00f6zi kvalifik\u00e1ci\u00f3k\",\"item\":\"https:\/\/bta.co.hu\/nemzetkozi-kvalifikaciok\/\"},{\"@type\":\"ListItem\",\"position\":3,\"name\":\"ACCA FIA\",\"item\":\"https:\/\/bta.co.hu\/nemzetkozi-kvalifikaciok\/fia\/\"},{\"@type\":\"ListItem\",\"position\":4,\"name\":\"K\u00e9pz\u00e9si csomagok\"}]},{\"@type\":\"WebSite\",\"@id\":\"https:\/\/bta.co.hu\/#website\",\"url\":\"https:\/\/bta.co.hu\/\",\"name\":\"Business Training Associates\",\"description\":\"P\u00e9nz\u00fcgyi \u00e9s sz\u00e1mviteli k\u00e9pz\u00e9sek (ACCA, DipIFR, IFRS, USGAAP)\",\"potentialAction\":[{\"@type\":\"SearchAction\",\"target\":{\"@type\":\"EntryPoint\",\"urlTemplate\":\"https:\/\/bta.co.hu\/?s={search_term_string}\"},\"query-input\":{\"@type\":\"PropertyValueSpecification\",\"valueRequired\":true,\"valueName\":\"search_term_string\"}}],\"inLanguage\":\"hu\"}]}<\/script>\n<!-- \/ Yoast SEO plugin. -->","yoast_head_json":{"title":"K\u00e9pz\u00e9si csomagok - Business Training Associates","description":"V\u00e1lasszon kedvez\u0151 ACCA FIA k\u00e9pz\u00e9si csomagjaink k\u00f6z\u00fcl! Komplett megold\u00e1s a sikeres vizsgafelk\u00e9sz\u00fcl\u00e9shez.","robots":{"index":"index","follow":"follow","max-snippet":"max-snippet:-1","max-image-preview":"max-image-preview:large","max-video-preview":"max-video-preview:-1"},"canonical":"https:\/\/bta.co.hu\/hu\/nemzetkozi-kvalifikaciok\/fia\/acca-fia-kepzesi-csomagok\/","og_locale":"hu_HU","og_type":"article","og_title":"K\u00e9pz\u00e9si csomagok - Business Training Associates","og_description":"V\u00e1lasszon kedvez\u0151 ACCA FIA k\u00e9pz\u00e9si csomagjaink k\u00f6z\u00fcl! Komplett megold\u00e1s a sikeres vizsgafelk\u00e9sz\u00fcl\u00e9shez.","og_url":"https:\/\/bta.co.hu\/hu\/nemzetkozi-kvalifikaciok\/fia\/acca-fia-kepzesi-csomagok\/","og_site_name":"Business Training Associates","article_modified_time":"2026-04-20T11:02:38+00:00","twitter_card":"summary_large_image","twitter_misc":{"Becs\u00fclt olvas\u00e1si id\u0151":"2 perc"},"schema":{"@context":"https:\/\/schema.org","@graph":[{"@type":"WebPage","@id":"https:\/\/bta.co.hu\/nemzetkozi-kvalifikaciok\/fia\/acca-fia-kepzesi-csomagok\/","url":"https:\/\/bta.co.hu\/nemzetkozi-kvalifikaciok\/fia\/acca-fia-kepzesi-csomagok\/","name":"K\u00e9pz\u00e9si csomagok - Business Training Associates","isPartOf":{"@id":"https:\/\/bta.co.hu\/#website"},"datePublished":"2022-01-16T22:28:48+00:00","dateModified":"2026-04-20T11:02:38+00:00","description":"V\u00e1lasszon kedvez\u0151 ACCA FIA k\u00e9pz\u00e9si csomagjaink k\u00f6z\u00fcl! Komplett megold\u00e1s a sikeres vizsgafelk\u00e9sz\u00fcl\u00e9shez.","breadcrumb":{"@id":"https:\/\/bta.co.hu\/nemzetkozi-kvalifikaciok\/fia\/acca-fia-kepzesi-csomagok\/#breadcrumb"},"inLanguage":"hu","potentialAction":[{"@type":"ReadAction","target":["https:\/\/bta.co.hu\/nemzetkozi-kvalifikaciok\/fia\/acca-fia-kepzesi-csomagok\/"]}]},{"@type":"BreadcrumbList","@id":"https:\/\/bta.co.hu\/nemzetkozi-kvalifikaciok\/fia\/acca-fia-kepzesi-csomagok\/#breadcrumb","itemListElement":[{"@type":"ListItem","position":1,"name":"Kezd\u0151lap","item":"https:\/\/bta.co.hu\/"},{"@type":"ListItem","position":2,"name":"Nemzetk\u00f6zi kvalifik\u00e1ci\u00f3k","item":"https:\/\/bta.co.hu\/nemzetkozi-kvalifikaciok\/"},{"@type":"ListItem","position":3,"name":"ACCA FIA","item":"https:\/\/bta.co.hu\/nemzetkozi-kvalifikaciok\/fia\/"},{"@type":"ListItem","position":4,"name":"K\u00e9pz\u00e9si csomagok"}]},{"@type":"WebSite","@id":"https:\/\/bta.co.hu\/#website","url":"https:\/\/bta.co.hu\/","name":"Business Training Associates","description":"P\u00e9nz\u00fcgyi \u00e9s sz\u00e1mviteli k\u00e9pz\u00e9sek (ACCA, DipIFR, IFRS, USGAAP)","potentialAction":[{"@type":"SearchAction","target":{"@type":"EntryPoint","urlTemplate":"https:\/\/bta.co.hu\/?s={search_term_string}"},"query-input":{"@type":"PropertyValueSpecification","valueRequired":true,"valueName":"search_term_string"}}],"inLanguage":"hu"}]}},"_links":{"self":[{"href":"https:\/\/bta.co.hu\/hu\/wp-json\/wp\/v2\/pages\/3228","targetHints":{"allow":["GET"]}}],"collection":[{"href":"https:\/\/bta.co.hu\/hu\/wp-json\/wp\/v2\/pages"}],"about":[{"href":"https:\/\/bta.co.hu\/hu\/wp-json\/wp\/v2\/types\/page"}],"author":[{"embeddable":true,"href":"https:\/\/bta.co.hu\/hu\/wp-json\/wp\/v2\/users\/1"}],"replies":[{"embeddable":true,"href":"https:\/\/bta.co.hu\/hu\/wp-json\/wp\/v2\/comments?post=3228"}],"version-history":[{"count":5,"href":"https:\/\/bta.co.hu\/hu\/wp-json\/wp\/v2\/pages\/3228\/revisions"}],"predecessor-version":[{"id":3780,"href":"https:\/\/bta.co.hu\/hu\/wp-json\/wp\/v2\/pages\/3228\/revisions\/3780"}],"up":[{"embeddable":true,"href":"https:\/\/bta.co.hu\/hu\/wp-json\/wp\/v2\/pages\/3224"}],"wp:attachment":[{"href":"https:\/\/bta.co.hu\/hu\/wp-json\/wp\/v2\/media?parent=3228"}],"curies":[{"name":"wp","href":"https:\/\/api.w.org\/{rel}","templated":true}]}}