{"id":3226,"date":"2022-01-16T22:27:08","date_gmt":"2022-01-16T22:27:08","guid":{"rendered":"https:\/\/bta.co.hu\/?page_id=3226"},"modified":"2026-04-20T13:02:56","modified_gmt":"2026-04-20T11:02:56","slug":"acca-fia-tantargyak","status":"publish","type":"page","link":"https:\/\/bta.co.hu\/hu\/nemzetkozi-kvalifikaciok\/fia\/acca-fia-tantargyak\/","title":{"rendered":"ACCA FIA tant\u00e1rgyak"},"content":{"rendered":"<div class=\"vc_row wpb_row vc_row-fluid\" ><div class=\"wpb_column vc_column_container vc_col-sm-12\"><div class=\"vc_column-inner\"><div class=\"wpb_wrapper\">\n\t<div class=\"wpb_text_column wpb_content_element \" >\n\t\t<div class=\"wpb_wrapper\">\n\t\t\t<div class=\"row\">\n<h3 class=\"span12\" data-motopress-type=\"static\" data-motopress-static-file=\"static\/static-title.php\"><strong>ACCA FIA syllabus<\/strong><\/h3>\n<\/div>\n<div class=\"row\">\n<div id=\"content\" class=\"span9 right\" data-motopress-type=\"loop\" data-motopress-loop-file=\"loop\/loop-single-kvaliflap.php\">\n<article id=\"post-2225\" class=\"post__holder post-2225 kvaliflap type-kvaliflap status-publish has-post-thumbnail hentry kvalifikaciok-fia\">\n<div class=\"post_content\">\n<p><span style=\"color: #000000;\"><strong>FA1 \u2013 Financial Record Keeping<\/strong><\/span><\/p>\n<p><span style=\"color: #000000;\">Ebben a t\u00e1rgyban:<\/span><\/p>\n<ul>\n<li><span style=\"color: #000000;\">megismerkedik a sz\u00e1mviteli rendszerek \u00e9s dokumentumok alapjaival, amelyekkel a munkahely\u00e9n is tal\u00e1lkozhat;<\/span><\/li>\n<li><span style=\"color: #000000;\">meg\u00e9rti a sz\u00e1mviteli nyilv\u00e1ntart\u00e1sok \u00e9s folyamatok sz\u00fcks\u00e9gess\u00e9g\u00e9t;<\/span><\/li>\n<li><span style=\"color: #000000;\">elsaj\u00e1t\u00edtja a gazdas\u00e1gi esem\u00e9nyek analitikus nyilv\u00e1ntart\u00e1sokban val\u00f3 r\u00f6gz\u00edt\u00e9s\u00e9nek m\u00f3dj\u00e1t \u00e9s a kett\u0151s k\u00f6nyvel\u00e9s alapjait.<\/span><\/li>\n<\/ul>\n<p>&nbsp;<\/p>\n<p><span style=\"color: #000000;\"><strong>MA1 \u2013 Management Information<\/strong><\/span><\/p>\n<p><span style=\"color: #000000;\">Ebben a t\u00e1rgyban:<\/span><\/p>\n<ul>\n<li><span style=\"color: #000000;\">megismeri a vezet\u0151i sz\u00e1mvitelben alkalmazott alapvet\u0151 k\u00f6lts\u00e9g kateg\u00f3ri\u00e1kat;<\/span><\/li>\n<li><span style=\"color: #000000;\">megtanulja felismerni, \u00f6sszegy\u0171jteni \u00e9s r\u00f6gz\u00edteni a tervez\u00e9sn\u00e9l \u00e9s ellen\u0151rz\u00e9sn\u00e9l haszn\u00e1lt k\u00f6lts\u00e9geket \u00e9s bev\u00e9teleket.<\/span><\/li>\n<\/ul>\n<p>&nbsp;<\/p>\n<p><span style=\"color: #000000;\"><strong>FA2 \u2013 Maintaining Financial Records<\/strong><\/span><\/p>\n<p><span style=\"color: #000000;\">Ebben a t\u00e1rgyban:<\/span><\/p>\n<ul>\n<li><span style=\"color: #000000;\">megismeri a sz\u00e1mviteli alapelveket;<\/span><\/li>\n<li><span style=\"color: #000000;\">elsaj\u00e1t\u00edtja a sz\u00e1mviteli nyilv\u00e1ntart\u00e1sok vezet\u00e9s\u00e9nek folyamat\u00e1t \u00e9s technik\u00e1it;<\/span><\/li>\n<li><span style=\"color: #000000;\">j\u00e1rtass\u00e1got szerez a f\u0151k\u00f6nyvi sz\u00e1ml\u00e1k, forgalmi ad\u00f3 nyilv\u00e1ntart\u00e1sok, ellen\u0151rz\u0151 sz\u00e1ml\u00e1k, egyeztet\u00e9sek, kivonatok k\u00e9sz\u00edt\u00e9s\u00e9ben, valamint k\u00e9pess\u00e9get szerez arra, hogy egy kezdeti f\u0151k\u00f6nyvi kivonatot korrig\u00e1ljon;<\/span><\/li>\n<li><span style=\"color: #000000;\">\u00e1ttekint\u00e9st kap az egy\u00e9ni v\u00e1llalkoz\u00f3k \u00e9s bet\u00e9ti t\u00e1rsas\u00e1gokat \u00e9rint\u0151 gazdas\u00e1gi esem\u00e9nyek elsz\u00e1mol\u00e1s\u00e1r\u00f3l.<\/span><\/li>\n<\/ul>\n<p>&nbsp;<\/p>\n<p><span style=\"color: #000000;\"><strong>MA2 \u2013 Managing Costs and Finance<\/strong><\/span><\/p>\n<p><span style=\"color: #000000;\">Ebben a t\u00e1rgyban:<\/span><\/p>\n<ul>\n<li><span style=\"color: #000000;\">megismeri a vezet\u0151i sz\u00e1mviteli kimutat\u00e1sok k\u00e9sz\u00edt\u00e9se \u00e9s elemz\u00e9se sor\u00e1n alkalmazott elveket \u00e9s technik\u00e1kat;<\/span><\/li>\n<li><span style=\"color: #000000;\">elsaj\u00e1t\u00edtja a r\u00f6vid t\u00e1v\u00fa d\u00f6nt\u00e9shozataln\u00e1l alkalmazott k\u00f6lts\u00e9g fogalmakat, valamint a t\u00e1bl\u00e1zatkezel\u0151 alkalmaz\u00e1sok haszn\u00e1lat\u00e1t a vezet\u0151i sz\u00e1mvitelben.<\/span><\/li>\n<\/ul>\n<p>&nbsp;<\/p>\n<p><span style=\"color: #000000;\"><strong>FBT \u2013 Business and Technology<\/strong><\/span><\/p>\n<p><span style=\"color: #000000;\">Ebben a t\u00e1rgyban:<\/span><\/p>\n<ul>\n<li><span style=\"color: #000000;\">megismeri egy v\u00e1llalkoz\u00e1s k\u00f6rnyezet\u00e9t (gazdas\u00e1gi, jogi, szab\u00e1lyoz\u00e1si), valamint az alapvet\u0151 v\u00e1llalatir\u00e1ny\u00edt\u00e1si, munk\u00e1ltat\u00f3i, munkav\u00e9delmi, adatv\u00e9delmi \u00e9s biztons\u00e1gi\u00a0 fogalmakat;<\/span><\/li>\n<li><span style=\"color: #000000;\">megismerkedik a k\u00f6nyvvizsg\u00e1lat, v\u00e1llalatir\u00e1ny\u00edt\u00e1s \u00e9s a k\u00fcls\u0151 \u00e9s bels\u0151 ellen\u0151rz\u00e9s f\u0151bb tulajdons\u00e1gaival;<\/span><\/li>\n<li><span style=\"color: #000000;\">alapismereteket szerez az egy\u00e9ni \u00e9s csoportos viselked\u00e9si, vezet\u00e9si \u00e9s motiv\u00e1ci\u00f3s elm\u00e9letek ter\u00fclet\u00e9n, illetve megismeri a professzion\u00e1lis etikai elv\u00e1r\u00e1sokat.<\/span><\/li>\n<\/ul>\n<p>&nbsp;<\/p>\n<p><span style=\"color: #000000;\"><strong>FMA \u2013 Management Accounting<\/strong><\/span><\/p>\n<p><span style=\"color: #000000;\">Ebben a t\u00e1rgyban:<\/span><\/p>\n<ul>\n<li><span style=\"color: #000000;\">k\u00e9pes\u00e9get szerez a megfelel\u0151 vezet\u0151i sz\u00e1mviteli fogalmak \u00e9s technik\u00e1k alkalmaz\u00e1s\u00e1ra a tervez\u00e9s, d\u00f6nt\u00e9shoz\u00e1s \u00e9s ellen\u0151rz\u00e9s ter\u00fclet\u00e9n;<\/span><\/li>\n<li><span style=\"color: #000000;\">betekint\u00e9st nyer a tervez\u00e9si \u00e9s tervk\u00e9sz\u00edt\u00e9si m\u00f3dszerekbe, az elsz\u00e1mol\u00f3\u00e1r alkalmaz\u00e1s\u00e1ba \u00e9s a teljes\u00edtm\u00e9ny-\u00e9rt\u00e9kel\u00e9s m\u00f3dszereibe.<\/span><\/li>\n<\/ul>\n<p>&nbsp;<\/p>\n<p><span style=\"color: #000000;\"><strong>FFA \u2013 Financial Accounting<\/strong><\/span><\/p>\n<p><span style=\"color: #000000;\">Ebben a t\u00e1rgyban:<\/span><\/p>\n<ul>\n<li><span style=\"color: #000000;\">megismerkedik a p\u00e9nz\u00fcgyi sz\u00e1mviteli alapelvek alkalmaz\u00e1s\u00e1val;<\/span><\/li>\n<li><span style=\"color: #000000;\">rutint szerez a kett\u0151s k\u00f6nyvviteli technik\u00e1k alkalmaz\u00e1s\u00e1ban, valamint az kisv\u00e1llalalatok \u00e9s egyszer\u0171 c\u00e9gcsoportok egyedi \u00e9s konszolid\u00e1lt p\u00e9nz\u00fcgyi kimutat\u00e1sainak elk\u00e9sz\u00edt\u00e9s\u00e9ben \u00e9s elemz\u00e9s\u00e9ben.<\/span><\/li>\n<\/ul>\n<\/div>\n<\/article>\n<\/div>\n<\/div>\n\n\t\t<\/div>\n\t<\/div>\n<\/div><\/div><\/div><\/div>\n","protected":false},"excerpt":{"rendered":"ACCA FIA syllabus FA1 \u2013 Financial Record Keeping Ebben a t\u00e1rgyban: megismerkedik a sz\u00e1mviteli rendszerek \u00e9s dokumentumok alapjaival, amelyekkel a munkahely\u00e9n is tal\u00e1lkozhat; meg\u00e9rti a sz\u00e1mviteli nyilv\u00e1ntart\u00e1sok \u00e9s folyamatok sz\u00fcks\u00e9gess\u00e9g\u00e9t; elsaj\u00e1t\u00edtja a gazdas\u00e1gi esem\u00e9nyek analitikus nyilv\u00e1ntart\u00e1sokban val\u00f3 r\u00f6gz\u00edt\u00e9s\u00e9nek m\u00f3dj\u00e1t \u00e9s a kett\u0151s k\u00f6nyvel\u00e9s alapjait. &nbsp; MA1 \u2013 Management Information Ebben a t\u00e1rgyban: megismeri a vezet\u0151i sz\u00e1mvitelben [...]","protected":false},"author":1,"featured_media":0,"parent":3224,"menu_order":0,"comment_status":"closed","ping_status":"closed","template":"","meta":{"_bbp_topic_count":0,"_bbp_reply_count":0,"_bbp_total_topic_count":0,"_bbp_total_reply_count":0,"_bbp_voice_count":0,"_bbp_anonymous_reply_count":0,"_bbp_topic_count_hidden":0,"_bbp_reply_count_hidden":0,"_bbp_forum_subforum_count":0,"footnotes":""},"class_list":["post-3226","page","type-page","status-publish","hentry"],"yoast_head":"<!-- This site is optimized with the Yoast SEO plugin v26.6 - https:\/\/yoast.com\/wordpress\/plugins\/seo\/ -->\n<title>ACCA FIA tant\u00e1rgyak - Business Training Associates<\/title>\n<meta name=\"description\" content=\"Fedezze fel az ACCA FIA tant\u00e1rgyakat! L\u00e9p\u00e9sr\u0151l l\u00e9p\u00e9sre fel\u00e9p\u00edtett tananyag a biztos alapok megszerz\u00e9s\u00e9hez.\" \/>\n<meta name=\"robots\" content=\"index, follow, max-snippet:-1, max-image-preview:large, max-video-preview:-1\" \/>\n<link rel=\"canonical\" href=\"https:\/\/bta.co.hu\/hu\/nemzetkozi-kvalifikaciok\/fia\/acca-fia-tantargyak\/\" \/>\n<meta property=\"og:locale\" content=\"hu_HU\" \/>\n<meta property=\"og:type\" content=\"article\" \/>\n<meta property=\"og:title\" content=\"ACCA FIA tant\u00e1rgyak - Business Training Associates\" \/>\n<meta property=\"og:description\" content=\"Fedezze fel az ACCA FIA tant\u00e1rgyakat! L\u00e9p\u00e9sr\u0151l l\u00e9p\u00e9sre fel\u00e9p\u00edtett tananyag a biztos alapok megszerz\u00e9s\u00e9hez.\" \/>\n<meta property=\"og:url\" content=\"https:\/\/bta.co.hu\/hu\/nemzetkozi-kvalifikaciok\/fia\/acca-fia-tantargyak\/\" \/>\n<meta property=\"og:site_name\" content=\"Business Training Associates\" \/>\n<meta property=\"article:modified_time\" content=\"2026-04-20T11:02:56+00:00\" \/>\n<meta name=\"twitter:card\" content=\"summary_large_image\" \/>\n<meta name=\"twitter:label1\" content=\"Becs\u00fclt olvas\u00e1si id\u0151\" \/>\n\t<meta name=\"twitter:data1\" content=\"2 perc\" \/>\n<script type=\"application\/ld+json\" class=\"yoast-schema-graph\">{\"@context\":\"https:\/\/schema.org\",\"@graph\":[{\"@type\":\"WebPage\",\"@id\":\"https:\/\/bta.co.hu\/nemzetkozi-kvalifikaciok\/fia\/acca-fia-tantargyak\/\",\"url\":\"https:\/\/bta.co.hu\/nemzetkozi-kvalifikaciok\/fia\/acca-fia-tantargyak\/\",\"name\":\"ACCA FIA tant\u00e1rgyak - Business Training Associates\",\"isPartOf\":{\"@id\":\"https:\/\/bta.co.hu\/#website\"},\"datePublished\":\"2022-01-16T22:27:08+00:00\",\"dateModified\":\"2026-04-20T11:02:56+00:00\",\"description\":\"Fedezze fel az ACCA FIA tant\u00e1rgyakat! L\u00e9p\u00e9sr\u0151l l\u00e9p\u00e9sre fel\u00e9p\u00edtett tananyag a biztos alapok megszerz\u00e9s\u00e9hez.\",\"breadcrumb\":{\"@id\":\"https:\/\/bta.co.hu\/nemzetkozi-kvalifikaciok\/fia\/acca-fia-tantargyak\/#breadcrumb\"},\"inLanguage\":\"hu\",\"potentialAction\":[{\"@type\":\"ReadAction\",\"target\":[\"https:\/\/bta.co.hu\/nemzetkozi-kvalifikaciok\/fia\/acca-fia-tantargyak\/\"]}]},{\"@type\":\"BreadcrumbList\",\"@id\":\"https:\/\/bta.co.hu\/nemzetkozi-kvalifikaciok\/fia\/acca-fia-tantargyak\/#breadcrumb\",\"itemListElement\":[{\"@type\":\"ListItem\",\"position\":1,\"name\":\"Kezd\u0151lap\",\"item\":\"https:\/\/bta.co.hu\/\"},{\"@type\":\"ListItem\",\"position\":2,\"name\":\"Nemzetk\u00f6zi kvalifik\u00e1ci\u00f3k\",\"item\":\"https:\/\/bta.co.hu\/nemzetkozi-kvalifikaciok\/\"},{\"@type\":\"ListItem\",\"position\":3,\"name\":\"ACCA FIA\",\"item\":\"https:\/\/bta.co.hu\/nemzetkozi-kvalifikaciok\/fia\/\"},{\"@type\":\"ListItem\",\"position\":4,\"name\":\"ACCA FIA tant\u00e1rgyak\"}]},{\"@type\":\"WebSite\",\"@id\":\"https:\/\/bta.co.hu\/#website\",\"url\":\"https:\/\/bta.co.hu\/\",\"name\":\"Business Training Associates\",\"description\":\"P\u00e9nz\u00fcgyi \u00e9s sz\u00e1mviteli k\u00e9pz\u00e9sek (ACCA, DipIFR, IFRS, USGAAP)\",\"potentialAction\":[{\"@type\":\"SearchAction\",\"target\":{\"@type\":\"EntryPoint\",\"urlTemplate\":\"https:\/\/bta.co.hu\/?s={search_term_string}\"},\"query-input\":{\"@type\":\"PropertyValueSpecification\",\"valueRequired\":true,\"valueName\":\"search_term_string\"}}],\"inLanguage\":\"hu\"}]}<\/script>\n<!-- \/ Yoast SEO plugin. -->","yoast_head_json":{"title":"ACCA FIA tant\u00e1rgyak - Business Training Associates","description":"Fedezze fel az ACCA FIA tant\u00e1rgyakat! L\u00e9p\u00e9sr\u0151l l\u00e9p\u00e9sre fel\u00e9p\u00edtett tananyag a biztos alapok megszerz\u00e9s\u00e9hez.","robots":{"index":"index","follow":"follow","max-snippet":"max-snippet:-1","max-image-preview":"max-image-preview:large","max-video-preview":"max-video-preview:-1"},"canonical":"https:\/\/bta.co.hu\/hu\/nemzetkozi-kvalifikaciok\/fia\/acca-fia-tantargyak\/","og_locale":"hu_HU","og_type":"article","og_title":"ACCA FIA tant\u00e1rgyak - Business Training Associates","og_description":"Fedezze fel az ACCA FIA tant\u00e1rgyakat! L\u00e9p\u00e9sr\u0151l l\u00e9p\u00e9sre fel\u00e9p\u00edtett tananyag a biztos alapok megszerz\u00e9s\u00e9hez.","og_url":"https:\/\/bta.co.hu\/hu\/nemzetkozi-kvalifikaciok\/fia\/acca-fia-tantargyak\/","og_site_name":"Business Training Associates","article_modified_time":"2026-04-20T11:02:56+00:00","twitter_card":"summary_large_image","twitter_misc":{"Becs\u00fclt olvas\u00e1si id\u0151":"2 perc"},"schema":{"@context":"https:\/\/schema.org","@graph":[{"@type":"WebPage","@id":"https:\/\/bta.co.hu\/nemzetkozi-kvalifikaciok\/fia\/acca-fia-tantargyak\/","url":"https:\/\/bta.co.hu\/nemzetkozi-kvalifikaciok\/fia\/acca-fia-tantargyak\/","name":"ACCA FIA tant\u00e1rgyak - Business Training Associates","isPartOf":{"@id":"https:\/\/bta.co.hu\/#website"},"datePublished":"2022-01-16T22:27:08+00:00","dateModified":"2026-04-20T11:02:56+00:00","description":"Fedezze fel az ACCA FIA tant\u00e1rgyakat! L\u00e9p\u00e9sr\u0151l l\u00e9p\u00e9sre fel\u00e9p\u00edtett tananyag a biztos alapok megszerz\u00e9s\u00e9hez.","breadcrumb":{"@id":"https:\/\/bta.co.hu\/nemzetkozi-kvalifikaciok\/fia\/acca-fia-tantargyak\/#breadcrumb"},"inLanguage":"hu","potentialAction":[{"@type":"ReadAction","target":["https:\/\/bta.co.hu\/nemzetkozi-kvalifikaciok\/fia\/acca-fia-tantargyak\/"]}]},{"@type":"BreadcrumbList","@id":"https:\/\/bta.co.hu\/nemzetkozi-kvalifikaciok\/fia\/acca-fia-tantargyak\/#breadcrumb","itemListElement":[{"@type":"ListItem","position":1,"name":"Kezd\u0151lap","item":"https:\/\/bta.co.hu\/"},{"@type":"ListItem","position":2,"name":"Nemzetk\u00f6zi kvalifik\u00e1ci\u00f3k","item":"https:\/\/bta.co.hu\/nemzetkozi-kvalifikaciok\/"},{"@type":"ListItem","position":3,"name":"ACCA FIA","item":"https:\/\/bta.co.hu\/nemzetkozi-kvalifikaciok\/fia\/"},{"@type":"ListItem","position":4,"name":"ACCA FIA tant\u00e1rgyak"}]},{"@type":"WebSite","@id":"https:\/\/bta.co.hu\/#website","url":"https:\/\/bta.co.hu\/","name":"Business Training Associates","description":"P\u00e9nz\u00fcgyi \u00e9s sz\u00e1mviteli k\u00e9pz\u00e9sek (ACCA, DipIFR, IFRS, USGAAP)","potentialAction":[{"@type":"SearchAction","target":{"@type":"EntryPoint","urlTemplate":"https:\/\/bta.co.hu\/?s={search_term_string}"},"query-input":{"@type":"PropertyValueSpecification","valueRequired":true,"valueName":"search_term_string"}}],"inLanguage":"hu"}]}},"_links":{"self":[{"href":"https:\/\/bta.co.hu\/hu\/wp-json\/wp\/v2\/pages\/3226","targetHints":{"allow":["GET"]}}],"collection":[{"href":"https:\/\/bta.co.hu\/hu\/wp-json\/wp\/v2\/pages"}],"about":[{"href":"https:\/\/bta.co.hu\/hu\/wp-json\/wp\/v2\/types\/page"}],"author":[{"embeddable":true,"href":"https:\/\/bta.co.hu\/hu\/wp-json\/wp\/v2\/users\/1"}],"replies":[{"embeddable":true,"href":"https:\/\/bta.co.hu\/hu\/wp-json\/wp\/v2\/comments?post=3226"}],"version-history":[{"count":6,"href":"https:\/\/bta.co.hu\/hu\/wp-json\/wp\/v2\/pages\/3226\/revisions"}],"predecessor-version":[{"id":3426,"href":"https:\/\/bta.co.hu\/hu\/wp-json\/wp\/v2\/pages\/3226\/revisions\/3426"}],"up":[{"embeddable":true,"href":"https:\/\/bta.co.hu\/hu\/wp-json\/wp\/v2\/pages\/3224"}],"wp:attachment":[{"href":"https:\/\/bta.co.hu\/hu\/wp-json\/wp\/v2\/media?parent=3226"}],"curies":[{"name":"wp","href":"https:\/\/api.w.org\/{rel}","templated":true}]}}