{"id":3224,"date":"2022-01-16T22:25:29","date_gmt":"2022-01-16T22:25:29","guid":{"rendered":"https:\/\/bta.co.hu\/?page_id=3224"},"modified":"2026-04-20T13:02:16","modified_gmt":"2026-04-20T11:02:16","slug":"fia","status":"publish","type":"page","link":"https:\/\/bta.co.hu\/hu\/nemzetkozi-kvalifikaciok\/fia\/","title":{"rendered":"ACCA FIA"},"content":{"rendered":"<div class=\"vc_row wpb_row vc_row-fluid\" ><div class=\"wpb_column vc_column_container vc_col-sm-12\"><div class=\"vc_column-inner\"><div class=\"wpb_wrapper\">\n\t<div class=\"wpb_text_column wpb_content_element \" >\n\t\t<div class=\"wpb_wrapper\">\n\t\t\t<div class=\"row\">\n<div class=\"span12\" data-motopress-type=\"static\" data-motopress-static-file=\"static\/static-title.php\">\n<section class=\"title-section\">\n<h3 class=\"title-header\"><strong><span style=\"font-size: 28px;\">ACCA Foundations in Accountancy (ACCA FIA)<\/span><\/strong><\/h3>\n<\/section>\n<\/div>\n<\/div>\n<div class=\"row\">\n<div id=\"content\" class=\"span9 right\" data-motopress-type=\"loop\" data-motopress-loop-file=\"loop\/loop-single-kvaliflap.php\">\n<article id=\"post-2221\" class=\"post__holder post-2221 kvalifikacio type-kvalifikacio status-publish has-post-thumbnail hentry\">\n<div class=\"post_content\">\n<p><span style=\"color: #000000;\">Az ACCA Foundations in Accountancy (ACCA FIA) k\u00e9pes\u00edt\u00e9se azoknak a p\u00e9nz\u00fcgy \u00e9s sz\u00e1mvitel ir\u00e1nt \u00e9rdekl\u0151d\u0151knek sz\u00f3l, akik szeretn\u00e9nek egy nemzetk\u00f6zileg elismert diplom\u00e1t szerezni p\u00e9nz\u00fcgyi \u00e9s vezet\u0151i sz\u00e1mviteli ter\u00fcleten, de nincs relev\u00e1ns el\u0151k\u00e9pzetts\u00e9g\u00fck \u00e9s szakmai tapasztalatuk.\u00a0 Az ACCA FIA k\u00e9pz\u00e9s a p\u00e9nz\u00fcgyi \u00e9s vezet\u0151i sz\u00e1mvitel kulcsfontoss\u00e1g\u00fa k\u00e9szs\u00e9geire, szakkifejez\u00e9seire \u00e9s rendszereire f\u00f3kusz\u00e1l.\u00a0 Stabil szakmai alapot ny\u00fajt azoknak, akik a k\u00e9s\u0151bbiekben szeretn\u00e9k az ACCA k\u00e9pes\u00edt\u00e9st is megszerezni.\u0171<\/span><\/p>\n<\/div>\n<h4><\/h4>\n<div class=\"post_content\">\n<p>&nbsp;<\/p>\n<h4><strong><span style=\"color: #000000;\">Mi az ACCA FIA k\u00e9pes\u00edt\u00e9s?<\/span><\/strong><\/h4>\n<p><span style=\"color: #000000;\">Az ACCA FIA k\u00e9pes\u00edt\u00e9s az ACCA rugalmas, kezd\u0151 szint\u0171 diplom\u00e1ja.\u00a0 Lehet\u0151s\u00e9get ad arra, hogy a di\u00e1k megismerkedjen az alapvet\u0151 sz\u00e1mviteli \u00e9s vezet\u0151i sz\u00e1mviteli fogalmakkal \u00e9s alapelvekkel.\u00a0 A k\u00e9pz\u00e9s 3 szintb\u0151l \u00e9s \u00f6sszesen 7 tant\u00e1rgyb\u00f3l \u00e1ll.\u00a0 Az ACCA FIA mindegyik tant\u00e1rgy\u00e1b\u00f3l sz\u00e1m\u00edt\u00f3g\u00e9pes alap\u00fa vizsg\u00e1t (on-demand CBE)\u00a0 kell tenni.\u00a0 Az egyes modulok a p\u00e1lyakezd\u0151 \u00e9s junior koll\u00e9g\u00e1knak a legtesthez\u00e1ll\u00f3bbak, mivel a k\u00e9pz\u00e9s seg\u00edt meg\u00e9rteni a p\u00e9nz\u00fcgyi kimutat\u00e1sok m\u00f6g\u00f6tti v\u00e1llalati folyamatokat \u00e9s az alapvet\u0151 p\u00e9nz\u00fcgyi \u00e9s vezet\u0151i sz\u00e1mviteli elveket.\u00a0 A \u201cbig picture\u201d \u00e1tl\u00e1t\u00e1sa jav\u00edtja egy v\u00e1llalkoz\u00e1s k\u00fcls\u0151 \u00e9s bels\u0151 p\u00e9nz\u00fcgyeival kapcsolatos kommunik\u00e1ci\u00f3t<\/span><\/p>\n<p><span style=\"color: #000000;\">Az elm\u00e9leti ismeretek megszerz\u00e9s\u00e9t sz\u00e1mos esettanulm\u00e1ny \u00e9s gyakorlati p\u00e9lda seg\u00edti, amely t\u00e1mogatja az elsaj\u00e1t\u00edtand\u00f3 anyag meg\u00e9rt\u00e9s\u00e9t \u00e9s alkalmaz\u00e1s\u00e1t.<\/span><\/p>\n<\/div>\n<\/article>\n<h4><\/h4>\n<p>&nbsp;<\/p>\n<article id=\"post-2221\" class=\"post__holder post-2221 kvalifikacio type-kvalifikacio status-publish has-post-thumbnail hentry\">\n<div class=\"post_content\">\n<h3><img loading=\"lazy\" decoding=\"async\" class=\"wp-image-3656 alignleft\" src=\"https:\/\/bta.co.hu\/wp-content\/uploads\/2023\/06\/FIA-structure-300x263.jpg\" alt=\"\" width=\"562\" height=\"493\" srcset=\"https:\/\/bta.co.hu\/wp-content\/uploads\/2023\/06\/FIA-structure-300x263.jpg 300w, https:\/\/bta.co.hu\/wp-content\/uploads\/2023\/06\/FIA-structure-14x12.jpg 14w, https:\/\/bta.co.hu\/wp-content\/uploads\/2023\/06\/FIA-structure.jpg 576w\" sizes=\"auto, (max-width: 562px) 100vw, 562px\" \/><\/h3>\n<h4><span style=\"color: #000000;\"><strong>Az ACCA FIA k\u00e9pz\u00e9s fel\u00e9p\u00edt\u00e9se<\/strong><\/span><\/h4>\n<p><span style=\"color: #000000;\">A k\u00e9pz\u00e9s 3 egym\u00e1sra \u00e9p\u00fcl\u0151 szintb\u0151l \u00e1ll. Az egyes szintek t\u00e1rgyaib\u00f3l megfelel\u0151 el\u0151k\u00e9pzetts\u00e9g (diploma) alapj\u00e1n felment\u00e9s k\u00e9rhet\u0151.<\/span><\/p>\n<p><span style=\"color: #000000;\">Az egyes szintek befejez\u00e9s\u00e9vel k\u00f6ztes diploma szerezhet\u0151.<\/span><\/p>\n<\/div>\n<\/article>\n<\/div>\n<\/div>\n<p>&nbsp;<\/p>\n<p>&nbsp;<\/p>\n<p>&nbsp;<\/p>\n<p>&nbsp;<\/p>\n<p>&nbsp;<\/p>\n<p>&nbsp;<\/p>\n<p>&nbsp;<\/p>\n<p>&nbsp;<\/p>\n<p>&nbsp;<\/p>\n<p>&nbsp;<\/p>\n<p>&nbsp;<\/p>\n<p>&nbsp;<\/p>\n<p>&nbsp;<\/p>\n<div class=\"row\">\n<div id=\"content\" class=\"span9 right\" data-motopress-type=\"loop\" data-motopress-loop-file=\"loop\/loop-single-kvaliflap.php\">\n<article id=\"post-2221\" class=\"post__holder post-2221 kvalifikacio type-kvalifikacio status-publish has-post-thumbnail hentry\">\n<div class=\"post_content\">\n<h3><\/h3>\n<div class=\"row\">\n<div class=\"span9\"><\/div>\n<\/div>\n<\/div>\n<\/article>\n<\/div>\n<\/div>\n\n\t\t<\/div>\n\t<\/div>\n<\/div><\/div><\/div><\/div><div class=\"vc_row wpb_row vc_row-fluid\" ><div class=\"wpb_column vc_column_container vc_col-sm-12\"><div class=\"vc_column-inner\"><div class=\"wpb_wrapper\"><div class=\"eltdf-elements-holder   eltdf-two-columns  eltdf-responsive-mode-768   \" ><div class=\"eltdf-eh-item     \" style=\"background-color: #ff1949\" data-item-class=\"eltdf-eh-custom-7317\" data-1367-1600=\"60px 17% 75px 20%\" data-1025-1366=\"50px 16% 65px 18%\" data-769-1024=\"45px 6% 58px 11%\" data-681-768=\"70px 28% 85px 45px\" data-680=\"40px 10% 55px 20px\">\n\t<div class=\"eltdf-eh-item-inner\">\n\t\t<div class=\"eltdf-eh-item-content eltdf-eh-custom-7317\" >\n\t\t\t\n\t<div class=\"wpb_text_column wpb_content_element \" >\n\t\t<div class=\"wpb_wrapper\">\n\t\t\t<h4><strong><span style=\"color: #000000;\">ACCA FIA tant\u00e1rgyak<\/span><\/strong><\/h4>\n\n\t\t<\/div>\n\t<\/div>\n<div class=\"vc_empty_space\"   style=\"height: 26px\"><span class=\"vc_empty_space_inner\"><\/span><\/div><a itemprop=\"url\" href=\"https:\/\/bta.co.hu\/nemzetkozi-kvalifikaciok\/fia\/acca-fia-tantargyak\/\" target=\"_self\"  class=\"eltdf-btn eltdf-btn-medium eltdf-btn-simple eltdf-btn-arrow\"  >\n    <span class=\"eltdf-btn-text\">R\u00e9szletek<\/span>\n    <\/a>\t\t<\/div>\n\t<\/div>\n<\/div><div class=\"eltdf-eh-item     \" style=\"background-image: url(https:\/\/bta.co.hu\/wp-content\/uploads\/2018\/07\/slider-home-3.jpg)\" data-item-class=\"eltdf-eh-custom-5180\">\n\t<div class=\"eltdf-eh-item-inner\">\n\t\t<div class=\"eltdf-eh-item-content eltdf-eh-custom-5180\" >\n\t\t\t\t\t<\/div>\n\t<\/div>\n<\/div><\/div><\/div><\/div><\/div><\/div><div class=\"vc_row wpb_row vc_row-fluid\" ><div class=\"wpb_column vc_column_container vc_col-sm-12\"><div class=\"vc_column-inner\"><div class=\"wpb_wrapper\"><div class=\"eltdf-elements-holder   eltdf-two-columns  eltdf-responsive-mode-768   \" ><div class=\"eltdf-eh-item     \" style=\"background-image: url(https:\/\/bta.co.hu\/wp-content\/uploads\/2018\/07\/ABCD_event-slike-08.jpg)\" data-item-class=\"eltdf-eh-custom-8832\">\n\t<div class=\"eltdf-eh-item-inner\">\n\t\t<div class=\"eltdf-eh-item-content eltdf-eh-custom-8832\" >\n\t\t\t\t\t<\/div>\n\t<\/div>\n<\/div><div class=\"eltdf-eh-item     \" style=\"background-color: #ff1949\" data-item-class=\"eltdf-eh-custom-3732\" data-1367-1600=\"60px 17% 75px 20%\" data-1025-1366=\"50px 16% 65px 18%\" data-769-1024=\"45px 6% 58px 11%\" data-681-768=\"70px 28% 85px 45px\" data-680=\"40px 10% 55px 20px\">\n\t<div class=\"eltdf-eh-item-inner\">\n\t\t<div class=\"eltdf-eh-item-content eltdf-eh-custom-3732\" >\n\t\t\t\n\t<div class=\"wpb_text_column wpb_content_element \" >\n\t\t<div class=\"wpb_wrapper\">\n\t\t\t<h4><strong><span style=\"color: #000000;\">K\u00e9pz\u00e9si csomagok<\/span><\/strong><\/h4>\n\n\t\t<\/div>\n\t<\/div>\n<div class=\"vc_empty_space\"   style=\"height: 26px\"><span class=\"vc_empty_space_inner\"><\/span><\/div><a itemprop=\"url\" href=\"https:\/\/bta.co.hu\/nemzetkozi-kvalifikaciok\/fia\/acca-fia-kepzesi-csomagok\/\" target=\"_self\"  class=\"eltdf-btn eltdf-btn-medium eltdf-btn-simple eltdf-btn-arrow\"  >\n    <span class=\"eltdf-btn-text\">R\u00e9szletek<\/span>\n    <\/a>\t\t<\/div>\n\t<\/div>\n<\/div><\/div><\/div><\/div><\/div><\/div>\n","protected":false},"excerpt":{"rendered":"ACCA Foundations in Accountancy (ACCA FIA) Az ACCA Foundations in Accountancy (ACCA FIA) k\u00e9pes\u00edt\u00e9se azoknak a p\u00e9nz\u00fcgy \u00e9s sz\u00e1mvitel ir\u00e1nt \u00e9rdekl\u0151d\u0151knek sz\u00f3l, akik szeretn\u00e9nek egy nemzetk\u00f6zileg elismert diplom\u00e1t szerezni p\u00e9nz\u00fcgyi \u00e9s vezet\u0151i sz\u00e1mviteli ter\u00fcleten, de nincs relev\u00e1ns el\u0151k\u00e9pzetts\u00e9g\u00fck \u00e9s szakmai tapasztalatuk.\u00a0 Az ACCA FIA k\u00e9pz\u00e9s a p\u00e9nz\u00fcgyi \u00e9s vezet\u0151i sz\u00e1mvitel kulcsfontoss\u00e1g\u00fa k\u00e9szs\u00e9geire, szakkifejez\u00e9seire \u00e9s rendszereire f\u00f3kusz\u00e1l.\u00a0 [...]","protected":false},"author":1,"featured_media":0,"parent":3219,"menu_order":0,"comment_status":"closed","ping_status":"closed","template":"","meta":{"_bbp_topic_count":0,"_bbp_reply_count":0,"_bbp_total_topic_count":0,"_bbp_total_reply_count":0,"_bbp_voice_count":0,"_bbp_anonymous_reply_count":0,"_bbp_topic_count_hidden":0,"_bbp_reply_count_hidden":0,"_bbp_forum_subforum_count":0,"footnotes":""},"class_list":["post-3224","page","type-page","status-publish","hentry"],"yoast_head":"<!-- This site is optimized with the Yoast SEO plugin v26.6 - https:\/\/yoast.com\/wordpress\/plugins\/seo\/ -->\n<title>ACCA FIA - Business Training Associates<\/title>\n<meta name=\"description\" content=\"ACCA FIA program kezd\u0151knek. Alapozza meg p\u00e9nz\u00fcgyi karrierj\u00e9t nemzetk\u00f6zi szinten elismert k\u00e9pes\u00edt\u00e9ssel.\" \/>\n<meta name=\"robots\" content=\"index, follow, max-snippet:-1, max-image-preview:large, max-video-preview:-1\" \/>\n<link rel=\"canonical\" href=\"https:\/\/bta.co.hu\/hu\/nemzetkozi-kvalifikaciok\/fia\/\" \/>\n<meta property=\"og:locale\" content=\"hu_HU\" \/>\n<meta property=\"og:type\" content=\"article\" \/>\n<meta property=\"og:title\" content=\"ACCA FIA - Business Training Associates\" \/>\n<meta property=\"og:description\" content=\"ACCA FIA program kezd\u0151knek. Alapozza meg p\u00e9nz\u00fcgyi karrierj\u00e9t nemzetk\u00f6zi szinten elismert k\u00e9pes\u00edt\u00e9ssel.\" \/>\n<meta property=\"og:url\" content=\"https:\/\/bta.co.hu\/hu\/nemzetkozi-kvalifikaciok\/fia\/\" \/>\n<meta property=\"og:site_name\" content=\"Business Training Associates\" \/>\n<meta property=\"article:modified_time\" content=\"2026-04-20T11:02:16+00:00\" \/>\n<meta property=\"og:image\" content=\"https:\/\/bta.co.hu\/wp-content\/uploads\/2023\/06\/FIA-structure.jpg\" \/>\n\t<meta property=\"og:image:width\" content=\"576\" \/>\n\t<meta property=\"og:image:height\" content=\"505\" \/>\n\t<meta property=\"og:image:type\" content=\"image\/jpeg\" \/>\n<meta name=\"twitter:card\" content=\"summary_large_image\" \/>\n<meta name=\"twitter:label1\" content=\"Becs\u00fclt olvas\u00e1si id\u0151\" \/>\n\t<meta name=\"twitter:data1\" content=\"3 perc\" \/>\n<script type=\"application\/ld+json\" class=\"yoast-schema-graph\">{\"@context\":\"https:\/\/schema.org\",\"@graph\":[{\"@type\":\"WebPage\",\"@id\":\"https:\/\/bta.co.hu\/nemzetkozi-kvalifikaciok\/fia\/\",\"url\":\"https:\/\/bta.co.hu\/nemzetkozi-kvalifikaciok\/fia\/\",\"name\":\"ACCA FIA - Business Training Associates\",\"isPartOf\":{\"@id\":\"https:\/\/bta.co.hu\/#website\"},\"primaryImageOfPage\":{\"@id\":\"https:\/\/bta.co.hu\/nemzetkozi-kvalifikaciok\/fia\/#primaryimage\"},\"image\":{\"@id\":\"https:\/\/bta.co.hu\/nemzetkozi-kvalifikaciok\/fia\/#primaryimage\"},\"thumbnailUrl\":\"https:\/\/bta.co.hu\/wp-content\/uploads\/2023\/06\/FIA-structure-300x263.jpg\",\"datePublished\":\"2022-01-16T22:25:29+00:00\",\"dateModified\":\"2026-04-20T11:02:16+00:00\",\"description\":\"ACCA FIA program kezd\u0151knek. Alapozza meg p\u00e9nz\u00fcgyi karrierj\u00e9t nemzetk\u00f6zi szinten elismert k\u00e9pes\u00edt\u00e9ssel.\",\"breadcrumb\":{\"@id\":\"https:\/\/bta.co.hu\/nemzetkozi-kvalifikaciok\/fia\/#breadcrumb\"},\"inLanguage\":\"hu\",\"potentialAction\":[{\"@type\":\"ReadAction\",\"target\":[\"https:\/\/bta.co.hu\/nemzetkozi-kvalifikaciok\/fia\/\"]}]},{\"@type\":\"ImageObject\",\"inLanguage\":\"hu\",\"@id\":\"https:\/\/bta.co.hu\/nemzetkozi-kvalifikaciok\/fia\/#primaryimage\",\"url\":\"https:\/\/bta.co.hu\/wp-content\/uploads\/2023\/06\/FIA-structure-300x263.jpg\",\"contentUrl\":\"https:\/\/bta.co.hu\/wp-content\/uploads\/2023\/06\/FIA-structure-300x263.jpg\"},{\"@type\":\"BreadcrumbList\",\"@id\":\"https:\/\/bta.co.hu\/nemzetkozi-kvalifikaciok\/fia\/#breadcrumb\",\"itemListElement\":[{\"@type\":\"ListItem\",\"position\":1,\"name\":\"Kezd\u0151lap\",\"item\":\"https:\/\/bta.co.hu\/\"},{\"@type\":\"ListItem\",\"position\":2,\"name\":\"Nemzetk\u00f6zi kvalifik\u00e1ci\u00f3k\",\"item\":\"https:\/\/bta.co.hu\/nemzetkozi-kvalifikaciok\/\"},{\"@type\":\"ListItem\",\"position\":3,\"name\":\"ACCA FIA\"}]},{\"@type\":\"WebSite\",\"@id\":\"https:\/\/bta.co.hu\/#website\",\"url\":\"https:\/\/bta.co.hu\/\",\"name\":\"Business Training Associates\",\"description\":\"P\u00e9nz\u00fcgyi \u00e9s sz\u00e1mviteli k\u00e9pz\u00e9sek (ACCA, DipIFR, IFRS, USGAAP)\",\"potentialAction\":[{\"@type\":\"SearchAction\",\"target\":{\"@type\":\"EntryPoint\",\"urlTemplate\":\"https:\/\/bta.co.hu\/?s={search_term_string}\"},\"query-input\":{\"@type\":\"PropertyValueSpecification\",\"valueRequired\":true,\"valueName\":\"search_term_string\"}}],\"inLanguage\":\"hu\"}]}<\/script>\n<!-- \/ Yoast SEO plugin. -->","yoast_head_json":{"title":"ACCA FIA - Business Training Associates","description":"ACCA FIA program kezd\u0151knek. Alapozza meg p\u00e9nz\u00fcgyi karrierj\u00e9t nemzetk\u00f6zi szinten elismert k\u00e9pes\u00edt\u00e9ssel.","robots":{"index":"index","follow":"follow","max-snippet":"max-snippet:-1","max-image-preview":"max-image-preview:large","max-video-preview":"max-video-preview:-1"},"canonical":"https:\/\/bta.co.hu\/hu\/nemzetkozi-kvalifikaciok\/fia\/","og_locale":"hu_HU","og_type":"article","og_title":"ACCA FIA - Business Training Associates","og_description":"ACCA FIA program kezd\u0151knek. Alapozza meg p\u00e9nz\u00fcgyi karrierj\u00e9t nemzetk\u00f6zi szinten elismert k\u00e9pes\u00edt\u00e9ssel.","og_url":"https:\/\/bta.co.hu\/hu\/nemzetkozi-kvalifikaciok\/fia\/","og_site_name":"Business Training Associates","article_modified_time":"2026-04-20T11:02:16+00:00","og_image":[{"width":576,"height":505,"url":"https:\/\/bta.co.hu\/wp-content\/uploads\/2023\/06\/FIA-structure.jpg","type":"image\/jpeg"}],"twitter_card":"summary_large_image","twitter_misc":{"Becs\u00fclt olvas\u00e1si id\u0151":"3 perc"},"schema":{"@context":"https:\/\/schema.org","@graph":[{"@type":"WebPage","@id":"https:\/\/bta.co.hu\/nemzetkozi-kvalifikaciok\/fia\/","url":"https:\/\/bta.co.hu\/nemzetkozi-kvalifikaciok\/fia\/","name":"ACCA FIA - Business Training Associates","isPartOf":{"@id":"https:\/\/bta.co.hu\/#website"},"primaryImageOfPage":{"@id":"https:\/\/bta.co.hu\/nemzetkozi-kvalifikaciok\/fia\/#primaryimage"},"image":{"@id":"https:\/\/bta.co.hu\/nemzetkozi-kvalifikaciok\/fia\/#primaryimage"},"thumbnailUrl":"https:\/\/bta.co.hu\/wp-content\/uploads\/2023\/06\/FIA-structure-300x263.jpg","datePublished":"2022-01-16T22:25:29+00:00","dateModified":"2026-04-20T11:02:16+00:00","description":"ACCA FIA program kezd\u0151knek. Alapozza meg p\u00e9nz\u00fcgyi karrierj\u00e9t nemzetk\u00f6zi szinten elismert k\u00e9pes\u00edt\u00e9ssel.","breadcrumb":{"@id":"https:\/\/bta.co.hu\/nemzetkozi-kvalifikaciok\/fia\/#breadcrumb"},"inLanguage":"hu","potentialAction":[{"@type":"ReadAction","target":["https:\/\/bta.co.hu\/nemzetkozi-kvalifikaciok\/fia\/"]}]},{"@type":"ImageObject","inLanguage":"hu","@id":"https:\/\/bta.co.hu\/nemzetkozi-kvalifikaciok\/fia\/#primaryimage","url":"https:\/\/bta.co.hu\/wp-content\/uploads\/2023\/06\/FIA-structure-300x263.jpg","contentUrl":"https:\/\/bta.co.hu\/wp-content\/uploads\/2023\/06\/FIA-structure-300x263.jpg"},{"@type":"BreadcrumbList","@id":"https:\/\/bta.co.hu\/nemzetkozi-kvalifikaciok\/fia\/#breadcrumb","itemListElement":[{"@type":"ListItem","position":1,"name":"Kezd\u0151lap","item":"https:\/\/bta.co.hu\/"},{"@type":"ListItem","position":2,"name":"Nemzetk\u00f6zi kvalifik\u00e1ci\u00f3k","item":"https:\/\/bta.co.hu\/nemzetkozi-kvalifikaciok\/"},{"@type":"ListItem","position":3,"name":"ACCA FIA"}]},{"@type":"WebSite","@id":"https:\/\/bta.co.hu\/#website","url":"https:\/\/bta.co.hu\/","name":"Business Training Associates","description":"P\u00e9nz\u00fcgyi \u00e9s sz\u00e1mviteli k\u00e9pz\u00e9sek (ACCA, DipIFR, IFRS, USGAAP)","potentialAction":[{"@type":"SearchAction","target":{"@type":"EntryPoint","urlTemplate":"https:\/\/bta.co.hu\/?s={search_term_string}"},"query-input":{"@type":"PropertyValueSpecification","valueRequired":true,"valueName":"search_term_string"}}],"inLanguage":"hu"}]}},"_links":{"self":[{"href":"https:\/\/bta.co.hu\/hu\/wp-json\/wp\/v2\/pages\/3224","targetHints":{"allow":["GET"]}}],"collection":[{"href":"https:\/\/bta.co.hu\/hu\/wp-json\/wp\/v2\/pages"}],"about":[{"href":"https:\/\/bta.co.hu\/hu\/wp-json\/wp\/v2\/types\/page"}],"author":[{"embeddable":true,"href":"https:\/\/bta.co.hu\/hu\/wp-json\/wp\/v2\/users\/1"}],"replies":[{"embeddable":true,"href":"https:\/\/bta.co.hu\/hu\/wp-json\/wp\/v2\/comments?post=3224"}],"version-history":[{"count":7,"href":"https:\/\/bta.co.hu\/hu\/wp-json\/wp\/v2\/pages\/3224\/revisions"}],"predecessor-version":[{"id":3657,"href":"https:\/\/bta.co.hu\/hu\/wp-json\/wp\/v2\/pages\/3224\/revisions\/3657"}],"up":[{"embeddable":true,"href":"https:\/\/bta.co.hu\/hu\/wp-json\/wp\/v2\/pages\/3219"}],"wp:attachment":[{"href":"https:\/\/bta.co.hu\/hu\/wp-json\/wp\/v2\/media?parent=3224"}],"curies":[{"name":"wp","href":"https:\/\/api.w.org\/{rel}","templated":true}]}}