{"id":3211,"date":"2022-01-16T21:11:53","date_gmt":"2022-01-16T21:11:53","guid":{"rendered":"https:\/\/bta.co.hu\/?page_id=3211"},"modified":"2024-09-29T09:41:04","modified_gmt":"2024-09-29T07:41:04","slug":"adminisztracios-szolgaltatas","status":"publish","type":"page","link":"https:\/\/bta.co.hu\/hu\/nemzetkozi-kvalifikaciok\/acca\/adminisztracios-szolgaltatas\/","title":{"rendered":"Adminisztr\u00e1ci\u00f3s szolg\u00e1ltat\u00e1s"},"content":{"rendered":"<div class=\"vc_row wpb_row vc_row-fluid\" ><div class=\"wpb_column vc_column_container vc_col-sm-12\"><div class=\"vc_column-inner\"><div class=\"wpb_wrapper\">\n\t<div class=\"wpb_text_column wpb_content_element \" >\n\t\t<div class=\"wpb_wrapper\">\n\t\t\t<div class=\"row\">\n<div class=\"span12\" data-motopress-type=\"static\" data-motopress-static-file=\"static\/static-title.php\">\n<section class=\"title-section\">\n<p class=\"title-header\"><span style=\"color: #000000; font-size: 15px;\"><strong>Ig\u00e9ny szerint a BTA teljes k\u00f6r\u0171 ACCA-vel kapcsolatos \u00fcgyint\u00e9z\u00e9st biztos\u00edt.<\/strong> Ha ig\u00e9nybe veszi szolg\u00e1ltat\u00e1sunkat, a BTA csapata:<\/span><\/p>\n<\/section>\n<\/div>\n<\/div>\n<div class=\"row\">\n<div id=\"content\" class=\"span9 right\" data-motopress-type=\"loop\" data-motopress-loop-file=\"loop\/loop-single-kvaliflap.php\">\n<article id=\"post-2165\" class=\"post__holder post-2165 kvaliflap type-kvaliflap status-publish has-post-thumbnail hentry kvalifikaciok-acca\">\n<div class=\"post_content\">\n<p><span style=\"color: #000000;\">\u2022 Regisztr\u00e1lja &#8211; bele\u00e9rtve a felment\u00e9s k\u00e9relem beny\u00fajt\u00e1s\u00e1t &#8211; az ACCA-n\u00e9l;<\/span><br \/>\n<span style=\"color: #000000;\">\u2022 Lejelenti az esed\u00e9kes vizsg\u00e1kra az ACCA online rendszer\u00e9n kereszt\u00fcl;<\/span><br \/>\n<span style=\"color: #000000;\">\u2022 Folyamatosan t\u00e1j\u00e9koztatja a tanulm\u00e1nyaival kapcsolatos fontos tudnival\u00f3kr\u00f3l, hat\u00e1rid\u0151kr\u0151l;<\/span><br \/>\n<span style=\"color: #000000;\">\u2022 Rendezi ACCA sz\u00e1ml\u00e1it, majd tov\u00e1bbsz\u00e1ml\u00e1zza \u00d6nnek az esed\u00e9kes d\u00edjakat.<\/span><\/p>\n<p>&nbsp;<\/p>\n<p><span style=\"color: #000000;\"><strong>Tanulm\u00e1nyai sor\u00e1n sz\u00e1mos adminisztr\u00e1ci\u00f3s feladata lesz<\/strong>, \u00e9s nem kev\u00e9s hat\u00e1rid\u0151t kell \u00e9szben tartania. A BTA csapata biztos\u00edtja, hogy:<\/span><\/p>\n<p><span style=\"color: #000000;\">\u2022 Egyetlen hat\u00e1rid\u0151t sem mulaszt el;<\/span><br \/>\n<span style=\"color: #000000;\">\u2022 Id\u0151t sp\u00f3rol \u00e9s semmilyen fontos inform\u00e1ci\u00f3 nem ker\u00fcli el figyelm\u00e9t;<\/span><br \/>\n<span style=\"color: #000000;\">\u2022 T\u00f6bb ideje marad a tanul\u00e1sra az adminisztr\u00e1ci\u00f3s terhek enyh\u00fcl\u00e9s\u00e9vel.<\/span><\/p>\n<p>&nbsp;<\/p>\n<p><strong><span style=\"color: #000000;\">A BTA adminisztr\u00e1ci\u00f3s szolg\u00e1ltat\u00e1sa ingyenes azon di\u00e1koknak, akik r\u00e9szt vesznek tanfolyamainkon.<\/span><\/strong><\/p>\n<p>&nbsp;<\/p>\n<p><span style=\"color: #000000;\"><strong>Azok a di\u00e1kok, akik nem j\u00e1rnak tanfolyamra, vizsgaid\u0151szakonk\u00e9nt 20.000 Ft + \u00c1FA d\u00edjaz\u00e1s\u00e9rt vehetik ig\u00e9nybe a szolg\u00e1ltat\u00e1st.<\/strong><\/span><\/p>\n<p>&nbsp;<\/p>\n<p><span style=\"color: #000000;\">Amennyiben ig\u00e9nybe k\u00edv\u00e1nja venni adminisztr\u00e1ci\u00f3s szolg\u00e1ltat\u00e1sunkat, vegye fel a kapcsolatot \u00fcgyf\u00e9lszolg\u00e1latunkkal a <strong>+36 1 483 1221<\/strong>-es telefonon vagy \u00edrjon nek\u00fcnk a <strong><a style=\"color: #000000;\" href=\"mailto:mariannehokky@bta.co.hu\">mariannehokky@bta.co.hu<\/a><\/strong>\u00a0email c\u00edmre.<\/span><\/p>\n<\/div>\n<\/article>\n<\/div>\n<\/div>\n\n\t\t<\/div>\n\t<\/div>\n<\/div><\/div><\/div><\/div>\n","protected":false},"excerpt":{"rendered":"Ig\u00e9ny szerint a BTA teljes k\u00f6r\u0171 ACCA-vel kapcsolatos \u00fcgyint\u00e9z\u00e9st biztos\u00edt. Ha ig\u00e9nybe veszi szolg\u00e1ltat\u00e1sunkat, a BTA csapata: \u2022 Regisztr\u00e1lja - bele\u00e9rtve a felment\u00e9s k\u00e9relem beny\u00fajt\u00e1s\u00e1t - az ACCA-n\u00e9l; \u2022 Lejelenti az esed\u00e9kes vizsg\u00e1kra az ACCA online rendszer\u00e9n kereszt\u00fcl; \u2022 Folyamatosan t\u00e1j\u00e9koztatja a tanulm\u00e1nyaival kapcsolatos fontos tudnival\u00f3kr\u00f3l, hat\u00e1rid\u0151kr\u0151l; \u2022 Rendezi ACCA sz\u00e1ml\u00e1it, majd tov\u00e1bbsz\u00e1ml\u00e1zza \u00d6nnek az esed\u00e9kes [...]","protected":false},"author":1,"featured_media":0,"parent":3200,"menu_order":0,"comment_status":"closed","ping_status":"closed","template":"","meta":{"_bbp_topic_count":0,"_bbp_reply_count":0,"_bbp_total_topic_count":0,"_bbp_total_reply_count":0,"_bbp_voice_count":0,"_bbp_anonymous_reply_count":0,"_bbp_topic_count_hidden":0,"_bbp_reply_count_hidden":0,"_bbp_forum_subforum_count":0,"footnotes":""},"class_list":["post-3211","page","type-page","status-publish","hentry"],"yoast_head":"<!-- This site is optimized with the Yoast SEO plugin v26.6 - https:\/\/yoast.com\/wordpress\/plugins\/seo\/ -->\n<title>Adminisztr\u00e1ci\u00f3s szolg\u00e1ltat\u00e1s - Business Training Associates<\/title>\n<meta name=\"robots\" content=\"index, follow, max-snippet:-1, max-image-preview:large, max-video-preview:-1\" \/>\n<link rel=\"canonical\" href=\"https:\/\/bta.co.hu\/hu\/nemzetkozi-kvalifikaciok\/acca\/adminisztracios-szolgaltatas\/\" \/>\n<meta property=\"og:locale\" content=\"hu_HU\" \/>\n<meta property=\"og:type\" content=\"article\" \/>\n<meta property=\"og:title\" content=\"Adminisztr\u00e1ci\u00f3s szolg\u00e1ltat\u00e1s - Business Training Associates\" \/>\n<meta property=\"og:url\" content=\"https:\/\/bta.co.hu\/hu\/nemzetkozi-kvalifikaciok\/acca\/adminisztracios-szolgaltatas\/\" \/>\n<meta property=\"og:site_name\" content=\"Business Training Associates\" \/>\n<meta property=\"article:modified_time\" content=\"2024-09-29T07:41:04+00:00\" \/>\n<meta name=\"twitter:card\" content=\"summary_large_image\" \/>\n<meta name=\"twitter:label1\" content=\"Becs\u00fclt olvas\u00e1si id\u0151\" \/>\n\t<meta name=\"twitter:data1\" content=\"1 perc\" \/>\n<script type=\"application\/ld+json\" class=\"yoast-schema-graph\">{\"@context\":\"https:\/\/schema.org\",\"@graph\":[{\"@type\":\"WebPage\",\"@id\":\"https:\/\/bta.co.hu\/nemzetkozi-kvalifikaciok\/acca\/adminisztracios-szolgaltatas\/\",\"url\":\"https:\/\/bta.co.hu\/nemzetkozi-kvalifikaciok\/acca\/adminisztracios-szolgaltatas\/\",\"name\":\"Adminisztr\u00e1ci\u00f3s szolg\u00e1ltat\u00e1s - Business Training Associates\",\"isPartOf\":{\"@id\":\"https:\/\/bta.co.hu\/#website\"},\"datePublished\":\"2022-01-16T21:11:53+00:00\",\"dateModified\":\"2024-09-29T07:41:04+00:00\",\"breadcrumb\":{\"@id\":\"https:\/\/bta.co.hu\/nemzetkozi-kvalifikaciok\/acca\/adminisztracios-szolgaltatas\/#breadcrumb\"},\"inLanguage\":\"hu\",\"potentialAction\":[{\"@type\":\"ReadAction\",\"target\":[\"https:\/\/bta.co.hu\/nemzetkozi-kvalifikaciok\/acca\/adminisztracios-szolgaltatas\/\"]}]},{\"@type\":\"BreadcrumbList\",\"@id\":\"https:\/\/bta.co.hu\/nemzetkozi-kvalifikaciok\/acca\/adminisztracios-szolgaltatas\/#breadcrumb\",\"itemListElement\":[{\"@type\":\"ListItem\",\"position\":1,\"name\":\"Kezd\u0151lap\",\"item\":\"https:\/\/bta.co.hu\/\"},{\"@type\":\"ListItem\",\"position\":2,\"name\":\"Nemzetk\u00f6zi kvalifik\u00e1ci\u00f3k\",\"item\":\"https:\/\/bta.co.hu\/nemzetkozi-kvalifikaciok\/\"},{\"@type\":\"ListItem\",\"position\":3,\"name\":\"ACCA\",\"item\":\"https:\/\/bta.co.hu\/nemzetkozi-kvalifikaciok\/acca\/\"},{\"@type\":\"ListItem\",\"position\":4,\"name\":\"Adminisztr\u00e1ci\u00f3s szolg\u00e1ltat\u00e1s\"}]},{\"@type\":\"WebSite\",\"@id\":\"https:\/\/bta.co.hu\/#website\",\"url\":\"https:\/\/bta.co.hu\/\",\"name\":\"Business Training Associates\",\"description\":\"P\u00e9nz\u00fcgyi \u00e9s sz\u00e1mviteli k\u00e9pz\u00e9sek (ACCA, DipIFR, IFRS, USGAAP)\",\"potentialAction\":[{\"@type\":\"SearchAction\",\"target\":{\"@type\":\"EntryPoint\",\"urlTemplate\":\"https:\/\/bta.co.hu\/?s={search_term_string}\"},\"query-input\":{\"@type\":\"PropertyValueSpecification\",\"valueRequired\":true,\"valueName\":\"search_term_string\"}}],\"inLanguage\":\"hu\"}]}<\/script>\n<!-- \/ Yoast SEO plugin. -->","yoast_head_json":{"title":"Adminisztr\u00e1ci\u00f3s szolg\u00e1ltat\u00e1s - Business Training Associates","robots":{"index":"index","follow":"follow","max-snippet":"max-snippet:-1","max-image-preview":"max-image-preview:large","max-video-preview":"max-video-preview:-1"},"canonical":"https:\/\/bta.co.hu\/hu\/nemzetkozi-kvalifikaciok\/acca\/adminisztracios-szolgaltatas\/","og_locale":"hu_HU","og_type":"article","og_title":"Adminisztr\u00e1ci\u00f3s szolg\u00e1ltat\u00e1s - Business Training Associates","og_url":"https:\/\/bta.co.hu\/hu\/nemzetkozi-kvalifikaciok\/acca\/adminisztracios-szolgaltatas\/","og_site_name":"Business Training Associates","article_modified_time":"2024-09-29T07:41:04+00:00","twitter_card":"summary_large_image","twitter_misc":{"Becs\u00fclt olvas\u00e1si id\u0151":"1 perc"},"schema":{"@context":"https:\/\/schema.org","@graph":[{"@type":"WebPage","@id":"https:\/\/bta.co.hu\/nemzetkozi-kvalifikaciok\/acca\/adminisztracios-szolgaltatas\/","url":"https:\/\/bta.co.hu\/nemzetkozi-kvalifikaciok\/acca\/adminisztracios-szolgaltatas\/","name":"Adminisztr\u00e1ci\u00f3s szolg\u00e1ltat\u00e1s - Business Training Associates","isPartOf":{"@id":"https:\/\/bta.co.hu\/#website"},"datePublished":"2022-01-16T21:11:53+00:00","dateModified":"2024-09-29T07:41:04+00:00","breadcrumb":{"@id":"https:\/\/bta.co.hu\/nemzetkozi-kvalifikaciok\/acca\/adminisztracios-szolgaltatas\/#breadcrumb"},"inLanguage":"hu","potentialAction":[{"@type":"ReadAction","target":["https:\/\/bta.co.hu\/nemzetkozi-kvalifikaciok\/acca\/adminisztracios-szolgaltatas\/"]}]},{"@type":"BreadcrumbList","@id":"https:\/\/bta.co.hu\/nemzetkozi-kvalifikaciok\/acca\/adminisztracios-szolgaltatas\/#breadcrumb","itemListElement":[{"@type":"ListItem","position":1,"name":"Kezd\u0151lap","item":"https:\/\/bta.co.hu\/"},{"@type":"ListItem","position":2,"name":"Nemzetk\u00f6zi kvalifik\u00e1ci\u00f3k","item":"https:\/\/bta.co.hu\/nemzetkozi-kvalifikaciok\/"},{"@type":"ListItem","position":3,"name":"ACCA","item":"https:\/\/bta.co.hu\/nemzetkozi-kvalifikaciok\/acca\/"},{"@type":"ListItem","position":4,"name":"Adminisztr\u00e1ci\u00f3s szolg\u00e1ltat\u00e1s"}]},{"@type":"WebSite","@id":"https:\/\/bta.co.hu\/#website","url":"https:\/\/bta.co.hu\/","name":"Business Training Associates","description":"P\u00e9nz\u00fcgyi \u00e9s sz\u00e1mviteli k\u00e9pz\u00e9sek (ACCA, DipIFR, IFRS, USGAAP)","potentialAction":[{"@type":"SearchAction","target":{"@type":"EntryPoint","urlTemplate":"https:\/\/bta.co.hu\/?s={search_term_string}"},"query-input":{"@type":"PropertyValueSpecification","valueRequired":true,"valueName":"search_term_string"}}],"inLanguage":"hu"}]}},"_links":{"self":[{"href":"https:\/\/bta.co.hu\/hu\/wp-json\/wp\/v2\/pages\/3211","targetHints":{"allow":["GET"]}}],"collection":[{"href":"https:\/\/bta.co.hu\/hu\/wp-json\/wp\/v2\/pages"}],"about":[{"href":"https:\/\/bta.co.hu\/hu\/wp-json\/wp\/v2\/types\/page"}],"author":[{"embeddable":true,"href":"https:\/\/bta.co.hu\/hu\/wp-json\/wp\/v2\/users\/1"}],"replies":[{"embeddable":true,"href":"https:\/\/bta.co.hu\/hu\/wp-json\/wp\/v2\/comments?post=3211"}],"version-history":[{"count":7,"href":"https:\/\/bta.co.hu\/hu\/wp-json\/wp\/v2\/pages\/3211\/revisions"}],"predecessor-version":[{"id":3778,"href":"https:\/\/bta.co.hu\/hu\/wp-json\/wp\/v2\/pages\/3211\/revisions\/3778"}],"up":[{"embeddable":true,"href":"https:\/\/bta.co.hu\/hu\/wp-json\/wp\/v2\/pages\/3200"}],"wp:attachment":[{"href":"https:\/\/bta.co.hu\/hu\/wp-json\/wp\/v2\/media?parent=3211"}],"curies":[{"name":"wp","href":"https:\/\/api.w.org\/{rel}","templated":true}]}}