{"id":3202,"date":"2022-01-16T21:01:13","date_gmt":"2022-01-16T21:01:13","guid":{"rendered":"https:\/\/bta.co.hu\/?page_id=3202"},"modified":"2026-04-20T12:53:32","modified_gmt":"2026-04-20T10:53:32","slug":"az-acca-rol","status":"publish","type":"page","link":"https:\/\/bta.co.hu\/hu\/nemzetkozi-kvalifikaciok\/acca\/az-acca-rol\/","title":{"rendered":"ACCA vizsg\u00e1k"},"content":{"rendered":"<div class=\"vc_row wpb_row vc_row-fluid\" ><div class=\"wpb_column vc_column_container vc_col-sm-12\"><div class=\"vc_column-inner\"><div class=\"wpb_wrapper\">\n\t<div class=\"wpb_text_column wpb_content_element \" >\n\t\t<div class=\"wpb_wrapper\">\n\t\t\t<h4><span style=\"color: #000000;\"><strong>Tant\u00e1rgyak<\/strong><\/span><\/h4>\n<p><span style=\"color: #000000;\">A lenti t\u00e1bl\u00e1zat az ACCA k\u00e9pes\u00edt\u00e9s tant\u00e1rgyi rendszer\u00e9t, a k\u00f6telez\u0151 vizsg\u00e1k sz\u00e1m\u00e1t, az egy\u00e9b k\u00f6vetelm\u00e9nyeket \u00e9s a k\u00e9pz\u00e9s alatt megszerezhet\u0151 diplom\u00e1kat tartalmazza.<\/span><\/p>\n\n\t\t<\/div>\n\t<\/div>\n<div class=\"vc_empty_space\"   style=\"height: 32px\"><span class=\"vc_empty_space_inner\"><\/span><\/div>\n\t<div  class=\"wpb_single_image wpb_content_element vc_align_left\">\n\t\t\n\t\t<figure class=\"wpb_wrapper vc_figure\">\n\t\t\t<a href=\"https:\/\/bta.co.hu\/wp-content\/uploads\/2022\/01\/ACCA-structure-724x1024.jpg\" target=\"_self\" class=\"vc_single_image-wrapper   vc_box_border_grey\"><img loading=\"lazy\" decoding=\"async\" width=\"150\" height=\"150\" src=\"https:\/\/bta.co.hu\/wp-content\/uploads\/2022\/01\/ACCA-structure-150x150.jpg\" class=\"vc_single_image-img attachment-thumbnail\" alt=\"ACCA structure\" srcset=\"https:\/\/bta.co.hu\/wp-content\/uploads\/2022\/01\/ACCA-structure-150x150.jpg 150w, https:\/\/bta.co.hu\/wp-content\/uploads\/2022\/01\/ACCA-structure-650x650.jpg 650w\" sizes=\"auto, (max-width: 150px) 100vw, 150px\" \/><\/a>\n\t\t<\/figure>\n\t<\/div>\n<div class=\"vc_empty_space\"   style=\"height: 32px\"><span class=\"vc_empty_space_inner\"><\/span><\/div>\n\t<div class=\"wpb_text_column wpb_content_element \" >\n\t\t<div class=\"wpb_wrapper\">\n\t\t\t<h4><span style=\"color: #000000;\"><strong>A k\u00e9pz\u00e9s nyelve<\/strong><\/span><\/h4>\n<p><span style=\"color: #000000;\">Az \u00f6sszes ACCA vizsga, \u00e9s ennek megfelel\u0151en a BTA \u00f6sszes ACCA tanfolyama \u00e9s tananyaga angol nyelv\u0171.<\/span><\/p>\n\n\t\t<\/div>\n\t<\/div>\n<div class=\"vc_empty_space\"   style=\"height: 32px\"><span class=\"vc_empty_space_inner\"><\/span><\/div>\n\t<div class=\"wpb_text_column wpb_content_element \" >\n\t\t<div class=\"wpb_wrapper\">\n\t\t\t<h4><strong><span style=\"color: #000000;\">Vizsg\u00e1k<\/span><\/strong><\/h4>\n<p><span style=\"color: #000000;\">Ha nem kap felment\u00e9st, \u00f6sszesen 13 vizsg\u00e1t kell letennie.<\/span><\/p>\n<p><span style=\"color: #000000;\">\u2022 Az \u00f6sszes vizsg\u00e1t az Applied Knowledge szintr\u0151l;<\/span><br \/>\n<span style=\"color: #000000;\">\u2022 Az \u00f6sszes vizsg\u00e1t az Applied Skills szintr\u0151l;<\/span><br \/>\n<span style=\"color: #000000;\">\u2022 Az \u00f6sszes vizsg\u00e1t a Strategic Professional \u2013 Essentials szintr\u0151l; valamint<\/span><br \/>\n<span style=\"color: #000000;\">\u2022 K\u00e9t vizsg\u00e1t a v\u00e1laszthat\u00f3 4 k\u00f6z\u00fcl a Strategic Professional \u2013 Options szintr\u0151l.<\/span><\/p>\n\n\t\t<\/div>\n\t<\/div>\n<div class=\"vc_empty_space\"   style=\"height: 32px\"><span class=\"vc_empty_space_inner\"><\/span><\/div>\n\t<div class=\"wpb_text_column wpb_content_element \" >\n\t\t<div class=\"wpb_wrapper\">\n\t\t\t<h4><span style=\"color: #000000;\"><strong>Felment\u00e9sek<\/strong><\/span><\/h4>\n<p><span style=\"color: #000000;\">Kor\u00e1bban megszerzett v\u00e9gzetts\u00e9g(ek) alapj\u00e1n egyes ACCA vizsg\u00e1k al\u00f3l felment\u00e9st lehet ig\u00e9nyelni.<\/span><br \/>\n<span style=\"color: #000000;\"><a href=\"https:\/\/www.accaglobal.com\/gb\/en\/help\/exemptions-calculator.html\"><span style=\"color: #800080;\"><strong>Ide kattintva<\/strong><\/span><\/a> t\u00e1j\u00e9koz\u00f3dhat arr\u00f3l, hogy jogosult-e felment\u00e9sre.<\/span><br \/>\n<span style=\"color: #000000;\">Ha a felment\u00e9sekkel kapcsolatban b\u0151vebb inform\u00e1ci\u00f3ra van sz\u00fcks\u00e9ge, keressen benn\u00fcnket (\u00a0<a href=\"mailto:veronikaegyud@bta.co.hu\"><strong>veronikaegyud@bta.co.hu <\/strong><\/a>).<\/span><\/p>\n\n\t\t<\/div>\n\t<\/div>\n<div class=\"vc_empty_space\"   style=\"height: 32px\"><span class=\"vc_empty_space_inner\"><\/span><\/div>\n\t<div class=\"wpb_text_column wpb_content_element \" >\n\t\t<div class=\"wpb_wrapper\">\n\t\t\t<h4><span style=\"color: #000000;\"><strong>ACCA tags\u00e1g<\/strong><\/span><\/h4>\n<p><span style=\"color: #000000;\">Ahhoz, hogy valaki ACCA tagg\u00e1 v\u00e1lhasson, az al\u00e1bbiakra van sz\u00fcks\u00e9g:<\/span><br \/>\n<span style=\"color: #000000;\">\u2022 Az ACCA vizsg\u00e1k sikeres let\u00e9tele;<\/span><br \/>\n<span style=\"color: #000000;\">\u2022 3 \u00e9v relev\u00e1ns szakmai gyakorlat (amely a k\u00e9pz\u00e9s elv\u00e9gz\u00e9se k\u00f6zben is megszerezhet\u0151);<\/span><br \/>\n<span style=\"color: #000000;\">\u2022 A munkahelyen kijel\u00f6lt mentor \u00e1ltal elismert 5 + 4 teljes\u00edtm\u00e9ny c\u00e9lkit\u0171z\u00e9s el\u00e9r\u00e9se;<\/span><br \/>\n<span style=\"color: #000000;\">\u2022 Az ACCA on-line szakmai Etikai Modulj\u00e1nak elv\u00e9gz\u00e9se.<\/span><\/p>\n\n\t\t<\/div>\n\t<\/div>\n<\/div><\/div><\/div><\/div>\n","protected":false},"excerpt":{"rendered":"Tant\u00e1rgyak A lenti t\u00e1bl\u00e1zat az ACCA k\u00e9pes\u00edt\u00e9s tant\u00e1rgyi rendszer\u00e9t, a k\u00f6telez\u0151 vizsg\u00e1k sz\u00e1m\u00e1t, az egy\u00e9b k\u00f6vetelm\u00e9nyeket \u00e9s a k\u00e9pz\u00e9s alatt megszerezhet\u0151 diplom\u00e1kat tartalmazza. A k\u00e9pz\u00e9s nyelve Az \u00f6sszes ACCA vizsga, \u00e9s ennek megfelel\u0151en a BTA \u00f6sszes ACCA tanfolyama \u00e9s tananyaga angol nyelv\u0171. Vizsg\u00e1k Ha nem kap felment\u00e9st, \u00f6sszesen 13 vizsg\u00e1t kell letennie. \u2022 Az \u00f6sszes vizsg\u00e1t [...]","protected":false},"author":1,"featured_media":0,"parent":3200,"menu_order":0,"comment_status":"closed","ping_status":"closed","template":"","meta":{"_bbp_topic_count":0,"_bbp_reply_count":0,"_bbp_total_topic_count":0,"_bbp_total_reply_count":0,"_bbp_voice_count":0,"_bbp_anonymous_reply_count":0,"_bbp_topic_count_hidden":0,"_bbp_reply_count_hidden":0,"_bbp_forum_subforum_count":0,"footnotes":""},"class_list":["post-3202","page","type-page","status-publish","hentry"],"yoast_head":"<!-- This site is optimized with the Yoast SEO plugin v26.6 - https:\/\/yoast.com\/wordpress\/plugins\/seo\/ -->\n<title>ACCA vizsg\u00e1k - Business Training Associates<\/title>\n<meta name=\"description\" content=\"K\u00e9sz\u00fclj\u00f6n fel sikeresen az ACCA vizsg\u00e1kra! R\u00e9szletes inform\u00e1ci\u00f3k, vizsgarendszer \u00e9s felk\u00e9sz\u00fcl\u00e9si lehet\u0151s\u00e9gek egy helyen.\" \/>\n<meta name=\"robots\" content=\"index, follow, max-snippet:-1, max-image-preview:large, max-video-preview:-1\" \/>\n<link rel=\"canonical\" href=\"https:\/\/bta.co.hu\/hu\/nemzetkozi-kvalifikaciok\/acca\/az-acca-rol\/\" \/>\n<meta property=\"og:locale\" content=\"hu_HU\" \/>\n<meta property=\"og:type\" content=\"article\" \/>\n<meta property=\"og:title\" content=\"ACCA vizsg\u00e1k - Business Training Associates\" \/>\n<meta property=\"og:description\" content=\"K\u00e9sz\u00fclj\u00f6n fel sikeresen az ACCA vizsg\u00e1kra! R\u00e9szletes inform\u00e1ci\u00f3k, vizsgarendszer \u00e9s felk\u00e9sz\u00fcl\u00e9si lehet\u0151s\u00e9gek egy helyen.\" \/>\n<meta property=\"og:url\" content=\"https:\/\/bta.co.hu\/hu\/nemzetkozi-kvalifikaciok\/acca\/az-acca-rol\/\" \/>\n<meta property=\"og:site_name\" content=\"Business Training Associates\" \/>\n<meta property=\"article:modified_time\" content=\"2026-04-20T10:53:32+00:00\" \/>\n<meta name=\"twitter:card\" content=\"summary_large_image\" \/>\n<meta name=\"twitter:label1\" content=\"Becs\u00fclt olvas\u00e1si id\u0151\" \/>\n\t<meta name=\"twitter:data1\" content=\"2 perc\" \/>\n<script type=\"application\/ld+json\" class=\"yoast-schema-graph\">{\"@context\":\"https:\/\/schema.org\",\"@graph\":[{\"@type\":\"WebPage\",\"@id\":\"https:\/\/bta.co.hu\/nemzetkozi-kvalifikaciok\/acca\/az-acca-rol\/\",\"url\":\"https:\/\/bta.co.hu\/nemzetkozi-kvalifikaciok\/acca\/az-acca-rol\/\",\"name\":\"ACCA vizsg\u00e1k - Business Training Associates\",\"isPartOf\":{\"@id\":\"https:\/\/bta.co.hu\/#website\"},\"datePublished\":\"2022-01-16T21:01:13+00:00\",\"dateModified\":\"2026-04-20T10:53:32+00:00\",\"description\":\"K\u00e9sz\u00fclj\u00f6n fel sikeresen az ACCA vizsg\u00e1kra! R\u00e9szletes inform\u00e1ci\u00f3k, vizsgarendszer \u00e9s felk\u00e9sz\u00fcl\u00e9si lehet\u0151s\u00e9gek egy helyen.\",\"breadcrumb\":{\"@id\":\"https:\/\/bta.co.hu\/nemzetkozi-kvalifikaciok\/acca\/az-acca-rol\/#breadcrumb\"},\"inLanguage\":\"hu\",\"potentialAction\":[{\"@type\":\"ReadAction\",\"target\":[\"https:\/\/bta.co.hu\/nemzetkozi-kvalifikaciok\/acca\/az-acca-rol\/\"]}]},{\"@type\":\"BreadcrumbList\",\"@id\":\"https:\/\/bta.co.hu\/nemzetkozi-kvalifikaciok\/acca\/az-acca-rol\/#breadcrumb\",\"itemListElement\":[{\"@type\":\"ListItem\",\"position\":1,\"name\":\"Kezd\u0151lap\",\"item\":\"https:\/\/bta.co.hu\/\"},{\"@type\":\"ListItem\",\"position\":2,\"name\":\"Nemzetk\u00f6zi kvalifik\u00e1ci\u00f3k\",\"item\":\"https:\/\/bta.co.hu\/nemzetkozi-kvalifikaciok\/\"},{\"@type\":\"ListItem\",\"position\":3,\"name\":\"ACCA\",\"item\":\"https:\/\/bta.co.hu\/nemzetkozi-kvalifikaciok\/acca\/\"},{\"@type\":\"ListItem\",\"position\":4,\"name\":\"ACCA vizsg\u00e1k\"}]},{\"@type\":\"WebSite\",\"@id\":\"https:\/\/bta.co.hu\/#website\",\"url\":\"https:\/\/bta.co.hu\/\",\"name\":\"Business Training Associates\",\"description\":\"P\u00e9nz\u00fcgyi \u00e9s sz\u00e1mviteli k\u00e9pz\u00e9sek (ACCA, DipIFR, IFRS, USGAAP)\",\"potentialAction\":[{\"@type\":\"SearchAction\",\"target\":{\"@type\":\"EntryPoint\",\"urlTemplate\":\"https:\/\/bta.co.hu\/?s={search_term_string}\"},\"query-input\":{\"@type\":\"PropertyValueSpecification\",\"valueRequired\":true,\"valueName\":\"search_term_string\"}}],\"inLanguage\":\"hu\"}]}<\/script>\n<!-- \/ Yoast SEO plugin. -->","yoast_head_json":{"title":"ACCA vizsg\u00e1k - Business Training Associates","description":"K\u00e9sz\u00fclj\u00f6n fel sikeresen az ACCA vizsg\u00e1kra! R\u00e9szletes inform\u00e1ci\u00f3k, vizsgarendszer \u00e9s felk\u00e9sz\u00fcl\u00e9si lehet\u0151s\u00e9gek egy helyen.","robots":{"index":"index","follow":"follow","max-snippet":"max-snippet:-1","max-image-preview":"max-image-preview:large","max-video-preview":"max-video-preview:-1"},"canonical":"https:\/\/bta.co.hu\/hu\/nemzetkozi-kvalifikaciok\/acca\/az-acca-rol\/","og_locale":"hu_HU","og_type":"article","og_title":"ACCA vizsg\u00e1k - Business Training Associates","og_description":"K\u00e9sz\u00fclj\u00f6n fel sikeresen az ACCA vizsg\u00e1kra! R\u00e9szletes inform\u00e1ci\u00f3k, vizsgarendszer \u00e9s felk\u00e9sz\u00fcl\u00e9si lehet\u0151s\u00e9gek egy helyen.","og_url":"https:\/\/bta.co.hu\/hu\/nemzetkozi-kvalifikaciok\/acca\/az-acca-rol\/","og_site_name":"Business Training Associates","article_modified_time":"2026-04-20T10:53:32+00:00","twitter_card":"summary_large_image","twitter_misc":{"Becs\u00fclt olvas\u00e1si id\u0151":"2 perc"},"schema":{"@context":"https:\/\/schema.org","@graph":[{"@type":"WebPage","@id":"https:\/\/bta.co.hu\/nemzetkozi-kvalifikaciok\/acca\/az-acca-rol\/","url":"https:\/\/bta.co.hu\/nemzetkozi-kvalifikaciok\/acca\/az-acca-rol\/","name":"ACCA vizsg\u00e1k - Business Training Associates","isPartOf":{"@id":"https:\/\/bta.co.hu\/#website"},"datePublished":"2022-01-16T21:01:13+00:00","dateModified":"2026-04-20T10:53:32+00:00","description":"K\u00e9sz\u00fclj\u00f6n fel sikeresen az ACCA vizsg\u00e1kra! R\u00e9szletes inform\u00e1ci\u00f3k, vizsgarendszer \u00e9s felk\u00e9sz\u00fcl\u00e9si lehet\u0151s\u00e9gek egy helyen.","breadcrumb":{"@id":"https:\/\/bta.co.hu\/nemzetkozi-kvalifikaciok\/acca\/az-acca-rol\/#breadcrumb"},"inLanguage":"hu","potentialAction":[{"@type":"ReadAction","target":["https:\/\/bta.co.hu\/nemzetkozi-kvalifikaciok\/acca\/az-acca-rol\/"]}]},{"@type":"BreadcrumbList","@id":"https:\/\/bta.co.hu\/nemzetkozi-kvalifikaciok\/acca\/az-acca-rol\/#breadcrumb","itemListElement":[{"@type":"ListItem","position":1,"name":"Kezd\u0151lap","item":"https:\/\/bta.co.hu\/"},{"@type":"ListItem","position":2,"name":"Nemzetk\u00f6zi kvalifik\u00e1ci\u00f3k","item":"https:\/\/bta.co.hu\/nemzetkozi-kvalifikaciok\/"},{"@type":"ListItem","position":3,"name":"ACCA","item":"https:\/\/bta.co.hu\/nemzetkozi-kvalifikaciok\/acca\/"},{"@type":"ListItem","position":4,"name":"ACCA vizsg\u00e1k"}]},{"@type":"WebSite","@id":"https:\/\/bta.co.hu\/#website","url":"https:\/\/bta.co.hu\/","name":"Business Training Associates","description":"P\u00e9nz\u00fcgyi \u00e9s sz\u00e1mviteli k\u00e9pz\u00e9sek (ACCA, DipIFR, IFRS, USGAAP)","potentialAction":[{"@type":"SearchAction","target":{"@type":"EntryPoint","urlTemplate":"https:\/\/bta.co.hu\/?s={search_term_string}"},"query-input":{"@type":"PropertyValueSpecification","valueRequired":true,"valueName":"search_term_string"}}],"inLanguage":"hu"}]}},"_links":{"self":[{"href":"https:\/\/bta.co.hu\/hu\/wp-json\/wp\/v2\/pages\/3202","targetHints":{"allow":["GET"]}}],"collection":[{"href":"https:\/\/bta.co.hu\/hu\/wp-json\/wp\/v2\/pages"}],"about":[{"href":"https:\/\/bta.co.hu\/hu\/wp-json\/wp\/v2\/types\/page"}],"author":[{"embeddable":true,"href":"https:\/\/bta.co.hu\/hu\/wp-json\/wp\/v2\/users\/1"}],"replies":[{"embeddable":true,"href":"https:\/\/bta.co.hu\/hu\/wp-json\/wp\/v2\/comments?post=3202"}],"version-history":[{"count":7,"href":"https:\/\/bta.co.hu\/hu\/wp-json\/wp\/v2\/pages\/3202\/revisions"}],"predecessor-version":[{"id":3777,"href":"https:\/\/bta.co.hu\/hu\/wp-json\/wp\/v2\/pages\/3202\/revisions\/3777"}],"up":[{"embeddable":true,"href":"https:\/\/bta.co.hu\/hu\/wp-json\/wp\/v2\/pages\/3200"}],"wp:attachment":[{"href":"https:\/\/bta.co.hu\/hu\/wp-json\/wp\/v2\/media?parent=3202"}],"curies":[{"name":"wp","href":"https:\/\/api.w.org\/{rel}","templated":true}]}}